{"id":730,"date":"2019-03-28T11:29:25","date_gmt":"2019-03-28T04:29:25","guid":{"rendered":"https:\/\/tppone.com\/demo\/xkld4\/?page_id=730"},"modified":"2019-03-28T11:36:53","modified_gmt":"2019-03-28T04:36:53","slug":"dang-ky","status":"publish","type":"page","link":"https:\/\/webmaibinh.com\/w\/xkld4\/dang-ky\/","title":{"rendered":"\u0110\u0103ng k\u00fd"},"content":{"rendered":"","protected":false},"excerpt":{"rendered":"","protected":false},"author":1,"featured_media":0,"parent":0,"menu_order":0,"comment_status":"closed","ping_status":"closed","template":"dang-ky.php","meta":[],"_links":{"self":[{"href":"https:\/\/webmaibinh.com\/w\/xkld4\/wp-json\/wp\/v2\/pages\/730"}],"collection":[{"href":"https:\/\/webmaibinh.com\/w\/xkld4\/wp-json\/wp\/v2\/pages"}],"about":[{"href":"https:\/\/webmaibinh.com\/w\/xkld4\/wp-json\/wp\/v2\/types\/page"}],"author":[{"embeddable":true,"href":"https:\/\/webmaibinh.com\/w\/xkld4\/wp-json\/wp\/v2\/users\/1"}],"replies":[{"embeddable":true,"href":"https:\/\/webmaibinh.com\/w\/xkld4\/wp-json\/wp\/v2\/comments?post=730"}],"version-history":[{"count":0,"href":"https:\/\/webmaibinh.com\/w\/xkld4\/wp-json\/wp\/v2\/pages\/730\/revisions"}],"wp:attachment":[{"href":"https:\/\/webmaibinh.com\/w\/xkld4\/wp-json\/wp\/v2\/media?parent=730"}],"curies":[{"name":"wp","href":"https:\/\/api.w.org\/{rel}","templated":true}]}}