{"id":31,"date":"2019-03-26T22:52:31","date_gmt":"2019-03-26T15:52:31","guid":{"rendered":"https:\/\/tppone.com\/demo\/xkld4\/?page_id=31"},"modified":"2019-03-28T10:37:18","modified_gmt":"2019-03-28T03:37:18","slug":"lien-he","status":"publish","type":"page","link":"https:\/\/webmaibinh.com\/w\/xkld4\/lien-he\/","title":{"rendered":"Li\u00ean h\u1ec7"},"content":{"rendered":"<p>Tr\u00e2n tr\u1ecdng c\u1ea3m \u01a1n Qu\u00fd kh\u00e1ch h\u00e0ng \u0111\u00e3 quan t\u00e2m t\u1edbi s\u1ef1 li\u00ean h\u1ec7 n\u00e0y. Xin vui l\u00f2ng g\u1eedi th\u00f4ng tin ho\u1eb7c li\u00ean h\u1ec7 tr\u1ef1c ti\u1ebfp, c\u00f4ng ty s\u1eb5n s\u00e0ng \u0111\u00e1p \u1ee9ng k\u1ecbp th\u1eddi, hi\u1ec7u qu\u1ea3 nh\u1eefng nhu c\u1ea7u c\u1ee7a Qu\u00fd kh\u00e1ch h\u00e0ng trong th\u1eddi gian s\u1edbm nh\u1ea5t.<\/p>\n<p>\u0110\u1ec3 li\u00ean l\u1ea1c v\u1edbi ch\u00fang t\u00f4i, vui l\u00f2ng \u0111i\u1ec1n \u0111\u1ea7y \u0111\u1ee7 th\u00f4ng tin b\u00ean d\u01b0\u1edbi, ch\u00fang t\u00f4i s\u1ebd h\u1ed3i \u00e2m ngay khi nh\u1eadn \u0111\u01b0\u1ee3c th\u00f4ng tin c\u1ee7a b\u1ea1n. Xin c\u1ea3m \u01a1n!<br \/>\n<div class=\"row row-small\"  id=\"row-1782501903\">\n\n\t<div id=\"col-1439833440\" class=\"col medium-8 small-12 large-8\"  >\n\t\t<div class=\"col-inner\"  >\n\t\t\t\n\t\t\t\n<div role=\"form\" class=\"wpcf7\" id=\"wpcf7-f670-o1\" lang=\"vi\" dir=\"ltr\">\n<div class=\"screen-reader-response\"><p role=\"status\" aria-live=\"polite\" aria-atomic=\"true\"><\/p> <ul><\/ul><\/div>\n<form action=\"\/w\/xkld4\/wp-json\/wp\/v2\/pages\/31#wpcf7-f670-o1\" method=\"post\" class=\"wpcf7-form init\" novalidate=\"novalidate\" data-status=\"init\">\n<div style=\"display: none;\">\n<input type=\"hidden\" name=\"_wpcf7\" value=\"670\" \/>\n<input type=\"hidden\" name=\"_wpcf7_version\" value=\"5.3\" \/>\n<input type=\"hidden\" name=\"_wpcf7_locale\" value=\"vi\" \/>\n<input type=\"hidden\" name=\"_wpcf7_unit_tag\" value=\"wpcf7-f670-o1\" \/>\n<input type=\"hidden\" name=\"_wpcf7_container_post\" value=\"0\" \/>\n<input type=\"hidden\" name=\"_wpcf7_posted_data_hash\" value=\"\" \/>\n<\/div>\n<div class=\"form-page-lien-he\">\n<div class=\"row-form\">\n<div class=\"left\">\n<label>T\u00ean c\u1ee7a b\u1ea1n (*)<\/label>\n<\/div>\n<div class=\"right\">\n<span class=\"wpcf7-form-control-wrap text-202\"><input type=\"text\" name=\"text-202\" value=\"\" size=\"40\" class=\"wpcf7-form-control wpcf7-text wpcf7-validates-as-required\" aria-required=\"true\" aria-invalid=\"false\" placeholder=\"Nh\u1eadp h\u1ecd t\u00ean....\" \/><\/span>\n<\/div>\n<\/div>\n<div class=\"row-form\">\n<div class=\"left\">\n<label>Email c\u1ee7a b\u1ea1n<\/label>\n<\/div>\n<div class=\"right\">\n<span class=\"wpcf7-form-control-wrap email-593\"><input type=\"email\" name=\"email-593\" value=\"\" size=\"40\" class=\"wpcf7-form-control wpcf7-text wpcf7-email wpcf7-validates-as-email\" aria-invalid=\"false\" placeholder=\"Email c\u1ee7a b\u1ea1n...\" \/><\/span>\n<\/div>\n<\/div>\n<div class=\"row-form\">\n<div class=\"left\">\n<label>S\u1ed1 \u0111i\u1ec7n tho\u1ea1i<\/label>\n<\/div>\n<div class=\"right\">\n<span class=\"wpcf7-form-control-wrap tel-886\"><input type=\"tel\" name=\"tel-886\" value=\"\" size=\"40\" class=\"wpcf7-form-control wpcf7-text wpcf7-tel wpcf7-validates-as-required wpcf7-validates-as-tel\" aria-required=\"true\" aria-invalid=\"false\" placeholder=\"S\u1ed1 \u0111i\u1ec7n tho\u1ea1i...\" \/><\/span>\n<\/div>\n<\/div>\n<div class=\"row-form\">\n<div class=\"left\">\n<label>Ti\u00eau \u0111\u1ec1 th\u00f4ng \u0111i\u1ec7p<\/label>\n<\/div>\n<div class=\"right\">\n<span class=\"wpcf7-form-control-wrap text-2045\"><input type=\"text\" name=\"text-2045\" value=\"\" size=\"40\" class=\"wpcf7-form-control wpcf7-text\" aria-invalid=\"false\" placeholder=\"Ti\u00eau \u0111\u1ec1 th\u00f4ng \u0111i\u1ec7p...\" \/><\/span>\n<\/div>\n<\/div>\n<div class=\"row-form\">\n<div class=\"left\">\n<label>N\u1ed9i dung li\u00ean h\u1ec7<\/label>\n<\/div>\n<div class=\"right\">\n<span class=\"wpcf7-form-control-wrap textarea-933\"><textarea name=\"textarea-933\" cols=\"40\" rows=\"10\" class=\"wpcf7-form-control wpcf7-textarea\" aria-invalid=\"false\" placeholder=\"N\u1ed9i dung li\u00ean h\u1ec7...\"><\/textarea><\/span>\n<\/div>\n<\/div>\n<div class=\"row-submit\"><input type=\"submit\" value=\"G\u1eedi li\u00ean h\u1ec7\" class=\"wpcf7-form-control wpcf7-submit\" \/><\/div>\n<\/div>\n<div class=\"wpcf7-response-output\" aria-hidden=\"true\"><\/div><\/form><\/div>\n\t\t<\/div>\n\t\t\t<\/div>\n\n\t\n\n\t<div id=\"col-786784634\" class=\"col medium-4 small-12 large-4\"  >\n\t\t<div class=\"col-inner\"  >\n\t\t\t\n\t\t\t\n\t\t<\/div>\n\t\t\t<\/div>\n\n\t\n<\/div>\n","protected":false},"excerpt":{"rendered":"<p>Tr\u00e2n tr\u1ecdng c\u1ea3m \u01a1n Qu\u00fd kh\u00e1ch h\u00e0ng \u0111\u00e3 quan t\u00e2m t\u1edbi s\u1ef1 li\u00ean h\u1ec7 n\u00e0y. Xin vui l\u00f2ng g\u1eedi th\u00f4ng tin ho\u1eb7c li\u00ean h\u1ec7 tr\u1ef1c ti\u1ebfp, c\u00f4ng ty s\u1eb5n s\u00e0ng \u0111\u00e1p \u1ee9ng k\u1ecbp th\u1eddi, hi\u1ec7u qu\u1ea3 nh\u1eefng nhu c\u1ea7u c\u1ee7a Qu\u00fd kh\u00e1ch h\u00e0ng trong th\u1eddi gian s\u1edbm nh\u1ea5t. \u0110\u1ec3 li\u00ean l\u1ea1c v\u1edbi ch\u00fang t\u00f4i, vui &#8230;<\/p>\n","protected":false},"author":1,"featured_media":0,"parent":0,"menu_order":0,"comment_status":"closed","ping_status":"closed","template":"page-right-sidebar.php","meta":[],"_links":{"self":[{"href":"https:\/\/webmaibinh.com\/w\/xkld4\/wp-json\/wp\/v2\/pages\/31"}],"collection":[{"href":"https:\/\/webmaibinh.com\/w\/xkld4\/wp-json\/wp\/v2\/pages"}],"about":[{"href":"https:\/\/webmaibinh.com\/w\/xkld4\/wp-json\/wp\/v2\/types\/page"}],"author":[{"embeddable":true,"href":"https:\/\/webmaibinh.com\/w\/xkld4\/wp-json\/wp\/v2\/users\/1"}],"replies":[{"embeddable":true,"href":"https:\/\/webmaibinh.com\/w\/xkld4\/wp-json\/wp\/v2\/comments?post=31"}],"version-history":[{"count":0,"href":"https:\/\/webmaibinh.com\/w\/xkld4\/wp-json\/wp\/v2\/pages\/31\/revisions"}],"wp:attachment":[{"href":"https:\/\/webmaibinh.com\/w\/xkld4\/wp-json\/wp\/v2\/media?parent=31"}],"curies":[{"name":"wp","href":"https:\/\/api.w.org\/{rel}","templated":true}]}}