{"id":601,"date":"2018-05-25T11:37:14","date_gmt":"2018-05-25T04:37:14","guid":{"rendered":"https:\/\/bizhostvn.com\/w\/xkld2\/?page_id=601"},"modified":"2018-05-25T11:38:09","modified_gmt":"2018-05-25T04:38:09","slug":"cac-nganh-nghe-gioi-thieu","status":"publish","type":"page","link":"https:\/\/webmaibinh.com\/w\/xkld2\/phai-cu-ky-su-di-nhat\/cac-nganh-nghe-gioi-thieu\/","title":{"rendered":"C\u00e1c ng\u00e0nh ngh\u1ec1 gi\u1edbi thi\u1ec7u"},"content":{"rendered":"<p>&nbsp;<\/p>\n<h2>Eiley Ng\u01b0\u1eddi \u0111\u00e3 b\u1ed5 nhi\u1ec7m c\u00e1c k\u1ef9 s\u01b0 Vi\u1ec7t Nam xu\u1ea5t s\u1eafc v\u00e0 nh\u1eadn \u0111\u01b0\u1ee3c s\u1ef1 \u0111\u00e1nh gi\u00e1 cao t\u1eeb c\u00e1c c\u00f4ng ty lo l\u1eafng v\u1ec1 vi\u1ec7c thi\u1ebfu k\u1ef9 s\u01b0.<\/h2>\n<p><img loading=\"lazy\" class=\"aligncenter wp-image-575 size-full\" src=\"https:\/\/bizhostvn.com\/w\/xkld2\/wp-content\/uploads\/2018\/05\/main.jpg\" alt=\"\" width=\"740\" height=\"360\" srcset=\"https:\/\/webmaibinh.com\/w\/xkld2\/wp-content\/uploads\/2018\/05\/main.jpg 740w, https:\/\/webmaibinh.com\/w\/xkld2\/wp-content\/uploads\/2018\/05\/main-300x146.jpg 300w\" sizes=\"(max-width: 740px) 100vw, 740px\" \/><\/p>\n<h3>\u0110i\u1ec3m xu\u1ea5t s\u1eafc c\u1ee7a c\u00e1c k\u1ef9 s\u01b0 Vi\u1ec7t Nam<\/h3>\n<h4>C\u1ea3m gi\u00e1c quen thu\u1ed9c cao<\/h4>\n<p>C\u00f3 r\u1ea5t nhi\u1ec1u tr\u01b0\u1eddng h\u1ecdc, b\u1ec7nh vi\u1ec7n, \u0111\u01b0\u1eddng x\u00e1 v\u00e0 c\u1ea7u \u0111\u01b0\u1ee3c l\u00e0m t\u1eeb ODA c\u1ee7a Nh\u1eadt B\u1ea3n t\u1ea1i Vi\u1ec7t Nam.\u00a0Ngo\u00e0i ra, trong c\u00e1c tr\u01b0\u1eddng h\u1ecdc \u1edf Vi\u1ec7t Nam, c\u00f3 s\u1ef1 gi\u00e1o d\u1ee5c v\u1ec1 t\u00ecnh h\u1eefu ngh\u1ecb gi\u1eefa Nh\u1eadt B\u1ea3n v\u00e0 Vi\u1ec7t Nam, v\u00e0 ch\u00fang t\u00f4i c\u00f3 m\u1ed9t c\u1ea3m gi\u00e1c r\u1ea5t t\u1ed1t \u0111\u1ed1i v\u1edbi Nh\u1eadt B\u1ea3n.<\/p>\n<h4>Ki\u00ean nh\u1eabn, b\u00e0n tay r\u1ea5t kh\u00e9o l\u00e9o<\/h4>\n<p>Ng\u01b0\u1eddi Vi\u1ec7t Nam n\u1ed5i ti\u1ebfng v\u00ec r\u1ea5t \u0111\u1eb9p trai.\u00a0M\u1ed9t c\u00f4ng ty l\u1edbn c\u1ee7a Nh\u1eadt B\u1ea3n c\u0169ng th\u1eeba nh\u1eadn s\u1ef1 kh\u00e9o l\u00e9o c\u1ee7a ng\u01b0\u1eddi Vi\u1ec7t Nam, hi\u1ec7n c\u00f3 h\u01a1n 500 c\u00f4ng ty \u0111ang b\u01b0\u1edbc v\u00e0o nh\u00e0 m\u00e1y.\u00a0Tranh th\u00eau \u0110\u00e0 L\u1ea1t n\u1ed5i ti\u1ebfng \u1edf Vi\u1ec7t Nam ki\u00ean nh\u1eabn l\u00e0m vi\u1ec7c t\u1eeb 7 \u0111\u1ebfn 8 gi\u1edd m\u1ed7i ng\u00e0y, t\u1eeb 1 \u0111\u1ebfn 3 th\u00e1ng cho m\u1ed9t ng\u01b0\u1eddi, trong nhi\u1ec1u n\u0103m cho nh\u1eefng th\u1ee9 d\u00e0i v\u00e0 ho\u00e0n th\u00e0nh c\u00f4ng vi\u1ec7c.<\/p>\n<h4>Kh\u00f4ng c\u00f3 v\u1ea5n \u0111\u1ec1 t\u00f4n gi\u00e1o<\/h4>\n<p>T\u00f4n gi\u00e1o ch\u00ednh \u1edf Vi\u1ec7t Nam l\u00e0 Ph\u1eadt gi\u00e1o.\u00a0Gi\u1ed1ng nh\u01b0 m\u1ed9t s\u1ed1 t\u00f4n gi\u00e1o kh\u00e1c, ch\u00fang ta kh\u00f4ng l\u00e0m l\u1ec5 t\u00f4n gi\u00e1o nh\u01b0 \u0103n chay, h\u1ea1n ch\u1ebf th\u1ee9c \u0103n, c\u1ea7u nguy\u1ec7n th\u01b0\u1eddng xuy\u00ean.<\/p>\n<h4>R\u1ea5t \u0111\u01a1n gi\u1ea3n v\u00e0 r\u1ea5t h\u01b0\u1edbng \u0111\u1ebfn gia \u0111\u00ecnh<\/h4>\n<p>Kh\u00f4ng c\u00f3 nhi\u1ec1u gia \u0111\u00ecnh ngh\u00e8o \u1edf Vi\u1ec7t Nam, nh\u01b0ng quan h\u1ec7 gia \u0111\u00ecnh r\u1ea5t m\u1ea1nh trong ho\u00e0n c\u1ea3nh nh\u01b0 v\u1eady, v\u00e0 ch\u00fang t\u00f4i c\u00f3 l\u00f2ng t\u1ed1t nh\u01b0 ng\u01b0\u1eddi Nh\u1eadt B\u1ea3n c\u0169.<\/p>\n<h4>M\u1ed9t t\u00ednh c\u00e1ch r\u1ea5t gi\u1ed1ng v\u1edbi ng\u01b0\u1eddi Nh\u1eadt<\/h4>\n<p>Ng\u01b0\u1eddi Vi\u1ec7t Nam \u0103n c\u01a1m b\u1eb1ng \u0111\u0169a.\u00a0B\u00ean c\u1ea1nh c\u00e1c t\u00ednh n\u0103ng h\u1ec7 th\u1ed1ng v\u00e0 khu\u00f4n m\u1eb7t, t\u00ednh kh\u00ed nghi\u00eam t\u00fac v\u00e0 si\u00eang n\u0103ng r\u1ea5t gi\u1ed1ng v\u1edbi ng\u01b0\u1eddi Nh\u1eadt.\u00a0V\u00ec v\u1eady, b\u1ea1n c\u00f3 th\u1ec3 nh\u1eadn \u0111\u01b0\u1ee3c v\u00e0o h\u1ea3i quan Nh\u1eadt B\u1ea3n v\u00e0 c\u00e1c \u1ea5n ph\u1ea9m h\u00e0ng tu\u1ea7n c\u00e0ng s\u1edbm c\u00e0ng t\u1ed1t.<\/p>\n<p>V\u1edbi s\u1ef1 h\u1ee3p t\u00e1c v\u1edbi Hi\u1ec7p h\u1ed9i H\u1ee3p t\u00e1c IHD, Eiley People nh\u1eb9 nh\u00e0ng h\u1ed7 tr\u1ee3 vi\u1ec7c l\u00e0m c\u1ee7a c\u00e1c k\u1ef9 s\u01b0 n\u01b0\u1edbc ngo\u00e0i t\u1ea1i c\u00e1c c\u00f4ng ty.<\/p>\n\t<section class=\"section thong-tin-lien-he\" id=\"section_82004140\">\n\t\t<div class=\"bg section-bg fill bg-fill  bg-loaded\" >\n\n\t\t\t\n\t\t\t\n\t\t\t\n\n\t\t<\/div>\n\n\t\t<div class=\"section-content relative\">\n\t\t\t\n<div class=\"row\"  id=\"row-1340694599\">\n\n\t<div id=\"col-1071014996\" class=\"col medium-6 small-12 large-6\"  >\n\t\t<div class=\"col-inner\"  >\n\t\t\t\n\t\t\t\n<h3><span style=\"color: #003366;\">Th\u00f4ng tin li\u00ean h\u1ec7:<\/span><\/h3>\n<ul>\n<li>\u0110\u1ecba ch\u1ec9: S\u1ed1 28 ng\u00f5 19 L\u01b0\u01a1ng Ng\u1ecdc Quy\u1ebfn, H\u00e0 \u0110\u00f4ng, H\u00e0 N\u1ed9i.<\/li>\n<li>Email: demo@gmail.com<\/li>\n<li>Website: www.WEBDESIGN.COM<\/li>\n<\/ul>\n<p><img loading=\"lazy\" class=\"wp-image-562alignnone\" src=\"https:\/\/bizhostvn.com\/w\/xkld2\/wp-content\/uploads\/2018\/05\/hotline.png\" alt=\"\" width=\"239\" height=\"26\" \/><\/p>\n<p>Gi\u1edd l\u00e0m vi\u1ec7c: 8:00-17:30 h\u00e0ng ng\u00e0y. Th\u1ee9 B\u1ea3y v\u00e0 Ch\u1ee7 Nh\u1eadt ngh\u1ec9.<\/p>\n\t\t<\/div>\n\t\t\t<\/div>\n\n\t\n\n\t<div id=\"col-243697816\" class=\"col medium-6 small-12 large-6\"  >\n\t\t<div class=\"col-inner\"  >\n\t\t\t\n\t\t\t\n<h3><span style=\"color: #003366;\">Bi\u1ec3u m\u1eabu li\u00ean h\u1ec7:<\/span><\/h3>\n<div role=\"form\" class=\"wpcf7\" id=\"wpcf7-f276-o1\" lang=\"vi\" dir=\"ltr\">\n<div class=\"screen-reader-response\"><p role=\"status\" aria-live=\"polite\" aria-atomic=\"true\"><\/p> <ul><\/ul><\/div>\n<form action=\"\/w\/xkld2\/wp-json\/wp\/v2\/pages\/601#wpcf7-f276-o1\" method=\"post\" class=\"wpcf7-form init\" novalidate=\"novalidate\" data-status=\"init\">\n<div style=\"display: none;\">\n<input type=\"hidden\" name=\"_wpcf7\" value=\"276\" \/>\n<input type=\"hidden\" name=\"_wpcf7_version\" value=\"5.3\" \/>\n<input type=\"hidden\" name=\"_wpcf7_locale\" value=\"vi\" \/>\n<input type=\"hidden\" name=\"_wpcf7_unit_tag\" value=\"wpcf7-f276-o1\" \/>\n<input type=\"hidden\" name=\"_wpcf7_container_post\" value=\"0\" \/>\n<input type=\"hidden\" name=\"_wpcf7_posted_data_hash\" value=\"\" \/>\n<\/div>\n<p><span class=\"wpcf7-form-control-wrap text-967\"><input type=\"text\" name=\"text-967\" value=\"\" size=\"40\" class=\"wpcf7-form-control wpcf7-text wpcf7-validates-as-required\" aria-required=\"true\" aria-invalid=\"false\" placeholder=\"H\u1ecd v\u00e0 t\u00ean...\" \/><\/span><br \/>\n<span class=\"wpcf7-form-control-wrap tel-584\"><input type=\"tel\" name=\"tel-584\" value=\"\" size=\"40\" class=\"wpcf7-form-control wpcf7-text wpcf7-tel wpcf7-validates-as-required wpcf7-validates-as-tel\" aria-required=\"true\" aria-invalid=\"false\" placeholder=\"S\u1ed1 \u0111i\u1ec7n tho\u1ea1i...\" \/><\/span><br \/>\n<span class=\"wpcf7-form-control-wrap email-801\"><input type=\"email\" name=\"email-801\" value=\"\" size=\"40\" class=\"wpcf7-form-control wpcf7-text wpcf7-email wpcf7-validates-as-email\" aria-invalid=\"false\" placeholder=\"\u0110\u1ecba ch\u1ec9 email...\" \/><\/span><br \/>\n<span class=\"wpcf7-form-control-wrap textarea-137\"><textarea name=\"textarea-137\" cols=\"40\" rows=\"10\" class=\"wpcf7-form-control wpcf7-textarea\" aria-invalid=\"false\" placeholder=\"Th\u00f4ng tin c\u00e1 nh\u00e2n...\"><\/textarea><\/span><br \/>\n<input type=\"submit\" value=\"G\u1eedi \u0111\u0103ng k\u00fd\" class=\"wpcf7-form-control wpcf7-submit\" \/><\/p>\n<div class=\"wpcf7-response-output\" aria-hidden=\"true\"><\/div><\/form><\/div>\n\t\t<\/div>\n\t\t\t<\/div>\n\n\t\n<\/div>\n\t\t<\/div>\n\n\t\t\n<style>\n#section_82004140 {\n  padding-top: 30px;\n  padding-bottom: 30px;\n  background-color: rgb(244, 244, 244);\n}\n<\/style>\n\t<\/section>\n\t\n","protected":false},"excerpt":{"rendered":"<p>&nbsp; Eiley Ng\u01b0\u1eddi \u0111\u00e3 b\u1ed5 nhi\u1ec7m c\u00e1c k\u1ef9 s\u01b0 Vi\u1ec7t Nam xu\u1ea5t s\u1eafc v\u00e0 nh\u1eadn \u0111\u01b0\u1ee3c s\u1ef1 \u0111\u00e1nh gi\u00e1 cao t\u1eeb c\u00e1c c\u00f4ng ty lo l\u1eafng v\u1ec1 vi\u1ec7c thi\u1ebfu k\u1ef9 s\u01b0. \u0110i\u1ec3m xu\u1ea5t s\u1eafc c\u1ee7a c\u00e1c k\u1ef9 s\u01b0 Vi\u1ec7t Nam C\u1ea3m gi\u00e1c quen thu\u1ed9c cao C\u00f3 r\u1ea5t nhi\u1ec1u tr\u01b0\u1eddng h\u1ecdc, b\u1ec7nh vi\u1ec7n, \u0111\u01b0\u1eddng x\u00e1 v\u00e0 [&#8230;]\n","protected":false},"author":1,"featured_media":261,"parent":603,"menu_order":0,"comment_status":"closed","ping_status":"closed","template":"","meta":[],"_links":{"self":[{"href":"https:\/\/webmaibinh.com\/w\/xkld2\/wp-json\/wp\/v2\/pages\/601"}],"collection":[{"href":"https:\/\/webmaibinh.com\/w\/xkld2\/wp-json\/wp\/v2\/pages"}],"about":[{"href":"https:\/\/webmaibinh.com\/w\/xkld2\/wp-json\/wp\/v2\/types\/page"}],"author":[{"embeddable":true,"href":"https:\/\/webmaibinh.com\/w\/xkld2\/wp-json\/wp\/v2\/users\/1"}],"replies":[{"embeddable":true,"href":"https:\/\/webmaibinh.com\/w\/xkld2\/wp-json\/wp\/v2\/comments?post=601"}],"version-history":[{"count":1,"href":"https:\/\/webmaibinh.com\/w\/xkld2\/wp-json\/wp\/v2\/pages\/601\/revisions"}],"predecessor-version":[{"id":602,"href":"https:\/\/webmaibinh.com\/w\/xkld2\/wp-json\/wp\/v2\/pages\/601\/revisions\/602"}],"up":[{"embeddable":true,"href":"https:\/\/webmaibinh.com\/w\/xkld2\/wp-json\/wp\/v2\/pages\/603"}],"wp:featuredmedia":[{"embeddable":true,"href":"https:\/\/webmaibinh.com\/w\/xkld2\/wp-json\/wp\/v2\/media\/261"}],"wp:attachment":[{"href":"https:\/\/webmaibinh.com\/w\/xkld2\/wp-json\/wp\/v2\/media?parent=601"}],"curies":[{"name":"wp","href":"https:\/\/api.w.org\/{rel}","templated":true}]}}