{"id":5,"date":"2018-05-14T11:14:48","date_gmt":"2018-05-14T04:14:48","guid":{"rendered":"https:\/\/bizhostvn.com\/w\/xkld2\/?page_id=5"},"modified":"2018-05-25T11:20:53","modified_gmt":"2018-05-25T04:20:53","slug":"gioi-thieu","status":"publish","type":"page","link":"https:\/\/webmaibinh.com\/w\/xkld2\/gioi-thieu\/","title":{"rendered":"Gi\u1edbi thi\u1ec7u"},"content":{"rendered":"\t<div id=\"gap-1901904827\" class=\"gap-element clearfix\" style=\"display:block; height:auto;\">\n\t\t\n<style>\n#gap-1901904827 {\n  padding-top: 30px;\n}\n<\/style>\n\t<\/div>\n\t\n<div class=\"row row-divided\"  id=\"row-1769405057\">\n\n\t<div id=\"col-1895316975\" class=\"col medium-3 small-12 large-3\"  >\n\t\t<div class=\"col-inner\"  >\n\t\t\t\n\t\t\t\n<h2><span style=\"color: #003366; font-size: 90%;\">C\u00f4ng ty C\u1ed5 ph\u1ea7n<br \/>P-Techno Vi\u1ec7t Nam<\/span><\/h2>\n\t\t<\/div>\n\t\t\t<\/div>\n\n\t\n\n\t<div id=\"col-1434489444\" class=\"col medium-9 small-12 large-9\"  >\n\t\t<div class=\"col-inner\"  >\n\t\t\t\n\t\t\t\n<h3><span style=\"color: #003366;\">T\u1ed5ng quan<\/span><\/h3>\n<table>\n<tbody>\n<tr>\n<th><font style=\"vertical-align: inherit;\"><font style=\"vertical-align: inherit;\">T\u00ean c\u00f4ng ty<\/font><\/font><\/th>\n<td><font style=\"vertical-align: inherit;\"><font style=\"vertical-align: inherit;\">C\u00f4ng ty TNHH Iry People<\/font><\/font><\/td>\n<\/tr>\n<tr>\n<th><font style=\"vertical-align: inherit;\"><font style=\"vertical-align: inherit;\">\u0110\u1ecba ch\u1ec9<\/font><\/font><\/th>\n<td><font style=\"vertical-align: inherit;\"><font style=\"vertical-align: inherit;\">Yoshiko Kurashiki, Okayama 701-0115 138-4<\/font><\/font><\/td>\n<\/tr>\n<tr>\n<th><font style=\"vertical-align: inherit;\"><font style=\"vertical-align: inherit;\">TEL \/ FAX<\/font><\/font><\/th>\n<td><font style=\"vertical-align: inherit;\"><font style=\"vertical-align: inherit;\">086-463-6200 \/ 086-463-1310<\/font><\/font><\/td>\n<\/tr>\n<tr>\n<th><font style=\"vertical-align: inherit;\"><font style=\"vertical-align: inherit;\">\u0110\u1ea1i di\u1ec7n<\/font><\/font><\/th>\n<td><font style=\"vertical-align: inherit;\"><font style=\"vertical-align: inherit;\">Gi\u00e1m \u0111\u1ed1c \u0111\u1ea1i di\u1ec7n Masahiro Kobayashi<\/font><\/font><\/td>\n<\/tr>\n<tr>\n<th><font style=\"vertical-align: inherit;\"><font style=\"vertical-align: inherit;\">V\u1ed1n<\/font><\/font><\/th>\n<td><font style=\"vertical-align: inherit;\"><font style=\"vertical-align: inherit;\">15 tri\u1ec7u y\u00ean<\/font><\/font><\/td>\n<\/tr>\n<tr>\n<th><font style=\"vertical-align: inherit;\"><font style=\"vertical-align: inherit;\">Th\u00e0nh l\u1eadp<\/font><\/font><\/th>\n<td><font style=\"vertical-align: inherit;\"><font style=\"vertical-align: inherit;\">Th\u00e1ng 3 n\u0103m 2006<\/font><\/font><\/td>\n<\/tr>\n<tr>\n<th><font style=\"vertical-align: inherit;\"><font style=\"vertical-align: inherit;\">N\u1ed9i dung kinh doanh<\/font><\/font><\/th>\n<td><font style=\"vertical-align: inherit;\"><font style=\"vertical-align: inherit;\">S\u1ed1 gi\u1ea5y ph\u00e9p thu\u00ea ngo\u00e0i: chung 33-300120<\/font><\/font><\/td>\n<\/tr>\n<\/tbody>\n<\/table>\n<h3><span style=\"color: #003366;\">B\u1ea3n \u0111\u1ed3<\/span><\/h3>\n<p><iframe src=\"https:\/\/www.google.com\/maps\/embed?pb=!1m18!1m12!1m3!1d3725.213141938659!2d105.79226011438584!3d20.984091586022583!2m3!1f0!2f0!3f0!3m2!1i1024!2i768!4f13.1!3m3!1m2!1s0x3135acc6066cb537%3A0x4fc1c256d7cdb4d!2zR2l1c2VBcnQgLSBUaGnhur90IGvhur8gxJHhu5MgaOG7jWEgdsOgIHdlYnNpdGUgY2h1ecOqbiBuZ2hp4buHcA!5e0!3m2!1svi!2s!4v1527221247771\" width=\"100%\" height=\"250\" frameborder=\"0\" style=\"border:0\" allowfullscreen><\/iframe><br \/>\n\t<div id=\"gap-1610626128\" class=\"gap-element clearfix\" style=\"display:block; height:auto;\">\n\t\t\n<style>\n#gap-1610626128 {\n  padding-top: 30px;\n}\n<\/style>\n\t<\/div>\n\t\n<div class=\"row\"  id=\"row-1294316197\">\n\n\t<div id=\"col-801846560\" class=\"col medium-6 small-12 large-6\"  >\n\t\t<div class=\"col-inner\"  >\n\t\t\t\n\t\t\t\n<h3><span style=\"color: #003366;\">Th\u00f4ng tin li\u00ean h\u1ec7:<\/span><\/h3>\n<ul>\n<li><span style=\"font-size: 90%;\">\u0110\u1ecba ch\u1ec9: S\u1ed1 28 ng\u00f5 19 L\u01b0\u01a1ng Ng\u1ecdc Quy\u1ebfn, H\u00e0 \u0110\u00f4ng, H\u00e0 N\u1ed9i.<\/span><\/li>\n<li><span style=\"font-size: 90%;\">Email: demo@gmail.com<\/span><\/li>\n<li><span style=\"font-size: 90%;\">Website: www.WEBDESIGN.COM<\/span><\/li>\n<\/ul>\n\t<div class=\"img has-hover x md-x lg-x y md-y lg-y\" id=\"image_596527015\">\n\t\t\t\t\t\t\t\t<div class=\"img-inner dark\" >\n\t\t\t<img width=\"294\" height=\"32\" src=\"https:\/\/webmaibinh.com\/w\/xkld2\/wp-content\/uploads\/2018\/05\/hotline.png\" class=\"attachment-original size-original\" alt=\"\" loading=\"lazy\" \/>\t\t\t\t\t\t\n\t\t\t\t\t<\/div>\n\t\t\t\t\t\t\t\t\n<style>\n#image_596527015 {\n  width: 69%;\n}\n<\/style>\n\t<\/div>\n\t\n<p>Gi\u1edd l\u00e0m vi\u1ec7c: 8:00-17:30 h\u00e0ng ng\u00e0y. Th\u1ee9 B\u1ea3y v\u00e0 Ch\u1ee7 Nh\u1eadt ngh\u1ec9.<\/p>\n\t\t<\/div>\n\t\t\t<\/div>\n\n\t\n\n\t<div id=\"col-1683747135\" class=\"col medium-6 small-12 large-6\"  >\n\t\t<div class=\"col-inner\"  >\n\t\t\t\n\t\t\t\n<p>Bi\u1ec3u m\u1eabu li\u00ean h\u1ec7 t\u1ea1i \u0111\u00e2y:<\/p>\n<a href=\"\/lien-he\" target=\"_self\" class=\"button secondary lowercase expand\"  style=\"border-radius:4px;\">\n  <i class=\"icon-play\" ><\/i>  <span>Li\u00ean h\u1ec7 t\u01b0 v\u1ea5n<\/span>\n  <\/a>\n\n\t\t<\/div>\n\t\t\t<\/div>\n\n\t\n<\/div>\n\t\t<\/div>\n\t\t\t<\/div>\n\n\t\n<\/div>\n","protected":false},"excerpt":{"rendered":"","protected":false},"author":1,"featured_media":0,"parent":0,"menu_order":0,"comment_status":"closed","ping_status":"closed","template":"page-blank.php","meta":[],"_links":{"self":[{"href":"https:\/\/webmaibinh.com\/w\/xkld2\/wp-json\/wp\/v2\/pages\/5"}],"collection":[{"href":"https:\/\/webmaibinh.com\/w\/xkld2\/wp-json\/wp\/v2\/pages"}],"about":[{"href":"https:\/\/webmaibinh.com\/w\/xkld2\/wp-json\/wp\/v2\/types\/page"}],"author":[{"embeddable":true,"href":"https:\/\/webmaibinh.com\/w\/xkld2\/wp-json\/wp\/v2\/users\/1"}],"replies":[{"embeddable":true,"href":"https:\/\/webmaibinh.com\/w\/xkld2\/wp-json\/wp\/v2\/comments?post=5"}],"version-history":[{"count":18,"href":"https:\/\/webmaibinh.com\/w\/xkld2\/wp-json\/wp\/v2\/pages\/5\/revisions"}],"predecessor-version":[{"id":570,"href":"https:\/\/webmaibinh.com\/w\/xkld2\/wp-json\/wp\/v2\/pages\/5\/revisions\/570"}],"wp:attachment":[{"href":"https:\/\/webmaibinh.com\/w\/xkld2\/wp-json\/wp\/v2\/media?parent=5"}],"curies":[{"name":"wp","href":"https:\/\/api.w.org\/{rel}","templated":true}]}}