{"id":209,"date":"2019-11-22T23:14:30","date_gmt":"2019-11-22T16:14:30","guid":{"rendered":"http:\/\/xedap.muathemewordpress.net\/?post_type=product&#038;p=209"},"modified":"2020-05-23T10:29:56","modified_gmt":"2020-05-23T03:29:56","slug":"xe-dap-dua-xds-rx350","status":"publish","type":"product","link":"https:\/\/webmaibinh.com\/w\/xedap2011\/san-pham\/xe-dap-dua-xds-rx350\/","title":{"rendered":"Xe \u0110\u1ea1p \u0110ua XDS RX350"},"content":{"rendered":"<h3>V\u1edbi thi\u1ebft k\u1ebf kh\u00ed \u0111\u1ed9ng h\u1ecdc gi\u00fap x\u00e9 gi\u00f3 \u0111\u1ea1p \u0111\u01b0\u1eddng tr\u01b0\u1eddng t\u1ed1c \u0111\u1ed9 cao t\u1ed1i \u01b0u nh\u1ea5t. C\u00f9ng c\u00f4ng ngh\u1ec7 khung h\u1ee3p kim nh\u00f4m X6 trong ng\u00e0nh c\u00f4ng nghi\u1ec7p h\u00e0ng kh\u00f4ng gi\u00fap chi\u1ebfc xe c\u1ee9ng h\u01a1n 30-50% v\u00e0 nh\u1eb9 h\u01a1n so v\u1edbi khung nh\u00f4m th\u00f4ng th\u01b0\u1eddng. B\u1ed9 chuy\u1ec3n \u0111\u1ed9ng tay l\u1eafc Shimano Claris R2000-16 t\u1ed1c \u0111\u1ed9 ( Nh\u1eadt B\u1ea3n ) sang s\u1ed1 r\u1ea5t nh\u1ea1y v\u00e0 gi\u1ea3m ti\u1ebfng \u1ed3n t\u1ed1i \u0111a. H\u00e3y c\u00f9ng F-x Bike kh\u00e1m ph\u00e1 chi ti\u1ebft chi\u1ebfc xe n\u00e0y nh\u00e9 !!!<\/h3>\n<p>\u2714 Khung h\u1ee3p kim nh\u00f4m nh\u1eb9 X6<br \/>\n\u2714 Tay b\u1ea5m Shimano Claris SL-R2000-16 t\u1ed1c \u0111\u1ed9 ( Nh\u1eadt B\u1ea3n )<br \/>\n\u2714 C\u1ee7 \u0111\u1ec1 Shimano Claris RD-R2000 ( Nh\u1eadt B\u1ea3n )<br \/>\n\u2714 G\u1ea1t \u0111\u1ec1 Shimano Claris FD-R2000 ( Nh\u1eadt B\u1ea3n )<br \/>\n\u2714 L\u00edp 8 t\u1ea7ng, X\u00edch KMC 8s ( Nh\u1eadt B\u1ea3n )<br \/>\n\u2714 Phanh U-Brake Radius<br \/>\n\u2714 Tr\u1ee5c r\u1ed7ng, \u0110\u00f9i \u0111\u0129a nh\u00f4m Prowheel 50T\/34T<br \/>\n\u2714 B\u1ed9 ghi \u0111\u00f4ng th\u1eb3ng, c\u1ecdc y\u00ean, potang nh\u00f4m XDS<br \/>\n\u2714 S\u0103m l\u1ed1p Kenda 700C x 25C<br \/>\n\u2714 Hub Nh\u00f4m b\u1ea1c \u0111\u1ea1n<br \/>\n\u2714 M\u00e0u s\u1eafc: \u0110en Xanh L\u00e1, Ghi V\u00e0ng<br \/>\n\u2714 Ph\u00f9 h\u1ee3p chi\u1ec1u cao t\u1eeb 1m6 \u2013 1m8<br \/>\n\u2714 N\u1eb7ng: 10kg<\/p>\n<figure id=\"attachment_15066\" class=\"wp-caption alignnone\" aria-describedby=\"caption-attachment-15066\"><img loading=\"lazy\" class=\"size-full wp-image-15066\" src=\"https:\/\/xedaphn.net\/wp-content\/uploads\/2019\/10\/Xe-%C4%90%E1%BA%A1p-%C4%90ua-XDS-RX350-1.jpg\" alt=\"Xe \u0110\u1ea1p \u0110ua XDS RX350\" width=\"1024\" height=\"683\" \/><figcaption id=\"caption-attachment-15066\" class=\"wp-caption-text\">Xe \u0110\u1ea1p \u0110ua XDS RX350<\/figcaption><\/figure>\n<figure id=\"attachment_15067\" class=\"wp-caption alignnone\" aria-describedby=\"caption-attachment-15067\"><img loading=\"lazy\" class=\"size-full wp-image-15067\" src=\"https:\/\/xedaphn.net\/wp-content\/uploads\/2019\/10\/Xe-%C4%90%E1%BA%A1p-%C4%90ua-XDS-RX350-2.jpg\" alt=\"Xe \u0110\u1ea1p \u0110ua XDS RX350\" width=\"1024\" height=\"683\" \/><figcaption id=\"caption-attachment-15067\" class=\"wp-caption-text\">Xe \u0110\u1ea1p \u0110ua XDS RX350<\/figcaption><\/figure>\n<figure id=\"attachment_15068\" class=\"wp-caption alignnone\" aria-describedby=\"caption-attachment-15068\"><img loading=\"lazy\" class=\"size-full wp-image-15068\" src=\"https:\/\/xedaphn.net\/wp-content\/uploads\/2019\/10\/Xe-%C4%90%E1%BA%A1p-%C4%90ua-XDS-RX350-3.jpg\" alt=\"Khung h\u1ee3p kim nh\u00f4m X6 ch\u1ea5t l\u01b0\u1ee3ng cao - c\u00f4ng ngh\u1ec7 X6 \u0111ang \u0111\u01b0\u1ee3c d\u00f9ng cho c\u00f4ng ngh\u1ec7 h\u00e0ng kh\u00f4ng s\u1ea3n xu\u1ea5t v\u1ecf m\u00e1y bay\" width=\"1024\" height=\"683\" \/><figcaption id=\"caption-attachment-15068\" class=\"wp-caption-text\">Khung h\u1ee3p kim nh\u00f4m X6 ch\u1ea5t l\u01b0\u1ee3ng cao \u2013 c\u00f4ng ngh\u1ec7 X6 \u0111ang \u0111\u01b0\u1ee3c d\u00f9ng cho c\u00f4ng ngh\u1ec7 h\u00e0ng kh\u00f4ng s\u1ea3n xu\u1ea5t v\u1ecf m\u00e1y bay<\/figcaption><\/figure>\n<figure id=\"attachment_15069\" class=\"wp-caption alignnone\" aria-describedby=\"caption-attachment-15069\"><img loading=\"lazy\" class=\"size-full wp-image-15069\" src=\"https:\/\/xedaphn.net\/wp-content\/uploads\/2019\/10\/Xe-%C4%90%E1%BA%A1p-%C4%90ua-XDS-RX350-4.jpg\" alt=\"V\u00e0nh nh\u00f4m 2 l\u1edbp 700c\" width=\"1024\" height=\"683\" \/><figcaption id=\"caption-attachment-15069\" class=\"wp-caption-text\">V\u00e0nh nh\u00f4m 2 l\u1edbp 700c<\/figcaption><\/figure>\n","protected":false},"excerpt":{"rendered":"<p>V\u1edbi thi\u1ebft k\u1ebf kh\u00ed \u0111\u1ed9ng h\u1ecdc gi\u00fap x\u00e9 gi\u00f3 \u0111\u1ea1p \u0111\u01b0\u1eddng tr\u01b0\u1eddng t\u1ed1c \u0111\u1ed9 cao t\u1ed1i \u01b0u nh\u1ea5t. C\u00f9ng c\u00f4ng ngh\u1ec7 khung h\u1ee3p kim nh\u00f4m X6 trong ng\u00e0nh c\u00f4ng nghi\u1ec7p h\u00e0ng kh\u00f4ng gi\u00fap chi\u1ebfc xe c\u1ee9ng h\u01a1n 30-50% v\u00e0 nh\u1eb9 h\u01a1n so v\u1edbi khung nh\u00f4m th\u00f4ng th\u01b0\u1eddng. B\u1ed9 chuy\u1ec3n \u0111\u1ed9ng tay l\u1eafc Shimano Claris R2000-16 &#8230;<\/p>\n","protected":false},"featured_media":210,"comment_status":"open","ping_status":"closed","template":"","meta":[],"_links":{"self":[{"href":"https:\/\/webmaibinh.com\/w\/xedap2011\/wp-json\/wp\/v2\/product\/209"}],"collection":[{"href":"https:\/\/webmaibinh.com\/w\/xedap2011\/wp-json\/wp\/v2\/product"}],"about":[{"href":"https:\/\/webmaibinh.com\/w\/xedap2011\/wp-json\/wp\/v2\/types\/product"}],"replies":[{"embeddable":true,"href":"https:\/\/webmaibinh.com\/w\/xedap2011\/wp-json\/wp\/v2\/comments?post=209"}],"wp:featuredmedia":[{"embeddable":true,"href":"https:\/\/webmaibinh.com\/w\/xedap2011\/wp-json\/wp\/v2\/media\/210"}],"wp:attachment":[{"href":"https:\/\/webmaibinh.com\/w\/xedap2011\/wp-json\/wp\/v2\/media?parent=209"}],"curies":[{"name":"wp","href":"https:\/\/api.w.org\/{rel}","templated":true}]}}