{"id":201,"date":"2019-11-22T23:12:56","date_gmt":"2019-11-22T16:12:56","guid":{"rendered":"http:\/\/xedap.muathemewordpress.net\/?post_type=product&#038;p=201"},"modified":"2020-05-23T10:29:55","modified_gmt":"2020-05-23T03:29:55","slug":"xe-dap-california-city-200","status":"publish","type":"product","link":"https:\/\/webmaibinh.com\/w\/xedap2011\/san-pham\/xe-dap-california-city-200\/","title":{"rendered":"Xe \u0110\u1ea1p California City 200"},"content":{"rendered":"<h3>Th\u01b0\u01a1ng hi\u1ec7u M\u1ef9. \u0110\u01b0\u1ee3c thi\u1ebft k\u1ebf b\u1edfi nh\u1eefng k\u0129 s\u01b0 h\u00e0ng \u0111\u1ea7u c\u1ee7a M\u1ef9 r\u1ea5t t\u1ec9 m\u1ec9 v\u1edbi phong c\u00e1ch c\u1ed5 \u0111i\u1ec3n pha ch\u00fat hi\u1ec7n \u0111\u1ea1i. L\u00e0 m\u1ed9t m\u1eabu xe t\u1ea7m trung v\u1edbi c\u1ea5u h\u00ecnh kh\u00e1 t\u1ed1t trong d\u00f2ng \u0111\u01b0\u1eddng ph\u1ed1. \u0110\u1ea7u ti\u00ean c\u00f3 th\u1ec3 k\u1ec3 \u0111\u1ebfn ch\u00ednh l\u00e0 ph\u1ea7n khung h\u1ee3p kim th\u00e9p pha carbon nh\u1eb9 nh\u01b0ng r\u1ea5t ch\u1eafc ch\u1eafn v\u1edbi kh\u1ea3 n\u0103ng ch\u1ecbu tr\u1ecdng t\u1ea3i l\u00ean t\u1edbi 180kg . \u0110\u01b0\u1ee3c trang b\u1ecb b\u1ed9 \u0111\u1ec1 Shimano Tourney \u2013 6 t\u1ed1c \u0111\u1ed9 ( Nh\u1eadt B\u1ea3n ) \u0111em \u0111\u1ebfn nh\u1eefng chuy\u1ec3n bi\u1ebfn linh ho\u1ea1t v\u00e0 ch\u00ednh x\u00e1c . Chi\u1ebfc xe \u0111ang nh\u1eadn \u0111\u01b0\u1ee3c nhi\u1ec1u s\u1ef1 quan t\u00e2m v\u00e0 \u0111\u00f3n ch\u1edd t\u1eeb nh\u1eefng ng\u01b0\u1eddi m\u1edbi ch\u01a1i xe \u0111\u1ea1p th\u1ec3 thao. H\u00e3y c\u00f9ng kh\u00e1m ph\u00e1 xem chi\u1ebfc xe n\u00e0y c\u00f3 nh\u1eefng \u01b0u \u0111i\u1ec3m n\u00e0o n\u1ed5i b\u1eadt v\u00e0 \u0111\u01b0a ra nh\u1eefng quy\u1ebft \u0111\u1ecbnh l\u1ef1a ch\u1ecdn ph\u00f9 h\u1ee3p cho b\u1ea3n th\u00e2n nh\u00e9!<\/h3>\n<p><img class=\"_1ift _2560 img\" src=\"https:\/\/static.xx.fbcdn.net\/images\/emoji.php\/v9\/z51\/1\/16\/2714.png\" alt=\"\u2714\" \/>\u00a0Khung h\u1ee3p kim th\u00e9p carbon<br \/>\n<img class=\"_1ift _2560 img\" src=\"https:\/\/static.xx.fbcdn.net\/images\/emoji.php\/v9\/z51\/1\/16\/2714.png\" alt=\"\u2714\" \/>\u00a0Tay b\u1ea5m Shimano TX50 \u2013 6 c\u1ea5p ( Nh\u1eadt B\u1ea3n )<br \/>\n<img class=\"_1ift _2560 img\" src=\"https:\/\/static.xx.fbcdn.net\/images\/emoji.php\/v9\/z51\/1\/16\/2714.png\" alt=\"\u2714\" \/>\u00a0C\u1ee7 \u0111\u1ec1 Shimano Tourney TY21 \u2013 6 c\u1ea5p ( Nh\u1eadt B\u1ea3n )<br \/>\n<img class=\"_1ift _2560 img\" src=\"https:\/\/static.xx.fbcdn.net\/images\/emoji.php\/v9\/z51\/1\/16\/2714.png\" alt=\"\u2714\" \/>\u00a0L\u00edp 6 t\u1ea7ng<br \/>\n<img class=\"_1ift _2560 img\" src=\"https:\/\/static.xx.fbcdn.net\/images\/emoji.php\/v9\/z51\/1\/16\/2714.png\" alt=\"\u2714\" \/>\u00a0X\u00edch KMC 6<br \/>\n<img class=\"_1ift _2560 img\" src=\"https:\/\/static.xx.fbcdn.net\/images\/emoji.php\/v9\/z51\/1\/16\/2714.png\" alt=\"\u2714\" \/>\u00a0Phanh c\u01a1 V-Brake tr\u01b0\u1edbc v\u00e0 sau<br \/>\n<img class=\"_1ift _2560 img\" src=\"https:\/\/static.xx.fbcdn.net\/images\/emoji.php\/v9\/z51\/1\/16\/2714.png\" alt=\"\u2714\" \/>\u00a0\u0110\u00f9i \u0110\u0129a Nh\u00f4m 44T cao c\u1ea5p<br \/>\n<img class=\"_1ift _2560 img\" src=\"https:\/\/static.xx.fbcdn.net\/images\/emoji.php\/v9\/z51\/1\/16\/2714.png\" alt=\"\u2714\" \/>\u00a0B\u1ed9 ghi \u0111\u00f4ng, c\u1ecdc y\u00ean, potang nh\u00f4m<br \/>\n<img class=\"_1ift _2560 img\" src=\"https:\/\/static.xx.fbcdn.net\/images\/emoji.php\/v9\/z51\/1\/16\/2714.png\" alt=\"\u2714\" \/>\u00a0S\u0103m l\u1ed1p Kenda 700x32c<br \/>\n<img class=\"_1ift _2560 img\" src=\"https:\/\/static.xx.fbcdn.net\/images\/emoji.php\/v9\/z51\/1\/16\/2714.png\" alt=\"\u2714\" \/>\u00a0Y\u00ean da m\u1ec1m<br \/>\n<img class=\"_1ift _2560 img\" src=\"https:\/\/static.xx.fbcdn.net\/images\/emoji.php\/v9\/z51\/1\/16\/2714.png\" alt=\"\u2714\" \/>\u00a0M\u00e0u s\u1eafc: \u0110en, Xanh Bi\u1ec3n, Ghi, Tr\u1eafng<br \/>\n<img class=\"_1ift _2560 img\" src=\"https:\/\/static.xx.fbcdn.net\/images\/emoji.php\/v9\/z51\/1\/16\/2714.png\" alt=\"\u2714\" \/>\u00a0Ph\u00f9 h\u1ee3p chi\u1ec1u cao t\u1eeb 1m6 \u2013 1m8<\/p>\n<figure id=\"attachment_15137\" class=\"wp-caption alignnone\" aria-describedby=\"caption-attachment-15137\"><img loading=\"lazy\" class=\"size-full wp-image-15137\" src=\"https:\/\/xedaphn.net\/wp-content\/uploads\/2019\/11\/California-City-200-1.jpg\" alt=\"Xe \u0110\u1ea1p California City 200\" width=\"1024\" height=\"683\" \/><figcaption id=\"caption-attachment-15137\" class=\"wp-caption-text\">Xe \u0110\u1ea1p California City 200<\/figcaption><\/figure>\n<figure id=\"attachment_15138\" class=\"wp-caption alignnone\" aria-describedby=\"caption-attachment-15138\"><img loading=\"lazy\" class=\"size-full wp-image-15138\" src=\"https:\/\/xedaphn.net\/wp-content\/uploads\/2019\/11\/California-City-200-2.jpg\" alt=\"Xe \u0110\u1ea1p California City 200\" width=\"1024\" height=\"683\" \/><figcaption id=\"caption-attachment-15138\" class=\"wp-caption-text\">Xe \u0110\u1ea1p California City 200<\/figcaption><\/figure>\n<figure id=\"attachment_15139\" class=\"wp-caption alignnone\" aria-describedby=\"caption-attachment-15139\"><img loading=\"lazy\" class=\"size-full wp-image-15139\" src=\"https:\/\/xedaphn.net\/wp-content\/uploads\/2019\/11\/California-City-200-3.jpg\" alt=\"Khung h\u1ee3p kim th\u00e9p carbon c\u1ee9ng c\u00e1p. Tr\u1ecdng t\u1ea3i l\u00ean t\u1edbi 180kg\" width=\"1024\" height=\"683\" \/><figcaption id=\"caption-attachment-15139\" class=\"wp-caption-text\">Khung h\u1ee3p kim th\u00e9p carbon c\u1ee9ng c\u00e1p. Tr\u1ecdng t\u1ea3i l\u00ean t\u1edbi 180kg<\/figcaption><\/figure>\n<figure id=\"attachment_15144\" class=\"wp-caption alignnone\" aria-describedby=\"caption-attachment-15144\"><img loading=\"lazy\" class=\"size-full wp-image-15144\" src=\"https:\/\/xedaphn.net\/wp-content\/uploads\/2019\/11\/California-City-200-8.jpg\" alt=\"N\u01b0\u1edbc s\u01a1n 3 l\u1edbp ch\u1ed1ng bong tr\u00f3c. B\u1ec1n m\u00e0u v\u1edbi th\u1eddi gian\" width=\"1024\" height=\"683\" \/><figcaption id=\"caption-attachment-15144\" class=\"wp-caption-text\">N\u01b0\u1edbc s\u01a1n 3 l\u1edbp ch\u1ed1ng bong tr\u00f3c. B\u1ec1n m\u00e0u v\u1edbi th\u1eddi gian<\/figcaption><\/figure>\n","protected":false},"excerpt":{"rendered":"<p>Th\u01b0\u01a1ng hi\u1ec7u M\u1ef9. \u0110\u01b0\u1ee3c thi\u1ebft k\u1ebf b\u1edfi nh\u1eefng k\u0129 s\u01b0 h\u00e0ng \u0111\u1ea7u c\u1ee7a M\u1ef9 r\u1ea5t t\u1ec9 m\u1ec9 v\u1edbi phong c\u00e1ch c\u1ed5 \u0111i\u1ec3n pha ch\u00fat hi\u1ec7n \u0111\u1ea1i. L\u00e0 m\u1ed9t m\u1eabu xe t\u1ea7m trung v\u1edbi c\u1ea5u h\u00ecnh kh\u00e1 t\u1ed1t trong d\u00f2ng \u0111\u01b0\u1eddng ph\u1ed1. \u0110\u1ea7u ti\u00ean c\u00f3 th\u1ec3 k\u1ec3 \u0111\u1ebfn ch\u00ednh l\u00e0 ph\u1ea7n khung h\u1ee3p kim th\u00e9p pha &#8230;<\/p>\n","protected":false},"featured_media":202,"comment_status":"open","ping_status":"closed","template":"","meta":[],"_links":{"self":[{"href":"https:\/\/webmaibinh.com\/w\/xedap2011\/wp-json\/wp\/v2\/product\/201"}],"collection":[{"href":"https:\/\/webmaibinh.com\/w\/xedap2011\/wp-json\/wp\/v2\/product"}],"about":[{"href":"https:\/\/webmaibinh.com\/w\/xedap2011\/wp-json\/wp\/v2\/types\/product"}],"replies":[{"embeddable":true,"href":"https:\/\/webmaibinh.com\/w\/xedap2011\/wp-json\/wp\/v2\/comments?post=201"}],"wp:featuredmedia":[{"embeddable":true,"href":"https:\/\/webmaibinh.com\/w\/xedap2011\/wp-json\/wp\/v2\/media\/202"}],"wp:attachment":[{"href":"https:\/\/webmaibinh.com\/w\/xedap2011\/wp-json\/wp\/v2\/media?parent=201"}],"curies":[{"name":"wp","href":"https:\/\/api.w.org\/{rel}","templated":true}]}}