{"id":193,"date":"2019-11-22T23:11:19","date_gmt":"2019-11-22T16:11:19","guid":{"rendered":"http:\/\/xedap.muathemewordpress.net\/?post_type=product&#038;p=193"},"modified":"2020-05-23T10:29:55","modified_gmt":"2020-05-23T03:29:55","slug":"xe-dap-the-thao-xds-romance-500","status":"publish","type":"product","link":"https:\/\/webmaibinh.com\/w\/xedap2011\/san-pham\/xe-dap-the-thao-xds-romance-500\/","title":{"rendered":"Xe \u0110\u1ea1p Th\u1ec3 Thao XdS Romance 500"},"content":{"rendered":"<h3>Mang tr\u00ean m\u00ecnh thi\u1ebft k\u1ebf th\u1ec3 thao \u0111\u01b0\u1ee3c ch\u0103m ch\u00fat t\u1ec9 m\u1ec9 t\u1eebng chi ti\u1ebft . Xe \u0111\u01b0\u1ee3c trang b\u1ecb khung h\u1ee3p kim nh\u00f4m X6 th\u01b0\u1eddng \u0111\u01b0\u1ee3c d\u00f9ng trong ch\u1ebf t\u1ea1o khung m\u00e1y bay gi\u00fap chi\u1ebfc xe c\u1ee9ng h\u01a1n 30-50% v\u00e0 nh\u1eb9 h\u01a1n c\u1ea3 khung Nh\u00f4m 6061. B\u1ed9 chuy\u1ec3n \u0111\u1ed9ng Shimano DEORE M6000 20 C\u1ea5p \u0110\u1ed9 ( Nh\u1eadt B\u1ea3n ) c\u1ef1c nh\u1ea1y v\u00e0 nh\u1eb9. H\u00e3y c\u00f9ng F-x Bike kh\u00e1m ph\u00e1 chi ti\u1ebft chi\u1ebfc xe n\u00e0y nh\u00e9 !!!<\/h3>\n<p>\u2714 Khung h\u1ee3p kim nh\u00f4m nh\u1eb9 X6<br \/>\n\u2714 Phu\u1ed9c nh\u00f4m, gi\u1ea3m s\u00f3c h\u01a1i c\u00f3 kh\u00f3a h\u00e0nh tr\u00ecnh Remote Lock<br \/>\n\u2714 Tay b\u1ea5m Shimano DEORE M6000-20 T\u1ed1c \u0110\u1ed9 ( Nh\u1eadt B\u1ea3n )<br \/>\n\u2714 C\u1ee7 \u0111\u1ec1 Shimano DEORE RD-M6000 10s ( Nh\u1eadt B\u1ea3n )<br \/>\n\u2714 G\u1ea1t \u0111\u1ec1 Shimano DEORE FD-M6000 2s ( Nh\u1eadt B\u1ea3n )<br \/>\n\u2714 L\u00edp Shimano 10 t\u1ea7ng 20 c\u1ea5p \u0111\u1ed9<br \/>\n\u2714 Phanh \u0110\u0129a D\u1ea7u Tektro<br \/>\n\u2714 Tr\u1ee5c r\u1ed7ng Nh\u00f4m, \u0110\u00f9i \u0111\u0129a nh\u00f4m Prowheel Romance 38\/28T<br \/>\n\u2714 B\u1ed9 ghi tay th\u1eb3ng, c\u1ecdc y\u00ean, potang nh\u00f4m X6<br \/>\n\u2714 S\u0103m l\u1ed1p Maxxis 27.5\u00d71.95<br \/>\n\u2714 Y\u00ean Da M\u1ec1m Xds<br \/>\n\u2714 M\u00e0u s\u1eafc: \u0110en \u0110\u1ecf, \u0110en Xanh<br \/>\n\u2714 C\u00e2n N\u1eb7ng: 12kg<br \/>\n\u2714 Ph\u00f9 h\u1ee3p chi\u1ec1u cao t\u1eeb 1m6 \u2013 1m8<\/p>\n<figure id=\"attachment_15208\" class=\"wp-caption aligncenter\" aria-describedby=\"caption-attachment-15208\"><img loading=\"lazy\" class=\"wp-image-15208 size-full\" src=\"https:\/\/xedaphn.net\/wp-content\/uploads\/2019\/11\/XDS-Romance-500-1.jpg\" alt=\"Xe \u0110\u1ea1p Th\u1ec3 Thao XdS \u0110en \u0110\u1ecf\" width=\"1024\" height=\"683\" \/><figcaption id=\"caption-attachment-15208\" class=\"wp-caption-text\">Xe \u0110\u1ea1p Th\u1ec3 Thao XdS \u0110en \u0110\u1ecf<\/figcaption><\/figure>\n<figure id=\"attachment_15209\" class=\"wp-caption aligncenter\" aria-describedby=\"caption-attachment-15209\"><img loading=\"lazy\" class=\"wp-image-15209 size-full\" src=\"https:\/\/xedaphn.net\/wp-content\/uploads\/2019\/11\/XDS-Romance-500-2.jpg\" alt=\"Nh\u00ecn m\u1ed9t c\u00e1ch t\u1ed5ng th\u1ec3 xe \u0111\u1eb9p kh\u00f4ng t\u00ec v\u1ebft\" width=\"1024\" height=\"683\" \/><figcaption id=\"caption-attachment-15209\" class=\"wp-caption-text\">Nh\u00ecn m\u1ed9t c\u00e1ch t\u1ed5ng th\u1ec3 xe \u0111\u1eb9p kh\u00f4ng t\u00ec v\u1ebft<\/figcaption><\/figure>\n<figure id=\"attachment_15210\" class=\"wp-caption aligncenter\" aria-describedby=\"caption-attachment-15210\"><img loading=\"lazy\" class=\"wp-image-15210 size-full\" src=\"https:\/\/xedaphn.net\/wp-content\/uploads\/2019\/11\/XDS-Romance-500-3.jpg\" alt=\"Khung xe \u0111\u01b0\u1ee3c l\u00e0m t\u1eeb nh\u00f4m X6 chuy\u00ean d\u00f9ng s\u1ea3n xu\u1ea5t khung m\u00e1y bay\" width=\"1024\" height=\"683\" \/><figcaption id=\"caption-attachment-15210\" class=\"wp-caption-text\">Khung xe \u0111\u01b0\u1ee3c l\u00e0m t\u1eeb nh\u00f4m X6 chuy\u00ean d\u00f9ng s\u1ea3n xu\u1ea5t khung m\u00e1y bay<\/figcaption><\/figure>\n<figure id=\"attachment_15211\" class=\"wp-caption aligncenter\" aria-describedby=\"caption-attachment-15211\"><img loading=\"lazy\" class=\"wp-image-15211 size-full\" src=\"https:\/\/xedaphn.net\/wp-content\/uploads\/2019\/11\/XDS-Romance-500-4.jpg\" alt=\"B\u1ed9 chuy\u1ec3n \u0111\u1ed9ng tr\u01b0\u1edbc \u0111\u01a1n gi\u1ea3n d\u1ec5 th\u00e1o l\u1eafp\" width=\"1024\" height=\"683\" \/><figcaption id=\"caption-attachment-15211\" class=\"wp-caption-text\">B\u1ed9 chuy\u1ec3n \u0111\u1ed9ng tr\u01b0\u1edbc \u0111\u01a1n gi\u1ea3n d\u1ec5 th\u00e1o l\u1eafp<\/figcaption><\/figure>\n<figure id=\"attachment_15212\" class=\"wp-caption aligncenter\" aria-describedby=\"caption-attachment-15212\"><img loading=\"lazy\" class=\"wp-image-15212 size-full\" src=\"https:\/\/xedaphn.net\/wp-content\/uploads\/2019\/11\/XDS-Romance-500-5.jpg\" alt=\"B\u1ed9 chuy\u1ec3n \u0111\u1ed9ng sau\" width=\"1024\" height=\"683\" \/><figcaption id=\"caption-attachment-15212\" class=\"wp-caption-text\">B\u1ed9 chuy\u1ec3n \u0111\u1ed9ng sau<\/figcaption><\/figure>\n<figure id=\"attachment_15213\" class=\"wp-caption aligncenter\" aria-describedby=\"caption-attachment-15213\"><img loading=\"lazy\" class=\"wp-image-15213 size-full\" src=\"https:\/\/xedaphn.net\/wp-content\/uploads\/2019\/11\/XDS-Romance-500-6.jpg\" alt=\"Khung s\u01a1n ph\u1ee7 3 l\u1edbp t\u0129nh \u0111i\u1ec7n, c\u00e1c chi ti\u1ebft in n\u1ed5i 3D\" width=\"1024\" height=\"683\" \/><figcaption id=\"caption-attachment-15213\" class=\"wp-caption-text\">Khung s\u01a1n ph\u1ee7 3 l\u1edbp t\u0129nh \u0111i\u1ec7n, c\u00e1c chi ti\u1ebft in n\u1ed5i 3D<\/figcaption><\/figure>\n","protected":false},"excerpt":{"rendered":"<p>Mang tr\u00ean m\u00ecnh thi\u1ebft k\u1ebf th\u1ec3 thao \u0111\u01b0\u1ee3c ch\u0103m ch\u00fat t\u1ec9 m\u1ec9 t\u1eebng chi ti\u1ebft . Xe \u0111\u01b0\u1ee3c trang b\u1ecb khung h\u1ee3p kim nh\u00f4m X6 th\u01b0\u1eddng \u0111\u01b0\u1ee3c d\u00f9ng trong ch\u1ebf t\u1ea1o khung m\u00e1y bay gi\u00fap chi\u1ebfc xe c\u1ee9ng h\u01a1n 30-50% v\u00e0 nh\u1eb9 h\u01a1n c\u1ea3 khung Nh\u00f4m 6061. B\u1ed9 chuy\u1ec3n \u0111\u1ed9ng Shimano DEORE M6000 20 C\u1ea5p &#8230;<\/p>\n","protected":false},"featured_media":194,"comment_status":"open","ping_status":"closed","template":"","meta":[],"_links":{"self":[{"href":"https:\/\/webmaibinh.com\/w\/xedap2011\/wp-json\/wp\/v2\/product\/193"}],"collection":[{"href":"https:\/\/webmaibinh.com\/w\/xedap2011\/wp-json\/wp\/v2\/product"}],"about":[{"href":"https:\/\/webmaibinh.com\/w\/xedap2011\/wp-json\/wp\/v2\/types\/product"}],"replies":[{"embeddable":true,"href":"https:\/\/webmaibinh.com\/w\/xedap2011\/wp-json\/wp\/v2\/comments?post=193"}],"wp:featuredmedia":[{"embeddable":true,"href":"https:\/\/webmaibinh.com\/w\/xedap2011\/wp-json\/wp\/v2\/media\/194"}],"wp:attachment":[{"href":"https:\/\/webmaibinh.com\/w\/xedap2011\/wp-json\/wp\/v2\/media?parent=193"}],"curies":[{"name":"wp","href":"https:\/\/api.w.org\/{rel}","templated":true}]}}