{"id":185,"date":"2019-11-22T23:09:51","date_gmt":"2019-11-22T16:09:51","guid":{"rendered":"http:\/\/xedap.muathemewordpress.net\/?post_type=product&#038;p=185"},"modified":"2020-05-23T10:29:55","modified_gmt":"2020-05-23T03:29:55","slug":"xe-dap-the-thao-xds-sundance-710","status":"publish","type":"product","link":"https:\/\/webmaibinh.com\/w\/xedap2011\/san-pham\/xe-dap-the-thao-xds-sundance-710\/","title":{"rendered":"Xe \u0110\u1ea1p Th\u1ec3 Thao XdS Sundance 710"},"content":{"rendered":"<h3>L\u00e0 phi\u00ean b\u1ea3n cao c\u1ea5p h\u01a1n c\u1ee7a XdS Sundance 710. Xe \u0111\u01b0\u1ee3c trang b\u1ecb khung h\u1ee3p kim nh\u00f4m X6 th\u01b0\u1eddng \u0111\u01b0\u1ee3c d\u00f9ng trong ch\u1ebf t\u1ea1o khung m\u00e1y bay gi\u00fap chi\u1ebfc xe c\u1ee9ng h\u01a1n 30-50% v\u00e0 nh\u1eb9 h\u01a1n c\u1ea3 khung Nh\u00f4m 6061. B\u1ed9 chuy\u1ec3n \u0111\u1ed9ng Shimano Acera 27 C\u1ea5p \u0110\u1ed9 ( Nh\u1eadt B\u1ea3n ) c\u1ef1c nh\u1ea1y v\u00e0 nh\u1eb9. H\u00e3y c\u00f9ng F-x Bike kh\u00e1m ph\u00e1 chi ti\u1ebft chi\u1ebfc xe n\u00e0y nh\u00e9 !!!<\/h3>\n<p>\u2714 Khung h\u1ee3p kim nh\u00f4m nh\u1eb9 X6<br \/>\n\u2714 Phu\u1ed9c nh\u00f4m, gi\u1ea3m s\u00f3c d\u1ea7u c\u00f3 kh\u00f3a h\u00e0nh tr\u00ecnh<br \/>\n\u2714 Tay b\u1ea5m Shimano Acera\u00a0 SL-M3000 27 T\u1ed1c \u0110\u1ed9 ( Nh\u1eadt B\u1ea3n )<br \/>\n\u2714 C\u1ee7 \u0111\u1ec1 Shimano Altus RD-M2000 9s ( Nh\u1eadt B\u1ea3n )<br \/>\n\u2714 G\u1ea1t \u0111\u1ec1 Shimano Altus FD-M2000 2s ( Nh\u1eadt B\u1ea3n )<br \/>\n\u2714 L\u00edp Shimano 9 t\u1ea7ng 27 c\u1ea5p \u0111\u1ed9<br \/>\n\u2714 Phanh \u0110\u0129a D\u1ea7u T\u1ea3n Nhi\u1ec7t Shimano<br \/>\n\u2714 Tr\u1ee5c b\u1ea1c \u0111\u1ea1n, \u0110\u00f9i \u0111\u0129a nh\u00f4m Prowheel 42\/34\/28T<br \/>\n\u2714 B\u1ed9 ghi tay th\u1eb3ng, c\u1ecdc y\u00ean, potang nh\u00f4m X6<br \/>\n\u2714 S\u0103m l\u1ed1p Kenda 27.5\u00d71.95<br \/>\n\u2714 Y\u00ean Da M\u1ec1m Xds<br \/>\n\u2714 M\u00e0u s\u1eafc: \u0110en \u0110\u1ecf, \u0110en Cam, \u0110en Xanh Bi\u1ec3n<br \/>\n\u2714 C\u00e2n N\u1eb7ng: 12kg<br \/>\n\u2714 Ph\u00f9 h\u1ee3p chi\u1ec1u cao t\u1eeb 1m6 \u2013 1m8<\/p>\n<figure id=\"attachment_15251\" class=\"wp-caption aligncenter\" aria-describedby=\"caption-attachment-15251\"><img loading=\"lazy\" class=\"wp-image-15251 size-full\" src=\"https:\/\/xedaphn.net\/wp-content\/uploads\/2019\/11\/XDS-Sundance-710-1.jpg\" alt=\"Xe \u0110\u1ea1p Th\u1ec3 Thao Sundance 710 \u0110en \u0110\u1ecf\" width=\"1024\" height=\"683\" \/><figcaption id=\"caption-attachment-15251\" class=\"wp-caption-text\">Xe \u0110\u1ea1p Th\u1ec3 Thao Sundance 710 \u0110en \u0110\u1ecf<\/figcaption><\/figure>\n<figure id=\"attachment_15252\" class=\"wp-caption aligncenter\" aria-describedby=\"caption-attachment-15252\"><img loading=\"lazy\" class=\"wp-image-15252 size-full\" src=\"https:\/\/xedaphn.net\/wp-content\/uploads\/2019\/11\/XDS-Sundance-710-2.jpg\" alt=\"G\u00f3c nh\u00ecn t\u1ed5ng th\u1ec3 Sundance 710\" width=\"1024\" height=\"683\" \/><figcaption id=\"caption-attachment-15252\" class=\"wp-caption-text\">G\u00f3c nh\u00ecn t\u1ed5ng th\u1ec3 Sundance 710<\/figcaption><\/figure>\n<figure id=\"attachment_15253\" class=\"wp-caption aligncenter\" aria-describedby=\"caption-attachment-15253\"><img loading=\"lazy\" class=\"wp-image-15253 size-full\" src=\"https:\/\/xedaphn.net\/wp-content\/uploads\/2019\/11\/XDS-Sundance-710-3.jpg\" alt=\"Khung h\u1ee3p kim nh\u00f4m X6 chuy\u00ean d\u00f9ng cho khung m\u00e1y bay\" width=\"1024\" height=\"683\" \/><figcaption id=\"caption-attachment-15253\" class=\"wp-caption-text\">Khung h\u1ee3p kim nh\u00f4m X6 chuy\u00ean d\u00f9ng cho khung m\u00e1y bay<\/figcaption><\/figure>\n","protected":false},"excerpt":{"rendered":"<p>L\u00e0 phi\u00ean b\u1ea3n cao c\u1ea5p h\u01a1n c\u1ee7a XdS Sundance 710. Xe \u0111\u01b0\u1ee3c trang b\u1ecb khung h\u1ee3p kim nh\u00f4m X6 th\u01b0\u1eddng \u0111\u01b0\u1ee3c d\u00f9ng trong ch\u1ebf t\u1ea1o khung m\u00e1y bay gi\u00fap chi\u1ebfc xe c\u1ee9ng h\u01a1n 30-50% v\u00e0 nh\u1eb9 h\u01a1n c\u1ea3 khung Nh\u00f4m 6061. B\u1ed9 chuy\u1ec3n \u0111\u1ed9ng Shimano Acera 27 C\u1ea5p \u0110\u1ed9 ( Nh\u1eadt B\u1ea3n ) c\u1ef1c nh\u1ea1y &#8230;<\/p>\n","protected":false},"featured_media":186,"comment_status":"open","ping_status":"closed","template":"","meta":[],"_links":{"self":[{"href":"https:\/\/webmaibinh.com\/w\/xedap2011\/wp-json\/wp\/v2\/product\/185"}],"collection":[{"href":"https:\/\/webmaibinh.com\/w\/xedap2011\/wp-json\/wp\/v2\/product"}],"about":[{"href":"https:\/\/webmaibinh.com\/w\/xedap2011\/wp-json\/wp\/v2\/types\/product"}],"replies":[{"embeddable":true,"href":"https:\/\/webmaibinh.com\/w\/xedap2011\/wp-json\/wp\/v2\/comments?post=185"}],"wp:featuredmedia":[{"embeddable":true,"href":"https:\/\/webmaibinh.com\/w\/xedap2011\/wp-json\/wp\/v2\/media\/186"}],"wp:attachment":[{"href":"https:\/\/webmaibinh.com\/w\/xedap2011\/wp-json\/wp\/v2\/media?parent=185"}],"curies":[{"name":"wp","href":"https:\/\/api.w.org\/{rel}","templated":true}]}}