{"id":336,"date":"2020-02-28T07:00:17","date_gmt":"2020-02-28T07:00:17","guid":{"rendered":"http:\/\/demo22.muathemewordpress.net\/?page_id=336"},"modified":"2020-02-28T15:26:08","modified_gmt":"2020-02-28T15:26:08","slug":"gui-yeu-cau-bao-gia","status":"publish","type":"page","link":"https:\/\/webmaibinh.com\/w\/xaydung32011\/gui-yeu-cau-bao-gia\/","title":{"rendered":"G\u1eedi y\u00eau c\u1ea7u b\u00e1o gi\u00e1"},"content":{"rendered":"<div role=\"form\" class=\"wpcf7\" id=\"wpcf7-f473-o1\" lang=\"vi\" dir=\"ltr\">\n<div class=\"screen-reader-response\"><p role=\"status\" aria-live=\"polite\" aria-atomic=\"true\"><\/p> <ul><\/ul><\/div>\n<form action=\"\/w\/xaydung32011\/wp-json\/wp\/v2\/pages\/336#wpcf7-f473-o1\" method=\"post\" class=\"wpcf7-form init\" novalidate=\"novalidate\" data-status=\"init\">\n<div style=\"display: none;\">\n<input type=\"hidden\" name=\"_wpcf7\" value=\"473\" \/>\n<input type=\"hidden\" name=\"_wpcf7_version\" value=\"5.3\" \/>\n<input type=\"hidden\" name=\"_wpcf7_locale\" value=\"vi\" \/>\n<input type=\"hidden\" name=\"_wpcf7_unit_tag\" value=\"wpcf7-f473-o1\" \/>\n<input type=\"hidden\" name=\"_wpcf7_container_post\" value=\"0\" \/>\n<input type=\"hidden\" name=\"_wpcf7_posted_data_hash\" value=\"\" \/>\n<\/div>\n<div class=\"row form-flat sago-form\">\n<div class=\"col medium-4 small-12 large-4\">\n<div class=\"col-inner\">\n<h3>H\u1ecd t\u00ean*<\/h3>\n<p><span class=\"wpcf7-form-control-wrap ho-ten-1\"><input type=\"text\" name=\"ho-ten-1\" value=\"\" size=\"40\" class=\"wpcf7-form-control wpcf7-text wpcf7-validates-as-required\" aria-required=\"true\" aria-invalid=\"false\" \/><\/span>\n<\/p><\/div>\n<\/div>\n<div class=\"col medium-4 small-12 large-4\">\n<div class=\"col-inner\">\n<h3>S\u1ed1 \u0111i\u1ec7n tho\u1ea1i*<\/h3>\n<p><span class=\"wpcf7-form-control-wrap tel-433\"><input type=\"tel\" name=\"tel-433\" value=\"\" size=\"40\" class=\"wpcf7-form-control wpcf7-text wpcf7-tel wpcf7-validates-as-required wpcf7-validates-as-tel\" aria-required=\"true\" aria-invalid=\"false\" \/><\/span>\n<\/p><\/div>\n<\/div>\n<div class=\"col medium-4 small-12 large-4\">\n<div class=\"col-inner\">\n<h3>Email*<\/h3>\n<p><span class=\"wpcf7-form-control-wrap email-99\"><input type=\"email\" name=\"email-99\" value=\"\" size=\"40\" class=\"wpcf7-form-control wpcf7-text wpcf7-email wpcf7-validates-as-required wpcf7-validates-as-email\" aria-required=\"true\" aria-invalid=\"false\" \/><\/span>\n<\/p><\/div>\n<\/div>\n<div class=\"col medium-6 small-12 large-6\">\n<div class=\"col-inner\">\n<h3>H\u1ea1ng m\u1ee5c*<\/h3>\n<p><span class=\"wpcf7-form-control-wrap checkbox-496\"><span class=\"wpcf7-form-control wpcf7-checkbox wpcf7-validates-as-required\"><span class=\"wpcf7-list-item first\"><label><input type=\"checkbox\" name=\"checkbox-496[]\" value=\"Bi\u1ec7t th\u1ef1, Nh\u00e0 ph\u1ed1\" \/><span class=\"wpcf7-list-item-label\">Bi\u1ec7t th\u1ef1, Nh\u00e0 ph\u1ed1<\/span><\/label><\/span><span class=\"wpcf7-list-item\"><label><input type=\"checkbox\" name=\"checkbox-496[]\" value=\"C\u0103n h\u1ed9, Penthouse\" \/><span class=\"wpcf7-list-item-label\">C\u0103n h\u1ed9, Penthouse<\/span><\/label><\/span><span class=\"wpcf7-list-item\"><label><input type=\"checkbox\" name=\"checkbox-496[]\" value=\"Kh\u00e1ch s\u1ea1n, Resort\" \/><span class=\"wpcf7-list-item-label\">Kh\u00e1ch s\u1ea1n, Resort<\/span><\/label><\/span><span class=\"wpcf7-list-item\"><label><input type=\"checkbox\" name=\"checkbox-496[]\" value=\"Bar, Coffee, Nh\u00e0 h\u00e0ng\" \/><span class=\"wpcf7-list-item-label\">Bar, Coffee, Nh\u00e0 h\u00e0ng<\/span><\/label><\/span><span class=\"wpcf7-list-item\"><label><input type=\"checkbox\" name=\"checkbox-496[]\" value=\"V\u0103n ph\u00f2ng, Showroom, Shop\" \/><span class=\"wpcf7-list-item-label\">V\u0103n ph\u00f2ng, Showroom, Shop<\/span><\/label><\/span><span class=\"wpcf7-list-item\"><label><input type=\"checkbox\" name=\"checkbox-496[]\" value=\"Nh\u00e0 cao t\u1ea7ng, d\u1ef1 \u00e1n\" \/><span class=\"wpcf7-list-item-label\">Nh\u00e0 cao t\u1ea7ng, d\u1ef1 \u00e1n<\/span><\/label><\/span><span class=\"wpcf7-list-item last\"><label><input type=\"checkbox\" name=\"checkbox-496[]\" value=\"H\u1ea1ng m\u1ee5c kh\u00e1c\" \/><span class=\"wpcf7-list-item-label\">H\u1ea1ng m\u1ee5c kh\u00e1c<\/span><\/label><\/span><\/span><\/span>\n<\/p><\/div>\n<\/div>\n<div class=\"col medium-6 small-12 large-6\">\n<div class=\"col-inner\">\n<h3>G\u00f3i d\u1ecbch v\u1ee5 *<\/h3>\n<p><span class=\"wpcf7-form-control-wrap checkbox-498\"><span class=\"wpcf7-form-control wpcf7-checkbox wpcf7-validates-as-required\"><span class=\"wpcf7-list-item first\"><label><input type=\"checkbox\" name=\"checkbox-498[]\" value=\"Tr\u1ecdn g\u00f3i\" \/><span class=\"wpcf7-list-item-label\">Tr\u1ecdn g\u00f3i<\/span><\/label><\/span><span class=\"wpcf7-list-item\"><label><input type=\"checkbox\" name=\"checkbox-498[]\" value=\"Ki\u1ebfn tr\u00fac\" \/><span class=\"wpcf7-list-item-label\">Ki\u1ebfn tr\u00fac<\/span><\/label><\/span><span class=\"wpcf7-list-item last\"><label><input type=\"checkbox\" name=\"checkbox-498[]\" value=\"N\u1ed9i th\u1ea5t\" \/><span class=\"wpcf7-list-item-label\">N\u1ed9i th\u1ea5t<\/span><\/label><\/span><\/span><\/span>\n<\/p><\/div>\n<\/div>\n<div class=\"col medium-6 small-12 large-3\">\n<div class=\"col-inner\">\n<h3>Di\u1ec7n t\u00edch \u0111\u1ea5t(m\u00b2) *<\/h3>\n<p><span class=\"wpcf7-form-control-wrap number-580\"><input type=\"number\" name=\"number-580\" value=\"\" class=\"wpcf7-form-control wpcf7-number wpcf7-validates-as-required wpcf7-validates-as-number\" min=\"5\" aria-required=\"true\" aria-invalid=\"false\" \/><\/span>\n<\/p><\/div>\n<\/div>\n<div class=\"col medium-6 small-12 large-3\">\n<div class=\"col-inner\">\n<h3>Di\u1ec7n t\u00edch x\u00e2y d\u1ef1ng(m\u00b2)<\/h3>\n<p><span class=\"wpcf7-form-control-wrap number-581\"><input type=\"number\" name=\"number-581\" value=\"\" class=\"wpcf7-form-control wpcf7-number wpcf7-validates-as-number\" min=\"5\" aria-invalid=\"false\" \/><\/span>\n<\/p><\/div>\n<\/div>\n<div class=\"col medium-6 small-12 large-3\">\n<div class=\"col-inner\">\n<h3>S\u1ed1 t\u1ea7ng<\/h3>\n<p><span class=\"wpcf7-form-control-wrap number-582\"><input type=\"number\" name=\"number-582\" value=\"\" class=\"wpcf7-form-control wpcf7-number wpcf7-validates-as-number\" aria-invalid=\"false\" \/><\/span>\n<\/p><\/div>\n<\/div>\n<div class=\"col medium-6 small-12 large-3\">\n<div class=\"col-inner\">\n<h3>H\u1ea1n m\u1ee9c \u0111\u1ea7u t\u01b0 bao nhi\u00eau*<br><br \/>\n<\/h3>\n<p><span class=\"wpcf7-form-control-wrap number-583\"><input type=\"number\" name=\"number-583\" value=\"\" class=\"wpcf7-form-control wpcf7-number wpcf7-validates-as-number\" aria-invalid=\"false\" \/><\/span>\n<\/p><\/div>\n<\/div>\n<div class=\"col medium-6 small-12 large-6\">\n<div class=\"col-inner\">\n<h3>Phong c\u00e1ch thi\u1ebft k\u1ebf<\/h3>\n<p><span class=\"wpcf7-form-control-wrap checkbox-711\"><span class=\"wpcf7-form-control wpcf7-checkbox\"><span class=\"wpcf7-list-item first\"><label><input type=\"checkbox\" name=\"checkbox-711[]\" value=\"Contemporary (\u0110\u01b0\u01a1ng \u0111\u1ea1i)\" \/><span class=\"wpcf7-list-item-label\">Contemporary (\u0110\u01b0\u01a1ng \u0111\u1ea1i)<\/span><\/label><\/span><span class=\"wpcf7-list-item\"><label><input type=\"checkbox\" name=\"checkbox-711[]\" value=\"Neoclassic (B\u00e1n c\u1ed5 \u0111i\u1ec3n)\" \/><span class=\"wpcf7-list-item-label\">Neoclassic (B\u00e1n c\u1ed5 \u0111i\u1ec3n)<\/span><\/label><\/span><span class=\"wpcf7-list-item\"><label><input type=\"checkbox\" name=\"checkbox-711[]\" value=\"Scandinavian (B\u1eafc \u00e2u)\" \/><span class=\"wpcf7-list-item-label\">Scandinavian (B\u1eafc \u00e2u)<\/span><\/label><\/span><span class=\"wpcf7-list-item\"><label><input type=\"checkbox\" name=\"checkbox-711[]\" value=\"Classic (C\u1ed5 \u0111i\u1ec3n)\" \/><span class=\"wpcf7-list-item-label\">Classic (C\u1ed5 \u0111i\u1ec3n)<\/span><\/label><\/span><span class=\"wpcf7-list-item\"><label><input type=\"checkbox\" name=\"checkbox-711[]\" value=\"Industrial (C\u00f4ng nghi\u1ec7p)\" \/><span class=\"wpcf7-list-item-label\">Industrial (C\u00f4ng nghi\u1ec7p)<\/span><\/label><\/span><span class=\"wpcf7-list-item last\"><label><input type=\"checkbox\" name=\"checkbox-711[]\" value=\"Phong c\u00e1ch kh\u00e1c\" \/><span class=\"wpcf7-list-item-label\">Phong c\u00e1ch kh\u00e1c<\/span><\/label><\/span><\/span><\/span>\n<\/p><\/div>\n<\/div>\n<div class=\"col medium-6 small-12 large-6\">\n<div class=\"col-inner\">\n<h3>M\u00e0u s\u1eafc thi\u1ebft k\u1ebf<\/h3>\n<p><span class=\"wpcf7-form-control-wrap thich-mau\"><input type=\"text\" name=\"thich-mau\" value=\"\" size=\"40\" class=\"wpcf7-form-control wpcf7-text\" aria-invalid=\"false\" placeholder=\"B\u1ea1n th\u00edch m\u00e0u g\u00ec\" \/><\/span><\/br><br \/>\n<span class=\"wpcf7-form-control-wrap khong-thich-mau\"><input type=\"text\" name=\"khong-thich-mau\" value=\"\" size=\"40\" class=\"wpcf7-form-control wpcf7-text\" aria-invalid=\"false\" placeholder=\"Kh\u00f4ng th\u00edch m\u00e0u g\u00ec?\" \/><\/span>\n<\/div>\n<\/div>\n<div class=\"col small-12 large-12\">\n<div class=\"col-inner\">\n<h3>Tin nh\u1ea5n th\u00eam<\/h3>\n<p><span class=\"wpcf7-form-control-wrap tin-nhan-them\"><textarea name=\"tin-nhan-them\" cols=\"40\" rows=\"10\" class=\"wpcf7-form-control wpcf7-textarea\" aria-invalid=\"false\"><\/textarea><\/span>\n<\/p><\/div>\n<\/div>\n<div class=\"col medium-4 small-12 large-4\">\n<div class=\"col-inner\">\n<p><input type=\"submit\" value=\"G\u1eecI Y\u00caU C\u1ea6U\" class=\"wpcf7-form-control wpcf7-submit\" \/> <\/p>\n<\/div>\n<\/div>\n<div class=\"col medium-4 small-12 large-4\">\n<div class=\"col-inner\">\n<p><input type=\"reset\" value=\"Nh\u1eadp l\u1ea1i\" \/><\/p>\n<\/div>\n<\/div>\n<\/div>\n<div class=\"wpcf7-response-output\" aria-hidden=\"true\"><\/div><\/form><\/div>\n","protected":false},"excerpt":{"rendered":"","protected":false},"author":1,"featured_media":0,"parent":0,"menu_order":0,"comment_status":"closed","ping_status":"closed","template":"","meta":[],"_links":{"self":[{"href":"https:\/\/webmaibinh.com\/w\/xaydung32011\/wp-json\/wp\/v2\/pages\/336"}],"collection":[{"href":"https:\/\/webmaibinh.com\/w\/xaydung32011\/wp-json\/wp\/v2\/pages"}],"about":[{"href":"https:\/\/webmaibinh.com\/w\/xaydung32011\/wp-json\/wp\/v2\/types\/page"}],"author":[{"embeddable":true,"href":"https:\/\/webmaibinh.com\/w\/xaydung32011\/wp-json\/wp\/v2\/users\/1"}],"replies":[{"embeddable":true,"href":"https:\/\/webmaibinh.com\/w\/xaydung32011\/wp-json\/wp\/v2\/comments?post=336"}],"version-history":[{"count":10,"href":"https:\/\/webmaibinh.com\/w\/xaydung32011\/wp-json\/wp\/v2\/pages\/336\/revisions"}],"predecessor-version":[{"id":481,"href":"https:\/\/webmaibinh.com\/w\/xaydung32011\/wp-json\/wp\/v2\/pages\/336\/revisions\/481"}],"wp:attachment":[{"href":"https:\/\/webmaibinh.com\/w\/xaydung32011\/wp-json\/wp\/v2\/media?parent=336"}],"curies":[{"name":"wp","href":"https:\/\/api.w.org\/{rel}","templated":true}]}}