{"id":23,"date":"2020-02-28T02:22:31","date_gmt":"2020-02-28T02:22:31","guid":{"rendered":"http:\/\/demo22.muathemewordpress.net\/?page_id=23"},"modified":"2020-02-29T03:02:17","modified_gmt":"2020-02-29T03:02:17","slug":"gioi-thieu","status":"publish","type":"page","link":"https:\/\/webmaibinh.com\/w\/xaydung32011\/gioi-thieu\/","title":{"rendered":"Gi\u1edbi thi\u1ec7u"},"content":{"rendered":"<p>Qu\u00fd Kh\u00e1ch h\u00e0ng th\u00e2n m\u1ebfn,<\/p>\n<p>L\u1eddi \u0111\u1ea7u ti\u00ean cho ph\u00e9p C\u00f4ng ty c\u1ed5 ph\u1ea7n DTF \u0111\u01b0\u1ee3c g\u1eedi t\u1edbi qu\u00fd kh\u00e1ch h\u00e0ng l\u1eddi ch\u00e0o tr\u00e2n tr\u1ecdng, l\u1eddi ch\u00fac s\u1ee9c kh\u1ecfe v\u00e0 th\u00e0nh c\u00f4ng!<\/p>\n<p>C\u00f4ng ty c\u1ed5 ph\u1ea7n DTF \u0111\u01b0\u1ee3c th\u00e0nh l\u1eadp t\u1eeb th\u00e1ng 11 n\u0103m 2012 t\u00ednh \u0111\u1ebfn th\u1eddi \u0111i\u1ec3m hi\u1ec7n nay, sau 07 n\u0103m ph\u1ea5n \u0111\u1ea5u v\u00e0 ph\u00e1t tri\u1ec3n kh\u00f4ng ng\u1eebng, ch\u00fang t\u00f4i t\u1ef1 h\u00e0o l\u00e0 \u0111\u01a1n v\u1ecb thi\u1ebft k\u1ebf, thi c\u00f4ng v\u00e0 s\u00e1ng t\u1ea1o nhi\u1ec1u kh\u00f4ng gian l\u00e0m vi\u1ec7c cho c\u00e1c \u0111\u1ed1i t\u00e1c trong v\u00e0 ngo\u00e0i n\u01b0\u1edbc. N\u0103m 2018, C\u00f4ng ty nh\u1eadn th\u00eam v\u1ed1n g\u00f3p t\u1eeb \u0111\u1ed1i t\u00e1c Nh\u1eadt B\u1ea3n. \u0110\u01b0a c\u00f4ng ty tr\u1edf th\u00e0nh li\u00ean doanh Nh\u1eadt v\u00e0 \u0111\u00e1p \u1ee9ng nh\u1eefng ti\u00eau chu\u1ea9n kh\u1eaft khe.<\/p>\n<p>V\u1edbi ph\u01b0\u01a1ng ch\u00e2m \u201cUy t\u00edn l\u00e0m n\u00ean th\u01b0\u01a1ng hi\u1ec7u\u201d, Ch\u00fang t\u00f4i lu\u00f4n t\u1eadp trung v\u00e0o t\u00ednh \u201cChuy\u00ean nghi\u1ec7p \u2013 Ch\u00ednh x\u00e1c \u2013 Hi\u1ec7u qu\u1ea3\u201d trong vi\u1ec7c th\u1ef1c hi\u1ec7n c\u00e1c d\u1ecbch v\u1ee5 nh\u01b0 T\u01b0 v\u1ea5n, Thi\u1ebft k\u1ebf, Thi c\u00f4ng, L\u1eafp \u0111\u1eb7t c\u00e1c h\u1ec7 th\u1ed1ng C\u01a1 \u2013 \u0110i\u1ec7n, N\u1ed9i ngo\u1ea1i th\u1ea5t v\u00e0 B\u1ea3o d\u01b0\u1ee1ng B\u1ea3o tr\u00ec cho T\u00f2a nh\u00e0, V\u0103n ph\u00f2ng, Nh\u00e0 m\u00e1y.<\/p>\n<p>C\u00f4ng ty C\u1ed5 ph\u1ea7n DTF cam k\u1ebft mang \u0111\u1ebfn cho kh\u00e1ch h\u00e0ng s\u1ef1 h\u00e0i l\u00f2ng t\u1ed1i \u0111a b\u1eb1ng c\u00e1c d\u1ecbch v\u1ee5 ch\u1ea5t l\u01b0\u1ee3ng cao,\u00a0 \u0111\u00fang ti\u1ebfn \u0111\u1ed9 v\u1edbi gi\u00e1 th\u00e0nh h\u1ee3p l\u00fd nh\u1ea5t. Ch\u00fang t\u00f4i\u00a0 lu\u00f4n mong mu\u1ed1n \u0111\u01b0\u1ee3c \u0111\u1ed3ng h\u00e0nh c\u00f9ng v\u1edbi Qu\u00fd kh\u00e1ch h\u00e0ng trong vi\u1ec7c s\u00e1ng t\u1ea1o nh\u1eefng kh\u00f4ng gian l\u00e0m vi\u1ec7c hi\u1ec7u qu\u1ea3 v\u00e0 an to\u00e0n.<\/p>\n<p>V\u00ec t\u1ea5t c\u1ea3 nh\u1eefng \u0111i\u1ec1u \u0111\u00f3, ch\u00fang t\u00f4i tin t\u01b0\u1edfng r\u1eb1ng, qu\u00fd kh\u00e1ch h\u00e0ng s\u1ebd th\u1eadt s\u1ef1 h\u00e0i l\u00f2ng v\u1edbi d\u1ecbch v\u1ee5 c\u1ee7a Ch\u00fang t\u00f4i!<\/p>\n<p>Ch\u00fac qu\u00fd kh\u00e1ch h\u00e0ng g\u1eb7p nhi\u1ec1u may m\u1eafn v\u00e0 th\u00e0nh c\u00f4ng!<\/p>\n<p>Tr\u00e2n tr\u1ecdng c\u00e1m \u01a1n!<\/p>\n\n  \n    <div class=\"row large-columns-3 medium-columns- small-columns-2\">\n          <div class=\"gallery-col col\" >\n          <div class=\"col-inner\">\n            <a class=\"image-lightbox lightbox-gallery\" href=\"https:\/\/webmaibinh.com\/w\/xaydung32011\/wp-content\/uploads\/2020\/02\/done-01-1208x800.jpg\" title=\"\">            <div class=\"box has-hover gallery-box box-overlay dark\">\n              <div class=\"box-image\" >\n                <img width=\"604\" height=\"400\" src=\"https:\/\/webmaibinh.com\/w\/xaydung32011\/wp-content\/uploads\/2020\/02\/done-01-604x400.jpg\" class=\"attachment-medium size-medium\" alt=\"\" loading=\"lazy\" ids=\"497,498,499,500,501,502\" columns=\"3\" srcset=\"https:\/\/webmaibinh.com\/w\/xaydung32011\/wp-content\/uploads\/2020\/02\/done-01-604x400.jpg 604w, https:\/\/webmaibinh.com\/w\/xaydung32011\/wp-content\/uploads\/2020\/02\/done-01-1208x800.jpg 1208w, https:\/\/webmaibinh.com\/w\/xaydung32011\/wp-content\/uploads\/2020\/02\/done-01-768x509.jpg 768w, https:\/\/webmaibinh.com\/w\/xaydung32011\/wp-content\/uploads\/2020\/02\/done-01-1536x1017.jpg 1536w, https:\/\/webmaibinh.com\/w\/xaydung32011\/wp-content\/uploads\/2020\/02\/done-01.jpg 1812w\" sizes=\"(max-width: 604px) 100vw, 604px\" \/>                                  <div class=\"overlay fill\"\n                      style=\"background-color: rgba(0,0,0,.15)\">\n                  <\/div>\n                                                              <\/div><!-- .image -->\n              <div class=\"box-text text-left\" >\n                 <p><\/p>\n              <\/div><!-- .text -->\n            <\/div><!-- .box -->\n            <\/a>          <\/div><!-- .col-inner -->\n         <\/div><!-- .col -->\n                 <div class=\"gallery-col col\" >\n          <div class=\"col-inner\">\n            <a class=\"image-lightbox lightbox-gallery\" href=\"https:\/\/webmaibinh.com\/w\/xaydung32011\/wp-content\/uploads\/2020\/02\/done-02-1208x800.jpg\" title=\"\">            <div class=\"box has-hover gallery-box box-overlay dark\">\n              <div class=\"box-image\" >\n                <img width=\"604\" height=\"400\" src=\"https:\/\/webmaibinh.com\/w\/xaydung32011\/wp-content\/uploads\/2020\/02\/done-02-604x400.jpg\" class=\"attachment-medium size-medium\" alt=\"\" loading=\"lazy\" ids=\"497,498,499,500,501,502\" columns=\"3\" srcset=\"https:\/\/webmaibinh.com\/w\/xaydung32011\/wp-content\/uploads\/2020\/02\/done-02-604x400.jpg 604w, https:\/\/webmaibinh.com\/w\/xaydung32011\/wp-content\/uploads\/2020\/02\/done-02-1208x800.jpg 1208w, https:\/\/webmaibinh.com\/w\/xaydung32011\/wp-content\/uploads\/2020\/02\/done-02-768x509.jpg 768w, https:\/\/webmaibinh.com\/w\/xaydung32011\/wp-content\/uploads\/2020\/02\/done-02-1536x1017.jpg 1536w, https:\/\/webmaibinh.com\/w\/xaydung32011\/wp-content\/uploads\/2020\/02\/done-02.jpg 1812w\" sizes=\"(max-width: 604px) 100vw, 604px\" \/>                                  <div class=\"overlay fill\"\n                      style=\"background-color: rgba(0,0,0,.15)\">\n                  <\/div>\n                                                              <\/div><!-- .image -->\n              <div class=\"box-text text-left\" >\n                 <p><\/p>\n              <\/div><!-- .text -->\n            <\/div><!-- .box -->\n            <\/a>          <\/div><!-- .col-inner -->\n         <\/div><!-- .col -->\n                 <div class=\"gallery-col col\" >\n          <div class=\"col-inner\">\n            <a class=\"image-lightbox lightbox-gallery\" href=\"https:\/\/webmaibinh.com\/w\/xaydung32011\/wp-content\/uploads\/2020\/02\/done-04-1208x800.jpg\" title=\"\">            <div class=\"box has-hover gallery-box box-overlay dark\">\n              <div class=\"box-image\" >\n                <img width=\"604\" height=\"400\" src=\"https:\/\/webmaibinh.com\/w\/xaydung32011\/wp-content\/uploads\/2020\/02\/done-04-604x400.jpg\" class=\"attachment-medium size-medium\" alt=\"\" loading=\"lazy\" ids=\"497,498,499,500,501,502\" columns=\"3\" srcset=\"https:\/\/webmaibinh.com\/w\/xaydung32011\/wp-content\/uploads\/2020\/02\/done-04-604x400.jpg 604w, https:\/\/webmaibinh.com\/w\/xaydung32011\/wp-content\/uploads\/2020\/02\/done-04-1208x800.jpg 1208w, https:\/\/webmaibinh.com\/w\/xaydung32011\/wp-content\/uploads\/2020\/02\/done-04-768x509.jpg 768w, https:\/\/webmaibinh.com\/w\/xaydung32011\/wp-content\/uploads\/2020\/02\/done-04-1536x1017.jpg 1536w, https:\/\/webmaibinh.com\/w\/xaydung32011\/wp-content\/uploads\/2020\/02\/done-04.jpg 1812w\" sizes=\"(max-width: 604px) 100vw, 604px\" \/>                                  <div class=\"overlay fill\"\n                      style=\"background-color: rgba(0,0,0,.15)\">\n                  <\/div>\n                                                              <\/div><!-- .image -->\n              <div class=\"box-text text-left\" >\n                 <p><\/p>\n              <\/div><!-- .text -->\n            <\/div><!-- .box -->\n            <\/a>          <\/div><!-- .col-inner -->\n         <\/div><!-- .col -->\n                 <div class=\"gallery-col col\" >\n          <div class=\"col-inner\">\n            <a class=\"image-lightbox lightbox-gallery\" href=\"https:\/\/webmaibinh.com\/w\/xaydung32011\/wp-content\/uploads\/2020\/02\/done-15-1208x800.jpg\" title=\"\">            <div class=\"box has-hover gallery-box box-overlay dark\">\n              <div class=\"box-image\" >\n                <img width=\"604\" height=\"400\" src=\"https:\/\/webmaibinh.com\/w\/xaydung32011\/wp-content\/uploads\/2020\/02\/done-15-604x400.jpg\" class=\"attachment-medium size-medium\" alt=\"\" loading=\"lazy\" ids=\"497,498,499,500,501,502\" columns=\"3\" srcset=\"https:\/\/webmaibinh.com\/w\/xaydung32011\/wp-content\/uploads\/2020\/02\/done-15-604x400.jpg 604w, https:\/\/webmaibinh.com\/w\/xaydung32011\/wp-content\/uploads\/2020\/02\/done-15-1208x800.jpg 1208w, https:\/\/webmaibinh.com\/w\/xaydung32011\/wp-content\/uploads\/2020\/02\/done-15-768x509.jpg 768w, https:\/\/webmaibinh.com\/w\/xaydung32011\/wp-content\/uploads\/2020\/02\/done-15-1536x1017.jpg 1536w, https:\/\/webmaibinh.com\/w\/xaydung32011\/wp-content\/uploads\/2020\/02\/done-15.jpg 1812w\" sizes=\"(max-width: 604px) 100vw, 604px\" \/>                                  <div class=\"overlay fill\"\n                      style=\"background-color: rgba(0,0,0,.15)\">\n                  <\/div>\n                                                              <\/div><!-- .image -->\n              <div class=\"box-text text-left\" >\n                 <p><\/p>\n              <\/div><!-- .text -->\n            <\/div><!-- .box -->\n            <\/a>          <\/div><!-- .col-inner -->\n         <\/div><!-- .col -->\n                 <div class=\"gallery-col col\" >\n          <div class=\"col-inner\">\n            <a class=\"image-lightbox lightbox-gallery\" href=\"https:\/\/webmaibinh.com\/w\/xaydung32011\/wp-content\/uploads\/2020\/02\/done-18-1208x800.jpg\" title=\"\">            <div class=\"box has-hover gallery-box box-overlay dark\">\n              <div class=\"box-image\" >\n                <img width=\"604\" height=\"400\" src=\"https:\/\/webmaibinh.com\/w\/xaydung32011\/wp-content\/uploads\/2020\/02\/done-18-604x400.jpg\" class=\"attachment-medium size-medium\" alt=\"\" loading=\"lazy\" ids=\"497,498,499,500,501,502\" columns=\"3\" srcset=\"https:\/\/webmaibinh.com\/w\/xaydung32011\/wp-content\/uploads\/2020\/02\/done-18-604x400.jpg 604w, https:\/\/webmaibinh.com\/w\/xaydung32011\/wp-content\/uploads\/2020\/02\/done-18-1208x800.jpg 1208w, https:\/\/webmaibinh.com\/w\/xaydung32011\/wp-content\/uploads\/2020\/02\/done-18-768x509.jpg 768w, https:\/\/webmaibinh.com\/w\/xaydung32011\/wp-content\/uploads\/2020\/02\/done-18-1536x1017.jpg 1536w, https:\/\/webmaibinh.com\/w\/xaydung32011\/wp-content\/uploads\/2020\/02\/done-18.jpg 1812w\" sizes=\"(max-width: 604px) 100vw, 604px\" \/>                                  <div class=\"overlay fill\"\n                      style=\"background-color: rgba(0,0,0,.15)\">\n                  <\/div>\n                                                              <\/div><!-- .image -->\n              <div class=\"box-text text-left\" >\n                 <p><\/p>\n              <\/div><!-- .text -->\n            <\/div><!-- .box -->\n            <\/a>          <\/div><!-- .col-inner -->\n         <\/div><!-- .col -->\n                 <div class=\"gallery-col col\" >\n          <div class=\"col-inner\">\n            <a class=\"image-lightbox lightbox-gallery\" href=\"https:\/\/webmaibinh.com\/w\/xaydung32011\/wp-content\/uploads\/2020\/02\/done-21-1208x800.jpg\" title=\"\">            <div class=\"box has-hover gallery-box box-overlay dark\">\n              <div class=\"box-image\" >\n                <img width=\"604\" height=\"400\" src=\"https:\/\/webmaibinh.com\/w\/xaydung32011\/wp-content\/uploads\/2020\/02\/done-21-604x400.jpg\" class=\"attachment-medium size-medium\" alt=\"\" loading=\"lazy\" ids=\"497,498,499,500,501,502\" columns=\"3\" srcset=\"https:\/\/webmaibinh.com\/w\/xaydung32011\/wp-content\/uploads\/2020\/02\/done-21-604x400.jpg 604w, https:\/\/webmaibinh.com\/w\/xaydung32011\/wp-content\/uploads\/2020\/02\/done-21-1208x800.jpg 1208w, https:\/\/webmaibinh.com\/w\/xaydung32011\/wp-content\/uploads\/2020\/02\/done-21-768x509.jpg 768w, https:\/\/webmaibinh.com\/w\/xaydung32011\/wp-content\/uploads\/2020\/02\/done-21-1536x1017.jpg 1536w, https:\/\/webmaibinh.com\/w\/xaydung32011\/wp-content\/uploads\/2020\/02\/done-21.jpg 1812w\" sizes=\"(max-width: 604px) 100vw, 604px\" \/>                                  <div class=\"overlay fill\"\n                      style=\"background-color: rgba(0,0,0,.15)\">\n                  <\/div>\n                                                              <\/div><!-- .image -->\n              <div class=\"box-text text-left\" >\n                 <p><\/p>\n              <\/div><!-- .text -->\n            <\/div><!-- .box -->\n            <\/a>          <\/div><!-- .col-inner -->\n         <\/div><!-- .col -->\n         <\/div>\n","protected":false},"excerpt":{"rendered":"<p>Qu\u00fd Kh\u00e1ch h\u00e0ng th\u00e2n m\u1ebfn, L\u1eddi \u0111\u1ea7u ti\u00ean cho ph\u00e9p C\u00f4ng ty c\u1ed5 ph\u1ea7n DTF \u0111\u01b0\u1ee3c g\u1eedi t\u1edbi qu\u00fd kh\u00e1ch h\u00e0ng l\u1eddi ch\u00e0o tr\u00e2n tr\u1ecdng, l\u1eddi ch\u00fac s\u1ee9c kh\u1ecfe v\u00e0 th\u00e0nh c\u00f4ng! C\u00f4ng ty c\u1ed5 ph\u1ea7n DTF \u0111\u01b0\u1ee3c th\u00e0nh l\u1eadp t\u1eeb th\u00e1ng 11 n\u0103m 2012 t\u00ednh \u0111\u1ebfn th\u1eddi \u0111i\u1ec3m hi\u1ec7n nay, sau 07 n\u0103m ph\u1ea5n&#8230;<\/p>\n","protected":false},"author":1,"featured_media":0,"parent":0,"menu_order":0,"comment_status":"closed","ping_status":"closed","template":"","meta":[],"_links":{"self":[{"href":"https:\/\/webmaibinh.com\/w\/xaydung32011\/wp-json\/wp\/v2\/pages\/23"}],"collection":[{"href":"https:\/\/webmaibinh.com\/w\/xaydung32011\/wp-json\/wp\/v2\/pages"}],"about":[{"href":"https:\/\/webmaibinh.com\/w\/xaydung32011\/wp-json\/wp\/v2\/types\/page"}],"author":[{"embeddable":true,"href":"https:\/\/webmaibinh.com\/w\/xaydung32011\/wp-json\/wp\/v2\/users\/1"}],"replies":[{"embeddable":true,"href":"https:\/\/webmaibinh.com\/w\/xaydung32011\/wp-json\/wp\/v2\/comments?post=23"}],"version-history":[{"count":2,"href":"https:\/\/webmaibinh.com\/w\/xaydung32011\/wp-json\/wp\/v2\/pages\/23\/revisions"}],"predecessor-version":[{"id":503,"href":"https:\/\/webmaibinh.com\/w\/xaydung32011\/wp-json\/wp\/v2\/pages\/23\/revisions\/503"}],"wp:attachment":[{"href":"https:\/\/webmaibinh.com\/w\/xaydung32011\/wp-json\/wp\/v2\/media?parent=23"}],"curies":[{"name":"wp","href":"https:\/\/api.w.org\/{rel}","templated":true}]}}