{"id":291,"date":"2017-09-13T03:38:20","date_gmt":"2017-09-13T03:38:20","guid":{"rendered":"https:\/\/noithat11.khowebseotop.vn\/?page_id=291"},"modified":"2020-05-06T11:29:38","modified_gmt":"2020-05-06T04:29:38","slug":"lien-he","status":"publish","type":"page","link":"https:\/\/webmaibinh.com\/w\/xaydung2011\/lien-he\/","title":{"rendered":"Li\u00ean h\u1ec7"},"content":{"rendered":"\n<p><span style=\"color: #000000;\"><strong>C\u00f4ng Ty c\u1ed5 ph\u1ea7n X\u00e2y D\u1ef1ng v\u00e0 Thi\u1ebft K\u1ebf AZ<\/strong><\/span><\/p>\n<p><span style=\"color: #000000;\"><i class=\"fa fa-home\" aria-hidden=\"true\"><\/i> <strong>\u0110\u1ecba ch\u1ec9:<\/strong> Ph\u1ea1m V\u0103n B\u1ea1ch, P. 15, Q. T\u00e2n B\u00ecnh, Tp. HCM<\/span><\/p>\n<p><span style=\"color: #000000;\"><i class=\"fa fa-phone\" aria-hidden=\"true\"><\/i> <strong>\u0110i\u1ec7n Tho\u1ea1i:<\/strong> <span style=\"color: #ff0000;\"><strong>0999.999.999 \u2013 0999.999.999<\/strong><\/span><\/span><\/p>\n<p><span style=\"color: #000000;\"><i class=\"fa fa-envelope-o\" aria-hidden=\"true\"><\/i> <strong>Email:<\/strong> email@gmail.com<\/span><\/p>\n<div role=\"form\" class=\"wpcf7\" id=\"wpcf7-f5-o1\" lang=\"vi\" dir=\"ltr\">\n<div class=\"screen-reader-response\"><p role=\"status\" aria-live=\"polite\" aria-atomic=\"true\"><\/p> <ul><\/ul><\/div>\n<form action=\"\/w\/xaydung2011\/wp-json\/wp\/v2\/pages\/291#wpcf7-f5-o1\" method=\"post\" class=\"wpcf7-form init\" novalidate=\"novalidate\" data-status=\"init\">\n<div style=\"display: none;\">\n<input type=\"hidden\" name=\"_wpcf7\" value=\"5\" \/>\n<input type=\"hidden\" name=\"_wpcf7_version\" value=\"5.3\" \/>\n<input type=\"hidden\" name=\"_wpcf7_locale\" value=\"vi\" \/>\n<input type=\"hidden\" name=\"_wpcf7_unit_tag\" value=\"wpcf7-f5-o1\" \/>\n<input type=\"hidden\" name=\"_wpcf7_container_post\" value=\"0\" \/>\n<input type=\"hidden\" name=\"_wpcf7_posted_data_hash\" value=\"\" \/>\n<\/div>\n<p><label> H\u1ecd t\u00ean<br \/>\n    <span class=\"wpcf7-form-control-wrap your-name\"><input type=\"text\" name=\"your-name\" value=\"\" size=\"40\" class=\"wpcf7-form-control wpcf7-text wpcf7-validates-as-required\" aria-required=\"true\" aria-invalid=\"false\" \/><\/span> <\/label><\/p>\n<p><label> S\u1ed1 \u0111i\u1ec7n tho\u1ea1i<br \/>\n    <span class=\"wpcf7-form-control-wrap your-phone\"><input type=\"tel\" name=\"your-phone\" value=\"\" size=\"40\" class=\"wpcf7-form-control wpcf7-text wpcf7-tel wpcf7-validates-as-required wpcf7-validates-as-tel\" aria-required=\"true\" aria-invalid=\"false\" \/><\/span> <\/label><\/p>\n<p><label> \u0110\u1ec3 l\u1ea1i tin nh\u1eafn c\u1ea7n t\u01b0 v\u1ea5n thi\u1ebft k\u1ebf<br \/>\n    <span class=\"wpcf7-form-control-wrap your-message\"><textarea name=\"your-message\" cols=\"40\" rows=\"10\" class=\"wpcf7-form-control wpcf7-textarea\" aria-invalid=\"false\"><\/textarea><\/span> <\/label><\/p>\n<p><input type=\"submit\" value=\"G\u1eedi \u0111i\" class=\"wpcf7-form-control wpcf7-submit\" \/><\/p>\n<div class=\"wpcf7-response-output\" aria-hidden=\"true\"><\/div><\/form><\/div>\n\n\n","protected":false},"excerpt":{"rendered":"<p>C\u00f4ng Ty c\u1ed5 ph\u1ea7n X\u00e2y D\u1ef1ng v\u00e0 Thi\u1ebft K\u1ebf AZ \u0110\u1ecba ch\u1ec9: Ph\u1ea1m V\u0103n B\u1ea1ch, P. 15, Q. T\u00e2n B\u00ecnh, Tp. HCM \u0110i\u1ec7n Tho\u1ea1i: 0999.999.999 \u2013 0999.999.999 Email: email@gmail.com<\/p>\n","protected":false},"author":1,"featured_media":0,"parent":0,"menu_order":0,"comment_status":"closed","ping_status":"closed","template":"page-right-sidebar.php","meta":[],"_links":{"self":[{"href":"https:\/\/webmaibinh.com\/w\/xaydung2011\/wp-json\/wp\/v2\/pages\/291"}],"collection":[{"href":"https:\/\/webmaibinh.com\/w\/xaydung2011\/wp-json\/wp\/v2\/pages"}],"about":[{"href":"https:\/\/webmaibinh.com\/w\/xaydung2011\/wp-json\/wp\/v2\/types\/page"}],"author":[{"embeddable":true,"href":"https:\/\/webmaibinh.com\/w\/xaydung2011\/wp-json\/wp\/v2\/users\/1"}],"replies":[{"embeddable":true,"href":"https:\/\/webmaibinh.com\/w\/xaydung2011\/wp-json\/wp\/v2\/comments?post=291"}],"version-history":[{"count":3,"href":"https:\/\/webmaibinh.com\/w\/xaydung2011\/wp-json\/wp\/v2\/pages\/291\/revisions"}],"predecessor-version":[{"id":342,"href":"https:\/\/webmaibinh.com\/w\/xaydung2011\/wp-json\/wp\/v2\/pages\/291\/revisions\/342"}],"wp:attachment":[{"href":"https:\/\/webmaibinh.com\/w\/xaydung2011\/wp-json\/wp\/v2\/media?parent=291"}],"curies":[{"name":"wp","href":"https:\/\/api.w.org\/{rel}","templated":true}]}}