{"id":281,"date":"2017-09-13T02:22:39","date_gmt":"2017-09-13T02:22:39","guid":{"rendered":"https:\/\/noithat11.khowebseotop.vn\/?page_id=281"},"modified":"2017-09-13T06:29:48","modified_gmt":"2017-09-13T06:29:48","slug":"gioi-thieu","status":"publish","type":"page","link":"https:\/\/webmaibinh.com\/w\/xaydung2011\/gioi-thieu\/","title":{"rendered":"Gi\u1edbi thi\u1ec7u"},"content":{"rendered":"<p><img src=\"http:\/\/thietkeaz.com\/templates\/frontend\/images\/preview\/about_image.png\" alt=\"thi\u1ebft k\u1ebf n\u1ed9i th\u1ea5t, thiet ke noi that, thi\u1ebft k\u1ebf n\u1ed9i th\u1ea5t v\u0103n ph\u00f2ng, thiet ke noi that van phong, thi\u1ebft k\u1ebf n\u1ed9i th\u1ea5t chung c\u01b0\" \/><\/p>\n<div class=\"shadow-size4\"><\/div>\n<h3>Ch\u00fang t\u00f4i l\u00e0 ai<\/h3>\n<p>Ch\u00fang t\u00f4i l\u00e0 1 th\u01b0\u01a1ng hi\u1ec7u thi\u1ebft k\u1ebf n\u1ed9i th\u1ea5t uy t\u00edn c\u00f3 t\u1eeb n\u0103m 2013. Tr\u1ea3i qua nhi\u1ec1u n\u0103m x\u00e2y d\u1ef1ng, g\u1eafn b\u00f3 v\u00e0 tr\u01b0\u1edfng th\u00e0nh v\u1edbi ng\u00e0nh ngh\u1ec1 thi\u1ebft k\u1ebf, thi c\u00f4ng v\u00e0 c\u1ea3i t\u1ea1o n\u1ed9i th\u1ea5t, ki\u1ebfn tr\u00fac x\u00e2y d\u1ef1ng. Ch\u00fang t\u00f4i \u0111\u00e3 x\u00e2y d\u1ef1ng th\u00e0nh c\u00f4ng th\u01b0\u01a1ng hi\u1ec7u\u00a0\u00a0<strong>C\u00f4ng ty C\u1ed5 Ph\u1ea7n X\u00e2y d\u1ef1ng v\u00e0 Thi\u1ebft k\u1ebf AZ<\/strong><\/p>\n<h3>Ch\u00fang t\u00f4i l\u00e0m g\u00ec<\/h3>\n<p><strong>1. Thi\u1ebft k\u1ebf n\u1ed9i th\u1ea5t<\/strong><\/p>\n<p>&#8211; Thi\u1ebft k\u1ebf n\u1ed9i th\u1ea5t bi\u1ec7t th\u1ef1<\/p>\n<p>&#8211; Thi\u1ebft k\u1ebf n\u1ed9i th\u1ea5t kh\u00e1ch s\u1ea1n<\/p>\n<p>&#8211; Thi\u1ebft k\u1ebf n\u00f4\u0323i th\u00e2\u0301t Spa, Showroom, gian h\u00e0ng h\u1ed9i ch\u1ee3<\/p>\n<p>&#8211; Thi\u1ebft k\u1ebf n\u00f4\u0323i th\u00e2\u0301t qu\u00e1n Cafe, qu\u00e1n Bar, Karaoke<\/p>\n<p>&#8211; Thi\u1ebft k\u1ebf n\u1ed9i th\u1ea5t v\u0103n ph\u00f2ng, chung c\u01b0<\/p>\n<p><strong>2. Thi\u1ebft k\u1ebf ki\u1ebfn tr\u00fac<\/strong><\/p>\n<p>&#8211; Thi\u1ebft k\u1ebf ki\u1ebfn tr\u00fac nh\u00e0 \u1edf<\/p>\n<p>&#8211; Thi\u1ebft k\u1ebf ki\u1ebfn tr\u00fac Bi\u1ec7t th\u1ef1<\/p>\n<p>&#8211; Thi\u1ebft k\u1ebf ki\u1ebfn tr\u00fac Kh\u00e1ch s\u1ea1n, Nh\u00e0 ngh\u1ec9<\/p>\n<p>&#8211; Thi\u00ea\u0301t k\u00ea\u0301 ki\u00ea\u0301n tru\u0301c cho\u00a0Spa, Showroom, gian h\u00e0ng h\u1ed9i ch\u1ee3<\/p>\n<p>&#8211; Thi\u00ea\u0301t k\u00ea\u0301 ki\u00ea\u0301n tru\u0301c cho\u00a0qu\u00e1n Cafe, qu\u00e1n Bar, Karaoke<\/p>\n<p><strong>3. Thi c\u00f4ng c\u1ea3i t\u1ea1o n\u1ed9i th\u1ea5t, x\u00e2y d\u1ef1ng<\/strong><\/p>\n<p><strong>4. T\u01b0 v\u1ea5n x\u00e2y d\u1ef1ng<\/strong><\/p>\n<p><strong>&#8211;\u00a0<\/strong>T\u01b0 v\u00e2\u0301n thi\u00ea\u0301t k\u00ea\u0301 Spa<\/p>\n<p>&#8211; T\u01b0 v\u00e2\u0301n thi\u00ea\u0301t k\u00ea\u0301 qua\u0301n Cafe<\/p>\n<p>&#8211;\u00a0T\u01b0 v\u1ea5n thi\u1ebft k\u1ebf n\u1ed9i th\u1ea5t bi\u1ec7t th\u1ef1<\/p>\n<p>&#8211;\u00a0T\u01b0 v\u1ea5n thi\u1ebft k\u1ebf kh\u00e1ch s\u1ea1n<\/p>\n<p>Nhi\u1ec7m v\u1ee5 c\u1ee7a ch\u00fang t\u00f4i l\u00e0 l\u00e0m \u0111\u1eb9p kh\u00f4ng gian s\u1ed1ng c\u1ee7a b\u1ea1n.<\/p>\n","protected":false},"excerpt":{"rendered":"<p>Ch\u00fang t\u00f4i l\u00e0 ai Ch\u00fang t\u00f4i l\u00e0 1 th\u01b0\u01a1ng hi\u1ec7u thi\u1ebft k\u1ebf n\u1ed9i th\u1ea5t uy t\u00edn c\u00f3 t\u1eeb n\u0103m 2013. Tr\u1ea3i qua nhi\u1ec1u n\u0103m x\u00e2y d\u1ef1ng, g\u1eafn b\u00f3 v\u00e0 tr\u01b0\u1edfng th\u00e0nh v\u1edbi ng\u00e0nh ngh\u1ec1 thi\u1ebft k\u1ebf, thi c\u00f4ng v\u00e0 c\u1ea3i t\u1ea1o n\u1ed9i th\u1ea5t, ki\u1ebfn tr\u00fac x\u00e2y d\u1ef1ng. Ch\u00fang t\u00f4i \u0111\u00e3 x\u00e2y d\u1ef1ng th\u00e0nh c\u00f4ng th\u01b0\u01a1ng [&#8230;]\n","protected":false},"author":1,"featured_media":0,"parent":0,"menu_order":0,"comment_status":"closed","ping_status":"closed","template":"page-right-sidebar.php","meta":[],"_links":{"self":[{"href":"https:\/\/webmaibinh.com\/w\/xaydung2011\/wp-json\/wp\/v2\/pages\/281"}],"collection":[{"href":"https:\/\/webmaibinh.com\/w\/xaydung2011\/wp-json\/wp\/v2\/pages"}],"about":[{"href":"https:\/\/webmaibinh.com\/w\/xaydung2011\/wp-json\/wp\/v2\/types\/page"}],"author":[{"embeddable":true,"href":"https:\/\/webmaibinh.com\/w\/xaydung2011\/wp-json\/wp\/v2\/users\/1"}],"replies":[{"embeddable":true,"href":"https:\/\/webmaibinh.com\/w\/xaydung2011\/wp-json\/wp\/v2\/comments?post=281"}],"version-history":[{"count":1,"href":"https:\/\/webmaibinh.com\/w\/xaydung2011\/wp-json\/wp\/v2\/pages\/281\/revisions"}],"predecessor-version":[{"id":282,"href":"https:\/\/webmaibinh.com\/w\/xaydung2011\/wp-json\/wp\/v2\/pages\/281\/revisions\/282"}],"wp:attachment":[{"href":"https:\/\/webmaibinh.com\/w\/xaydung2011\/wp-json\/wp\/v2\/media?parent=281"}],"curies":[{"name":"wp","href":"https:\/\/api.w.org\/{rel}","templated":true}]}}