{"id":622,"date":"2017-07-21T14:27:33","date_gmt":"2017-07-21T07:27:33","guid":{"rendered":"https:\/\/bizhostvn.com\/w\/vivaclinic\/?page_id=622"},"modified":"2017-07-22T11:07:40","modified_gmt":"2017-07-22T04:07:40","slug":"nha-khoa-tham-my","status":"publish","type":"page","link":"https:\/\/webmaibinh.com\/w\/vivaclinic\/nha-khoa-tham-my\/","title":{"rendered":"Nha khoa th\u1ea9m m\u1ef9"},"content":{"rendered":"\t<div class=\"img has-hover x md-x lg-x y md-y lg-y\" id=\"image_96201515\">\n\t\t\t\t\t\t\t\t<div class=\"img-inner image-cover dark\" style=\"padding-top:29%;\">\n\t\t\t<img width=\"1200\" height=\"401\" src=\"https:\/\/webmaibinh.com\/w\/vivaclinic\/wp-content\/uploads\/2017\/07\/banner34.jpg\" class=\"attachment-original size-original\" alt=\"\" loading=\"lazy\" srcset=\"https:\/\/webmaibinh.com\/w\/vivaclinic\/wp-content\/uploads\/2017\/07\/banner34.jpg 1200w, https:\/\/webmaibinh.com\/w\/vivaclinic\/wp-content\/uploads\/2017\/07\/banner34-300x100.jpg 300w, https:\/\/webmaibinh.com\/w\/vivaclinic\/wp-content\/uploads\/2017\/07\/banner34-768x257.jpg 768w, https:\/\/webmaibinh.com\/w\/vivaclinic\/wp-content\/uploads\/2017\/07\/banner34-1024x342.jpg 1024w\" sizes=\"(max-width: 1200px) 100vw, 1200px\" \/>\t\t\t\t\t\t\n\t\t\t\t\t<\/div>\n\t\t\t\t\t\t\t\t\n<style>\n#image_96201515 {\n  width: 100%;\n}\n<\/style>\n\t<\/div>\n\t\n\t<section class=\"section\" id=\"section_1035576685\">\n\t\t<div class=\"bg section-bg fill bg-fill  bg-loaded\" >\n\n\t\t\t\n\t\t\t\n\t\t\t\n\n\t\t<\/div>\n\n\t\t<div class=\"section-content relative\">\n\t\t\t\n<div class=\"row row-small\"  id=\"row-319625584\">\n\n\t<div id=\"col-294315644\" class=\"col medium-9 small-12 large-9\"  >\n\t\t<div class=\"col-inner\"  >\n\t\t\t\n\t\t\t\n<h3 style=\"text-align: center;\"><span style=\"color: #000000; font-size: 150%;\">Nha khoa th\u1ea9m m\u1ef9<\/span><\/h3>\n<p><img loading=\"lazy\" class=\"aligncenter wp-image-305 lazy-load-active\" src=\"https:\/\/bizhostvn.com\/w\/vivaclinic\/wp-content\/uploads\/2017\/07\/SHARP.png\" alt=\"\" width=\"150\" height=\"38\" data-src=\"https:\/\/bizhostvn.com\/w\/vivaclinic\/wp-content\/uploads\/2017\/07\/SHARP.png\" \/><\/p>\n<p>Ch\u1ec9nh h\u00ecnh r\u0103ng m\u1eb7t c\u1ee7a ch\u00fang t\u00f4i c\u00f3 th\u1ec3 gi\u00fap b\u1ea1n s\u1edf h\u1eefu \u0111\u01b0\u1ee3c \u0111i\u1ec1u n\u00e0y? Nha khoa Viva chuy\u00ean v\u1ec1 ch\u1ea9n \u0111o\u00e1n, ph\u00f2ng v\u00e0 \u0111i\u1ec1u tr\u1ecb c\u00e1c b\u1ea5t th\u01b0\u1eddng r\u0103ng v\u00e0 khu\u00f4n m\u1eb7t. Vi\u1ec7c \u0111i\u1ec1u tr\u1ecb ch\u1ec9nh nha \u0111\u00f2i h\u1ecfi k\u1ef9 n\u0103ng chuy\u00ean nghi\u1ec7p trong vi\u1ec7c thi\u1ebft k\u1ebf, \u1ee9ng d\u1ee5ng v\u00e0 \u0111i\u1ec1u khi\u1ec3n c\u00e1c kh\u00ed c\u1ee5, thi\u1ebft b\u1ecb m\u00e1y m\u00f3c chuy\u00ean bi\u1ec7t .<\/p>\n<div id=\"row-757371073\" class=\"row row-small\">\n<div class=\"col medium-6 small-12 large-6\">\n<div class=\"col-inner\">\n<div id=\"image_1726865453\" class=\"img has-hover x md-x lg-x y md-y lg-y\">\n<div class=\"img-inner image-cover dark\"><img loading=\"lazy\" class=\"attachment-original size-original\" src=\"https:\/\/bizhostvn.com\/w\/vivaclinic\/wp-content\/uploads\/2017\/07\/photo-1-1500359534392-39-69-433-703-crop-1500359551905.jpg\" sizes=\"(max-width: 640px) 100vw, 640px\" srcset=\"https:\/\/bizhostvn.com\/w\/vivaclinic\/wp-content\/uploads\/2017\/07\/photo-1-1500359534392-39-69-433-703-crop-1500359551905.jpg 640w, https:\/\/bizhostvn.com\/w\/vivaclinic\/wp-content\/uploads\/2017\/07\/photo-1-1500359534392-39-69-433-703-crop-1500359551905-300x169.jpg 300w\" alt=\"\" width=\"640\" height=\"360\" \/><\/div>\n<\/div>\n<\/div>\n<\/div>\n<div class=\"col medium-6 small-12 large-6\">\n<div class=\"col-inner\">\n<div id=\"image_88167456\" class=\"img has-hover x md-x lg-x y md-y lg-y\">\n<div class=\"img-inner image-cover dark\"><img loading=\"lazy\" class=\"attachment-original size-original\" src=\"https:\/\/bizhostvn.com\/w\/vivaclinic\/wp-content\/uploads\/2017\/07\/lam-trang-da-bang-thuc-pham-tu-nhien.jpg\" sizes=\"(max-width: 500px) 100vw, 500px\" srcset=\"https:\/\/bizhostvn.com\/w\/vivaclinic\/wp-content\/uploads\/2017\/07\/lam-trang-da-bang-thuc-pham-tu-nhien.jpg 500w, https:\/\/bizhostvn.com\/w\/vivaclinic\/wp-content\/uploads\/2017\/07\/lam-trang-da-bang-thuc-pham-tu-nhien-300x200.jpg 300w\" alt=\"\" width=\"500\" height=\"333\" \/><\/div>\n<\/div>\n<\/div>\n<\/div>\n<\/div>\n<p>Ch\u1ec9nh h\u00ecnh r\u0103ng m\u1eb7t c\u1ee7a ch\u00fang t\u00f4i c\u00f3 th\u1ec3 gi\u00fap b\u1ea1n s\u1edf h\u1eefu \u0111\u01b0\u1ee3c \u0111i\u1ec1u n\u00e0y? Nha khoa Viva chuy\u00ean v\u1ec1 ch\u1ea9n \u0111o\u00e1n, ph\u00f2ng v\u00e0 \u0111i\u1ec1u tr\u1ecb c\u00e1c b\u1ea5t th\u01b0\u1eddng r\u0103ng v\u00e0 khu\u00f4n m\u1eb7t. Vi\u1ec7c \u0111i\u1ec1u tr\u1ecb ch\u1ec9nh nha \u0111\u00f2i h\u1ecfi k\u1ef9 n\u0103ng chuy\u00ean nghi\u1ec7p trong vi\u1ec7c thi\u1ebft k\u1ebf, \u1ee9ng d\u1ee5ng v\u00e0 \u0111i\u1ec1u khi\u1ec3n c\u00e1c kh\u00ed c\u1ee5, thi\u1ebft b\u1ecb m\u00e1y m\u00f3c chuy\u00ean bi\u1ec7t .<\/p>\n\t\t<\/div>\n\t\t\t<\/div>\n\n\t\n\n\t<div id=\"col-782276921\" class=\"col medium-3 small-12 large-3\"  >\n\t\t<div class=\"col-inner\"  >\n\t\t\t\n\t\t\t\n<ul>\n<li class=\"bullet-star\"><a href=\"https:\/\/bizhostvn.com\/w\/vivaclinic\/nha-khoa-tham-my\/tay-trang-rang-khong-dau\/\">T\u1ea9y r\u0103ng tr\u1eafng kh\u00f4ng \u0111au<\/a><\/li>\n<li class=\"bullet-star\"><a href=\"https:\/\/bizhostvn.com\/w\/vivaclinic\/nha-khoa-tham-my\/tram-rang-tham-my\/\">Tr\u00e1m r\u0103ng th\u1ea9m m\u1ef9<\/a><\/li>\n<li class=\"bullet-star\"><a href=\"https:\/\/bizhostvn.com\/w\/vivaclinic\/nha-khoa-tham-my\/dap-mat-veneer-tham-my\/\">\u0110\u1eafp m\u1eb7t Veneer th\u1ea9m m\u1ef9<\/a><\/li>\n<li class=\"bullet-star\" style=\"text-align: left;\"><a href=\"https:\/\/bizhostvn.com\/w\/vivaclinic\/nha-khoa-tham-my\/dieu-tri-cuoi-ho-loi\/\">\u0110i\u1ec1u tr\u1ecb c\u01b0\u1eddi h\u1edf l\u1ee3i<\/a><\/li>\n<li class=\"bullet-star\"><a href=\"https:\/\/bizhostvn.com\/w\/vivaclinic\/nha-khoa-tham-my\/dieu-tri-rang-thua\/\">\u0110i\u1ec1u tr\u1ecb r\u0103ng th\u01b0a<\/a><\/li>\n<li class=\"bullet-star\"><a href=\"https:\/\/bizhostvn.com\/w\/vivaclinic\/nha-khoa-tham-my\/lam-hong-nuou-den-bang-lazer\/\">Lazer: l\u00e0m h\u1ed3ng n\u01b0\u1edbu \u0111en<\/a><\/li>\n<li class=\"bullet-star\"><a href=\"https:\/\/bizhostvn.com\/w\/vivaclinic\/nha-khoa-tham-my\/thiet-ke-nu-cuoi-bang-lazer\/\">Thi\u1ebft k\u1ebf n\u1ee5 c\u01b0\u1eddi b\u1eb1ng Lazer<\/a><\/li>\n<\/ul>\n<ul class=\"sidebar-wrapper ul-reset\"><aside id=\"text-2\" class=\"widget widget_text\"><span class=\"widget-title \"><span>Th\u00f4ng tin li\u00ean h\u1ec7<\/span><\/span><div class=\"is-divider small\"><\/div>\t\t\t<div class=\"textwidget\"><p><strong>Vi\u1ec7n th\u1ea9m m\u1ef9 Da &amp; Nha khoa<br \/>\n<\/strong><strong>Address:<\/strong> 50 Tr\u1ea7n Kh\u00e1t Ch\u00e2n, T\u00e2n \u0110\u1ecbnh, Q.1, TP. HCM<br \/>\n<strong>Phone:<\/strong> 08 3848 2299\/ 0911474949<br \/>\n<strong>Email:<\/strong> tuvan@vivaclinic.vn<\/p>\n<\/div>\n\t\t<\/aside>\t\t<aside id=\"flatsome_recent_posts-2\" class=\"widget flatsome_recent_posts\">\t\t<span class=\"widget-title \"><span>B\u00e0i vi\u1ebft m\u1edbi<\/span><\/span><div class=\"is-divider small\"><\/div>\t\t<ul>\t\t\n\t\t\n\t\t<li class=\"recent-blog-posts-li\">\n\t\t\t<div class=\"flex-row recent-blog-posts align-top pt-half pb-half\">\n\t\t\t\t<div class=\"flex-col mr-half\">\n\t\t\t\t\t<div class=\"badge post-date  badge-square\">\n\t\t\t\t\t\t\t<div class=\"badge-inner bg-fill\" style=\"background: url(https:\/\/webmaibinh.com\/w\/vivaclinic\/wp-content\/uploads\/2017\/07\/hau-truong-tut-tat-cua-my-nhan-chuyen-gioi-nong-poy-150x150.jpg); border:0;\">\n                                \t\t\t\t\t\t\t<\/div>\n\t\t\t\t\t<\/div>\n\t\t\t\t<\/div>\n\t\t\t\t<div class=\"flex-col flex-grow\">\n\t\t\t\t\t  <a href=\"https:\/\/webmaibinh.com\/w\/vivaclinic\/nhung-doi-moi-dep-goi-cam-nhat-li%cc%a3ch-su%cc%89-lang-giai-tri-the-gioi\/\" title=\"Nh\u1eefng \u0111\u00f4i m\u00f4i \u0111\u1eb9p g\u1ee3i c\u1ea3m nh\u1ea5t li\u0323ch s\u01b0\u0309 l\u00e0ng gi\u1ea3i tr\u00ed th\u1ebf gi\u1edbi\">Nh\u1eefng \u0111\u00f4i m\u00f4i \u0111\u1eb9p g\u1ee3i c\u1ea3m nh\u1ea5t li\u0323ch s\u01b0\u0309 l\u00e0ng gi\u1ea3i tr\u00ed th\u1ebf gi\u1edbi<\/a>\n\t\t\t\t   \t  <span class=\"post_comments op-7 block is-xsmall\"><a href=\"https:\/\/webmaibinh.com\/w\/vivaclinic\/nhung-doi-moi-dep-goi-cam-nhat-li%cc%a3ch-su%cc%89-lang-giai-tri-the-gioi\/#respond\"><\/a><\/span>\n\t\t\t\t<\/div>\n\t\t\t<\/div>\n\t\t<\/li>\n\t\t\n\t\t\n\t\t<li class=\"recent-blog-posts-li\">\n\t\t\t<div class=\"flex-row recent-blog-posts align-top pt-half pb-half\">\n\t\t\t\t<div class=\"flex-col mr-half\">\n\t\t\t\t\t<div class=\"badge post-date  badge-square\">\n\t\t\t\t\t\t\t<div class=\"badge-inner bg-fill\" style=\"background: url(https:\/\/webmaibinh.com\/w\/vivaclinic\/wp-content\/uploads\/2017\/07\/photo-1-1500359534392-39-69-433-703-crop-1500359551905-150x150.jpg); border:0;\">\n                                \t\t\t\t\t\t\t<\/div>\n\t\t\t\t\t<\/div>\n\t\t\t\t<\/div>\n\t\t\t\t<div class=\"flex-col flex-grow\">\n\t\t\t\t\t  <a href=\"https:\/\/webmaibinh.com\/w\/vivaclinic\/tri%cc%a3-se%cc%a3o-tham-bang-nguyen-lie%cc%a3u-tu%cc%a3-nhien-hie%cc%a3u-qua%cc%89-nhat\/\" title=\"Tri\u0323 se\u0323o th\u00e2m b\u0103\u0300ng nguy\u00ean li\u00ea\u0323u t\u01b0\u0323 nhi\u00ean hi\u00ea\u0323u qua\u0309 nh\u00e2\u0301t!\">Tri\u0323 se\u0323o th\u00e2m b\u0103\u0300ng nguy\u00ean li\u00ea\u0323u t\u01b0\u0323 nhi\u00ean hi\u00ea\u0323u qua\u0309 nh\u00e2\u0301t!<\/a>\n\t\t\t\t   \t  <span class=\"post_comments op-7 block is-xsmall\"><a href=\"https:\/\/webmaibinh.com\/w\/vivaclinic\/tri%cc%a3-se%cc%a3o-tham-bang-nguyen-lie%cc%a3u-tu%cc%a3-nhien-hie%cc%a3u-qua%cc%89-nhat\/#respond\"><\/a><\/span>\n\t\t\t\t<\/div>\n\t\t\t<\/div>\n\t\t<\/li>\n\t\t\n\t\t\n\t\t<li class=\"recent-blog-posts-li\">\n\t\t\t<div class=\"flex-row recent-blog-posts align-top pt-half pb-half\">\n\t\t\t\t<div class=\"flex-col mr-half\">\n\t\t\t\t\t<div class=\"badge post-date  badge-square\">\n\t\t\t\t\t\t\t<div class=\"badge-inner bg-fill\" style=\"background: url(https:\/\/webmaibinh.com\/w\/vivaclinic\/wp-content\/uploads\/2017\/07\/lam-trang-da-bang-thuc-pham-tu-nhien-150x150.jpg); border:0;\">\n                                \t\t\t\t\t\t\t<\/div>\n\t\t\t\t\t<\/div>\n\t\t\t\t<\/div>\n\t\t\t\t<div class=\"flex-col flex-grow\">\n\t\t\t\t\t  <a href=\"https:\/\/webmaibinh.com\/w\/vivaclinic\/cach-lam-trang-da-toan-than-tai-nha-sieu-hieu-qua\/\" title=\"C\u00e1ch l\u00e0m tr\u1eafng da to\u00e0n th\u00e2n t\u1ea1i nh\u00e0 si\u00eau hi\u1ec7u qu\u1ea3\">C\u00e1ch l\u00e0m tr\u1eafng da to\u00e0n th\u00e2n t\u1ea1i nh\u00e0 si\u00eau hi\u1ec7u qu\u1ea3<\/a>\n\t\t\t\t   \t  <span class=\"post_comments op-7 block is-xsmall\"><a href=\"https:\/\/webmaibinh.com\/w\/vivaclinic\/cach-lam-trang-da-toan-than-tai-nha-sieu-hieu-qua\/#respond\"><\/a><\/span>\n\t\t\t\t<\/div>\n\t\t\t<\/div>\n\t\t<\/li>\n\t\t\n\t\t\n\t\t<li class=\"recent-blog-posts-li\">\n\t\t\t<div class=\"flex-row recent-blog-posts align-top pt-half pb-half\">\n\t\t\t\t<div class=\"flex-col mr-half\">\n\t\t\t\t\t<div class=\"badge post-date  badge-square\">\n\t\t\t\t\t\t\t<div class=\"badge-inner bg-fill\" style=\"background: url(https:\/\/webmaibinh.com\/w\/vivaclinic\/wp-content\/uploads\/2017\/07\/img_12-150x150.jpg); border:0;\">\n                                \t\t\t\t\t\t\t<\/div>\n\t\t\t\t\t<\/div>\n\t\t\t\t<\/div>\n\t\t\t\t<div class=\"flex-col flex-grow\">\n\t\t\t\t\t  <a href=\"https:\/\/webmaibinh.com\/w\/vivaclinic\/chao-moi-nguoi\/\" title=\"Ch\u00e0o t\u1ea5t c\u1ea3 m\u1ecdi ng\u01b0\u1eddi!\">Ch\u00e0o t\u1ea5t c\u1ea3 m\u1ecdi ng\u01b0\u1eddi!<\/a>\n\t\t\t\t   \t  <span class=\"post_comments op-7 block is-xsmall\"><a href=\"https:\/\/webmaibinh.com\/w\/vivaclinic\/chao-moi-nguoi\/#comments\"><strong>1<\/strong> Comment<\/a><\/span>\n\t\t\t\t<\/div>\n\t\t\t<\/div>\n\t\t<\/li>\n\t\t\t\t<\/ul>\t\t<\/aside><\/ul>\n\t\t<\/div>\n\t\t\t<\/div>\n\n\t\n<\/div>\n\t\t<\/div>\n\n\t\t\n<style>\n#section_1035576685 {\n  padding-top: 30px;\n  padding-bottom: 30px;\n}\n<\/style>\n\t<\/section>\n\t\n","protected":false},"excerpt":{"rendered":"","protected":false},"author":1,"featured_media":0,"parent":0,"menu_order":0,"comment_status":"closed","ping_status":"closed","template":"page-blank.php","meta":[],"_links":{"self":[{"href":"https:\/\/webmaibinh.com\/w\/vivaclinic\/wp-json\/wp\/v2\/pages\/622"}],"collection":[{"href":"https:\/\/webmaibinh.com\/w\/vivaclinic\/wp-json\/wp\/v2\/pages"}],"about":[{"href":"https:\/\/webmaibinh.com\/w\/vivaclinic\/wp-json\/wp\/v2\/types\/page"}],"author":[{"embeddable":true,"href":"https:\/\/webmaibinh.com\/w\/vivaclinic\/wp-json\/wp\/v2\/users\/1"}],"replies":[{"embeddable":true,"href":"https:\/\/webmaibinh.com\/w\/vivaclinic\/wp-json\/wp\/v2\/comments?post=622"}],"version-history":[{"count":4,"href":"https:\/\/webmaibinh.com\/w\/vivaclinic\/wp-json\/wp\/v2\/pages\/622\/revisions"}],"predecessor-version":[{"id":1145,"href":"https:\/\/webmaibinh.com\/w\/vivaclinic\/wp-json\/wp\/v2\/pages\/622\/revisions\/1145"}],"wp:attachment":[{"href":"https:\/\/webmaibinh.com\/w\/vivaclinic\/wp-json\/wp\/v2\/media?parent=622"}],"curies":[{"name":"wp","href":"https:\/\/api.w.org\/{rel}","templated":true}]}}