{"id":599,"date":"2017-07-21T14:22:34","date_gmt":"2017-07-21T07:22:34","guid":{"rendered":"https:\/\/bizhostvn.com\/w\/vivaclinic\/?page_id=599"},"modified":"2017-07-22T11:16:32","modified_gmt":"2017-07-22T04:16:32","slug":"rang-su-suon-kim-loai","status":"publish","type":"page","link":"https:\/\/webmaibinh.com\/w\/vivaclinic\/rang-su-tham-my\/rang-su-suon-kim-loai\/","title":{"rendered":"R\u0103ng s\u1ee9 s\u01b0\u1eddn kim lo\u1ea1i"},"content":{"rendered":"<h3><\/h3>\n<h3 style=\"text-align: center;\"><span style=\"font-size: 150%; color: #000000;\">R\u0103ng s\u1ee9 s\u01b0\u1eddn kim lo\u1ea1i<\/span><\/h3>\n<p><img loading=\"lazy\" class=\"aligncenter wp-image-305 lazy-load-active\" src=\"https:\/\/bizhostvn.com\/w\/vivaclinic\/wp-content\/uploads\/2017\/07\/SHARP.png\" alt=\"\" width=\"150\" height=\"38\" data-src=\"https:\/\/bizhostvn.com\/w\/vivaclinic\/wp-content\/uploads\/2017\/07\/SHARP.png\" \/><\/p>\n<p>Ch\u1ec9nh h\u00ecnh r\u0103ng m\u1eb7t c\u1ee7a ch\u00fang t\u00f4i c\u00f3 th\u1ec3 gi\u00fap b\u1ea1n s\u1edf h\u1eefu \u0111\u01b0\u1ee3c \u0111i\u1ec1u n\u00e0y? Nha khoa Viva chuy\u00ean v\u1ec1 ch\u1ea9n \u0111o\u00e1n, ph\u00f2ng v\u00e0 \u0111i\u1ec1u tr\u1ecb c\u00e1c b\u1ea5t th\u01b0\u1eddng r\u0103ng v\u00e0 khu\u00f4n m\u1eb7t. Vi\u1ec7c \u0111i\u1ec1u tr\u1ecb ch\u1ec9nh nha \u0111\u00f2i h\u1ecfi k\u1ef9 n\u0103ng chuy\u00ean nghi\u1ec7p trong vi\u1ec7c thi\u1ebft k\u1ebf, \u1ee9ng d\u1ee5ng v\u00e0 \u0111i\u1ec1u khi\u1ec3n c\u00e1c kh\u00ed c\u1ee5, thi\u1ebft b\u1ecb m\u00e1y m\u00f3c chuy\u00ean bi\u1ec7t .<\/p>\n<div id=\"row-757371073\" class=\"row row-small\">\n<div class=\"col medium-6 small-12 large-6\">\n<div class=\"col-inner\">\n<div id=\"image_1726865453\" class=\"img has-hover x md-x lg-x y md-y lg-y\">\n<div class=\"img-inner image-cover dark\"><img loading=\"lazy\" class=\"attachment-original size-original\" src=\"https:\/\/bizhostvn.com\/w\/vivaclinic\/wp-content\/uploads\/2017\/07\/photo-1-1500359534392-39-69-433-703-crop-1500359551905.jpg\" sizes=\"(max-width: 640px) 100vw, 640px\" srcset=\"https:\/\/bizhostvn.com\/w\/vivaclinic\/wp-content\/uploads\/2017\/07\/photo-1-1500359534392-39-69-433-703-crop-1500359551905.jpg 640w, https:\/\/bizhostvn.com\/w\/vivaclinic\/wp-content\/uploads\/2017\/07\/photo-1-1500359534392-39-69-433-703-crop-1500359551905-300x169.jpg 300w\" alt=\"\" width=\"640\" height=\"360\" \/><\/div>\n<\/div>\n<\/div>\n<\/div>\n<div class=\"col medium-6 small-12 large-6\">\n<div class=\"col-inner\">\n<div id=\"image_88167456\" class=\"img has-hover x md-x lg-x y md-y lg-y\">\n<div class=\"img-inner image-cover dark\"><img loading=\"lazy\" class=\"attachment-original size-original\" src=\"https:\/\/bizhostvn.com\/w\/vivaclinic\/wp-content\/uploads\/2017\/07\/lam-trang-da-bang-thuc-pham-tu-nhien.jpg\" sizes=\"(max-width: 500px) 100vw, 500px\" srcset=\"https:\/\/bizhostvn.com\/w\/vivaclinic\/wp-content\/uploads\/2017\/07\/lam-trang-da-bang-thuc-pham-tu-nhien.jpg 500w, https:\/\/bizhostvn.com\/w\/vivaclinic\/wp-content\/uploads\/2017\/07\/lam-trang-da-bang-thuc-pham-tu-nhien-300x200.jpg 300w\" alt=\"\" width=\"500\" height=\"333\" \/><\/div>\n<\/div>\n<\/div>\n<\/div>\n<\/div>\n<p>Ch\u1ec9nh h\u00ecnh r\u0103ng m\u1eb7t c\u1ee7a ch\u00fang t\u00f4i c\u00f3 th\u1ec3 gi\u00fap b\u1ea1n s\u1edf h\u1eefu \u0111\u01b0\u1ee3c \u0111i\u1ec1u n\u00e0y? Nha khoa Viva chuy\u00ean v\u1ec1 ch\u1ea9n \u0111o\u00e1n, ph\u00f2ng v\u00e0 \u0111i\u1ec1u tr\u1ecb c\u00e1c b\u1ea5t th\u01b0\u1eddng r\u0103ng v\u00e0 khu\u00f4n m\u1eb7t. Vi\u1ec7c \u0111i\u1ec1u tr\u1ecb ch\u1ec9nh nha \u0111\u00f2i h\u1ecfi k\u1ef9 n\u0103ng chuy\u00ean nghi\u1ec7p trong vi\u1ec7c thi\u1ebft k\u1ebf, \u1ee9ng d\u1ee5ng v\u00e0 \u0111i\u1ec1u khi\u1ec3n c\u00e1c kh\u00ed c\u1ee5, thi\u1ebft b\u1ecb m\u00e1y m\u00f3c chuy\u00ean bi\u1ec7t .<\/p>\n","protected":false},"excerpt":{"rendered":"<p>R\u0103ng s\u1ee9 s\u01b0\u1eddn kim lo\u1ea1i Ch\u1ec9nh h\u00ecnh r\u0103ng m\u1eb7t c\u1ee7a ch\u00fang t\u00f4i c\u00f3 th\u1ec3 gi\u00fap b\u1ea1n s\u1edf h\u1eefu \u0111\u01b0\u1ee3c \u0111i\u1ec1u n\u00e0y? Nha khoa Viva chuy\u00ean v\u1ec1 ch\u1ea9n \u0111o\u00e1n, ph\u00f2ng v\u00e0 \u0111i\u1ec1u tr\u1ecb c\u00e1c b\u1ea5t th\u01b0\u1eddng r\u0103ng v\u00e0 khu\u00f4n m\u1eb7t. Vi\u1ec7c \u0111i\u1ec1u tr\u1ecb ch\u1ec9nh nha \u0111\u00f2i h\u1ecfi k\u1ef9 n\u0103ng chuy\u00ean nghi\u1ec7p trong vi\u1ec7c thi\u1ebft k\u1ebf, \u1ee9ng [&#8230;]\n","protected":false},"author":1,"featured_media":0,"parent":593,"menu_order":0,"comment_status":"closed","ping_status":"closed","template":"page-right-sidebar.php","meta":[],"_links":{"self":[{"href":"https:\/\/webmaibinh.com\/w\/vivaclinic\/wp-json\/wp\/v2\/pages\/599"}],"collection":[{"href":"https:\/\/webmaibinh.com\/w\/vivaclinic\/wp-json\/wp\/v2\/pages"}],"about":[{"href":"https:\/\/webmaibinh.com\/w\/vivaclinic\/wp-json\/wp\/v2\/types\/page"}],"author":[{"embeddable":true,"href":"https:\/\/webmaibinh.com\/w\/vivaclinic\/wp-json\/wp\/v2\/users\/1"}],"replies":[{"embeddable":true,"href":"https:\/\/webmaibinh.com\/w\/vivaclinic\/wp-json\/wp\/v2\/comments?post=599"}],"version-history":[{"count":2,"href":"https:\/\/webmaibinh.com\/w\/vivaclinic\/wp-json\/wp\/v2\/pages\/599\/revisions"}],"predecessor-version":[{"id":1155,"href":"https:\/\/webmaibinh.com\/w\/vivaclinic\/wp-json\/wp\/v2\/pages\/599\/revisions\/1155"}],"up":[{"embeddable":true,"href":"https:\/\/webmaibinh.com\/w\/vivaclinic\/wp-json\/wp\/v2\/pages\/593"}],"wp:attachment":[{"href":"https:\/\/webmaibinh.com\/w\/vivaclinic\/wp-json\/wp\/v2\/media?parent=599"}],"curies":[{"name":"wp","href":"https:\/\/api.w.org\/{rel}","templated":true}]}}