{"id":168,"date":"2017-07-19T22:45:21","date_gmt":"2017-07-19T15:45:21","guid":{"rendered":"https:\/\/bizhostvn.com\/w\/vivaclinic\/?page_id=168"},"modified":"2017-07-22T10:43:35","modified_gmt":"2017-07-22T03:43:35","slug":"dieu-tri-nam-da","status":"publish","type":"page","link":"https:\/\/webmaibinh.com\/w\/vivaclinic\/tham-my-da\/dieu-tri-nam-da\/","title":{"rendered":"\u0110i\u1ec1u tr\u1ecb n\u00e1m da"},"content":{"rendered":"<h3><\/h3>\n<h3 style=\"text-align: center;\"><span style=\"font-size: 150%; color: #000000;\">\u0110i\u1ec1u tr\u1ecb n\u00e1m da<\/span><\/h3>\n<p><img loading=\"lazy\" class=\"aligncenter wp-image-305 lazy-load-active\" src=\"https:\/\/bizhostvn.com\/w\/vivaclinic\/wp-content\/uploads\/2017\/07\/SHARP.png\" alt=\"\" width=\"150\" height=\"38\" data-src=\"https:\/\/bizhostvn.com\/w\/vivaclinic\/wp-content\/uploads\/2017\/07\/SHARP.png\" \/><\/p>\n<p>Ch\u1ec9nh h\u00ecnh r\u0103ng m\u1eb7t c\u1ee7a ch\u00fang t\u00f4i c\u00f3 th\u1ec3 gi\u00fap b\u1ea1n s\u1edf h\u1eefu \u0111\u01b0\u1ee3c \u0111i\u1ec1u n\u00e0y? Nha khoa Viva chuy\u00ean v\u1ec1 ch\u1ea9n \u0111o\u00e1n, ph\u00f2ng v\u00e0 \u0111i\u1ec1u tr\u1ecb c\u00e1c b\u1ea5t th\u01b0\u1eddng r\u0103ng v\u00e0 khu\u00f4n m\u1eb7t. Vi\u1ec7c \u0111i\u1ec1u tr\u1ecb ch\u1ec9nh nha \u0111\u00f2i h\u1ecfi k\u1ef9 n\u0103ng chuy\u00ean nghi\u1ec7p trong vi\u1ec7c thi\u1ebft k\u1ebf, \u1ee9ng d\u1ee5ng v\u00e0 \u0111i\u1ec1u khi\u1ec3n c\u00e1c kh\u00ed c\u1ee5, thi\u1ebft b\u1ecb m\u00e1y m\u00f3c chuy\u00ean bi\u1ec7t .<\/p>\n","protected":false},"excerpt":{"rendered":"<p>\u0110i\u1ec1u tr\u1ecb n\u00e1m da Ch\u1ec9nh h\u00ecnh r\u0103ng m\u1eb7t c\u1ee7a ch\u00fang t\u00f4i c\u00f3 th\u1ec3 gi\u00fap b\u1ea1n s\u1edf h\u1eefu \u0111\u01b0\u1ee3c \u0111i\u1ec1u n\u00e0y? Nha khoa Viva chuy\u00ean v\u1ec1 ch\u1ea9n \u0111o\u00e1n, ph\u00f2ng v\u00e0 \u0111i\u1ec1u tr\u1ecb c\u00e1c b\u1ea5t th\u01b0\u1eddng r\u0103ng v\u00e0 khu\u00f4n m\u1eb7t. Vi\u1ec7c \u0111i\u1ec1u tr\u1ecb ch\u1ec9nh nha \u0111\u00f2i h\u1ecfi k\u1ef9 n\u0103ng chuy\u00ean nghi\u1ec7p trong vi\u1ec7c thi\u1ebft k\u1ebf, \u1ee9ng d\u1ee5ng [&#8230;]\n","protected":false},"author":1,"featured_media":0,"parent":163,"menu_order":0,"comment_status":"closed","ping_status":"closed","template":"page-right-sidebar.php","meta":[],"_links":{"self":[{"href":"https:\/\/webmaibinh.com\/w\/vivaclinic\/wp-json\/wp\/v2\/pages\/168"}],"collection":[{"href":"https:\/\/webmaibinh.com\/w\/vivaclinic\/wp-json\/wp\/v2\/pages"}],"about":[{"href":"https:\/\/webmaibinh.com\/w\/vivaclinic\/wp-json\/wp\/v2\/types\/page"}],"author":[{"embeddable":true,"href":"https:\/\/webmaibinh.com\/w\/vivaclinic\/wp-json\/wp\/v2\/users\/1"}],"replies":[{"embeddable":true,"href":"https:\/\/webmaibinh.com\/w\/vivaclinic\/wp-json\/wp\/v2\/comments?post=168"}],"version-history":[{"count":2,"href":"https:\/\/webmaibinh.com\/w\/vivaclinic\/wp-json\/wp\/v2\/pages\/168\/revisions"}],"predecessor-version":[{"id":1127,"href":"https:\/\/webmaibinh.com\/w\/vivaclinic\/wp-json\/wp\/v2\/pages\/168\/revisions\/1127"}],"up":[{"embeddable":true,"href":"https:\/\/webmaibinh.com\/w\/vivaclinic\/wp-json\/wp\/v2\/pages\/163"}],"wp:attachment":[{"href":"https:\/\/webmaibinh.com\/w\/vivaclinic\/wp-json\/wp\/v2\/media?parent=168"}],"curies":[{"name":"wp","href":"https:\/\/api.w.org\/{rel}","templated":true}]}}