{"id":245,"date":"2017-09-03T02:58:10","date_gmt":"2017-09-03T02:58:10","guid":{"rendered":"http:\/\/visa.khowebseotop.vn\/?page_id=245"},"modified":"2017-09-03T02:58:10","modified_gmt":"2017-09-03T02:58:10","slug":"ve-may-bay","status":"publish","type":"page","link":"https:\/\/webmaibinh.com\/w\/visa2011\/ve-may-bay\/","title":{"rendered":"V\u00e9 m\u00e1y bay"},"content":{"rendered":"<p>v\u00e9 m\u00e1y bay<\/p>\n","protected":false},"excerpt":{"rendered":"<p>v\u00e9 m\u00e1y bay<\/p>\n","protected":false},"author":1,"featured_media":0,"parent":0,"menu_order":0,"comment_status":"closed","ping_status":"closed","template":"page-right-sidebar.php","meta":[],"_links":{"self":[{"href":"https:\/\/webmaibinh.com\/w\/visa2011\/wp-json\/wp\/v2\/pages\/245"}],"collection":[{"href":"https:\/\/webmaibinh.com\/w\/visa2011\/wp-json\/wp\/v2\/pages"}],"about":[{"href":"https:\/\/webmaibinh.com\/w\/visa2011\/wp-json\/wp\/v2\/types\/page"}],"author":[{"embeddable":true,"href":"https:\/\/webmaibinh.com\/w\/visa2011\/wp-json\/wp\/v2\/users\/1"}],"replies":[{"embeddable":true,"href":"https:\/\/webmaibinh.com\/w\/visa2011\/wp-json\/wp\/v2\/comments?post=245"}],"version-history":[{"count":1,"href":"https:\/\/webmaibinh.com\/w\/visa2011\/wp-json\/wp\/v2\/pages\/245\/revisions"}],"predecessor-version":[{"id":246,"href":"https:\/\/webmaibinh.com\/w\/visa2011\/wp-json\/wp\/v2\/pages\/245\/revisions\/246"}],"wp:attachment":[{"href":"https:\/\/webmaibinh.com\/w\/visa2011\/wp-json\/wp\/v2\/media?parent=245"}],"curies":[{"name":"wp","href":"https:\/\/api.w.org\/{rel}","templated":true}]}}