{"id":467,"date":"2019-05-20T16:28:30","date_gmt":"2019-05-20T09:28:30","guid":{"rendered":"https:\/\/vesinhcongnghiep.khowebseotop.vn\/?page_id=467"},"modified":"2019-05-20T16:31:44","modified_gmt":"2019-05-20T09:31:44","slug":"cam-ket","status":"publish","type":"page","link":"https:\/\/webmaibinh.com\/w\/vesinh2011\/cam-ket\/","title":{"rendered":"Cam k\u1ebft"},"content":{"rendered":"\t<div class=\"img has-hover x md-x lg-x y md-y lg-y\" id=\"image_1244346362\">\n\t\t\t\t\t\t\t\t<div class=\"img-inner dark\" >\n\t\t\t<img width=\"1920\" height=\"432\" src=\"https:\/\/webmaibinh.com\/w\/vesinh2011\/wp-content\/uploads\/2019\/05\/slider-02.jpg\" class=\"attachment-original size-original\" alt=\"\" loading=\"lazy\" srcset=\"https:\/\/webmaibinh.com\/w\/vesinh2011\/wp-content\/uploads\/2019\/05\/slider-02.jpg 1920w, https:\/\/webmaibinh.com\/w\/vesinh2011\/wp-content\/uploads\/2019\/05\/slider-02-300x68.jpg 300w, https:\/\/webmaibinh.com\/w\/vesinh2011\/wp-content\/uploads\/2019\/05\/slider-02-768x173.jpg 768w, https:\/\/webmaibinh.com\/w\/vesinh2011\/wp-content\/uploads\/2019\/05\/slider-02-1024x230.jpg 1024w\" sizes=\"(max-width: 1920px) 100vw, 1920px\" \/>\t\t\t\t\t\t\n\t\t\t\t\t<\/div>\n\t\t\t\t\t\t\t\t\n<style scope=\"scope\">\n\n#image_1244346362 {\n  width: 100%;\n}\n<\/style>\n\t<\/div>\n\t\n\t<section class=\"section\" id=\"section_675144261\">\n\t\t<div class=\"bg section-bg fill bg-fill  bg-loaded\" >\n\n\t\t\t\n\t\t\t\n\t\t\t\n\n\t\t<\/div>\n\n\t\t<div class=\"section-content relative\">\n\t\t\t\n<div class=\"row\"  id=\"row-1867624463\">\n\n\t<div class=\"col medium-4 small-12 large-4\"  >\n\t\t<div class=\"col-inner\"  >\n\t\t\t\n\t\t\t\n\t<div class=\"img has-hover x md-x lg-x y md-y lg-y\" id=\"image_684228705\">\n\t\t\t\t\t\t\t\t<div class=\"img-inner dark\" >\n\t\t\t<img width=\"720\" height=\"405\" src=\"https:\/\/webmaibinh.com\/w\/vesinh2011\/wp-content\/uploads\/2019\/05\/chat-luong-dich-vu.jpg\" class=\"attachment-original size-original\" alt=\"\" loading=\"lazy\" srcset=\"https:\/\/webmaibinh.com\/w\/vesinh2011\/wp-content\/uploads\/2019\/05\/chat-luong-dich-vu.jpg 720w, https:\/\/webmaibinh.com\/w\/vesinh2011\/wp-content\/uploads\/2019\/05\/chat-luong-dich-vu-300x169.jpg 300w\" sizes=\"(max-width: 720px) 100vw, 720px\" \/>\t\t\t\t\t\t\n\t\t\t\t\t<\/div>\n\t\t\t\t\t\t\t\t\n<style scope=\"scope\">\n\n#image_684228705 {\n  width: 100%;\n}\n<\/style>\n\t<\/div>\n\t\n\t\t<\/div>\n\t<\/div>\n\n\t\n\n\t<div class=\"col medium-8 small-12 large-8\"  >\n\t\t<div class=\"col-inner\"  >\n\t\t\t\n\t\t\t\n<h3 class=\"uppercase\"><span style=\"color: #00a859;\">I. CH\u1ea4T L\u01af\u1ee2NG D\u1ecaCH V\u1ee4<\/span><\/h3>\n<ul>\n<li>Nh\u00e2n vi\u00ean gi\u00fap vi\u1ec7c \u0111\u01b0\u1ee3c tuy\u1ec3n ch\u1ecdn v\u00e0 \u0111\u00e0o t\u1ea1o k\u1ef9 l\u01b0\u1ee1ng theo chu\u1ea9n S<span style=\"font-size: 14.4px;\">ingapore, c\u00f3 nh\u00e2n th\u00e2n t\u1ed1t \u0111\u01b0\u1ee3c x\u00e1c nh\u1eadn b\u1edfi ch\u00ednh quy\u1ec1n.<\/span><\/li>\n<li>B\u1ea3o h\u00e0nh to\u00e0n b\u1ed9 ca l\u00e0m n\u1ebfu ca l\u00e0m b\u1ecb \u0111\u00e1nh gi\u00e1 1-2*.<\/li>\n<li>Gi\u00e1m s\u00e1t ki\u1ec3m tra \u0111\u1ecbnh k\u1ef3 1 l\u1ea7n\/qu\u00fd v\u1edbi nh\u1eefng h\u1ee3p \u0111\u1ed3ng \u0111\u1ecbnh k\u1ef3 t\u1eeb 4 th\u00e1ng tr\u1edf l\u00ean.<\/li>\n<\/ul>\n\t\t<\/div>\n\t<\/div>\n\n\t\n<\/div>\n\t\t<\/div>\n\n\t\t\n<style scope=\"scope\">\n\n#section_675144261 {\n  padding-top: 30px;\n  padding-bottom: 30px;\n}\n<\/style>\n\t<\/section>\n\t\n\t<section class=\"section\" id=\"section_436054544\">\n\t\t<div class=\"bg section-bg fill bg-fill  bg-loaded\" >\n\n\t\t\t\n\t\t\t\n\t\t\t\n\n\t\t<\/div>\n\n\t\t<div class=\"section-content relative\">\n\t\t\t\n<div class=\"row\"  id=\"row-1580422057\">\n\n\t<div class=\"col medium-8 small-12 large-8\"  >\n\t\t<div class=\"col-inner\"  >\n\t\t\t\n\t\t\t\n<h3 class=\"uppercase\"><span style=\"color: #00a859;\">II. \u1ed4N \u0110\u1ecaNH NH\u00c2N VI\u00caN GI\u00daP VI\u1ec6C<\/span><\/h3>\n<ul>\n<li>Gi\u1eef Nh\u00e2n vi\u00ean gi\u00fap vi\u1ec7c c\u1ed1 \u0111\u1ecbnh l\u00e0m t\u1ea1i nh\u00e0 Qu\u00fd kh\u00e1ch, ch\u1ec9 thay \u0111\u1ed5i khi Nh\u00e2n vi\u00ean ngh\u1ec9 do \u1ed1m, do l\u00fd do c\u00e1 nh\u00e2n, chuy\u1ec3n \u0111\u1ed5i v\u1ecb tr\u00ed c\u00f4ng vi\u1ec7c.<\/li>\n<li>\u0110\u1ec3 \u0111\u1ea3m b\u1ea3o vi\u1ec7c n\u00e0y, Qu\u00fd kh\u00e1ch vui l\u00f2ng x\u00e1c nh\u1eadn v\u00e0 thanh to\u00e1n h\u1ee3p \u0111\u1ed3ng gia h\u1ea1n tr\u01b0\u1edbc 15 ng\u00e0y so v\u1edbi th\u1eddi \u0111i\u1ec3m h\u1ee3p \u0111\u1ed3ng hi\u1ec7n t\u1ea1i k\u1ebft th\u00fac, tr\u00e1nh tr\u01b0\u1eddng h\u1ee3p Kh\u00e1ch h\u00e0ng kh\u00e1c ch\u1ecdn m\u1ea5t nh\u00e2n vi\u00ean gi\u00fap vi\u1ec7c.<\/li>\n<li>\u1ea3m b\u1ea3o c\u00f3 nh\u00e2n vi\u00ean gi\u00fap vi\u1ec7c thay th\u1ebf: Lu\u00f4n c\u00f3 nh\u00e2n vi\u00ean thay th\u1ebf khi nh\u00e2n vi\u00ean hi\u1ec7n t\u1ea1i ngh\u1ec9 vi\u1ec7c. Th\u1eddi gian ch\u1edd t\u1ed1i \u0111a: 7 ng\u00e0y.<\/li>\n<li>S\u1ed1 l\u1ea7n \u0111\u1ed5i nh\u00e2n vi\u00ean gi\u00fap vi\u1ec7c m\u1edbi trong su\u1ed1t th\u1eddi gian h\u1ee3p \u0111\u1ed3ng: 2 l\u1ea7n (v\u1edbi h\u1ee3p \u0111\u1ed3ng 6 th\u00e1ng) v\u00e0 3 l\u1ea7n (v\u1edbi h\u1ee3p \u0111\u1ed3ng 12 th\u00e1ng).<\/li>\n<\/ul>\n\t\t<\/div>\n\t<\/div>\n\n\t\n\n\t<div class=\"col medium-4 small-12 large-4\"  >\n\t\t<div class=\"col-inner\"  >\n\t\t\t\n\t\t\t\n\t<div class=\"img has-hover x md-x lg-x y md-y lg-y\" id=\"image_1310209070\">\n\t\t\t\t\t\t\t\t<div class=\"img-inner image-cover dark\" style=\"padding-top:78%;\">\n\t\t\t<img width=\"400\" height=\"267\" src=\"https:\/\/webmaibinh.com\/w\/vesinh2011\/wp-content\/uploads\/2019\/05\/giup-viec-nha-co-be-day-kinh-nghiem.jpg\" class=\"attachment-original size-original\" alt=\"\" loading=\"lazy\" srcset=\"https:\/\/webmaibinh.com\/w\/vesinh2011\/wp-content\/uploads\/2019\/05\/giup-viec-nha-co-be-day-kinh-nghiem.jpg 400w, https:\/\/webmaibinh.com\/w\/vesinh2011\/wp-content\/uploads\/2019\/05\/giup-viec-nha-co-be-day-kinh-nghiem-300x200.jpg 300w\" sizes=\"(max-width: 400px) 100vw, 400px\" \/>\t\t\t\t\t\t\n\t\t\t\t\t<\/div>\n\t\t\t\t\t\t\t\t\n<style scope=\"scope\">\n\n#image_1310209070 {\n  width: 100%;\n}\n<\/style>\n\t<\/div>\n\t\n\t\t<\/div>\n\t<\/div>\n\n\t\n<\/div>\n\t\t<\/div>\n\n\t\t\n<style scope=\"scope\">\n\n#section_436054544 {\n  padding-top: 30px;\n  padding-bottom: 30px;\n  background-color: rgb(246, 246, 246);\n}\n<\/style>\n\t<\/section>\n\t\n\t<section class=\"section\" id=\"section_140288105\">\n\t\t<div class=\"bg section-bg fill bg-fill  bg-loaded\" >\n\n\t\t\t\n\t\t\t\n\t\t\t\n\n\t\t<\/div>\n\n\t\t<div class=\"section-content relative\">\n\t\t\t\n<div class=\"row\"  id=\"row-667395105\">\n\n\t<div class=\"col medium-4 small-12 large-4\"  >\n\t\t<div class=\"col-inner\"  >\n\t\t\t\n\t\t\t\n\t<div class=\"img has-hover x md-x lg-x y md-y lg-y\" id=\"image_1366171190\">\n\t\t\t\t\t\t\t\t<div class=\"img-inner dark\" >\n\t\t\t<img width=\"425\" height=\"284\" src=\"https:\/\/webmaibinh.com\/w\/vesinh2011\/wp-content\/uploads\/2019\/05\/bao-hiem-va-den-bu-thiet-hai.jpg\" class=\"attachment-original size-original\" alt=\"\" loading=\"lazy\" srcset=\"https:\/\/webmaibinh.com\/w\/vesinh2011\/wp-content\/uploads\/2019\/05\/bao-hiem-va-den-bu-thiet-hai.jpg 425w, https:\/\/webmaibinh.com\/w\/vesinh2011\/wp-content\/uploads\/2019\/05\/bao-hiem-va-den-bu-thiet-hai-300x200.jpg 300w\" sizes=\"(max-width: 425px) 100vw, 425px\" \/>\t\t\t\t\t\t\n\t\t\t\t\t<\/div>\n\t\t\t\t\t\t\t\t\n<style scope=\"scope\">\n\n#image_1366171190 {\n  width: 100%;\n}\n<\/style>\n\t<\/div>\n\t\n\t\t<\/div>\n\t<\/div>\n\n\t\n\n\t<div class=\"col medium-8 small-12 large-8\"  >\n\t\t<div class=\"col-inner\"  >\n\t\t\t\n\t\t\t\n<h3><span style=\"color: #00a859;\"><strong>III. \u00a0B\u1ea2O HI\u1ec2M V\u00c0 \u0110\u1ec0N B\u00d9 T\u00c0I S\u1ea2N<\/strong><\/span><\/h3>\n<ul>\n<li>B\u1ea3o hi\u1ec3m h\u1ecfng v\u00e0 \u0111\u1ed5 v\u1ee1: Theo Quy t\u1eafc B\u1ea3o hi\u1ec3m c\u1ee7a B\u1ea3o Vi\u1ec7t trong tr\u01b0\u1eddng h\u1ee3p nh\u00e2n vi\u00ean gi\u00fap vi\u1ec7c l\u00e0m h\u01b0 h\u1ecfng, v\u1ee1 \u0111\u1ed3 c\u1ee7a Kh\u00e1ch h\u00e0ng. Chi ti\u1ebft t\u1ea1i: <a href=\"http:\/\/bit.ly\/2oQolOx\" target=\"_blank\" rel=\"nofollow noopener noreferrer\">http:\/\/bit.ly\/2oQolOx.<\/a><\/li>\n<li>\u0110\u1ec1n b\u00f9 t\u00e0i s\u1ea3n m\u1ea5t c\u1eafp: Trong tr\u01b0\u1eddng h\u1ee3p c\u00f3 x\u00e1c nh\u1eadn b\u1eb1ng v\u0103n b\u1ea3n c\u1ee7a c\u01a1 quan ch\u1ee9c n\u0103ng v\u1ec1 vi\u1ec7c nh\u00e2n vi\u00ean gi\u00fap vi\u1ec7c l\u1ea5y tr\u1ed9m \u0111\u1ed3 c\u1ee7a Kh\u00e1ch h\u00e0ng. Tapvu247 s\u1ebd c\u00f3 \u0111\u1ec1n b\u00f9 t\u1ed1i \u0111a 2 tri\u1ec7u (v\u1edbi h\u1ee3p \u0111\u1ed3ng 6 th\u00e1ng) v\u00e0 t\u1ed1i \u0111a 3 tri\u1ec7u \u0111\u1ed3ng (v\u1edbi h\u1ee3p \u0111\u1ed3ng 12 th\u00e1ng).<\/li>\n<\/ul>\n\t\t<\/div>\n\t<\/div>\n\n\t\n<\/div>\n\t\t<\/div>\n\n\t\t\n<style scope=\"scope\">\n\n#section_140288105 {\n  padding-top: 30px;\n  padding-bottom: 30px;\n}\n<\/style>\n\t<\/section>\n\t\n","protected":false},"excerpt":{"rendered":"","protected":false},"author":2,"featured_media":0,"parent":0,"menu_order":0,"comment_status":"closed","ping_status":"closed","template":"page-blank.php","meta":[],"_links":{"self":[{"href":"https:\/\/webmaibinh.com\/w\/vesinh2011\/wp-json\/wp\/v2\/pages\/467"}],"collection":[{"href":"https:\/\/webmaibinh.com\/w\/vesinh2011\/wp-json\/wp\/v2\/pages"}],"about":[{"href":"https:\/\/webmaibinh.com\/w\/vesinh2011\/wp-json\/wp\/v2\/types\/page"}],"author":[{"embeddable":true,"href":"https:\/\/webmaibinh.com\/w\/vesinh2011\/wp-json\/wp\/v2\/users\/2"}],"replies":[{"embeddable":true,"href":"https:\/\/webmaibinh.com\/w\/vesinh2011\/wp-json\/wp\/v2\/comments?post=467"}],"version-history":[{"count":0,"href":"https:\/\/webmaibinh.com\/w\/vesinh2011\/wp-json\/wp\/v2\/pages\/467\/revisions"}],"wp:attachment":[{"href":"https:\/\/webmaibinh.com\/w\/vesinh2011\/wp-json\/wp\/v2\/media?parent=467"}],"curies":[{"name":"wp","href":"https:\/\/api.w.org\/{rel}","templated":true}]}}