{"id":427,"date":"2019-05-20T16:20:36","date_gmt":"2019-05-20T09:20:36","guid":{"rendered":"https:\/\/vesinhcongnghiep.khowebseotop.vn\/?page_id=427"},"modified":"2019-05-20T16:22:53","modified_gmt":"2019-05-20T09:22:53","slug":"dich-vu-ve-sinh-van-phong","status":"publish","type":"page","link":"https:\/\/webmaibinh.com\/w\/vesinh2011\/dich-vu-ve-sinh-van-phong\/","title":{"rendered":"D\u1ecbch v\u1ee5 v\u1ec7 sinh v\u0103n ph\u00f2ng"},"content":{"rendered":"\t<div class=\"img has-hover x md-x lg-x y md-y lg-y\" id=\"image_1487840630\">\n\t\t\t\t\t\t\t\t<div class=\"img-inner dark\" >\n\t\t\t<img width=\"1920\" height=\"467\" src=\"https:\/\/webmaibinh.com\/w\/vesinh2011\/wp-content\/uploads\/2019\/05\/ve-sinh-van-phong-bg.jpg\" class=\"attachment-original size-original\" alt=\"\" loading=\"lazy\" srcset=\"https:\/\/webmaibinh.com\/w\/vesinh2011\/wp-content\/uploads\/2019\/05\/ve-sinh-van-phong-bg.jpg 1920w, https:\/\/webmaibinh.com\/w\/vesinh2011\/wp-content\/uploads\/2019\/05\/ve-sinh-van-phong-bg-300x73.jpg 300w, https:\/\/webmaibinh.com\/w\/vesinh2011\/wp-content\/uploads\/2019\/05\/ve-sinh-van-phong-bg-768x187.jpg 768w, https:\/\/webmaibinh.com\/w\/vesinh2011\/wp-content\/uploads\/2019\/05\/ve-sinh-van-phong-bg-1024x249.jpg 1024w\" sizes=\"(max-width: 1920px) 100vw, 1920px\" \/>\t\t\t\t\t\t\n\t\t\t\t\t<\/div>\n\t\t\t\t\t\t\t\t\n<style scope=\"scope\">\n\n#image_1487840630 {\n  width: 100%;\n}\n<\/style>\n\t<\/div>\n\t\n\t<section class=\"section\" id=\"section_707822577\">\n\t\t<div class=\"bg section-bg fill bg-fill  bg-loaded\" >\n\n\t\t\t\n\t\t\t\n\t\t\t\n\n\t\t<\/div>\n\n\t\t<div class=\"section-content relative\">\n\t\t\t\n<div class=\"row\"  id=\"row-754515735\">\n\n\t<div class=\"col small-12 large-12\"  >\n\t\t<div class=\"col-inner\"  >\n\t\t\t\n\t\t\t\n<blockquote><p><span style=\"color: #00a859; font-size: 90%;\"><i>Ng\u00e0y nay, c\u00f9ng v\u1edbi s\u1ef1 ph\u00e1t tri\u1ec3n kinh t\u1ebf x\u00e3 h\u1ed9i, \u0111\u1eddi s\u1ed1ng v\u1eadt ch\u1ea5t l\u1eabn tinh th\u1ea7n c\u1ee7a con ng\u01b0\u1eddi ng\u00e0y c\u00e0ng \u0111\u01b0\u1ee3c n\u00e2ng cao. V\u00ec th\u1ebf, nhu c\u1ea7u v\u1ec1 c\u00e1c d\u1ecbch v\u1ee5 ph\u1ee5c v\u1ee5 cho cu\u1ed9c s\u1ed1ng c\u1ee7a con ng\u01b0\u1eddi ng\u00e0y c\u00e0ng nhi\u1ec1u. Nh\u1eb1m \u0111\u00e1p \u1ee9ng nhu c\u1ea7u \u0111\u00f3 c\u00e1c d\u1ecbch v\u1ee5\u00a0<\/i><b><i>gi\u00fap vi\u1ec7c nh\u00e0<\/i><\/b><i>, d\u1ecdn\u00a0<\/i><b><i>v\u1ec7 sinh v\u0103n ph\u00f2ng<\/i><\/b><i>, v\u1ec7 sinh c\u00f4ng nghi\u1ec7p,\u2026 ra \u0111\u1eddi ng\u00e0y c\u00e0ng nhi\u1ec1u. Tuy nhi\u00ean, \u0111\u1ec3 ch\u1ecdn \u0111\u01b0\u1ee3c m\u1ed9t \u0111\u1ecba ch\u1ec9 cung c\u1ea5p d\u1ecbch v\u1ee5 v\u1ec7 sinh uy t\u00edn, ch\u1ea5t l\u01b0\u1ee3ng kh\u00f4ng h\u1ec1 \u0111\u01a1n gi\u1ea3n.<\/i><\/span><\/p>\n<p><span style=\"color: #00a859; font-size: 90%;\"><i>D\u1ecbch v\u1ee5 v\u1ec7 sinh ng\u00e0y c\u00e0ng \u0111\u01b0\u1ee3c c\u00e1c c\u00f4ng ty l\u1ef1a ch\u1ecdn<\/i><\/span><\/p><\/blockquote>\n<p><b>V\u00ec sao Qu\u00fd kh\u00e1ch n\u00ean ch\u1ecdn d\u1ecbch v\u1ee5 v\u1ec7 sinh v\u0103n ph\u00f2ng c\u1ee7a Tapvu247.com !?<\/b><\/p>\n<p>D\u1ecbch v\u1ee5 v\u1ec7 sinh chuy\u00ean nghi\u1ec7p Tapvu247.com k\u1ebft mang \u0111\u1ebfn cho v\u0103n ph\u00f2ng c\u1ee7a Qu\u00fd kh\u00e1ch m\u1ed9t m\u00f4i tr\u01b0\u1eddng l\u00e0m vi\u1ec7c s\u1ea1ch, \u0111\u1eb9p \u0111\u1ebfn b\u1ea5t ng\u1edd, c\u00f9ng t\u00ecm hi\u1ec3u nh\u1eefng \u01b0u \u0111i\u1ec3m m\u00e0 ch\u00fang t\u00f4i mang l\u1ea1i cho kh\u00e1ch h\u00e0ng.<\/p>\n<p><b><i><strong><img loading=\"lazy\" class=\"alignnone wp-image-670 lazy-load-active\" src=\"https:\/\/tapvu247.com\/wp-content\/uploads\/2019\/05\/check.png\" alt=\"\" width=\"17\" height=\"17\" data-src=\"https:\/\/tapvu247.com\/wp-content\/uploads\/2019\/05\/check.png\" \/>\u00a0<\/strong>Chuy\u00ean nghi\u1ec7p, t\u1eadn t\u00e2m v\u1edbi kh\u00e1ch h\u00e0ng<\/i><\/b><\/p>\n<p>N\u1ebfu Qu\u00fd kh\u00e1ch c\u00f3 nhu c\u1ea7u v\u1ec1 gi\u00fap vi\u1ec7c nh\u00e0, v\u1ec7 sinh nh\u00e0 c\u1eeda, v\u0103n ph\u00f2ng th\u00ec c\u00f3 th\u1ec3 li\u00ean h\u1ec7 v\u1edbi Tapvu247. \u0110\u1ea3m b\u1ea3o v\u1edbi\u00a0<i>\u0110\u1ed9i ng\u0169 nh\u00e2n vi\u00ean chuy\u00ean nghi\u1ec7p,<\/i>\u00a0\u0111\u1ed9i ng\u0169 t\u01b0 v\u1ea5n vi\u00ean v\u00e0 ch\u0103m s\u00f3c kh\u00e1ch h\u00e0ng nhi\u1ec7t t\u00ecnh, gi\u00e0u kinh nghi\u1ec7m, chuy\u00ean nghi\u1ec7p, t\u1eadn t\u00e2m \u0111\u1ea3m b\u1ea3o s\u1ebd l\u00e0m h\u00e0i l\u00f2ng nh\u1eefng kh\u00e1ch h\u00e0ng kh\u00f3 t\u00ednh nh\u1ea5t.<\/p>\n<p><b><i><strong><img loading=\"lazy\" class=\"alignnone wp-image-670 lazy-load-active\" src=\"https:\/\/tapvu247.com\/wp-content\/uploads\/2019\/05\/check.png\" alt=\"\" width=\"17\" height=\"17\" data-src=\"https:\/\/tapvu247.com\/wp-content\/uploads\/2019\/05\/check.png\" \/>\u00a0<\/strong>S\u1eed d\u1ee5ng c\u00f4ng ngh\u1ec7 h\u00e0ng \u0111\u1ea7u<\/i><\/b><\/p>\n<p>Trong qu\u00e1 tr\u00ecnh v\u1ec7 sinh v\u0103n ph\u00f2ng ch\u00fang t\u00f4i s\u1eed d\u1ee5ng ch\u1ea5t kh\u1eed tr\u00f9ng an to\u00e0n \u1edf b\u1ec7nh vi\u1ec7n v\u00e0 th\u00e2n thi\u1ec7n v\u1edbi m\u00f4i tr\u01b0\u1eddng. Ngo\u00e0i ra, trong qu\u00e1 tr\u00ecnh v\u1ec7 sinh ch\u00fang t\u00f4i c\u00f2n s\u1eed d\u1ee5ng d\u1ecbch l\u1ecdc HEPA v\u00e0 kh\u0103n lau s\u1ee3i nh\u1ecf \u0111\u1ec3 gi\u1ea3m \u00f4 nhi\u1ec5m ch\u00e9o. V\u00ec v\u1eady, khi \u0111\u1ebfn v\u1edbi c\u00e1c d\u1ecbch v\u1ee5 c\u1ee7a ch\u00fang t\u00f4i kh\u00e1ch h\u00e0ng ho\u00e0n to\u00e0n c\u00f3 th\u1ec3 y\u00ean t\u00e2m v\u1ec1 c\u00e1c h\u00f3a ch\u1ea5t khi v\u1ec7 sinh.<\/p>\n\t<div class=\"img has-hover x md-x lg-x y md-y lg-y\" id=\"image_228829596\">\n\t\t\t\t\t\t\t\t<div class=\"img-inner dark\" >\n\t\t\t<img width=\"1020\" height=\"320\" src=\"https:\/\/webmaibinh.com\/w\/vesinh2011\/wp-content\/uploads\/2019\/05\/ve-sinh-van-phong.jpg\" class=\"attachment-original size-original\" alt=\"\" loading=\"lazy\" srcset=\"https:\/\/webmaibinh.com\/w\/vesinh2011\/wp-content\/uploads\/2019\/05\/ve-sinh-van-phong.jpg 1020w, https:\/\/webmaibinh.com\/w\/vesinh2011\/wp-content\/uploads\/2019\/05\/ve-sinh-van-phong-300x94.jpg 300w, https:\/\/webmaibinh.com\/w\/vesinh2011\/wp-content\/uploads\/2019\/05\/ve-sinh-van-phong-768x241.jpg 768w\" sizes=\"(max-width: 1020px) 100vw, 1020px\" \/>\t\t\t\t\t\t\n\t\t\t\t\t<\/div>\n\t\t\t\t\t\t\t\t\n<style scope=\"scope\">\n\n#image_228829596 {\n  width: 100%;\n}\n<\/style>\n\t<\/div>\n\t\n<p><b><i><strong><img loading=\"lazy\" class=\"alignnone wp-image-670 lazy-load-active\" src=\"https:\/\/tapvu247.com\/wp-content\/uploads\/2019\/05\/check.png\" alt=\"\" width=\"17\" height=\"17\" data-src=\"https:\/\/tapvu247.com\/wp-content\/uploads\/2019\/05\/check.png\" \/>\u00a0<\/strong>V\u0103n ph\u00f2ng c\u1ee7a Qu\u00fd kh\u00e1ch lu\u00f4n s\u1ea1ch s\u1ebd<\/i><\/b><\/p>\n<p>\u0110\u1ea3m b\u1ea3o Qu\u00fd kh\u00e1ch s\u1ebd c\u1ea3m th\u1ea5y h\u00e0i l\u00f2ng khi s\u1eed d\u1ee5ng d\u1ecbch v\u1ee5 v\u1ec7 sinh v\u0103n ph\u00f2ng c\u1ee7a Tapvu247.com b\u1edfi ch\u1ebf \u0111\u1ed9 kh\u1eed tr\u00f9ng c\u00f3 th\u1ec3 gi\u1ebft ch\u1ebft 99% vi khu\u1ea9n. Gi\u00fap cho v\u0103n ph\u00f2ng c\u1ee7a Kh\u00e1ch h\u00e0ng lu\u00f4n s\u1ea1ch b\u00f3ng v\u00e0 kh\u00f4ng c\u00f3 c\u00e1c vi khu\u1ea9n g\u00e2y b\u1ec7nh.<\/p>\n<p><b><i>Tapvu247.com chuy\u00ean nghi\u1ec7p, uy t\u00edn, ch\u1ea5t l\u01b0\u1ee3ng<\/i><\/b><\/p>\n<p>Ch\u00fang t\u00f4i chuy\u00ean cung c\u1ea5p c\u00e1c d\u1ecbch v\u1ee5 nh\u01b0: gi\u00fap vi\u1ec7c nh\u00e0, v\u1ec7 sinh v\u0103n ph\u00f2ng, s\u1eeda ch\u1eefa nh\u00e0 c\u1eeda t\u1ea1i Th\u00e0nh Ph\u1ed1 V\u0169ng T\u00e0u. S\u1ef1 chuy\u00ean nghi\u1ec7p, uy t\u00edn, ch\u1ea5t l\u01b0\u1ee3ng c\u1ee7a c\u00f4ng ty \u0111\u01b0\u1ee3c \u0111\u00e1nh gi\u00e1 qua s\u1ef1 h\u00e0i l\u00f2ng v\u00e0 tin t\u01b0\u1edfng c\u1ee7a kh\u00e1ch h\u00e0ng.<\/p>\n<p>C\u00f4ng ty ch\u00fang t\u00f4i lu\u00f4n ho\u1ea1t \u0111\u1ed9ng v\u1edbi ph\u01b0\u01a1ng ch\u00e2m \u201cMang \u0111\u1ebfn kh\u00f4ng gian xanh cho m\u1ecdi ng\u01b0\u1eddi\u201d. Tr\u01b0\u1edbc khi k\u00fd h\u1ee3p \u0111\u1ed3ng th\u1ef1c hi\u1ec7n d\u1ecbch v\u1ee5 v\u1ec7 sinh ch\u00fang t\u00f4i lu\u00f4n b\u00e1o gi\u00e1 r\u00f5 r\u00e0ng v\u00e0 kh\u00f4ng ph\u00e1t sinh b\u1ea5t k\u1ef3 kho\u1ea3n chi ph\u00ed n\u00e0o th\u00eam.<\/p>\n<p><i>Ch\u00fang t\u00f4i s\u1ebd mang \u0111\u1ebfn cho Qu\u00fd kh\u00e1ch s\u1ef1 h\u00e0i l\u00f2ng v\u1ec1 ch\u1ea5t l\u01b0\u1ee3ng<\/i><\/p>\n<p><b><i><strong><img loading=\"lazy\" class=\"alignnone wp-image-670 lazy-load-active\" src=\"https:\/\/tapvu247.com\/wp-content\/uploads\/2019\/05\/check.png\" alt=\"\" width=\"17\" height=\"17\" data-src=\"https:\/\/tapvu247.com\/wp-content\/uploads\/2019\/05\/check.png\" \/>\u00a0<\/strong>Gi\u00e1 c\u1ea3 c\u1ee7a c\u00e1c d\u1ecbch v\u1ee5 t\u1ea1i Tapvu247.com<\/i><\/b><\/p>\n<p>Tr\u01b0\u1edbc khi k\u00fd h\u1ee3p \u0111\u1ed3ng th\u1ef1c hi\u1ec7n d\u1ecbch v\u1ee5 v\u1ec7 sinh ch\u00fang t\u00f4i s\u1ebd b\u00e1o gi\u00e1 chi ti\u1ebft, r\u00f5 r\u00e0ng c\u00e1c danh m\u1ee5c c\u1ea7n l\u00e0m \u0111\u1ec3 kh\u00e1ch h\u00e0ng tham kh\u1ea3o v\u00e0 l\u1ef1a ch\u1ecdn. Tuy nhi\u00ean, khi \u0111\u1ebfn v\u1edbi c\u00e1c d\u1ecbch v\u1ee5 v\u1ec7 sinh c\u1ee7a ch\u00fang t\u00f4i kh\u00e1ch h\u00e0ng ho\u00e0n to\u00e0n c\u00f3 th\u1ec3 y\u00ean t\u00e2m v\u1ec1 gi\u00e1 c\u1ea3 v\u00ec kh\u00f4ng \u1edf \u0111\u00e2u c\u00f3 th\u1ec3 r\u1ebb h\u01a1n Tapvu247.com. Hi\u1ec7n t\u1ea1i ch\u00fang t\u00f4i c\u00f3 b\u1ea3ng b\u00e1o gi\u00e1 c\u00e1c d\u1ecbch v\u1ee5:\u00a0<b>thu\u00ea ng\u01b0\u1eddi gi\u00fap vi\u1ec7c theo gi\u1edd, t\u00ecm ng\u01b0\u1eddi gi\u00fap vi\u1ec7c, gi\u00fap vi\u1ec7c nh\u00e0, gi\u00fap vi\u1ec7c theo gi\u1edd\u2026.<\/b><\/p>\n<p><b>M\u1ed9t s\u1ed1 d\u1ecbch v\u1ee5 hi\u1ec7n c\u00f3 t\u1ea1i Tapvu247.com<\/b><\/p>\n<p>Hi\u1ec7n nay, c\u00f4ng ty ch\u00fang t\u00f4i cung c\u1ea5p m\u1ed9t s\u1ed1 d\u1ecbch v\u1ee5 \u0111\u1ec3 kh\u00e1ch h\u00e0ng l\u1ef1a ch\u1ecdn nh\u01b0: gi\u00fap vi\u1ec7c nh\u00e0, v\u1ec7 sinh v\u0103n ph\u00f2ng, v\u1ec7 sinh c\u00f4ng nghi\u1ec7p. B\u00ean c\u1ea1nh \u0111\u00f3, c\u00f2n c\u00f3 lau k\u00ednh nh\u00e0 cao t\u1ea7ng, s\u1eeda ch\u1eefa nh\u00e0 c\u1eeda \u0111\u1ec3 kh\u00e1ch h\u00e0ng l\u1ef1a ch\u1ecdn.<\/p>\n<p>Hy v\u1ecdng, nh\u1eefng th\u00f4ng tin v\u1ec1 \u0111\u1ecba ch\u1ec9 v\u1ec7 sinh v\u0103n ph\u00f2ng c\u1ee7a ch\u00fang t\u00f4i s\u1ebd gi\u00fap Qu\u00fd kh\u00e1ch c\u00f3 nh\u1eefng th\u00f4ng tin chi ti\u1ebft v\u1ec1 nh\u00e0 cung c\u1ea5p d\u1ecbch v\u1ee5 ch\u1ea5t l\u01b0\u1ee3ng, uy t\u00edn. Khi Qu\u00fd kh\u00e1ch c\u00f3 nhu c\u1ea7u v\u1ec1\u00a0<b>thu\u00ea ng\u01b0\u1eddi gi\u00fap vi\u1ec7c theo gi\u1edd, t\u00ecm ng\u01b0\u1eddi gi\u00fap vi\u1ec7c<\/b>\u00a0nh\u00e0, v\u1ec7 sinh nh\u00e0 h\u00e3y li\u00ean h\u1ec7 v\u1edbi Tapvu247 qua s\u1ed1 Hotline:\u00a0<strong>0907 082 999<\/strong><\/p>\n\t\t<\/div>\n\t<\/div>\n\n\t\n<\/div>\n\t\t<\/div>\n\n\t\t\n<style scope=\"scope\">\n\n#section_707822577 {\n  padding-top: 30px;\n  padding-bottom: 30px;\n}\n<\/style>\n\t<\/section>\n\t\n","protected":false},"excerpt":{"rendered":"","protected":false},"author":2,"featured_media":0,"parent":0,"menu_order":0,"comment_status":"closed","ping_status":"closed","template":"page-blank.php","meta":[],"_links":{"self":[{"href":"https:\/\/webmaibinh.com\/w\/vesinh2011\/wp-json\/wp\/v2\/pages\/427"}],"collection":[{"href":"https:\/\/webmaibinh.com\/w\/vesinh2011\/wp-json\/wp\/v2\/pages"}],"about":[{"href":"https:\/\/webmaibinh.com\/w\/vesinh2011\/wp-json\/wp\/v2\/types\/page"}],"author":[{"embeddable":true,"href":"https:\/\/webmaibinh.com\/w\/vesinh2011\/wp-json\/wp\/v2\/users\/2"}],"replies":[{"embeddable":true,"href":"https:\/\/webmaibinh.com\/w\/vesinh2011\/wp-json\/wp\/v2\/comments?post=427"}],"version-history":[{"count":0,"href":"https:\/\/webmaibinh.com\/w\/vesinh2011\/wp-json\/wp\/v2\/pages\/427\/revisions"}],"wp:attachment":[{"href":"https:\/\/webmaibinh.com\/w\/vesinh2011\/wp-json\/wp\/v2\/media?parent=427"}],"curies":[{"name":"wp","href":"https:\/\/api.w.org\/{rel}","templated":true}]}}