{"id":417,"date":"2019-05-20T15:55:07","date_gmt":"2019-05-20T08:55:07","guid":{"rendered":"https:\/\/vesinhcongnghiep.khowebseotop.vn\/?page_id=417"},"modified":"2019-05-20T16:16:01","modified_gmt":"2019-05-20T09:16:01","slug":"dich-vu-danh-bong-san","status":"publish","type":"page","link":"https:\/\/webmaibinh.com\/w\/vesinh2011\/dich-vu-danh-bong-san\/","title":{"rendered":"D\u1ecbch v\u1ee5 \u0111\u00e1nh b\u00f3ng s\u00e0n"},"content":{"rendered":"<div><strong>Ch\u00e0 s\u00e0n \u0111\u00e1nh b\u00f3ng s\u00e0n<\/strong>\u00a0l\u00e0 c\u00f4ng vi\u1ec7c \u0111\u1ecbnh k\u1ef3 b\u1ea1n c\u1ea7n th\u1ef1c hi\u1ec7n cho s\u00e0n nh\u00e0 c\u1ee7a m\u00ecnh. T\u1ea1i c\u00e1c n\u01a1i \u0111\u00f4ng ng\u01b0\u1eddi qua l\u1ea1i nh\u01b0 c\u00e1c trung t\u00e2m th\u01b0\u01a1ng m\u1ea1i, nh\u00e0 ga, s\u00e2n bay th\u00ec c\u1ea7n \u0111\u00e1nh s\u00e0n nhi\u1ec1u h\u01a1n b\u1eb1ng c\u00e1c m\u00e1y \u0111\u00e1nh s\u00e0n li\u00ean h\u1ee3p.\u00a0<strong>Quy tr\u00ecnh ch\u00e0 s\u00e0n<\/strong>\u00a0v\u1edbi c\u00e1c c\u00f4ng ty v\u1ec7 sinh kh\u00f4ng c\u00f2n xa l\u1ea1 g\u00ec. T\u1ea1i \u0111\u00e2y, Cleanhouse chia s\u1ebb quy tr\u00ecnh n\u00e0y cho ng\u01b0\u1eddi m\u1edbi b\u1eaft \u0111\u1ea7u.\u00a0Trong c\u00e1c h\u1ea1ng m\u1ee5c c\u00f4ng tr\u00ecnh, c\u00e1c h\u1ea1ng m\u1ee5c xu\u1ed1ng c\u1ea5p v\u00e0 c\u00e1c v\u1ea5n \u0111\u1ec1 ch\u1ee7 y\u1ebfu: m\u1eb7t \u0111\u00e1 b\u1ecb \u1ed1 v\u00e0ng, b\u1ecb b\u00e1m b\u1ee5i b\u1ea9n l\u00e2u ng\u00e0y, m\u1eb7t s\u00e0n kh\u00f4ng c\u00f2n s\u00e1ng b\u00f3ng c\u1ea7n th\u1ef1c hi\u1ec7n ch\u00e0 s\u00e0n \u0111\u00e1nh b\u00f3ng s\u00e0n.<\/div>\n<h2><strong>Quy tr\u00ecnh ch\u00e0 s\u00e0n \u0111\u00e1nh b\u00f3ng s\u00e0n<\/strong><\/h2>\n<div>M\u00e1y m\u00f3c v\u00e0 d\u1ee5ng c\u1ee5 v\u1ec7 sinh c\u1ea7n chu\u1ea9n b\u1ecb<br \/>\nC\u00e1c lo\u1ea1i bi\u1ec3n b\u00e1o nh\u01b0 bi\u1ec3n b\u00e1o \u0111ang th\u1ef1c hi\u1ec7n v\u1ec7 sinh, bi\u1ec3n b\u00e1o s\u00e0n \u01b0\u1edbt.<\/div>\n<div>H\u00f3a ch\u1ea5t v\u1ec7 sinh: \u0111\u00e1nh s\u00e0n, b\u00f3ng s\u00e0n, h\u00f3a ch\u1ea5t t\u1ea9y r\u1eeda.<\/div>\n<div>M\u00e1y m\u00e0i n\u1ec1n b\u00ea t\u00f4ng, m\u00e1y \u0111\u00e1nh s\u00e0n, m\u00e1y h\u00fat b\u1ee5i b\u00ea t\u00f4ng\/h\u00fat n\u01b0\u1edbc, b\u00ecnh x\u1ecbt h\u00f3a ch\u1ea5t, \u0111\u0129a \u0111\u00e1nh b\u00f3ng b\u00ea t\u00f4ng seclean \u0111\u1ea7u s\u1ed1 30, 50, 100, 200, 400,,800,1500,3000, pad \u0111\u00e1nh s\u00e0n c\u00e1c lo\u1ea1i \u0111en \u0111\u1ecf tr\u1eafng, keo ch\u1ed1ng n\u1ee9t, v\u00e0 m\u1ed9t s\u1ed1 d\u1ee5ng c\u1ee5 v\u1ec7 sinh kh\u00e1c.<\/div>\n<div>B\u01b0\u1edbc 2: D\u1ecdn d\u1eb9p khu v\u1ef1c l\u00e0m vi\u1ec7c v\u00e0 \u0111\u00e1nh gi\u00e1 b\u1ec1 m\u1eb7t \u0111\u00e1<\/div>\n<div>B\u1ea1n c\u1ea7n d\u1ecdn d\u1eb9p c\u00e1c \u0111\u1ed3 \u0111\u1ea1c ra kh\u1ecfi ph\u1ea1m vi l\u00e0m vi\u1ec7c tr\u01b0\u1edbc khi b\u1eaft tay v\u00e0o c\u00f4ng vi\u1ec7c. B\u01b0\u1edbc ti\u1ebfp theo l\u00e0 ph\u00e1 b\u1ecf l\u1edbp c\u0169. Sau \u0111\u00f3 t\u1ea1o \u0111\u01b0\u1eddng ron m\u1edbi \u0111\u1ec1u v\u00e0 \u0111\u1eb9p h\u01a1n b\u1eb1ng keo chuy\u00ean d\u1ee5ng. T\u00e1c d\u1ee5ng c\u1ee7a lo\u1ea1i keo n\u00e0y ng\u0103n b\u00e1m b\u1ea9n v\u00e0 s\u1ebd b\u00f3ng l\u00ean khi \u0111\u00e1nh b\u00f3ng \u0111\u00e1.<\/div>\n<div><\/div>\n<div><\/div>\n<div><img loading=\"lazy\" title=\"D\u1ecbch v\u1ee5 ch\u00e0 s\u00e0n \u0111\u00e1nh b\u00f3ng s\u00e0n \" src=\"http:\/\/media.cleanhouse.com.vn\/js\/tiny_mce\/plugins\/imagemanager\/files\/ve-sinh-toa-nha-dinh-ky4.jpg\" alt=\"D\u1ecbch v\u1ee5 ch\u00e0 s\u00e0n \u0111\u00e1nh b\u00f3ng s\u00e0n \" width=\"500\" height=\"375\" \/><\/div>\n<h2><strong>H\u01b0\u1edbng d\u1eabn ch\u00e0 s\u00e0n \u0111\u00e1nh b\u00f3ng s\u00e0n<\/strong><\/h2>\n<div>B\u01b0\u1edbc 3: Ti\u1ebfn h\u00e0nh \u0111\u00e1nh s\u00e0n<\/div>\n<div>B\u01b0\u1edbc 4: Ch\u1ed1ng th\u1ea5m<br \/>\nS\u1eed d\u1ee5ng h\u00f3a ch\u1ea5t ch\u1ed1ng th\u1ea5m \u0111\u1ec3 ng\u0103n n\u01b0\u1edbc v\u00e0 v\u1ebft b\u1ea9n th\u1ea5m v\u00e0o \u0111\u00e1 gi\u00fap t\u0103ng c\u01b0\u1eddng tu\u1ed5i th\u1ecd v\u00e0 V\u1ec7 sinh l\u1ea1i s\u00e0n \u0111\u00e1. Kh\u00e2u cu\u1ed1i c\u00f9ng b\u1ea1n s\u1eed d\u1ee5ng h\u00f3a ch\u1ea5t \u0111\u1ec3 trung h\u00f2a v\u00e0 lau ch\u00f9i to\u00e0n b\u1ed9 c\u00e1c h\u00f3a ch\u1ea5t, b\u1ee5i b\u1ea9n c\u00f2n s\u00f3t l\u1ea1i trong qu\u00e1 tr\u00ecnh \u0111\u00e1nh b\u00f3ng.<\/div>\n<div><\/div>\n<div>V\u1edbi kinh nghi\u1ec7m nhi\u1ec1u n\u0103m trong l\u0129nh v\u1ef1c l\u00e0m s\u1ea1ch,\u00a0c\u00f4ng ty v\u1ec7 sinh Cleanhousecung c\u1ea5p c\u00e1c d\u1ecbch v\u1ee5 v\u1ec7 sinh, t\u01b0 v\u1ea5n v\u00e0 c\u00e1c lo\u1ea1i m\u00e1y\u00a0<strong>ch\u00e0 s\u00e0n<\/strong>\u00a0c\u00f9ng v\u1edbi h\u00f3a ch\u1ea5t v\u1ec7 sinh c\u00f4ng nghi\u1ec7p chuy\u00ean d\u1ee5ng. Ch\u00fang t\u00f4i s\u1eb5n s\u00e0ng t\u01b0 v\u1ea5n cho b\u1ea1n 24\/7.<\/div>\n","protected":false},"excerpt":{"rendered":"<p>Ch\u00e0 s\u00e0n \u0111\u00e1nh b\u00f3ng s\u00e0n\u00a0l\u00e0 c\u00f4ng vi\u1ec7c \u0111\u1ecbnh k\u1ef3 b\u1ea1n c\u1ea7n th\u1ef1c hi\u1ec7n cho s\u00e0n nh\u00e0 c\u1ee7a m\u00ecnh. T\u1ea1i c\u00e1c n\u01a1i \u0111\u00f4ng ng\u01b0\u1eddi qua l\u1ea1i nh\u01b0 c\u00e1c trung t\u00e2m th\u01b0\u01a1ng m\u1ea1i, nh\u00e0 ga, s\u00e2n bay th\u00ec c\u1ea7n \u0111\u00e1nh s\u00e0n nhi\u1ec1u h\u01a1n b\u1eb1ng c\u00e1c m\u00e1y \u0111\u00e1nh s\u00e0n li\u00ean h\u1ee3p.\u00a0Quy tr\u00ecnh ch\u00e0 s\u00e0n\u00a0v\u1edbi c\u00e1c c\u00f4ng ty v\u1ec7 &#8230;<\/p>\n","protected":false},"author":2,"featured_media":0,"parent":0,"menu_order":0,"comment_status":"closed","ping_status":"closed","template":"page-right-sidebar.php","meta":[],"_links":{"self":[{"href":"https:\/\/webmaibinh.com\/w\/vesinh2011\/wp-json\/wp\/v2\/pages\/417"}],"collection":[{"href":"https:\/\/webmaibinh.com\/w\/vesinh2011\/wp-json\/wp\/v2\/pages"}],"about":[{"href":"https:\/\/webmaibinh.com\/w\/vesinh2011\/wp-json\/wp\/v2\/types\/page"}],"author":[{"embeddable":true,"href":"https:\/\/webmaibinh.com\/w\/vesinh2011\/wp-json\/wp\/v2\/users\/2"}],"replies":[{"embeddable":true,"href":"https:\/\/webmaibinh.com\/w\/vesinh2011\/wp-json\/wp\/v2\/comments?post=417"}],"version-history":[{"count":0,"href":"https:\/\/webmaibinh.com\/w\/vesinh2011\/wp-json\/wp\/v2\/pages\/417\/revisions"}],"wp:attachment":[{"href":"https:\/\/webmaibinh.com\/w\/vesinh2011\/wp-json\/wp\/v2\/media?parent=417"}],"curies":[{"name":"wp","href":"https:\/\/api.w.org\/{rel}","templated":true}]}}