{"id":386,"date":"2019-05-20T13:46:30","date_gmt":"2019-05-20T06:46:30","guid":{"rendered":"https:\/\/vesinhcongnghiep.khowebseotop.vn\/?page_id=386"},"modified":"2019-05-20T13:54:30","modified_gmt":"2019-05-20T06:54:30","slug":"dich-vu-ve-sinh-cong-nghiep","status":"publish","type":"page","link":"https:\/\/webmaibinh.com\/w\/vesinh2011\/dich-vu-ve-sinh-cong-nghiep\/","title":{"rendered":"D\u1ecbch v\u1ee5 v\u1ec7 sinh c\u00f4ng nghi\u1ec7p"},"content":{"rendered":"\t<div class=\"img has-hover x md-x lg-x y md-y lg-y\" id=\"image_1847458296\">\n\t\t\t\t\t\t\t\t<div class=\"img-inner dark\" >\n\t\t\t<img width=\"1920\" height=\"432\" src=\"https:\/\/webmaibinh.com\/w\/vesinh2011\/wp-content\/uploads\/2019\/05\/slider01.jpg\" class=\"attachment-original size-original\" alt=\"\" loading=\"lazy\" srcset=\"https:\/\/webmaibinh.com\/w\/vesinh2011\/wp-content\/uploads\/2019\/05\/slider01.jpg 1920w, https:\/\/webmaibinh.com\/w\/vesinh2011\/wp-content\/uploads\/2019\/05\/slider01-300x68.jpg 300w, https:\/\/webmaibinh.com\/w\/vesinh2011\/wp-content\/uploads\/2019\/05\/slider01-768x173.jpg 768w, https:\/\/webmaibinh.com\/w\/vesinh2011\/wp-content\/uploads\/2019\/05\/slider01-1024x230.jpg 1024w\" sizes=\"(max-width: 1920px) 100vw, 1920px\" \/>\t\t\t\t\t\t\n\t\t\t\t\t<\/div>\n\t\t\t\t\t\t\t\t\n<style scope=\"scope\">\n\n#image_1847458296 {\n  width: 100%;\n}\n<\/style>\n\t<\/div>\n\t\n\t<section class=\"section\" id=\"section_915912863\">\n\t\t<div class=\"bg section-bg fill bg-fill  bg-loaded\" >\n\n\t\t\t\n\t\t\t\n\t\t\t\n\n\t\t<\/div>\n\n\t\t<div class=\"section-content relative\">\n\t\t\t\n<div class=\"row\"  id=\"row-408595844\">\n\n\t<div class=\"col medium-8 small-12 large-8\"  >\n\t\t<div class=\"col-inner\"  >\n\t\t\t\n\t\t\t\n<h2>D\u1ecbch v\u1ee5 v\u1ec7 sinh c\u00f4ng nghi\u1ec7p uy t\u00edn<\/h2>\n<div id=\"row-868430432\" class=\"row\">\n<div class=\"col small-12 large-12\">\n<div class=\"col-inner\">\n<p>Tapvu247 l\u00e0 \u0111\u1ecba ch\u1ec9 chuy\u00ean cung c\u1ea5p d\u1ecbch v\u1ee5\u00a0<strong>v\u1ec7 sinh c\u00f4ng nghi\u1ec7p\u00a0<\/strong>chuy\u00ean nghi\u1ec7p, gi\u00e1 r\u1ebb nh\u1eadn \u0111\u01b0\u1ee3c nhi\u1ec1u s\u1ef1 l\u1ef1a ch\u1ecdn c\u1ee7a kh\u00e1ch h\u00e0ng. D\u1ecbch v\u1ee5 mang t\u1edbi nhi\u1ec1u \u01b0u \u0111i\u1ec3m v\u1edbi \u0111\u1ed9i ng\u0169 nh\u00e2n vi\u00ean chuy\u00ean nghi\u1ec7p, trang thi\u1ebft b\u1ecb hi\u1ec7n \u0111\u1ea1i, ti\u00ean ti\u1ebfn, d\u1ecbch v\u1ee5 \u0111a d\u1ea1ng, gi\u00e1 c\u1ea3 ph\u1ea3i ch\u0103ng.<\/p>\n<p>Tapvu247 \u2013 \u0111\u1ecba ch\u1ec9 chuy\u00ean cung c\u1ea5p d\u1ecbch v\u1ee5 v\u1ec7 sinh c\u00f4ng nghi\u1ec7p chuy\u00ean nghi\u1ec7p.<\/p>\n<p>Tapvu247 cam k\u1ebft mang t\u1edbi cho kh\u00e1ch h\u00e0ng d\u1ecbch v\u1ee5 uy t\u00edn, chuy\u00ean nghi\u1ec7p nh\u1ea5t. M\u1ecdi th\u00f4ng tin chi ti\u1ebft xin vui l\u00f2ng li\u00ean h\u1ec7 s\u1ed1 \u0111i\u1ec7n tho\u1ea1i 0907.082.999 \u0111\u1ec3 s\u1eed d\u1ee5ng d\u1ecbch v\u1ee5\u00a0<strong>v\u1ec7 sinh c\u00f4ng nghi\u1ec7p\u00a0<\/strong><strong>V\u0169ng T\u00e0u<\/strong><strong>.<\/strong><\/p>\n<\/div>\n<\/div>\n<\/div>\n\t\t<\/div>\n\t<\/div>\n\n\t\n\n\t<div class=\"col medium-4 small-12 large-4\"  >\n\t\t<div class=\"col-inner\"  >\n\t\t\t\n\t\t\t\n\t<div class=\"img has-hover x md-x lg-x y md-y lg-y\" id=\"image_252534158\">\n\t\t\t\t\t\t\t\t<div class=\"img-inner dark\" >\n\t\t\t<img width=\"400\" height=\"267\" src=\"https:\/\/webmaibinh.com\/w\/vesinh2011\/wp-content\/uploads\/2019\/05\/giup-viec-nha-co-be-day-kinh-nghiem.jpg\" class=\"attachment-large size-large\" alt=\"\" loading=\"lazy\" srcset=\"https:\/\/webmaibinh.com\/w\/vesinh2011\/wp-content\/uploads\/2019\/05\/giup-viec-nha-co-be-day-kinh-nghiem.jpg 400w, https:\/\/webmaibinh.com\/w\/vesinh2011\/wp-content\/uploads\/2019\/05\/giup-viec-nha-co-be-day-kinh-nghiem-300x200.jpg 300w\" sizes=\"(max-width: 400px) 100vw, 400px\" \/>\t\t\t\t\t\t\n\t\t\t\t\t<\/div>\n\t\t\t\t\t\t\t\t\n<style scope=\"scope\">\n\n#image_252534158 {\n  width: 100%;\n}\n<\/style>\n\t<\/div>\n\t\n\t\t<\/div>\n\t<\/div>\n\n\t\n\n\t<div class=\"col small-12 large-12\"  >\n\t\t<div class=\"col-inner\"  >\n\t\t\t\n\t\t\t\n\t<div class=\"img has-hover x md-x lg-x y md-y lg-y\" id=\"image_209694465\">\n\t\t\t\t\t\t\t\t<div class=\"img-inner dark\" >\n\t\t\t<img width=\"1024\" height=\"382\" src=\"https:\/\/webmaibinh.com\/w\/vesinh2011\/wp-content\/uploads\/2019\/05\/chuyen-cung-cap-dich-vu-ve-sinh-cong-nghiep-tai-vung-tau-1024x382-1.jpg\" class=\"attachment-original size-original\" alt=\"\" loading=\"lazy\" srcset=\"https:\/\/webmaibinh.com\/w\/vesinh2011\/wp-content\/uploads\/2019\/05\/chuyen-cung-cap-dich-vu-ve-sinh-cong-nghiep-tai-vung-tau-1024x382-1.jpg 1024w, https:\/\/webmaibinh.com\/w\/vesinh2011\/wp-content\/uploads\/2019\/05\/chuyen-cung-cap-dich-vu-ve-sinh-cong-nghiep-tai-vung-tau-1024x382-1-300x112.jpg 300w, https:\/\/webmaibinh.com\/w\/vesinh2011\/wp-content\/uploads\/2019\/05\/chuyen-cung-cap-dich-vu-ve-sinh-cong-nghiep-tai-vung-tau-1024x382-1-768x287.jpg 768w\" sizes=\"(max-width: 1024px) 100vw, 1024px\" \/>\t\t\t\t\t\t\n\t\t\t\t\t<\/div>\n\t\t\t\t\t\t\t\t\n<style scope=\"scope\">\n\n#image_209694465 {\n  width: 100%;\n}\n<\/style>\n\t<\/div>\n\t\n\t\t<\/div>\n\t<\/div>\n\n\t\n<\/div>\n\t\t<\/div>\n\n\t\t\n<style scope=\"scope\">\n\n#section_915912863 {\n  padding-top: 30px;\n  padding-bottom: 30px;\n}\n<\/style>\n\t<\/section>\n\t\n\t<section class=\"section\" id=\"section_817694220\">\n\t\t<div class=\"bg section-bg fill bg-fill  bg-loaded\" >\n\n\t\t\t\n\t\t\t\n\t\t\t\n\n\t\t<\/div>\n\n\t\t<div class=\"section-content relative\">\n\t\t\t\n<div class=\"row\"  id=\"row-1642500115\">\n\n\t<div class=\"col small-12 large-12\"  >\n\t\t<div class=\"col-inner\"  >\n\t\t\t\n\t\t\t\n<div class=\"container section-title-container\" ><h2 class=\"section-title section-title-center\"><b><\/b><span class=\"section-title-main\" >t\u1ea1i sao ph\u1ea3i d\u00f9ng d\u1ecbch v\u1ee5 v\u1ec7 sinh c\u00f4ng nghi\u1ec7p?<\/span><b><\/b><\/h2><\/div>\n\t<div id=\"gap-855611694\" class=\"gap-element clearfix\" style=\"display:block; height:auto;\">\n\t\t\n<style scope=\"scope\">\n\n#gap-855611694 {\n  padding-top: 14px;\n}\n<\/style>\n\t<\/div>\n\t\n<p>Vi\u1ec7c s\u1eed d\u1ee5ng d\u1ecbch v\u1ee5 v\u1ec7 sinh c\u00f4ng nghi\u1ec7p l\u00e0 r\u1ea5t c\u1ea7n thi\u1ebft, b\u1edfi d\u1ecbch v\u1ee5 mang l\u1ea1i r\u1ea5t nhi\u1ec1u l\u1ee3i \u00edch cho kh\u00e1ch h\u00e0ng, cho doanh nghi\u1ec7p s\u1eed d\u1ee5ng nh\u01b0:<\/p>\n<ul>\n<li>Gi\u00fap kh\u00f4ng gian nh\u00e0 x\u01b0\u1edfng \u0111\u01b0\u1ee3c s\u1ea1ch s\u1ebd h\u01a1n.<\/li>\n<li>Th\u1eddi gian v\u1ec7 sinh nhanh ch\u00f3ng b\u1edfi nh\u00e2n vi\u00ean chuy\u00ean nghi\u1ec7p, trang thi\u1ebft b\u1ecb hi\u1ec7n \u0111\u1ea1i.<\/li>\n<li>Ti\u1ebft ki\u1ec7m \u0111\u01b0\u1ee3c chi ph\u00ed cho doanh nghi\u1ec7p.<\/li>\n<li>Mang l\u1ea1i hi\u1ec7u qu\u1ea3 l\u00e0m vi\u1ec7c cao h\u01a1n cho nh\u00e2n vi\u00ean.<\/li>\n<li>B\u1ea3o v\u1ec7 s\u1ee9c kh\u1ecfe cho nh\u00e2n vi\u00ean, t\u1ea1o kh\u00f4ng gian l\u00e0m vi\u1ec7c tho\u00e1ng m\u00e1t.<\/li>\n<li>\u0110\u1ea3m b\u1ea3o an to\u00e0n cho ng\u01b0\u1eddi s\u1eed d\u1ee5ng b\u00ec nh\u1eefng bi\u1ec7n ph\u00e1p v\u1ec7 sinh \u0111\u1ec1u hi\u1ec7n \u0111\u1ea1i v\u00e0 \u0111\u1ea3m b\u1ea3o ti\u00eau chu\u1ea9n.<\/li>\n<\/ul>\n\t\t<\/div>\n\t<\/div>\n\n\t\n<\/div>\n\t\t<\/div>\n\n\t\t\n<style scope=\"scope\">\n\n#section_817694220 {\n  padding-top: 30px;\n  padding-bottom: 30px;\n  background-color: rgb(246, 246, 246);\n}\n<\/style>\n\t<\/section>\n\t\n\t<section class=\"section\" id=\"section_843335941\">\n\t\t<div class=\"bg section-bg fill bg-fill  bg-loaded\" >\n\n\t\t\t\n\t\t\t\n\t\t\t\n\n\t\t<\/div>\n\n\t\t<div class=\"section-content relative\">\n\t\t\t\n<div class=\"row\"  id=\"row-1754373007\">\n\n\t<div class=\"col medium-6 small-12 large-6\"  >\n\t\t<div class=\"col-inner\"  >\n\t\t\t\n\t\t\t\n<p><strong><b><i><img loading=\"lazy\" class=\"alignnone wp-image-670 lazy-load-active\" src=\"https:\/\/tapvu247.com\/wp-content\/uploads\/2019\/05\/check.png\" alt=\"\" width=\"17\" height=\"17\" data-src=\"https:\/\/tapvu247.com\/wp-content\/uploads\/2019\/05\/check.png\" \/>\u00a0<\/i><\/b>Tapvu247 \u2013 \u0111\u1ecba ch\u1ec9 cung c\u1ea5p d\u1ecbch v\u1ee5 v\u1ec7 sinh c\u00f4ng nghi\u1ec7p chuy\u00ean nghi\u1ec7p<\/strong><\/p>\n<p>M\u1ed9t trong nh\u1eefng \u0111\u1ecba ch\u1ec9 chuy\u00ean cung c\u1ea5p d\u1ecbch v\u1ee5 v\u1ec7 sinh uy t\u00edn, gi\u00e1 r\u1ebb v\u00e0 chuy\u00ean nghi\u1ec7p \u0111\u00f3 l\u00e0 Tapvu247. D\u1ecbch v\u1ee5 s\u1edf h\u1eefu nhi\u1ec1u \u0111i\u1ec3m m\u1ea1nh m\u00e0 c\u00e1c d\u1ecbch v\u1ee5 kh\u00e1c kh\u00f4ng c\u00f3 \u0111\u01b0\u1ee3c.<\/p>\n<p><strong><em>\u0110\u1ed9i ng\u0169 nh\u00e2n vi\u00ean chuy\u00ean nghi\u1ec7p<\/em><\/strong><\/p>\n<p>H\u1ea7u h\u1ebft t\u1ea5t c\u1ea3 c\u00e1c nh\u00e2n vi\u00ean v\u1ec7 sinh c\u1ee7a ch\u00fang t\u00f4i \u0111\u1ec1u l\u00e0 nh\u1eefng ng\u01b0\u1eddi chuy\u00ean nghi\u1ec7p, \u0111\u01b0\u1ee3c \u0111\u00e0o t\u1ea1o b\u00e0i b\u1ea3n v\u00e0 c\u00f3 tay ngh\u1ec1 cao. Nh\u01b0 v\u1eady s\u1ebd gi\u00fap c\u00f4ng vi\u1ec7c \u0111\u01b0\u1ee3c th\u1ef1c hi\u1ec7n nhanh ch\u00f3ng, \u0111\u1ea3m b\u1ea3o, mang l\u1ea1i m\u1ed9t kh\u00f4ng gian s\u1ea1ch s\u1ebd, \u0111\u1ea3m b\u1ea3o an to\u00e0n nh\u1ea5t.<\/p>\n<p>Kh\u00f4ng ch\u1ec9 nh\u00e2n vi\u00ean v\u1ec7 sinh m\u00e0 nh\u00e2n vi\u00ean t\u01b0 v\u1ea5n c\u0169ng r\u1ea5t t\u1eadn t\u00ecnh v\u00e0 t\u00e2m huy\u1ebft. Ch\u00fang t\u00f4i c\u00f2n s\u1eb5n s\u00e0ng h\u1ed7 tr\u1ee3 kh\u00e1ch h\u00e0ng, gi\u1ea3i quy\u1ebft nh\u1eefng th\u1eafc m\u1eafc m\u1ecdi l\u00fac m\u1ecdi n\u01a1i trong th\u1eddi gian s\u1edbm nh\u1ea5t.<\/p>\n\t\t<\/div>\n\t<\/div>\n\n\t\n\n\t<div class=\"col medium-6 small-12 large-6\"  >\n\t\t<div class=\"col-inner\"  >\n\t\t\t\n\t\t\t\n\t<div class=\"img has-hover x md-x lg-x y md-y lg-y\" id=\"image_1194796759\">\n\t\t\t\t\t\t\t\t<div class=\"img-inner dark\" >\n\t\t\t<img width=\"1920\" height=\"432\" src=\"https:\/\/webmaibinh.com\/w\/vesinh2011\/wp-content\/uploads\/2019\/05\/slider-02.jpg\" class=\"attachment-original size-original\" alt=\"\" loading=\"lazy\" srcset=\"https:\/\/webmaibinh.com\/w\/vesinh2011\/wp-content\/uploads\/2019\/05\/slider-02.jpg 1920w, https:\/\/webmaibinh.com\/w\/vesinh2011\/wp-content\/uploads\/2019\/05\/slider-02-300x68.jpg 300w, https:\/\/webmaibinh.com\/w\/vesinh2011\/wp-content\/uploads\/2019\/05\/slider-02-768x173.jpg 768w, https:\/\/webmaibinh.com\/w\/vesinh2011\/wp-content\/uploads\/2019\/05\/slider-02-1024x230.jpg 1024w\" sizes=\"(max-width: 1920px) 100vw, 1920px\" \/>\t\t\t\t\t\t\n\t\t\t\t\t<\/div>\n\t\t\t\t\t\t\t\t\n<style scope=\"scope\">\n\n#image_1194796759 {\n  width: 100%;\n}\n<\/style>\n\t<\/div>\n\t\n<p><strong><em><b><i><img loading=\"lazy\" class=\"alignnone wp-image-670 lazy-load-active\" src=\"https:\/\/tapvu247.com\/wp-content\/uploads\/2019\/05\/check.png\" alt=\"\" width=\"17\" height=\"17\" data-src=\"https:\/\/tapvu247.com\/wp-content\/uploads\/2019\/05\/check.png\" \/>\u00a0<\/i><\/b>Ti\u1ebft ki\u1ec7m v\u1ec1 m\u1ecdi m\u1eb7t<\/em><\/strong><\/p>\n<p>Th\u1ee9 nh\u1ea5t l\u00e0 ti\u1ebft ki\u1ec7m th\u1eddi gian, c\u00f4ng s\u1ee9c. Khi thu\u00ea d\u1ecbch v\u1ee5 v\u1ec7 sinh doanh nghi\u1ec7p kh\u00f4ng ph\u1ea3i t\u1ed1n th\u1eddi gian c\u0169ng nh\u01b0 c\u00f4ng s\u1ee9c gi\u00e1m s\u00e1t qu\u00e1 tr\u00ecnh l\u00e0m vi\u1ec7c, ch\u1ec9 sau khi vi\u1ec7c v\u1ec7 sinh \u0111\u01b0\u1ee3c th\u1ef1c hi\u1ec7n xong m\u1edbi ti\u1ebfn h\u00e0nh ki\u1ec3m tra. Ngo\u00e0i ra c\u00f2n ti\u1ebft ki\u1ec7m \u0111\u01b0\u1ee3c chi ph\u00ed mua m\u00e1y m\u00f3c \u0111\u1ec3 ph\u1ee5c v\u1ee5 cho vi\u1ec7c v\u1ec7 sinh.<\/p>\n<p>N\u1ebfu kh\u00f4ng thu\u00ea d\u1ecbch v\u1ee5 th\u00ec doanh nghi\u1ec7p c\u0169ng v\u1eabn ph\u1ea3i thu\u00ea nh\u00e2n vi\u00ean v\u1ec7 sinh h\u00e0ng ng\u00e0y v\u00e0 t\u1ea5t nhi\u00ean s\u1ebd ph\u1ea3i tr\u1ea3 m\u1ed9t kho\u1ea3n ti\u1ec1n kha kh\u00e1. Tuy nhi\u00ean, v\u1edbi d\u1ecbch v\u1ee5 v\u1ec7 sinh b\u1ea1n s\u1ebd ch\u1ec9 ph\u1ea3i b\u1ecf ra m\u1ed9t kho\u1ea3n ti\u1ec1n nh\u1ea5t \u0111\u1ecbnh theo g\u00f3i d\u1ecbch v\u1ee5 m\u00e0 b\u1ea1n \u0111\u00e3 \u0111\u0103ng k\u00fd. Nh\u01b0 v\u1eady ti\u1ebft ki\u1ec7m \u0111\u01b0\u1ee3c r\u1ea5t nhi\u1ec1u chi ph\u00ed.<\/p>\n\t\t<\/div>\n\t<\/div>\n\n\t\n<\/div>\n\t\t<\/div>\n\n\t\t\n<style scope=\"scope\">\n\n#section_843335941 {\n  padding-top: 41px;\n  padding-bottom: 41px;\n}\n<\/style>\n\t<\/section>\n\t\n\t<section class=\"section\" id=\"section_2003376055\">\n\t\t<div class=\"bg section-bg fill bg-fill  bg-loaded\" >\n\n\t\t\t\n\t\t\t\n\t\t\t\n\n\t\t<\/div>\n\n\t\t<div class=\"section-content relative\">\n\t\t\t\n<div class=\"row row-small\"  id=\"row-587641393\">\n\n\t<div class=\"col medium-4 small-12 large-4\"  >\n\t\t<div class=\"col-inner\"  >\n\t\t\t\n\t\t\t\n\n\t\t<div class=\"icon-box featured-box icon-box-center text-center\"  >\n\t\t\t\t\t<div class=\"icon-box-img\" style=\"width: 95px\">\n\t\t\t\t<div class=\"icon\">\n\t\t\t\t\t<div class=\"icon-inner\" >\n\t\t\t\t\t\t<img width=\"232\" height=\"232\" src=\"https:\/\/webmaibinh.com\/w\/vesinh2011\/wp-content\/uploads\/2019\/05\/icon-001.png\" class=\"attachment-medium size-medium\" alt=\"\" loading=\"lazy\" srcset=\"https:\/\/webmaibinh.com\/w\/vesinh2011\/wp-content\/uploads\/2019\/05\/icon-001.png 232w, https:\/\/webmaibinh.com\/w\/vesinh2011\/wp-content\/uploads\/2019\/05\/icon-001-150x150.png 150w\" sizes=\"(max-width: 232px) 100vw, 232px\" \/>\t\t\t\t\t<\/div>\n\t\t\t\t<\/div>\n\t\t\t<\/div>\n\t\t\t\t<div class=\"icon-box-text last-reset\">\n\t\t\t\t\t\t\t\t\t\n<h3 style=\"text-align: center;\"><span style=\"color: #00a859;\">D\u1ecbch v\u1ee5 \u0111a d\u1ea1ng<\/span><\/h3>\n<p style=\"text-align: center;\"><span style=\"font-size: 95%;\">Tapvu247 cung c\u1ea5p kh\u00f4ng ch\u1ec9 m\u1ed9t m\u00e0 r\u1ea5t nhi\u1ec1u g\u00f3i d\u1ecbch v\u1ee5 v\u1ec7 sinh \u0111a d\u1ea1ng, \u0111\u1ea3m b\u1ea3o ch\u1ea5t l\u01b0\u1ee3ng kh\u00e1c nh\u01b0: <\/span><span style=\"font-size: 95%;\">Gi\u00fap vi\u1ec7c nh\u00e0, <\/span><span style=\"font-size: 95%;\"><strong>\u1ea1p v\u1ee5 v\u0103n ph\u00f2ng<\/strong>, nh\u00e0 x\u01b0\u1edfng, chung c\u01b0, tr\u01b0\u1eddng h\u1ecdc, t\u1ed5ng v\u1ec7 sinh, <\/span><span style=\"font-size: 95%;\">Lau k\u00ednh nh\u00e0 cao t\u1ea7ng, <\/span><span style=\"font-size: 95%;\">S\u01a1n nh\u00e0,\u00a0<\/span><span style=\"font-size: 95%;\">S\u1eeda ch\u1eefa nh\u00e0 c\u1eeda, \u0111i\u1ec7n n\u01b0\u1edbc<\/span><\/p>\n\t\t<\/div>\n\t<\/div>\n\t\n\t\n\t\t<\/div>\n\t<\/div>\n\n\t\n\n\t<div class=\"col medium-4 small-12 large-4\"  >\n\t\t<div class=\"col-inner\"  >\n\t\t\t\n\t\t\t\n\n\t\t<div class=\"icon-box featured-box icon-box-center text-center\"  >\n\t\t\t\t\t<div class=\"icon-box-img\" style=\"width: 95px\">\n\t\t\t\t<div class=\"icon\">\n\t\t\t\t\t<div class=\"icon-inner\" >\n\t\t\t\t\t\t<img width=\"232\" height=\"232\" src=\"https:\/\/webmaibinh.com\/w\/vesinh2011\/wp-content\/uploads\/2019\/05\/icon-002.png\" class=\"attachment-medium size-medium\" alt=\"\" loading=\"lazy\" srcset=\"https:\/\/webmaibinh.com\/w\/vesinh2011\/wp-content\/uploads\/2019\/05\/icon-002.png 232w, https:\/\/webmaibinh.com\/w\/vesinh2011\/wp-content\/uploads\/2019\/05\/icon-002-150x150.png 150w\" sizes=\"(max-width: 232px) 100vw, 232px\" \/>\t\t\t\t\t<\/div>\n\t\t\t\t<\/div>\n\t\t\t<\/div>\n\t\t\t\t<div class=\"icon-box-text last-reset\">\n\t\t\t\t\t\t\t\t\t\n<h3 style=\"text-align: center;\"><span style=\"color: #00a859; font-size: 95%;\">Trang thi\u1ebft b\u1ecb, m\u00e1y m\u00f3c hi\u1ec7n \u0111\u1ea1i<\/span><\/h3>\n<p style=\"text-align: center;\"><span style=\"font-size: 95%;\"><strong>Thi\u1ebft b\u1ecb v\u1ec7 sinh<\/strong>, m\u00e1y m\u00f3c ph\u1ee5c v\u1ee5 cho vi\u1ec7c v\u1ec7 sinh \u0111\u1ec1u \u0111\u01b0\u1ee3c nh\u1eadp kh\u1ea9u t\u1eeb nh\u1eefng th\u01b0\u01a1ng hi\u1ec7u n\u1ed5i ti\u1ebfng n\u00ean \u0111\u1ea3m b\u1ea3o an to\u00e0n. H\u01a1n h\u1ebft, c\u00f2n \u0111\u01b0\u1ee3c t\u00edch h\u1ee3p nh\u1eefng c\u00f4ng ngh\u1ec7 hi\u1ec7n \u0111\u1ea1i, ti\u00ean ti\u1ebfn nh\u1ea5t th\u1ebf gi\u1edbi n\u00ean gi\u00fap cho vi\u1ec7c v\u1ec7 sinh \u0111\u01b0\u1ee3c d\u1ec5 d\u00e0ng h\u01a1n.<\/span><\/p>\n\t\t<\/div>\n\t<\/div>\n\t\n\t\n\t\t<\/div>\n\t<\/div>\n\n\t\n\n\t<div class=\"col medium-4 small-12 large-4\"  >\n\t\t<div class=\"col-inner\"  >\n\t\t\t\n\t\t\t\n\n\t\t<div class=\"icon-box featured-box icon-box-center text-center\"  >\n\t\t\t\t\t<div class=\"icon-box-img\" style=\"width: 95px\">\n\t\t\t\t<div class=\"icon\">\n\t\t\t\t\t<div class=\"icon-inner\" >\n\t\t\t\t\t\t<img width=\"232\" height=\"232\" src=\"https:\/\/webmaibinh.com\/w\/vesinh2011\/wp-content\/uploads\/2019\/05\/icon-003.png\" class=\"attachment-medium size-medium\" alt=\"\" loading=\"lazy\" srcset=\"https:\/\/webmaibinh.com\/w\/vesinh2011\/wp-content\/uploads\/2019\/05\/icon-003.png 232w, https:\/\/webmaibinh.com\/w\/vesinh2011\/wp-content\/uploads\/2019\/05\/icon-003-150x150.png 150w\" sizes=\"(max-width: 232px) 100vw, 232px\" \/>\t\t\t\t\t<\/div>\n\t\t\t\t<\/div>\n\t\t\t<\/div>\n\t\t\t\t<div class=\"icon-box-text last-reset\">\n\t\t\t\t\t\t\t\t\t\n<h3 style=\"text-align: center;\"><span style=\"color: #00a859; font-size: 95%;\">Gi\u00e1 c\u1ea3 ph\u1ea3i ch\u0103ng<\/span><\/h3>\n<p style=\"text-align: center;\"><span style=\"font-size: 95%;\">Ch\u00fang t\u00f4i cung c\u1ea5p d\u1ecbch v\u1ee5 tr\u1ef1c ti\u1ebfp v\u1edbi kh\u00e1ch h\u00e0ng v\u00e0 kh\u00f4ng qua b\u1ea5t k\u1ef3 kh\u00e2u trung gian n\u00e0o n\u00ean c\u00f3 gi\u00e1 r\u1ea5t ph\u1ea3i ch\u0103ng. H\u01a1n n\u1eefa, nh\u00e2n vi\u00ean chuy\u00ean nghi\u1ec7p, trang thi\u1ebft b\u1ecb m\u00e1y m\u00f3c hi\u1ec7n \u0111\u1ea1i n\u00ean th\u1eddi gian th\u1ef1c hi\u1ec7n nhanh ch\u00f3ng. Cho n\u00ean gi\u00e1 d\u1ecbch v\u1ee5 v\u1ec7 sinh c\u00f4ng nghi\u1ec7p ph\u1ea3i ch\u0103ng, th\u1eadm ch\u00ed l\u00e0 r\u1ebb h\u01a1n so v\u1edbi nh\u1eefng \u0111\u1ecba ch\u1ec9 kh\u00e1c l\u00e0 \u0111i\u1ec1u \u0111\u01b0\u01a1ng nhi\u00ean.<\/span><\/p>\n\t\t<\/div>\n\t<\/div>\n\t\n\t\n\t\t<\/div>\n\t<\/div>\n\n\t\n\n<style scope=\"scope\">\n\n<\/style>\n<\/div>\n\t\t<\/div>\n\n\t\t\n<style scope=\"scope\">\n\n#section_2003376055 {\n  padding-top: 30px;\n  padding-bottom: 30px;\n  background-color: rgb(246, 246, 246);\n}\n<\/style>\n\t<\/section>\n\t\n","protected":false},"excerpt":{"rendered":"","protected":false},"author":2,"featured_media":0,"parent":0,"menu_order":0,"comment_status":"closed","ping_status":"closed","template":"page-blank.php","meta":[],"_links":{"self":[{"href":"https:\/\/webmaibinh.com\/w\/vesinh2011\/wp-json\/wp\/v2\/pages\/386"}],"collection":[{"href":"https:\/\/webmaibinh.com\/w\/vesinh2011\/wp-json\/wp\/v2\/pages"}],"about":[{"href":"https:\/\/webmaibinh.com\/w\/vesinh2011\/wp-json\/wp\/v2\/types\/page"}],"author":[{"embeddable":true,"href":"https:\/\/webmaibinh.com\/w\/vesinh2011\/wp-json\/wp\/v2\/users\/2"}],"replies":[{"embeddable":true,"href":"https:\/\/webmaibinh.com\/w\/vesinh2011\/wp-json\/wp\/v2\/comments?post=386"}],"version-history":[{"count":0,"href":"https:\/\/webmaibinh.com\/w\/vesinh2011\/wp-json\/wp\/v2\/pages\/386\/revisions"}],"wp:attachment":[{"href":"https:\/\/webmaibinh.com\/w\/vesinh2011\/wp-json\/wp\/v2\/media?parent=386"}],"curies":[{"name":"wp","href":"https:\/\/api.w.org\/{rel}","templated":true}]}}