{"id":27,"date":"2019-05-20T09:36:07","date_gmt":"2019-05-20T02:36:07","guid":{"rendered":"https:\/\/vesinhcongnghiep.khowebseotop.vn\/?page_id=27"},"modified":"2020-05-09T11:37:39","modified_gmt":"2020-05-09T04:37:39","slug":"lien-he","status":"publish","type":"page","link":"https:\/\/webmaibinh.com\/w\/vesinh2011\/lien-he\/","title":{"rendered":"Li\u00ean h\u1ec7"},"content":{"rendered":"<div class=\"row row-small\"  id=\"row-1503708600\">\n\n\t<div class=\"col small-12 large-12\"  >\n\t\t<div class=\"col-inner\"  >\n\t\t\t\n\t\t\t\n<p><iframe style=\"border: 0;\" src=\"https:\/\/www.google.com\/maps\/embed?pb=!1m18!1m12!1m3!1d15595.289696314236!2d109.15232939836599!3d12.260293322408835!2m3!1f0!2f0!3f0!3m2!1i1024!2i768!4f13.1!3m3!1m2!1s0x31705d02944c611d%3A0x6a94ac6104fa431e!2zQ8OUTkcgVFkgVE5ISCBEViBW4buGIFNJTkggQ8OUTkcgTkdISeG7hlAgS0jDgU5IIFhVw4JO!5e0!3m2!1svi!2s!4v1564675504965!5m2!1svi!2s\" width=\"100%\" height=\"250\" frameborder=\"0\" allowfullscreen=\"allowfullscreen\"><\/iframe><\/p>\n\t\t<\/div>\n\t<\/div>\n\n\t\n\n\t<div class=\"col medium-7 small-12 large-7\"  >\n\t\t<div class=\"col-inner\"  >\n\t\t\t\n\t\t\t\n<h2>Th\u00f4ng tin li\u00ean h\u1ec7<\/h2>\n<p><strong>C\u00d4NG TY TNHH TH\u01af\u01a0NG M\u1ea0I D\u1ecaCH V\u1ee4 V\u1ec6 SINH C\u00d4NG NGHI\u1ec6P<\/strong><\/p>\n<p>L\u00e0 \u0111\u01a1n v\u1ecb c\u00f3 th\u00e2m ni\u00ean trong ng\u00e0nh v\u1ec7 sinh c\u00f4ng nghi\u1ec7p, ch\u00fang t\u00f4i t\u00edch l\u0169y \u0111\u01b0\u1ee3c nhi\u1ec1u kinh nghi\u1ec7m khi thi c\u00f4ng d\u1ecbch v\u1ee5, v\u1edbi nh\u01b0ng kinh nghi\u1ec7m \u0111\u00f3 gi\u00fap ch\u00fang t\u00f4i r\u00fat ng\u1eafn \u0111\u01b0\u1ee3c th\u1eddi gian thic \u00f4ng c\u0169ng nh\u01b0 c\u00f4ng \u0111o\u1ea1n v\u00ec v\u1eady gi\u00e1 th\u00e0nh lu\u00f4n \u0111\u01b0\u1ee3c \u0111\u00e0m b\u1ea3o t\u1ed1t nh\u1ea5t<\/p>\n<ul>\n<li><strong>Li\u00ean h\u1ec7:<\/strong> C\u00f4ng ty V\u1ec7 sinh AB<\/li>\n<li><strong>Phone:<\/strong> 0999.999.999<\/li>\n<li><strong>Email:<\/strong> email@gmail.com<\/li>\n<li><strong>Website:<\/strong> www.tenweb.vn<\/li>\n<\/ul>\n\t\t<\/div>\n\t<\/div>\n\n\t\n\n\t<div class=\"col medium-5 small-12 large-5\"  >\n\t\t<div class=\"col-inner\"  >\n\t\t\t\n\t\t\t\n<div role=\"form\" class=\"wpcf7\" id=\"wpcf7-f492-o1\" lang=\"vi\" dir=\"ltr\">\n<div class=\"screen-reader-response\"><p role=\"status\" aria-live=\"polite\" aria-atomic=\"true\"><\/p> <ul><\/ul><\/div>\n<form action=\"\/w\/vesinh2011\/wp-json\/wp\/v2\/pages\/27#wpcf7-f492-o1\" method=\"post\" class=\"wpcf7-form init\" novalidate=\"novalidate\" data-status=\"init\">\n<div style=\"display: none;\">\n<input type=\"hidden\" name=\"_wpcf7\" value=\"492\" \/>\n<input type=\"hidden\" name=\"_wpcf7_version\" value=\"5.3\" \/>\n<input type=\"hidden\" name=\"_wpcf7_locale\" value=\"vi\" \/>\n<input type=\"hidden\" name=\"_wpcf7_unit_tag\" value=\"wpcf7-f492-o1\" \/>\n<input type=\"hidden\" name=\"_wpcf7_container_post\" value=\"0\" \/>\n<input type=\"hidden\" name=\"_wpcf7_posted_data_hash\" value=\"\" \/>\n<\/div>\n<div class=\"form-lien-he\">\n<div class=\"row-form\">\n<div class=\"left\">\n<span class=\"wpcf7-form-control-wrap text-719\"><input type=\"text\" name=\"text-719\" value=\"\" size=\"40\" class=\"wpcf7-form-control wpcf7-text wpcf7-validates-as-required\" aria-required=\"true\" aria-invalid=\"false\" placeholder=\"H\u1ecd v\u00e0 t\u00ean...\" \/><\/span><br \/>\n<span class=\"wpcf7-form-control-wrap text-714\"><input type=\"text\" name=\"text-714\" value=\"\" size=\"40\" class=\"wpcf7-form-control wpcf7-text\" aria-invalid=\"false\" placeholder=\"Nh\u1eadp \u0111\u1ecba ch\u1ec9...\" \/><\/span>\n<\/div>\n<div class=\"right\">\n<span class=\"wpcf7-form-control-wrap email-683\"><input type=\"email\" name=\"email-683\" value=\"\" size=\"40\" class=\"wpcf7-form-control wpcf7-text wpcf7-email wpcf7-validates-as-email\" aria-invalid=\"false\" placeholder=\"\u0110\u1ecba ch\u1ec9 email...\" \/><\/span><br \/>\n<span class=\"wpcf7-form-control-wrap tel-551\"><input type=\"tel\" name=\"tel-551\" value=\"\" size=\"40\" class=\"wpcf7-form-control wpcf7-text wpcf7-tel wpcf7-validates-as-required wpcf7-validates-as-tel\" aria-required=\"true\" aria-invalid=\"false\" placeholder=\"S\u1ed1 \u0111i\u1ec7n tho\u1ea1i...\" \/><\/span>\n<\/div>\n<\/div>\n<p><span class=\"wpcf7-form-control-wrap text-744\"><input type=\"text\" name=\"text-744\" value=\"\" size=\"40\" class=\"wpcf7-form-control wpcf7-text\" aria-invalid=\"false\" placeholder=\"D\u1ecbch v\u1ee5 b\u1ea1n c\u1ea7n t\u01b0 v\u1ea5n...\" \/><\/span><br \/>\n<span class=\"wpcf7-form-control-wrap textarea-28\"><textarea name=\"textarea-28\" cols=\"40\" rows=\"10\" class=\"wpcf7-form-control wpcf7-textarea\" aria-invalid=\"false\" placeholder=\"Ghi ch\u00fa th\u00eam...\"><\/textarea><\/span><br \/>\n<input type=\"submit\" value=\"G\u1eedi li\u00ean h\u1ec7\" class=\"wpcf7-form-control wpcf7-submit\" \/>\n<\/p><\/div>\n<div class=\"wpcf7-response-output\" aria-hidden=\"true\"><\/div><\/form><\/div>\n\t\t<\/div>\n\t<\/div>\n\n\t\n\n<style scope=\"scope\">\n\n<\/style>\n<\/div>\n","protected":false},"excerpt":{"rendered":"","protected":false},"author":2,"featured_media":0,"parent":0,"menu_order":0,"comment_status":"closed","ping_status":"closed","template":"","meta":[],"_links":{"self":[{"href":"https:\/\/webmaibinh.com\/w\/vesinh2011\/wp-json\/wp\/v2\/pages\/27"}],"collection":[{"href":"https:\/\/webmaibinh.com\/w\/vesinh2011\/wp-json\/wp\/v2\/pages"}],"about":[{"href":"https:\/\/webmaibinh.com\/w\/vesinh2011\/wp-json\/wp\/v2\/types\/page"}],"author":[{"embeddable":true,"href":"https:\/\/webmaibinh.com\/w\/vesinh2011\/wp-json\/wp\/v2\/users\/2"}],"replies":[{"embeddable":true,"href":"https:\/\/webmaibinh.com\/w\/vesinh2011\/wp-json\/wp\/v2\/comments?post=27"}],"version-history":[{"count":8,"href":"https:\/\/webmaibinh.com\/w\/vesinh2011\/wp-json\/wp\/v2\/pages\/27\/revisions"}],"predecessor-version":[{"id":677,"href":"https:\/\/webmaibinh.com\/w\/vesinh2011\/wp-json\/wp\/v2\/pages\/27\/revisions\/677"}],"wp:attachment":[{"href":"https:\/\/webmaibinh.com\/w\/vesinh2011\/wp-json\/wp\/v2\/media?parent=27"}],"curies":[{"name":"wp","href":"https:\/\/api.w.org\/{rel}","templated":true}]}}