{"id":23,"date":"2019-05-20T13:29:59","date_gmt":"2019-05-20T06:29:59","guid":{"rendered":"https:\/\/vesinhcongnghiep.khowebseotop.vn\/?page_id=23"},"modified":"2019-05-20T13:36:41","modified_gmt":"2019-05-20T06:36:41","slug":"gioi-thieu","status":"publish","type":"page","link":"https:\/\/webmaibinh.com\/w\/vesinh2011\/gioi-thieu\/","title":{"rendered":"Gi\u1edbi thi\u1ec7u"},"content":{"rendered":"\t<div class=\"img has-hover x md-x lg-x y md-y lg-y\" id=\"image_206329397\">\n\t\t\t\t\t\t\t\t<div class=\"img-inner dark\" >\n\t\t\t<img width=\"1920\" height=\"543\" src=\"https:\/\/webmaibinh.com\/w\/vesinh2011\/wp-content\/uploads\/2019\/05\/gioi-thieu.jpg\" class=\"attachment-original size-original\" alt=\"\" loading=\"lazy\" srcset=\"https:\/\/webmaibinh.com\/w\/vesinh2011\/wp-content\/uploads\/2019\/05\/gioi-thieu.jpg 1920w, https:\/\/webmaibinh.com\/w\/vesinh2011\/wp-content\/uploads\/2019\/05\/gioi-thieu-300x85.jpg 300w, https:\/\/webmaibinh.com\/w\/vesinh2011\/wp-content\/uploads\/2019\/05\/gioi-thieu-768x217.jpg 768w, https:\/\/webmaibinh.com\/w\/vesinh2011\/wp-content\/uploads\/2019\/05\/gioi-thieu-1024x290.jpg 1024w\" sizes=\"(max-width: 1920px) 100vw, 1920px\" \/>\t\t\t\t\t\t\n\t\t\t\t\t<\/div>\n\t\t\t\t\t\t\t\t\n<style scope=\"scope\">\n\n#image_206329397 {\n  width: 100%;\n}\n<\/style>\n\t<\/div>\n\t\n\t<section class=\"section\" id=\"section_1414775377\">\n\t\t<div class=\"bg section-bg fill bg-fill  bg-loaded\" >\n\n\t\t\t\n\t\t\t\n\t\t\t\n\n\t\t<\/div>\n\n\t\t<div class=\"section-content relative\">\n\t\t\t\n<div class=\"row row-small\"  id=\"row-1423305736\">\n\n\t<div class=\"col medium-3 small-12 large-3\"  >\n\t\t<div class=\"col-inner\"  >\n\t\t\t\n\t\t\t\n<h3 style=\"text-align: center;\">T\u1ea6M NH\u00ccN V\u00c0 S\u1ee8 M\u1ec6NH<\/h3>\n<blockquote>\n<p style=\"text-align: center;\"><span style=\"color: #00a859;\"><strong>&#8220;Mang \u0111\u1ebfn kh\u00f4ng gian xanh&#8221;<\/strong><\/span><\/p>\n<\/blockquote>\n\t\t<\/div>\n\t<\/div>\n\n\t\n\n\t<div class=\"col medium-9 small-12 large-9\"  >\n\t\t<div class=\"col-inner\"  >\n\t\t\t\n\t\t\t\n<p><strong>Tapvu247<\/strong>\u00a0ra \u0111\u1eddi v\u1edbi mong mu\u1ed1n mang \u0111\u1ebfn m\u1ed9t kh\u00f4ng gian s\u1ed1ng s\u1ea1ch s\u1ebd, trong l\u00e0nh, tho\u1ea3i m\u00e1i v\u00e0 h\u1ea1nh ph\u00fac cho c\u00e1c gia \u0111\u00ecnh. Kh\u00f4ng nh\u1eefng th\u1ebf, v\u1edbi c\u00e1c d\u1ecbch v\u1ee5 v\u1ec7 sinh v\u0103n ph\u00f2ng, ch\u00fang t\u00f4i c\u00f2n h\u01b0\u1edbng \u0111\u1ebfn s\u1ef1 ti\u1ec7n nghi v\u00e0 th\u00e0nh c\u00f4ng cho c\u00e1c c\u00f4ng ty\u2026<\/p>\n<p><strong>Tapvu247<\/strong>\u00a0v\u1edbi s\u1ee9 m\u1ec7nh n\u1ed7 l\u1ef1c t\u1eebng ng\u00e0y trong vi\u1ec7c tr\u1edf th\u00e0nh \u0111\u01a1n v\u1ecb cung c\u1ea5p c\u00e1c d\u1ecbch v\u1ee5 d\u1ecdn d\u1eb9p h\u00e0ng \u0111\u1ea7u tr\u00ean th\u1ecb tr\u01b0\u1eddng c\u00f9ng nh\u1eefng gi\u1ea3i ph\u00e1p linh ho\u1ea1t v\u00e0 to\u00e0n di\u1ec7n nh\u1ea5t.<\/p>\n\t\t<\/div>\n\t<\/div>\n\n\t\n\n<style scope=\"scope\">\n\n<\/style>\n<\/div>\n\t\t<\/div>\n\n\t\t\n<style scope=\"scope\">\n\n#section_1414775377 {\n  padding-top: 30px;\n  padding-bottom: 30px;\n}\n<\/style>\n\t<\/section>\n\t\n\t<section class=\"section\" id=\"section_1188502164\">\n\t\t<div class=\"bg section-bg fill bg-fill  bg-loaded\" >\n\n\t\t\t\n\t\t\t\n\t\t\t\n\n\t\t<\/div>\n\n\t\t<div class=\"section-content relative\">\n\t\t\t\n<div class=\"row\"  id=\"row-2105710603\">\n\n\t<div class=\"col small-12 large-12\"  >\n\t\t<div class=\"col-inner\"  >\n\t\t\t\n\t\t\t\n<div class=\"container section-title-container\" ><h2 class=\"section-title section-title-center\"><b><\/b><span class=\"section-title-main\" >C\u00e1c d\u1ecbch v\u1ee5 ch\u00ednh<\/span><b><\/b><\/h2><\/div>\n\t\t<\/div>\n\t<\/div>\n\n\t\n\n\t<div class=\"col medium-3 small-12 large-3\"  >\n\t\t<div class=\"col-inner\"  >\n\t\t\t\n\t\t\t\n\n\t\t<div class=\"icon-box featured-box icon-box-center text-center\"  >\n\t\t\t\t\t<div class=\"icon-box-img\" style=\"width: 75px\">\n\t\t\t\t<div class=\"icon\">\n\t\t\t\t\t<div class=\"icon-inner\" >\n\t\t\t\t\t\t<img width=\"75\" height=\"75\" src=\"https:\/\/webmaibinh.com\/w\/vesinh2011\/wp-content\/uploads\/2019\/05\/icon-6.jpg\" class=\"attachment-medium size-medium\" alt=\"\" loading=\"lazy\" \/>\t\t\t\t\t<\/div>\n\t\t\t\t<\/div>\n\t\t\t<\/div>\n\t\t\t\t<div class=\"icon-box-text last-reset\">\n\t\t\t\t\t\t\t\t\t\n<h4 style=\"text-align: center;\">Gi\u00fap vi\u1ec7c theo gi\u1edd<\/h4>\n<p style=\"text-align: center;\"><span style=\"font-size: 95%;\">Gi\u00fap vi\u1ec7c nh\u00e0 theo gi\u1edd g\u1ed3m c\u00e1c c\u00f4ng vi\u1ec7c nh\u01b0 n\u1ea5u \u0103n, d\u1ecdn d\u1eb9p nh\u00e0 c\u1eeda, r\u1eeda b\u00e1t, h\u1ed7 tr\u1ee3 ch\u0103m s\u00f3c tr\u1ebb\u2026 Khung gi\u1edd l\u00e0m s\u1ebd t\u00f9y theo kh\u00e1ch h\u00e0ng \u0111\u0103ng k\u00fd khi ph\u00e1t sinh nhu c\u1ea7u.<\/span><\/p>\n\t\t<\/div>\n\t<\/div>\n\t\n\t\n\t\t<\/div>\n\t<\/div>\n\n\t\n\n\t<div class=\"col medium-3 small-12 large-3\"  >\n\t\t<div class=\"col-inner\"  >\n\t\t\t\n\t\t\t\n\n\t\t<div class=\"icon-box featured-box icon-box-center text-center\"  >\n\t\t\t\t\t<div class=\"icon-box-img\" style=\"width: 75px\">\n\t\t\t\t<div class=\"icon\">\n\t\t\t\t\t<div class=\"icon-inner\" >\n\t\t\t\t\t\t<img width=\"75\" height=\"75\" src=\"https:\/\/webmaibinh.com\/w\/vesinh2011\/wp-content\/uploads\/2019\/05\/icon-02.png\" class=\"attachment-medium size-medium\" alt=\"\" loading=\"lazy\" \/>\t\t\t\t\t<\/div>\n\t\t\t\t<\/div>\n\t\t\t<\/div>\n\t\t\t\t<div class=\"icon-box-text last-reset\">\n\t\t\t\t\t\t\t\t\t\n<h4 style=\"text-align: center;\">V\u1ec7 sinh c\u00f4ng nghi\u1ec7p<\/h4>\n<p style=\"text-align: center;\"><span style=\"font-size: 95%;\">\u0110\u00e2y l\u00e0 d\u1ecbch v\u1ee5 v\u1ec7 sinh d\u00e0nh cho c\u00e1c t\u00f2a nh\u00e0, khu \u0111\u00f4 th\u1ecb, v\u0103n ph\u00f2ng, h\u1ed9 gia \u0111\u00ecnh sau khi x\u00e2y d\u1ef1ng. Ng\u01b0\u1eddi gi\u00fap vi\u1ec7c chuy\u00ean nghi\u1ec7p, \u0111\u00e1p \u1ee9ng ti\u00eau chu\u1ea9n Singapore, c\u00f3 tinh th\u1ea7n tr\u00e1ch nhi\u1ec7m cao.<\/span><\/p>\n\t\t<\/div>\n\t<\/div>\n\t\n\t\n\t\t<\/div>\n\t<\/div>\n\n\t\n\n\t<div class=\"col medium-3 small-12 large-3\"  >\n\t\t<div class=\"col-inner\"  >\n\t\t\t\n\t\t\t\n\n\t\t<div class=\"icon-box featured-box icon-box-center text-center\"  >\n\t\t\t\t\t<div class=\"icon-box-img\" style=\"width: 75px\">\n\t\t\t\t<div class=\"icon\">\n\t\t\t\t\t<div class=\"icon-inner\" >\n\t\t\t\t\t\t<img width=\"75\" height=\"75\" src=\"https:\/\/webmaibinh.com\/w\/vesinh2011\/wp-content\/uploads\/2019\/05\/icon01.png\" class=\"attachment-medium size-medium\" alt=\"\" loading=\"lazy\" \/>\t\t\t\t\t<\/div>\n\t\t\t\t<\/div>\n\t\t\t<\/div>\n\t\t\t\t<div class=\"icon-box-text last-reset\">\n\t\t\t\t\t\t\t\t\t\n<h4 style=\"text-align: center;\"><span style=\"font-size: 100%;\">Gi\u00fap vi\u1ec7c theo ng\u00e0y<\/span><\/h4>\n<p style=\"text-align: center;\"><span style=\"font-size: 95%;\">Gi\u00fap vi\u1ec7c nh\u00e0 8 \u2013 9 ti\u1ebfng t\u1eeb s\u00e1ng \u0111\u1ebfn t\u1ed1i, kh\u00f4ng \u1edf l\u1ea1i, khung gi\u1edd t\u00f9y theo kh\u00e1ch h\u00e0ng \u0111\u0103ng k\u00fd. C\u00e1c c\u00f4ng vi\u1ec7c s\u1ebd bao g\u1ed3m n\u1ea5u \u0103n, r\u1eeda b\u00e1t, d\u1ecdn d\u1eb9p, ch\u0103m s\u00f3c tr\u1ebb v\u00e0 nh\u1eefng y\u00eau c\u1ea7u kh\u00e1c t\u1eeb kh\u00e1ch h\u00e0ng.<\/span><\/p>\n\t\t<\/div>\n\t<\/div>\n\t\n\t\n\t\t<\/div>\n\t<\/div>\n\n\t\n\n\t<div class=\"col medium-3 small-12 large-3\"  >\n\t\t<div class=\"col-inner\"  >\n\t\t\t\n\t\t\t\n\n\t\t<div class=\"icon-box featured-box icon-box-center text-center\"  >\n\t\t\t\t\t<div class=\"icon-box-img\" style=\"width: 75px\">\n\t\t\t\t<div class=\"icon\">\n\t\t\t\t\t<div class=\"icon-inner\" >\n\t\t\t\t\t\t<img width=\"75\" height=\"75\" src=\"https:\/\/webmaibinh.com\/w\/vesinh2011\/wp-content\/uploads\/2019\/05\/006-plumber.png\" class=\"attachment-medium size-medium\" alt=\"\" loading=\"lazy\" \/>\t\t\t\t\t<\/div>\n\t\t\t\t<\/div>\n\t\t\t<\/div>\n\t\t\t\t<div class=\"icon-box-text last-reset\">\n\t\t\t\t\t\t\t\t\t\n<h4 style=\"text-align: center;\">S\u1eeda ch\u1eefa nh\u00e0 c\u1eeda<\/h4>\n<p style=\"text-align: center;\"><span style=\"font-size: 95%;\">C\u00e1c gia \u0111\u00ecnh c\u00f3 th\u1eddi gian d\u00e0i g\u1eafn b\u00f3 trong ng\u00f4i nh\u00e0, mu\u1ed1n c\u00f3 m\u1ed9t c\u00e1i nh\u00ecn m\u1edbi m\u1ebb, c\u1ea7n c\u1ea3i t\u1ea1o l\u1ea1i kh\u00f4ng gian, hay \u0111\u01a1n gi\u1ea3n l\u00e0 mu\u1ed1n cu\u1ed9c s\u1ed1ng tr\u1edf n\u00ean t\u01b0\u01a1i m\u1edbi h\u01a1n. \u0110\u1ebfn v\u1edbi Tapvu247 kh\u00e1ch h\u00e0ng s\u1ebd lu\u00f4n \u0111\u01b0\u1ee3c \u0111\u00e1p \u1ee9ng t\u1eadn t\u00ecnh c\u00e1c y\u00eau c\u1ea7u v\u1ec1 t\u01b0 v\u1ea5n s\u1eeda ch\u1eefa nh\u00e0 m\u1ed9t c\u00e1ch t\u1ed1t nh\u1ea5t<\/span><\/p>\n\t\t<\/div>\n\t<\/div>\n\t\n\t\n\t\t<\/div>\n\t<\/div>\n\n\t\n<\/div>\n\t\t<\/div>\n\n\t\t\n<style scope=\"scope\">\n\n#section_1188502164 {\n  padding-top: 30px;\n  padding-bottom: 30px;\n  background-color: rgb(247, 247, 247);\n}\n<\/style>\n\t<\/section>\n\t\n\t<section class=\"section\" id=\"section_662626339\">\n\t\t<div class=\"bg section-bg fill bg-fill  bg-loaded\" >\n\n\t\t\t\n\t\t\t\n\t\t\t\n\n\t\t<\/div>\n\n\t\t<div class=\"section-content relative\">\n\t\t\t\n<div class=\"row\"  id=\"row-963013700\">\n\n\t<div class=\"col small-12 large-12\"  >\n\t\t<div class=\"col-inner\"  >\n\t\t\t\n\t\t\t\n<h5 class=\"uppercase\">NH\u1eeeNG CAM K\u1ebeT C\u1ee6A TAPVU247 D\u00c0NH CHO KH\u00c1CH H\u00c0NG<\/h5>\n<p>Lu\u00f4n \u0111\u1eb7t s\u1ef1 h\u00e0i l\u00f2ng c\u1ee7a kh\u00e1ch h\u00e0ng l\u00ean h\u00e0ng \u0111\u1ea7u, ch\u00fang t\u00f4i cung c\u1ea5p c\u00e1c d\u1ecbch v\u1ee5 v\u1edbi nh\u1eefng cam k\u1ebft sau:<\/p>\n<ul>\n<li>Ng\u01b0\u1eddi gi\u00fap vi\u1ec7c nh\u00e0 t\u1ea1i Tapvu247 \u0111\u1ea1t ti\u00eau chu\u1ea9n, \u0111\u00e1ng tin c\u1eady v\u00e0 c\u00f3 \u0111\u1ea7y \u0111\u1ee7 h\u1ed3 s\u01a1, th\u00f4ng tin c\u00e1 nh\u00e2n. T\u1ea5t c\u1ea3 \u0111\u1ec1u \u0111\u01b0\u1ee3c \u0111\u00e0o t\u1ea1o b\u00e0i b\u1ea3n v\u00e0 \u0111\u01b0\u1ee3c qu\u1ea3n l\u00fd b\u1edfi \u0111\u01a1n v\u1ecb Tapvu247, m\u1ed9t trong nh\u1eefng \u0111\u01a1n v\u1ecb tuy\u1ec3n ch\u1ecdn v\u00e0 \u0111\u00e0o t\u1ea1o ng\u01b0\u1eddi gi\u00fap vi\u1ec7c uy t\u00edn nh\u1ea5t hi\u1ec7n nay.<\/li>\n<\/ul>\n<p><i>Ng\u01b0\u1eddi gi\u00fap vi\u1ec7c \u0111\u00e1ng tin c\u1eady, \u0111\u01b0\u1ee3c \u0111\u00e0o t\u1ea1o b\u00e0i b\u1ea3n<\/i><\/p>\n<ul>\n<li>\u0110\u1ed9i ng\u0169 nh\u00e2n vi\u00ean t\u01b0 v\u1ea5n v\u00e0 ch\u0103m s\u00f3c kh\u00e1ch h\u00e0ng gi\u00e0u kinh nghi\u1ec7m, chuy\u00ean nghi\u1ec7p v\u00e0 t\u1eadn t\u00e2m, h\u1ed7 tr\u1ee3 kh\u00e1ch h\u00e0ng t\u1ed1i \u0111a trong vi\u1ec7c l\u1ef1a ch\u1ecdn d\u1ecbch v\u1ee5 ph\u00f9 h\u1ee3p c\u0169ng nh\u01b0 gi\u1ea3i \u0111\u00e1p c\u00e1c v\u1ea5n \u0111\u1ec1 ph\u00e1t sinh trong qu\u00e1 tr\u00ecnh s\u1eed d\u1ee5ng d\u1ecbch v\u1ee5.<\/li>\n<li>Tapvu247 t\u00ecm ng\u01b0\u1eddi gi\u00fap vi\u1ec7c nhanh ch\u00f3ng sau khi kh\u00e1ch h\u00e0ng \u0111\u0103ng k\u00fd theo nhu c\u1ea7u. Ch\u00fang t\u00f4i c\u00f2n cung c\u1ea5p \u1ee9ng d\u1ee5ng \u0111\u1ea7y \u0111\u1ee7 th\u00f4ng tin v\u1ec1 d\u1ecbch v\u1ee5 v\u00e0 ng\u01b0\u1eddi gi\u00fap vi\u1ec7c, gi\u00fap cho kh\u00e1ch h\u00e0ng ch\u1ee7 \u0111\u1ed9ng ch\u1ecdn l\u1ef1a v\u00e0 \u0111\u00e1nh gi\u00e1 m\u1ed9t c\u00e1ch ti\u1ec7n l\u1ee3i.<\/li>\n<li>\u0110\u1ea3m b\u1ea3o lu\u00f4n gi\u1eef cho ng\u00f4i nh\u00e0 s\u1ea1ch s\u1ebd v\u00e0 kh\u00f4ng c\u00f3 m\u1ea7m b\u1ec7nh v\u1edbi ch\u1ebf \u0111\u1ed9 kh\u1eed tr\u00f9ng gi\u1ebft ch\u1ebft 99% virus, vi khu\u1ea9n. H\u01a1n n\u1eefa, ch\u00fang t\u00f4i c\u00f2n s\u1eed d\u1ee5ng c\u00f4ng ngh\u1ec7 h\u00e0ng \u0111\u1ea7u v\u1edbi d\u1ecbch l\u1ecdc HEPA v\u00e0 kh\u0103n lau b\u1eb1ng s\u1ee3i nh\u1ecf \u0111\u1ec3 gi\u1ea3m t\u00ecnh tr\u1ea1ng \u00f4 nhi\u1ec5m ch\u00e9o.<\/li>\n<li>B\u1ea5t c\u1ee9 d\u1ecbch v\u1ee5 n\u00e0o Tapvu 247 c\u0169ng \u0111\u1ec1u ti\u1ebfn h\u00e0nh theo quy tr\u00ecnh khoa h\u1ecdc, logic. C\u00e1c d\u1ecbch v\u1ee5 v\u1ec7 sinh, lau k\u00ednh, s\u1eeda ch\u1eefa\u2026 \u0111\u1ea3m b\u1ea3o th\u1ef1c hi\u1ec7n trong th\u1eddi gian nhanh ch\u00f3ng m\u00e0 v\u1eabn hi\u1ec7u qu\u1ea3 cao, kh\u00f4ng l\u00e0m \u1ea3nh h\u01b0\u1edfng nhi\u1ec1u \u0111\u1ebfn vi\u1ec7c sinh ho\u1ea1t v\u00e0 c\u00f4ng vi\u1ec7c c\u1ee7a kh\u00e1ch h\u00e0ng.<\/li>\n<\/ul>\n<p><strong>Tapvu247<\/strong>\u00a0s\u1ebd l\u00e0 l\u1ef1a ch\u1ecdn l\u00fd t\u01b0\u1edfng cho c\u00e1c gia \u0111\u00ecnh, c\u00e1c v\u0103n ph\u00f2ng c\u00f4ng ty mong mu\u1ed1n \u0111\u01b0\u1ee3c t\u1eadn h\u01b0\u1edfng m\u1ed9t m\u00f4i tr\u01b0\u1eddng s\u1ea1ch s\u1ebd, tho\u1ea3i m\u00e1i. Li\u00ean h\u1ec7 ngay v\u1edbi ch\u00fang t\u00f4i qua s\u1ed1 hotline\u00a0<strong>0254 3575 908<\/strong>ho\u1eb7c\u00a0<strong>0907 082 999<\/strong>\u00a0\u0111\u1ec3 \u0111\u01b0\u1ee3c t\u01b0 v\u1ea5n nhanh ch\u00f3ng v\u00e0 chi ti\u1ebft nh\u1ea5t.<\/p>\n\t\t<\/div>\n\t<\/div>\n\n\t\n<\/div>\n\t\t<\/div>\n\n\t\t\n<style scope=\"scope\">\n\n#section_662626339 {\n  padding-top: 30px;\n  padding-bottom: 30px;\n}\n<\/style>\n\t<\/section>\n\t\n","protected":false},"excerpt":{"rendered":"","protected":false},"author":2,"featured_media":0,"parent":0,"menu_order":0,"comment_status":"closed","ping_status":"closed","template":"page-blank.php","meta":[],"_links":{"self":[{"href":"https:\/\/webmaibinh.com\/w\/vesinh2011\/wp-json\/wp\/v2\/pages\/23"}],"collection":[{"href":"https:\/\/webmaibinh.com\/w\/vesinh2011\/wp-json\/wp\/v2\/pages"}],"about":[{"href":"https:\/\/webmaibinh.com\/w\/vesinh2011\/wp-json\/wp\/v2\/types\/page"}],"author":[{"embeddable":true,"href":"https:\/\/webmaibinh.com\/w\/vesinh2011\/wp-json\/wp\/v2\/users\/2"}],"replies":[{"embeddable":true,"href":"https:\/\/webmaibinh.com\/w\/vesinh2011\/wp-json\/wp\/v2\/comments?post=23"}],"version-history":[{"count":0,"href":"https:\/\/webmaibinh.com\/w\/vesinh2011\/wp-json\/wp\/v2\/pages\/23\/revisions"}],"wp:attachment":[{"href":"https:\/\/webmaibinh.com\/w\/vesinh2011\/wp-json\/wp\/v2\/media?parent=23"}],"curies":[{"name":"wp","href":"https:\/\/api.w.org\/{rel}","templated":true}]}}