


{"id":583,"date":"2018-03-13T23:15:12","date_gmt":"2018-03-13T16:15:12","guid":{"rendered":"https:\/\/bizhostvn.com\/w\/vape\/?post_type=product&#038;p=583"},"modified":"2018-03-30T16:38:05","modified_gmt":"2018-03-30T09:38:05","slug":"drag-mod-157w-by-voopoo-made-in-korea","status":"publish","type":"product","link":"https:\/\/webmaibinh.com\/w\/vape\/san-pham\/drag-mod-157w-by-voopoo-made-in-korea\/","title":{"rendered":"Drag Mod 157W by Voopoo made in Korea"},"content":{"rendered":"<p>Box mod 2 pin Drag c\u1ee7a Voopoo \u0111\u01b0\u1ee3c t\u00edch h\u1ee3p chip Gene, t\u01b0\u01a1ng th\u00edch v\u1edbi \u1ee9ng d\u1ee5ng m\u00e1y t\u00ednh VooPoo \u0111\u1ec3 c\u00f3 th\u1ec3 t\u00f9y bi\u1ebfn v\u00e0 t\u00f9y ch\u1ec9nh thi\u1ebft l\u1eadp. Chip Gene c\u1ee7a Drag cung c\u1ea5p h\u1ec7 th\u1ed1ng TC ph\u00f9 h\u1ee3p v\u1edbi c\u00f4ng su\u1ea5t 157W v\u00e0 t\u1ed1c \u0111\u1ed9 kh\u1edfi \u0111\u1ed9ng ch\u1ec9 0.025 gi\u00e2y!<\/p>\n<p>Drag by VooPoo<\/p>\n<p>Voopoo Drag l\u00e0 m\u1ed9t box mod VW hi\u1ec7u qu\u1ea3 v\u1edbi con chip cho 95% hi\u1ec7u qu\u1ea3 c\u00f4ng su\u1ea5t. Ph\u1ea7n khung c\u1ee7a Drag \u0111\u01b0\u1ee3c l\u00e0m t\u1eeb h\u1ee3p kim k\u1ebdm v\u00e0 c\u00f3 mi\u1ebfng \u1ed1p v\u00e2n c\u00e1c bon \u1edf m\u1eb7t b\u00ean v\u00e0 logo Drag kh\u1eafc tr\u00ean n\u1eafp pin. B\u1ea1n c\u00f3 th\u1ec3 th\u00f4ng qua \u1ee9ng d\u1ee5ng VooPoo App \u0111\u1ec3 t\u00f9y ch\u1ec9nh thi\u1ebft l\u1eadp v\u00e0 th\u00eam logo t\u1ef1 ch\u1ebf.<\/p>\n<p>Th\u00f4ng s\u1ed1 k\u1ef9 thu\u1eadt<\/p>\n<p>C\u00f4ng su\u1ea5t: 5-157W<\/p>\n<p>Pin: 2 x 18650 (n\u00ean s\u1eed d\u1ee5ng chung lo\u1ea1i pin)<\/p>\n<p>K\u00edch th\u01b0\u1edbc: 90 x 54 x 24mm <\/p>\n<p>M\u00e0u s\u1eafc: \u0110en v\u1edbi m\u00e0u tr\u1eafng \/ \u0110en v\u1edbi m\u00e0u \u0111\u1ecf<\/p>\n<p>\u0110i\u1ec7n tr\u1edf th\u1ea5p nh\u1ea5t: 0.05<\/p>\n<p>TC MODE: SS, NI, TI, NC, TCR&#8230;.<\/p>\n<p>\u0110\u00e1nh gi\u00e1 nhanh:<\/p>\n<p>Phong c\u00e1ch thi\u1ebft k\u1ebf \u0111\u01a1n gi\u1ea3n t\u1ed1i \u0111a \u0111\u00fang ch\u1ea5t Drag, m\u1ecdi th\u1ee9 r\u01b0\u1eddm ra \u0111\u01b0\u1ee3c b\u1ecf \u0111i ch\u1ec9 gi\u1eef l\u1ea1i nh\u1eefng chi ti\u1ebft c\u00f3 \u00fd ngh\u0129a.<\/p>\n<p>Drag by VooPoo<\/p>\n<p>Ph\u1ea7n h\u1ed9p m\u00e1y \u0111\u01b0\u1ee3c l\u00e0m t\u1eeb h\u1ee3p kim nh\u00f4m nguy\u00ean kh\u1ed1i nh\u1eb9, v\u00e0 c\u1ef1c k\u00ec ch\u1eafc ch\u1eafn.<\/p>\n<p>Drag \u0111\u01b0\u1ee3c trang tr\u00ed b\u1eb1ng nh\u1eefng \u0111\u01b0\u1eddng outline g\u1ecdn g\u00e0ng, gi\u00fap vi\u1ec7c c\u1ea7m n\u1eafm d\u1ec5 d\u00e0ng \u0111\u1ed3ng th\u1eddi gi\u00fap m\u00e1y c\u1ee9ng c\u00e1p h\u01a1n h\u1eb3n.<\/p>\n<p>C\u00f3 2 b\u1ea3n ch\u1ec9 kh\u00e1c nhau \u1edf m\u00e0u carbon tr\u00ean th\u00e2n m\u00e1y: \u0111\u1ecf v\u00e0 \u0111en.<\/p>\n<p>M\u00e1y s\u1eed d\u1ee5ng d\u00f2ng chip Gene m\u1edbi xu\u1ea5t hi\u1ec7n tr\u00ean th\u1ecb tr\u01b0\u1eddng, nh\u01b0ng nh\u00e0 s\u1ea3n xu\u1ea5t ra n\u00f3 \u0111\u00e3 c\u00f3 m\u1eb7t tr\u00ean th\u1ecb tr\u01b0\u1eddng gia c\u00f4ng b\u1ea3ng m\u1ea1ch vape t\u1eeb r\u1ea5t l\u00e2u r\u1ed3i. Vi\u1ec7c h\u1ecd ra s\u1ea3n ph\u1ea9m ri\u00eang cho m\u00ecnh th\u1ec3 hi\u1ec7n s\u1ef1 l\u1edbn m\u1ea1nh c\u1ee7a th\u1ecb tr\u01b0\u1eddng vape, r\u1ea5t \u0111\u00e1ng m\u1eebng.<\/p>\n<p>Drag by VooPoo<\/p>\n<p>Gene chip hi\u1ec7n n\u1eafm gi\u1eef v\u1ecb tr\u00ed 1 trong kh\u1ea3 n\u0103ng heat up, t\u1ed1c \u0111\u1ed9 ra nhi\u1ec7t cho coil r\u1ea5t nhanh, ch\u1ec9 c\u00f3 0.025s. \u0110i\u1ec1u n\u00e0y r\u1ea5t c\u00f3 \u00fd ngh\u0129a v\u1edbi c\u00e1c tricker khi c\u1ea7n l\u01b0\u1ee3ng kh\u00f3i l\u1edbn \u0111\u1ec3 ti\u1ebfp kh\u00f3i m\u1ed7i khi th\u1ef1c hi\u1ec7n trick.<\/p>\n<p>M\u00e1y ch\u1ea1y 2 pin, th\u1eddi l\u01b0\u1ee3ng pin tho\u1ea3i m\u00e1i cho d\u00f9 b\u1ea1n s\u1eed d\u1ee5ng lo\u1ea1i d\u00e2y c\u00f3 ng\u1ed1n pin t\u1edbi c\u1ee1 n\u00e0o. Drag box \u0111\u01b0\u1ee3c sinh ra d\u00e0nh cho trickers.<\/p>\n<p>C\u00e1c ch\u1ebf \u0111\u1ed9 c\u1ee7a Gene chip t\u01b0\u01a1ng \u0111\u01b0\u01a1ng DNA chip, c\u0169ng c\u00f3 th\u1ec3 update firmware, t\u00f9y ch\u1ec9nh c\u00e1 nh\u00e2n (DIY). \u0110\u1ed3ng th\u1eddi t\u1ec9 l\u1ec7 tr\u1ee5c tr\u1eb7c c\u1ee7a s\u1ea3n ph\u1ea9m c\u1ef1c th\u1ea5p nh\u1edd kinh nghi\u1ec7m s\u1ea3n xu\u1ea5t bo m\u1ea1ch c\u1ee7a nh\u00e0 s\u1ea3n xu\u1ea5t \u0111\u01b0\u1ee3c t\u1eadp trung ch\u00ednh x\u00e1c cho s\u1ea3n ph\u1ea9m vape. S\u1ef1 b\u1ec1n b\u1ec9 c\u1ee7a m\u00e1y l\u00e0 \u0111i\u1ec1u c\u1ea7n ph\u1ea3i lo l\u1eafng.<\/p>\n<p>Thang \u0111i\u1ec3m: <\/p>\n<p>Ch\u1ea5t li\u1ec7u: 8<\/p>\n<p>Ki\u1ec3u d\u00e1ng: 9<\/p>\n<p>\u0110\u1ed9 th\u00f4ng minh: 9 (ngang h\u00e0ng th\u1eadm ch\u00ed c\u00f3 ph\u1ea7n nh\u1ec9nh h\u01a1n DNA hay YIHI)<\/p>\n<p>Ch\u1ea5t l\u01b0\u1ee3ng so gi\u00e1 th\u00e0nh: 9<\/p>\n<p>L\u1eddi khuy\u00ean:<\/p>\n<p>Drag ph\u00f9 h\u1ee3p v\u1edbi c\u00e1c tricker, v\u1edbi \u01b0u \u0111i\u1ec3m delay c\u1ef1c th\u1ea5p, Drag box s\u1ebd gi\u00fap b\u1ea1n c\u00f3 nhi\u1ec1u kh\u00f3i h\u01a1n trong m\u1ed7i h\u01a1i h\u00fat \u0111\u1ec3 ph\u1ee5c v\u1ee5 vi\u1ec7c t\u1eadp luy\u1ec7n hay bi\u1ec3u di\u1ec5n.<\/p>\n<p>Ph\u00f9 h\u1ee3p v\u1edbi c\u00e1c vaper y\u00eau th\u00edch phong c\u00e1ch Drag, s\u1ef1 m\u1edbi l\u1ea1 \u1edf ch\u1ea5t li\u1ec7u, t\u00ednh \u1ed5n \u0111\u1ecbnh, b\u1ec1n b\u1ec9 c\u1ee7a Gene chip mang l\u1ea1i. <\/p>\n<p>Review Drag Mod c\u1ee7a The Vape Club:<\/p>\n","protected":false},"excerpt":{"rendered":"<p>Sau m\u1ed9t th\u1eddi gian ho\u1ea1t \u0111\u1ed9ng, website \u0111\u00e3 c\u00f3 nh\u1eefng b\u01b0\u1edbc ti\u1ebfn \u0111\u00e1ng k\u1ec3 c\u1ea3 v\u1ec1 ch\u1ea5t l\u01b0\u1ee3ng v\u00e0 h\u00ecnh th\u1ee9c. S\u1ed1 l\u01b0\u1ee3ng kh\u00e1ch truy c\u1eadp website tr\u1edf th\u00e0nh kh\u00e1ch h\u00e0ng s\u1eed d\u1ee5ng d\u1ecbch v\u1ee5 thi\u1ebft k\u1ebf t\u0103ng l\u00ean \u0111\u00e1ng k\u1ec3. Sau m\u1ed9t th\u1eddi gian ho\u1ea1t \u0111\u1ed9ng, website \u0111\u00e3 c\u00f3 nh\u1eefng b\u01b0\u1edbc ti\u1ebfn \u0111\u00e1ng k\u1ec3 c\u1ea3 v\u1ec1 ch\u1ea5t l\u01b0\u1ee3ng v\u00e0 h\u00ecnh th\u1ee9c.Drag c\u1ee7a VooPoo ch\u1ea1y b\u1eb1ng hai pin 18650 c\u00f3 c\u00f4ng su\u1ea5t 157W. Drag c\u00f3 t\u1ed1c \u0111\u1ed9 ch\u1ea1y ch\u1ec9 0.025 gi\u00e2y v\u1edbi Gene chip.<\/p>\n","protected":false},"featured_media":2495,"comment_status":"open","ping_status":"closed","template":"","meta":[],"_links":{"self":[{"href":"https:\/\/webmaibinh.com\/w\/vape\/wp-json\/wp\/v2\/product\/583"}],"collection":[{"href":"https:\/\/webmaibinh.com\/w\/vape\/wp-json\/wp\/v2\/product"}],"about":[{"href":"https:\/\/webmaibinh.com\/w\/vape\/wp-json\/wp\/v2\/types\/product"}],"replies":[{"embeddable":true,"href":"https:\/\/webmaibinh.com\/w\/vape\/wp-json\/wp\/v2\/comments?post=583"}],"wp:featuredmedia":[{"embeddable":true,"href":"https:\/\/webmaibinh.com\/w\/vape\/wp-json\/wp\/v2\/media\/2495"}],"wp:attachment":[{"href":"https:\/\/webmaibinh.com\/w\/vape\/wp-json\/wp\/v2\/media?parent=583"}],"curies":[{"name":"wp","href":"https:\/\/api.w.org\/{rel}","templated":true}]}}