


{"id":2508,"date":"2018-03-30T16:47:40","date_gmt":"2018-03-30T09:47:40","guid":{"rendered":"https:\/\/bizhostvn.com\/w\/vape\/?post_type=product&#038;p=2508"},"modified":"2018-03-30T16:47:40","modified_gmt":"2018-03-30T09:47:40","slug":"solomon-rta-by-kaees-made-in-usa-super-good","status":"publish","type":"product","link":"https:\/\/webmaibinh.com\/w\/vape\/san-pham\/solomon-rta-by-kaees-made-in-usa-super-good\/","title":{"rendered":"Solomon RTA by Kaees Made in USA super good"},"content":{"rendered":"<p>Solomon RTA c\u1ee7a Kaees c\u00f3 \u0111\u01b0\u1eddng k\u00ednh 24mm, \u0111\u01b0\u1ee3c c\u1ea5u t\u1ea1o t\u1eeb th\u00e9p kh\u00f4ng g\u1ec9 v\u00e0 k\u00ednh Pyrex n\u00ean c\u00f3 \u0111\u1ed9 b\u1ec1n r\u1ea5t cao. Solomon RTA c\u00f3 dung t\u00edch 4ml v\u00e0 top fill ti\u1ec7n l\u1ee3i cho vi\u1ec7c ch\u00e2m tinh d\u1ea7u. \u0110\u1ebf build d\u1ea1ng Velocity hai ch\u00e2n v\u1edbi to\u00e0n b\u1ed9 bu\u1ed3ng build v\u00e0 ch\u00e2n ti\u1ebfp x\u00fac \u0111\u01b0\u1ee3c m\u1ea1 v\u00e0ng 24K \u0111\u1ea3m b\u1ea3o kh\u1ea3 n\u0103ng d\u1eabn \u0111i\u1ec7n, c\u00f3 th\u1ec3 s\u1eed d\u1ee5ng v\u1edbi b\u1ea5t k\u1ef3 lo\u1ea1i coil n\u00e0o. Solomon RTA c\u00f3 th\u1ec3 l\u00ean kh\u00f3i v\u00e0 v\u1ecb\u00a0r\u1ea5t t\u1ed1t.<\/p>\n<p><strong>Th\u00f4ng s\u1ed1 k\u1ef9 thu\u1eadt:<\/strong><\/p>\n<p>+ Lo\u1ea1i \u0111\u1ea7u \u0111\u1ed1t: RTA (c\u00f3 bu\u1ed3ng ch\u1ee9a)<\/p>\n<p>+ Lo\u1ea1i l\u00f5i \u0111\u1ed1t: RBA (can thi\u1ec7p \u0111\u01b0\u1ee3c d\u00e2y v\u00e0 b\u00f4ng)<\/p>\n<p>+ K\u00edch th\u01b0\u1edbc: \u0111\u01b0\u1eddng k\u00ednh\u00a024mm, cao 46mm<\/p>\n<p>+ Ch\u1ea5t li\u1ec7u: SS304 v\u00e0 k\u00ednh Pyrex<\/p>\n<p>+ Dung t\u00edch: 4ml<\/p>\n<p>+ Drip tip ch\u1ea5t li\u1ec7u\u00a0PEI, c\u1ee1 510, c\u00f3 th\u1ec3 thay th\u1ebf<\/p>\n<p><strong>\u0110\u00e1nh gi\u00e1 nhanh<\/strong><\/p>\n<p>\u01afu \u0111i\u1ec3m<\/p>\n<p>+ Solomon c\u00f3 v\u1ebb ngo\u00e0i tinh x\u1ea3o d\u00f9 phong c\u00e1ch thi\u1ebft k\u1ebf gi\u1ea3n d\u1ecb, c\u00e0ng nh\u00ecn n\u00f3 l\u00e2u l\u1ea1i c\u00e0ng th\u1ea5y n\u00f3 \u0111\u1eb9p. \u0110\u1eb9p \u1edf s\u1ef1 \u0111\u01a1n gi\u1ea3n, vu\u00f4ng v\u1eafn, nh\u01b0ng l\u1ea1i tinh x\u1ea3o ho\u00e0n thi\u1ec7n c\u00e1c \u0111\u01b0\u1eddng n\u00e9t, kh\u1ed1i h\u00ecnh c\u00e2n \u0111\u1ed1i kh\u00f4ng ng\u1edd.<\/p>\n<p>+ Kaees \u0111\u00e3\u00a0\u0111\u1eb7t t\u00ean tank\u00a0theo t\u00ean v\u1ecb vua v\u0129 \u0111\u1ea1i,\u00a0\u0111\u01b0\u1ee3c coi l\u00e0\u00a0gi\u00e0u nh\u1ea5t nh\u00e2n lo\u1ea1i c\u1ee7a Isarael, Solomon c\u00f3\u00a0to\u00e0n b\u1ed9 ph\u1ea7n \u0111\u1ebf build v\u00e0 ch\u00e2n ti\u1ebfp x\u00fac \u0111\u01b0\u1ee3c m\u1ea1 v\u00e0ng, gi\u00fap t\u1ed1i \u01b0u d\u1eabn \u0111i\u1ec7n, \u0111\u1ed3ng th\u1eddi mang c\u1ea3m gi\u00e1c v\u01b0\u01a1ng gi\u1ea3 t\u1edbi cho ng\u01b0\u1eddi s\u1eed d\u1ee5ng. Ngay c\u1ea3 vi\u1ec7c \u0111\u00f3ng l\u1ed7 gi\u00f3 c\u0169ng khi\u1ebfn m\u00ecnh\u00a0th\u00edch th\u00fa v\u00ec l\u1edbp m\u1ea1 v\u00e0ng \u0111\u01b0\u1ee3c l\u00e0m k\u0129 ph\u00eda b\u00ean trong.<\/p>\n<p>+ Thi\u1ebft k\u1ebf n\u00e2ng bu\u1ed3ng \u0111\u1ed1t\u00a0ch\u1ed1ng leak kh\u00e1 ph\u1ed5 bi\u1ebfn, ti\u1ec7n d\u1ee5ng. Ch\u00f3p \u0111\u01b0\u1ee3cgia c\u00f4ng d\u1ea1ng n\u00f3n l\u00e0m gi\u1ea3m nhi\u1ec7t kh\u00f3i nh\u01b0ng v\u1eabn gi\u00fap t\u1ee5 v\u1ecb, qu\u00e1 hay<\/p>\n<p>+ Port build \u0111\u01a1n gi\u1ea3n cho c\u1ea3 nh\u1eefng vaper m\u1edbi b\u1eaft \u0111\u1ea7u. Bu\u1ed3ng\u00a0gi\u00fap c\u00e1c b\u1ea1n c\u00f3 th\u1ec3 tho\u1ea3i m\u00e1i l\u1eafp c\u00e1c lo\u1ea1i coil v\u1eb1n v\u1ec7n m\u00e0 kh\u00f4ng b\u1ecb ch\u1ea1m, n\u00f3ng \u0111\u1ea7u \u0111\u1ed1t nh\u01b0 c\u00e1c lo\u1ea1i RTA \u0111\u1eddi c\u0169.<\/p>\n<p>+ Tr\u1ea3i nghi\u1ec7m h\u00fat khi\u00ean t\u00f4i th\u1ea5y c\u00e1i gi\u00e1 680k qu\u1ea3 th\u1ef1c qu\u00e1 r\u1ebb. Kh\u00f3i r\u1ea5t\u00a0m\u00e1t, m\u1ecbn, l\u01b0\u1ee3ng kh\u00f3i d\u00e2y basic cho kh\u00f4ng kh\u00e1c <a href=\"https:\/\/thevapeclub.vn\/rda-rebuildable-dripping-atomizer\">RDA<\/a>, v\u1ecb t\u1ed1t \u0111\u00fang nh\u01b0 nh\u1eefng g\u00ec t\u00f4i mong \u0111\u1ee3i.<\/p>\n<p>+ Driptip ch\u1ea5t li\u1ec7u t\u1ed5ng h\u1ee3p PEI , t\u01b0\u01a1ng t\u1ef1 c\u1ee7a h\u00e3ng Ultem, ch\u1ea5t l\u01b0\u1ee3ng kh\u00f4ng c\u1ea7n b\u00e0n.<\/p>\n<p>\u0110i\u1ec3m tr\u1eeb<\/p>\n<p>+ L\u1edbp m\u1ea1 v\u00e0ng ti\u1ebfp x\u00fac v\u1edbi l\u1ed7 gi\u00f3 c\u00f3 v\u1ebb tr\u01b0\u1edbc sau c\u0169ng b\u1ecb x\u01b0\u1edbc, m\u1ea5t m\u00e0u\u00a0v\u00ec vi\u1ec7c v\u1eb7n ra v\u1eb7n v\u00e0o c\u1ecd x\u00e1t.<\/p>\n<p>+ \u0110\u01b0\u1eddng phay t\u1ea1i ch\u00e2n \u0111\u1ebf build kh\u00f4ng \u0111\u01b0\u1ee3c m\u1ecbn nh\u01b0\u00a0mong mu\u1ed1n, nh\u01b0ng\u00a0thi\u1ebft k\u1ebf li\u1ec1n kh\u1ed1i c\u00f2n\u00a0\u0111\u00f2i h\u1ecfi m\u00e0i m\u1ecbn ch\u1ed7 \u0111\u00f3, th\u00ec m\u00ecnh\u00a0c\u0169ng h\u01a1i qu\u00e1 \u0111\u00e1ng. \ud83d\ude42<\/p>\n<p><strong>Thang \u0111i\u1ec3m<\/strong><\/p>\n<p>+ T\u00ednh th\u1ea9m m\u0129: 9 (cho s\u1ef1 \u0111i\u1ec3m \u0111\u1ea1m \u0111\u1eb3ng c\u1ea5p)<\/p>\n<p>+ Ch\u1ea5t li\u1ec7u: 9 (m\u1ea1 v\u00e0ng nguy\u00ean c\u00e1i \u0111\u1ebf build)<\/p>\n<p>+ L\u01b0\u1ee3ng kh\u00f3i: 9 (RTA m\u00e0 bu\u1ed3ng r\u1ed9ng h\u01a1n Ice3 RDA)<\/p>\n<p>+ L\u01b0\u1ee3ng v\u1ecb: 8 (l\u1ed7 gi\u00f3 d\u01b0\u1edbi k\u00e8m c\u01a1 ch\u1ebf gi\u1ea3m nhi\u1ec7t kh\u00f3i qu\u00e1 hay)<\/p>\n<p>+ Kh\u1ea3 n\u0103ng k\u1ebft h\u1ee3p combo: 9 (Nh\u00ecn c\u00e1i bi\u1ebft \u0111\u1eb9p trai)<\/p>\n<p>+ Ch\u1ea5t l\u01b0\u1ee3ng so t\u1ea7m gi\u00e1: 10 (v\u1edbi c\u00e1i gi\u00e1 680k m\u00ecnh\u00a0ch\u1eb3ng d\u00e1m \u0111\u1ec3 9 \u0111i\u1ec3m v\u1edbi ch\u1ea5t l\u01b0\u1ee3ng Solomon \u0111em l\u1ea1i)<\/p>\n<p><strong>L\u1eddi khuy\u00ean<\/strong><\/p>\n<p>+ Solomon sinh ra \u0111\u1ec3 \u0111\u00e1p \u1ee9ng\u00a0t\u1ea5t c\u1ea3 c\u00e1c vapers.<\/p>\n<p>+ M\u00ecnh ch\u01b0a\u00a0bi\u1ebft b\u1ea1n l\u00e0 ai, nh\u01b0ng n\u1ebfu m\u00ecnh l\u00e0 b\u1ea1n, m\u00ecnh s\u1ebd t\u1edbi ngay The Vape Club \u0111\u1ec3 x\u00e1ch h\u1eb3n 2 c\u00e1i, 1 d\u00f9ng 1 c\u1ea5t l\u00e0m c\u1ee7a \u0111\u1ec3 d\u00e0nh. Th\u1ebf th\u00f4i.<\/p>\n<p>+ V\u1ecb vua Solomon n\u00e0y ngo\u00e0i gi\u00e0u nh\u1ea5t trong l\u1ecbch s\u1eed nh\u00e2n lo\u1ea1i th\u00ec c\u00f2n c\u00f3 700 v\u1ee3 ch\u00ednh v\u00e0 300 v\u1ee3 l\u1ebd. Ch\u1eafc ch\u1eafn l\u00e0 \u0110\u1eb8P TRAI kh\u00f4ng b\u00e0n c\u00e3i r\u1ed3i \u0111\u00fang kh\u00f4ng c\u00e1c b\u1ea1n.<\/p>\n<p>&nbsp;<\/p>\n<p><img src=\"https:\/\/bizweb.dktcdn.net\/100\/064\/369\/files\/18716586-1679988952308443-274475924-n.jpg?v=1495686143171\" data-thumb=\"original\" \/><\/p>\n<p><img src=\"https:\/\/bizweb.dktcdn.net\/100\/064\/369\/files\/18741670-1679988978975107-594620806-n.jpg?v=1495686172041\" data-thumb=\"original\" \/><\/p>\n<p>&nbsp;<\/p>\n","protected":false},"excerpt":{"rendered":"<p>Solomon RTA c\u1ee7a Kaees c\u00f3 \u0111\u01b0\u1eddng k\u00ednh 24mm, \u0111\u01b0\u1ee3c c\u1ea5u t\u1ea1o t\u1eeb th\u00e9p kh\u00f4ng g\u1ec9 v\u00e0 k\u00ednh Pyrex n\u00ean c\u00f3 \u0111\u1ed9 b\u1ec1n r\u1ea5t cao.Solomon RTA c\u1ee7a Kaees c\u00f3 \u0111\u01b0\u1eddng k\u00ednh 24mm, \u0111\u01b0\u1ee3c c\u1ea5u t\u1ea1o t\u1eeb th\u00e9p kh\u00f4ng g\u1ec9 v\u00e0 k\u00ednh Pyrex n\u00ean c\u00f3 \u0111\u1ed9 b\u1ec1n r\u1ea5t cao.<\/p>\n","protected":false},"featured_media":2510,"comment_status":"open","ping_status":"closed","template":"","meta":[],"_links":{"self":[{"href":"https:\/\/webmaibinh.com\/w\/vape\/wp-json\/wp\/v2\/product\/2508"}],"collection":[{"href":"https:\/\/webmaibinh.com\/w\/vape\/wp-json\/wp\/v2\/product"}],"about":[{"href":"https:\/\/webmaibinh.com\/w\/vape\/wp-json\/wp\/v2\/types\/product"}],"replies":[{"embeddable":true,"href":"https:\/\/webmaibinh.com\/w\/vape\/wp-json\/wp\/v2\/comments?post=2508"}],"wp:featuredmedia":[{"embeddable":true,"href":"https:\/\/webmaibinh.com\/w\/vape\/wp-json\/wp\/v2\/media\/2510"}],"wp:attachment":[{"href":"https:\/\/webmaibinh.com\/w\/vape\/wp-json\/wp\/v2\/media?parent=2508"}],"curies":[{"name":"wp","href":"https:\/\/api.w.org\/{rel}","templated":true}]}}