


{"id":1222,"date":"2018-03-14T15:00:11","date_gmt":"2018-03-14T08:00:11","guid":{"rendered":"https:\/\/bizhostvn.com\/w\/vape\/?post_type=product&#038;p=1222"},"modified":"2018-03-30T16:57:04","modified_gmt":"2018-03-30T09:57:04","slug":"athena-squonk-mech-mod-by-geekvape","status":"publish","type":"product","link":"https:\/\/webmaibinh.com\/w\/vape\/san-pham\/athena-squonk-mech-mod-by-geekvape\/","title":{"rendered":"Athena Squonk Mech Mod by Geekvape"},"content":{"rendered":"<p>Th\u00f4ng tin k\u1ef9 thu\u1eadt:<\/p>\n<p>T\u00ean: Athena Squonk Mech Mod by Geekvape.<\/p>\n<p>H\u00e3ng: Geekvape( Trung Qu\u1ed1c).<\/p>\n<p>Lo\u1ea1i: Squonk mech mod( \u0111\u1ea7y \u0111\u1ee7 th\u00e2n m\u00e1y, \u0111\u1ea7u \u0111\u1ed1t RDA. Combo m\u00e1y c\u01a1 kh\u00f4ng s\u1eed d\u1ee5ng m\u1ea1ch \u0111i\u1ec1u ch\u1ec9nh c\u00f4ng su\u1ea5t).<\/p>\n<p>Ch\u1ea5t li\u1ec7u: H\u1ee3p kim nh\u00f4m, th\u00e9p kh\u00f4ng r\u1ec9.<\/p>\n<p>K\u00edch th\u01b0\u1edbc: 25 x 46 x 108mm.<\/p>\n<p>Tr\u1ecdng l\u01b0\u1ee3ng combo: 138g( ch\u01b0a pin).<\/p>\n<p>S\u1eed d\u1ee5ng pin: 1 pin s\u1ea1c 18650.<\/p>\n<p>C\u01a1 ch\u1ebf s\u1ea1c pin: kh\u00f4ng t\u00edch h\u1ee3p.<\/p>\n<p>\u0110\u1ea7u \u0111\u1ed1t: Athena RDA<\/p>\n<p>Size: 24mm<\/p>\n<p>Ch\u1ea5t li\u1ec7u: Stainless Steel.<\/p>\n<p>H\u1ed9p ti\u00eau chu\u1ea9n g\u1ed3m:<\/p>\n<p>1 th\u00e2n m\u00e1y Athena Sqounk mod, 1 \u0111\u1ea7u \u0111\u1ed1t Athena RDA , 1 bottom feed PE 6.5ml, 1 bottom feed Silicon 6.5ml, 1 h\u01b0\u1edbng d\u1eabn s\u1eed d\u1ee5ng \u0111a ng\u00f4n ng\u1eef, 1 \u0111\u1ebf chuy\u1ec3n driptip 810~510, 1 driptip PEI 810, 1 v\u00edt ch\u1ea1c ba, 1 t\u00fai ph\u1ee5 ki\u1ec7n+ coil s\u1eb5n.<\/p>\n<p>\u0110\u00e1nh gi\u00e1 nhanh:<\/p>\n<p>Athena Squonk Mech Mod, xu\u1ea5t hi\u1ec7n nh\u01b0 m\u1ed9t \u0111i\u1ec3m s\u00e1ng trong \u0111\u1ee3t s\u00f3ng Devices chuy\u1ec3n m\u00f9a c\u1ee7a c\u00e1c nh\u00e0 s\u1ea3n xu\u1ea5t, n\u00f3 n\u1ed5i l\u00ean nh\u01b0 m\u1ed9t combo Nh\u1ecf G\u1ecdn, M\u1ea1nh M\u1ebd, Ch\u1ea5t l\u01b0\u1ee3ng.<\/p>\n<p>\u0110\u01b0\u1ee3c thi\u1ebft k\u1ebf v\u1edbi ki\u1ec3u d\u00e1ng hi\u1ec7n \u0111\u1ea1i, kh\u1ecfe kho\u1eafn, c\u00f9ng ch\u1ea5t li\u1ec7u Aluminum v\u1eeba ch\u1eafc ch\u1eafn v\u1eeba nh\u1eb9 khi\u1ebfn t\u1ed5ng th\u1ec3 combo thi\u1ebft b\u1ecb t\u1ecf ra b\u1eaft m\u1eaft n\u1ed5i tr\u1ed9i. L\u1edbp s\u01a1n v\u00e0 m\u00e0u s\u01a1n gi\u1eef \u0111\u01b0\u1ee3c v\u1ebb kh\u1ecfe kho\u1eafn, sang tr\u1ecdng \u0111\u00fang nh\u01b0 c\u00e1i t\u00ean Athena( n\u1eef th\u1ea7n chi\u1ebfn tranh ch\u00ednh ngh\u0129a trong th\u1ea7n tho\u1ea1i Hy L\u1ea1p).<\/p>\n<p>\u0110\u1ea7u \u0111\u1ed1t ch\u1ea5t li\u1ec7u SS, ki\u1ec3u d\u00e1ng \u0111\u01a1n gi\u1ea3n c\u1ee9ng c\u00e1p, thi\u1ebft k\u1ebf m\u0129 thu\u1eadt v\u1edbi c\u00e1c l\u1edbp gi\u1eadt c\u1ea5p t\u1eeb th\u00e2n t\u1edbi driptip v\u1eeba m\u1eaft.<\/p>\n<p>V\u1ec1 c\u00f4ng n\u0103ng, Athena Squonk Mech Mod ho\u00e0n thi\u1ec7n h\u01a1n c\u00e1c s\u1ea3n ph\u1ea9m c\u00f9ng lo\u1ea1i nh\u1edd c\u00e1c n\u00e2ng c\u1ea5p \u0111\u00e1ng k\u1ec3 sau:<\/p>\n<p>Connector ch\u00e2n d\u01b0\u01a1ng d\u1ea1ng l\u00f2 xo, ch\u00e2n \u0111\u1ea7u \u0111\u1ed1t d\u00e0i ng\u1eafn kh\u00e1c nhau \u0111\u1ec1u c\u00f3 th\u1ec3 l\u1eafp kh\u00edt tr\u00ean th\u00e2n mech box Athena.<\/p>\n<p>N\u00fat ch\u1ed1ng tr\u01b0\u1ee3t c\u01a1 ch\u1ebf ch\u1ed1t ch\u1eafc ch\u1eafn ngay b\u00ean d\u01b0\u1edbi n\u00fat \u0111\u1ed1t, thao t\u00e1c thu\u1eadn ti\u1ec7n. An to\u00e0n.<\/p>\n<p>\u0110\u1ea7u \u0111\u1ed1t RDA c\u00f3 \u0111\u00e1y gi\u1ea3 theo d\u1ea1ng RDTA , gi\u1ea3m thi\u1ec3u t\u00ecnh tr\u1ea1ng leak khi d\u1ed1c ng\u01b0\u1ee3c thi\u00eat b\u1ecb. Khi b\u00f3p t\u1eeb b\u00ecnh bottom feed c\u00f3 th\u1ec3 b\u00f3p tho\u1ea3i m\u00e1i m\u00e0 kh\u00f4ng b\u1ecb v\u1ecdt, tr\u00e0o juice. C\u00f3 2 t\u00f9y ch\u1ecdn b\u00ecnh bottom feed s\u1eb5n trong h\u1ed9p: 1 PE, 1 Silicon( c\u1ef1c m\u1ecbn m\u00e0ng).<\/p>\n<p>\u0110\u1ea7u \u0111\u1ed1t RDA c\u01a1 ch\u1ebf gi\u00f3 c\u1ea1nh tr\u00ean( b\u1ebb \u0111\u01b0\u1eddng gi\u00f3 nh\u01b0 tr\u00ean Sentinel RDA), kh\u00f3i bu\u1ed3ng \u0111\u1ec1u, m\u00e1t, m\u01b0\u1ee3t m\u00e0. K\u1ebft h\u1ee3p bu\u1ed3ng r\u1ed9ng tho\u1ea3i m\u00e1i cho c\u00e1c lo\u1ea1i d\u00e2y kh\u00e1c nhau.<\/p>\n<p>L\u1eafp fused 26-38 6 v\u00f2ng quanh 2.5, wick b\u00f4ng kendo, fill juice Chaky Chu\u1ed1i \u0110en, box l\u1eafp 1 pin VTC 5A, d\u00f9ng bottom feed PE. Tr\u1ea3i nghi\u1ec7m n\u00fat b\u1ea5m kh\u00e1 hay, n\u00fat to d\u1ec5 b\u1ea5m, c\u00e1ch b\u1ea5m c\u00f3 \u0111\u1ed9 d\u1eb1n d\u1ee9 nh\u1ea5t \u0111\u1ecbnh, ph\u00f9 h\u1ee3p nhi\u1ec1u c\u00e1ch b\u1ea5m kh\u00e1c nhau. B\u00ecnh PE kh\u00e1 c\u1ee9ng, thay b\u00ecnh silicon s\u1ebd m\u1ec1m m\u1ea1i h\u01a1n r\u1ea5t nhi\u1ec1u. Kh\u00f3i v\u00e0o \u00eam, m\u01b0\u1ee3t, kh\u00f4ng n\u00f3ng, kh\u00f4ng shock, l\u01b0\u1ee3ng kh\u00f3i nhi\u1ec1u b\u1ea5t ng\u1edd.<\/p>\n<p>Thang \u0111i\u1ec3m:<br \/>\nKi\u1ec3u d\u00e1ng: 9 ( \u0111\u1eb9p, m\u1ea1nh m\u1ebd, sang tr\u1ecdng)<\/p>\n<p>Ch\u1ea5t li\u1ec7u: 8 ( Aluminum nh\u1eb9, ch\u1eafc ch\u1eafn, tuy v\u1eady n\u00ean tr\u00e1nh va \u0111\u1eadp m\u1ea1nh, aluminum kh\u00e1 d\u1ec5 x\u01b0\u1edbc d\u0103m)<\/p>\n<p>C\u00f4ng n\u0103ng: 9 ( C\u00f3 nhi\u1ec1u \u0111i\u1ec3m n\u00e2ng c\u1ea5p, cho tr\u1ea3i nghi\u1ec7m s\u1eed d\u1ee5ng thu\u1eadn ti\u1ec7n, tho\u1ea3i m\u00e1i h\u01a1n c\u00e1c Squonk mod kh\u00e1c, k\u1ec3 c\u1ea3 khi so s\u00e1nh v\u1edbi c\u00e1c d\u00f2ng cao c\u1ea5p 5-10 tri\u1ec7u)<\/p>\n<p>L\u01b0\u1ee3ng kh\u00f3i: 9 ( v\u1edbi lo\u1ea1i coil th\u00edch h\u1ee3p, ch\u1eafc ch\u1eafn b\u1ea1n s\u1ebd b\u1ea5t ng\u1edd)<\/p>\n<p>L\u01b0\u1ee3ng v\u1ecb: 7.5 ( kh\u00f4ng n\u1ed5i b\u1eadt nh\u01b0ng cho v\u1ecb r\u1ea5t kh\u00e1)<\/p>\n<p>L\u1eddi khuy\u00ean:<\/p>\n<p>Ph\u00f9 h\u1ee3p v\u1edbi c\u00e1c b\u1ea1n mu\u1ed1n t\u00ecm hi\u1ec3u c\u01a1 ch\u1ebf squonk ( trong th\u1ebf gi\u1edbi m\u00e1y \u1ea3nh th\u00ec ch\u1ec9 nh\u1eefng tay l\u00e3o luy\u1ec7n m\u1edbi ch\u01a1i m\u00e1y \u1ea3nh c\u01a1, squonk mech mod c\u0169ng nh\u01b0 v\u1eady trong gi\u1edbi vape).<\/p>\n<p>L\u1ef1a ch\u1ecdn y\u00eau th\u00edch c\u1ee7a c\u00e1c vaper c\u00f3 ngh\u1ec1, c\u00f3 t\u00ecm hi\u1ec3u s\u00e2u v\u1ec1 k\u0129 thu\u1eadt, th\u00edch tr\u1ea3i nghi\u1ec7m hi\u1ec7n \u0111\u1ea1i.<\/p>\n<p>N\u1ebfu b\u1ea1n m\u1edbi b\u1eaft \u0111\u1ea7u v\u00e0 th\u00edch th\u1eed th\u00e1ch, kh\u00e1m ph\u00e1, Athena Squonk Mech Mod c\u0169ng l\u00e0 m\u1ed9t l\u1ef1a ch\u1ecdn th\u00fa v\u1ecb \u0111\u1ea5y.<\/p>\n<p>Ki\u1ec3u d\u00e1ng ch\u1ea5t sang tr\u1ecdng, m\u1ea1nh m\u1ebd, d\u1ec5 d\u00e0ng ph\u00f9 h\u1ee3p nhi\u1ec1u phong c\u00e1ch ng\u01b0\u1eddi s\u1eed d\u1ee5ng.<\/p>\n","protected":false},"excerpt":{"rendered":"<p>Squonk Mod Athena l\u00e0 m\u1ed9t b\u1ed9 mech kit v\u1edbi b\u00ecnh squonk c\u00f3 dung t\u00edch l\u00ean t\u1edbi 6.5ml. Chi\u1ebfc mod n\u00e0y c\u00f3 ch\u00e2n pin 510 \u0111i\u1ec1u ch\u1ec9nh t\u1ef1 \u0111\u1ed9ng, cho ph\u00e9p n\u00f3 s\u1eed d\u1ee5ng \u0111\u01b0\u1ee3c v\u1edbi nhi\u1ec1u RDA squonk v\u00e0 gi\u1ea3m thi\u1ec3u kh\u1ea3 n\u0103ng r\u00f2 tin d\u1ea7u. Athena c\u00f3 kh\u00f3a an to\u00e0n tr\u00e1nh vi\u1ec7c m\u00e1y t\u1ef1 b\u1eadt, \u0111\u01b0\u1ee3c l\u00e0m t\u1eeb v\u1eadt li\u1ec7u ch\u1ea5t l\u01b0\u1ee3ng cao v\u1edbi c\u00f4ng su\u1ea5t cao.<\/p>\n","protected":false},"featured_media":2492,"comment_status":"open","ping_status":"closed","template":"","meta":[],"_links":{"self":[{"href":"https:\/\/webmaibinh.com\/w\/vape\/wp-json\/wp\/v2\/product\/1222"}],"collection":[{"href":"https:\/\/webmaibinh.com\/w\/vape\/wp-json\/wp\/v2\/product"}],"about":[{"href":"https:\/\/webmaibinh.com\/w\/vape\/wp-json\/wp\/v2\/types\/product"}],"replies":[{"embeddable":true,"href":"https:\/\/webmaibinh.com\/w\/vape\/wp-json\/wp\/v2\/comments?post=1222"}],"wp:featuredmedia":[{"embeddable":true,"href":"https:\/\/webmaibinh.com\/w\/vape\/wp-json\/wp\/v2\/media\/2492"}],"wp:attachment":[{"href":"https:\/\/webmaibinh.com\/w\/vape\/wp-json\/wp\/v2\/media?parent=1222"}],"curies":[{"name":"wp","href":"https:\/\/api.w.org\/{rel}","templated":true}]}}