{"id":47,"date":"2019-06-21T10:35:58","date_gmt":"2019-06-21T03:35:58","guid":{"rendered":"http:\/\/tuyendung.muathemewordpress.net\/?page_id=47"},"modified":"2020-05-23T14:12:00","modified_gmt":"2020-05-23T07:12:00","slug":"lien-he","status":"publish","type":"page","link":"https:\/\/webmaibinh.com\/w\/tuyendung2011\/lien-he\/","title":{"rendered":"Li\u00ean h\u1ec7"},"content":{"rendered":"<table style=\"font-weight: 400;\" width=\"620\">\n<tbody>\n<tr>\n<td><b><strong>Ng\u01b0\u1eddi li\u00ean h\u1ec7<\/strong><\/b><\/td>\n<td><b><strong>Mr D\u0169ng<\/strong><\/b><\/td>\n<\/tr>\n<tr>\n<td><b><strong>T\u00ean C\u00f4ng ty<\/strong><\/b><\/td>\n<td><b><strong>C\u00f4ng ty TNHH D\u1ecbch V\u1ee5 B\u1ea3o V\u1ec7\u00a0B\u00e1ch Th\u1eafng<br \/>\n<\/strong><\/b><\/td>\n<\/tr>\n<tr>\n<td><b><strong>\u0110\u1ecba ch\u1ec9<\/strong><\/b><\/td>\n<td><b><strong>Ph\u1ea1m V\u0103n B\u1ea1ch, P. 15, Q. T\u00e2n B\u00ecnh, Tp. HCM<\/strong><\/b><\/td>\n<\/tr>\n<tr>\n<td><b><strong>Email<\/strong><\/b><\/td>\n<td><b><strong>email@gmail.com<\/strong><\/b><\/td>\n<\/tr>\n<tr>\n<td><b><strong>\u0110i\u1ec7n tho\u1ea1i<\/strong><\/b><\/td>\n<td><b><strong>0999.999.999<\/strong><\/b><\/td>\n<\/tr>\n<tr>\n<td><b><strong>Di \u0111\u1ed9ng<\/strong><\/b><\/td>\n<td><b><strong>0999.999.999 &#8211; 0999.999.999<\/strong><\/b><\/td>\n<\/tr>\n<tr>\n<td><\/td>\n<\/tr>\n<\/tbody>\n<\/table>\n","protected":false},"excerpt":{"rendered":"<p>Ng\u01b0\u1eddi li\u00ean h\u1ec7 Mr D\u0169ng T\u00ean C\u00f4ng ty C\u00f4ng ty TNHH D\u1ecbch V\u1ee5 B\u1ea3o V\u1ec7\u00a0B\u00e1ch Th\u1eafng \u0110\u1ecba ch\u1ec9 Ph\u1ea1m V\u0103n B\u1ea1ch, P. 15, Q. T\u00e2n B\u00ecnh, Tp. HCM Email email@gmail.com \u0110i\u1ec7n tho\u1ea1i 0999.999.999 Di \u0111\u1ed9ng 0999.999.999 &#8211; 0999.999.999<\/p>\n","protected":false},"author":1,"featured_media":0,"parent":0,"menu_order":0,"comment_status":"closed","ping_status":"closed","template":"page-right-sidebar.php","meta":[],"_links":{"self":[{"href":"https:\/\/webmaibinh.com\/w\/tuyendung2011\/wp-json\/wp\/v2\/pages\/47"}],"collection":[{"href":"https:\/\/webmaibinh.com\/w\/tuyendung2011\/wp-json\/wp\/v2\/pages"}],"about":[{"href":"https:\/\/webmaibinh.com\/w\/tuyendung2011\/wp-json\/wp\/v2\/types\/page"}],"author":[{"embeddable":true,"href":"https:\/\/webmaibinh.com\/w\/tuyendung2011\/wp-json\/wp\/v2\/users\/1"}],"replies":[{"embeddable":true,"href":"https:\/\/webmaibinh.com\/w\/tuyendung2011\/wp-json\/wp\/v2\/comments?post=47"}],"version-history":[{"count":1,"href":"https:\/\/webmaibinh.com\/w\/tuyendung2011\/wp-json\/wp\/v2\/pages\/47\/revisions"}],"predecessor-version":[{"id":565,"href":"https:\/\/webmaibinh.com\/w\/tuyendung2011\/wp-json\/wp\/v2\/pages\/47\/revisions\/565"}],"wp:attachment":[{"href":"https:\/\/webmaibinh.com\/w\/tuyendung2011\/wp-json\/wp\/v2\/media?parent=47"}],"curies":[{"name":"wp","href":"https:\/\/api.w.org\/{rel}","templated":true}]}}