{"id":357,"date":"2017-08-05T06:32:53","date_gmt":"2017-08-05T06:32:53","guid":{"rendered":"http:\/\/tracdia.khowebseotop.vn\/?post_type=product&#038;p=357"},"modified":"2017-08-05T06:32:53","modified_gmt":"2017-08-05T06:32:53","slug":"may-dinh-vi-ve-tinh-gps-topcon-hiper-ii","status":"publish","type":"product","link":"https:\/\/webmaibinh.com\/w\/tracdia2011\/san-pham\/may-dinh-vi-ve-tinh-gps-topcon-hiper-ii\/","title":{"rendered":"M\u00e1y \u0111\u1ecbnh v\u1ecb v\u1ec7 tinh GPS Topcon Hiper II"},"content":{"rendered":"<ul>\n<li>\u0110\u1ed3ng b\u1ed9 h\u00f3a GPS + GLONASS RTK v\u00e0 \u0111\u1ea7u thu t\u0129nh.<\/li>\n<li>Nh\u1ecf h\u01a1n. Nh\u1eb9 h\u01a1n. Nhanh h\u01a1n v\u00e0 Gi\u00e1 th\u00e0nh h\u1ee3p l\u00ed h\u01a1n.<\/li>\n<li>C\u1ea5u tr\u00fac d\u00e0y, nh\u1eb9 v\u1edbi h\u1ee3p kim Mga<\/li>\n<li>T\u1ed5 h\u1ee3p t\u00f9y ch\u1ecdn SS hay Radio k\u0129 thu\u1eadt s\u1ed1 UHF<\/li>\n<li>C\u00f4ng ngh\u1ec7 Bluetooth\u00ae kh\u00f4ng d\u00e2y<\/li>\n<li>T\u1ed5 h\u1ee3p t\u00f9y ch\u1ecdn GSM hay Modem CDMA<\/li>\n<li>B\u1ea3ng \u0111i\u1ec1u khi\u1ec3n LED s\u00e1ng v\u00e0 d\u1ec5 \u0111\u1ecdc<\/li>\n<li>Khe c\u1eafm th\u1ebb nh\u1edb SD\/SDHC<\/li>\n<li>Th\u00f4ng \u0111i\u1ec7p b\u1eb1ng gi\u1ecdng n\u00f3i cho t\u00ecnh tr\u1ea1ng \u0111\u1ea7u thu<\/li>\n<li>Pin Li-ion c\u00f3 th\u1ec3 th\u00e1o r\u1eddi<\/li>\n<\/ul>\n","protected":false},"excerpt":{"rendered":"<ul>\n<li>\u0110\u1ed3ng b\u1ed9 h\u00f3a GPS + GLONASS RTK v\u00e0 \u0111\u1ea7u thu t\u0129nh.<\/li>\n<li>Nh\u1ecf h\u01a1n. Nh\u1eb9 h\u01a1n. Nhanh h\u01a1n v\u00e0 Gi\u00e1 th\u00e0nh h\u1ee3p l\u00ed h\u01a1n.<\/li>\n<li>C\u1ea5u tr\u00fac d\u00e0y, nh\u1eb9 v\u1edbi h\u1ee3p kim Mga<\/li>\n<li>T\u1ed5 h\u1ee3p t\u00f9y ch\u1ecdn SS hay Radio k\u0129 thu\u1eadt s\u1ed1 UHF<\/li>\n<li>C\u00f4ng ngh\u1ec7 Bluetooth\u00ae kh\u00f4ng d\u00e2y<\/li>\n<li>T\u1ed5 h\u1ee3p t\u00f9y ch\u1ecdn GSM hay Modem CDMA<\/li>\n<li>B\u1ea3ng \u0111i\u1ec1u khi\u1ec3n LED s\u00e1ng v\u00e0 d\u1ec5 \u0111\u1ecdc<\/li>\n<li>Khe c\u1eafm th\u1ebb nh\u1edb SD\/SDHC<\/li>\n<li>Th\u00f4ng \u0111i\u1ec7p b\u1eb1ng gi\u1ecdng n\u00f3i cho t\u00ecnh tr\u1ea1ng \u0111\u1ea7u thu<\/li>\n<li>Pin Li-ion c\u00f3 th\u1ec3 th\u00e1o r\u1eddi<\/li>\n<\/ul>\n","protected":false},"featured_media":358,"comment_status":"open","ping_status":"closed","template":"","meta":[],"_links":{"self":[{"href":"https:\/\/webmaibinh.com\/w\/tracdia2011\/wp-json\/wp\/v2\/product\/357"}],"collection":[{"href":"https:\/\/webmaibinh.com\/w\/tracdia2011\/wp-json\/wp\/v2\/product"}],"about":[{"href":"https:\/\/webmaibinh.com\/w\/tracdia2011\/wp-json\/wp\/v2\/types\/product"}],"replies":[{"embeddable":true,"href":"https:\/\/webmaibinh.com\/w\/tracdia2011\/wp-json\/wp\/v2\/comments?post=357"}],"wp:featuredmedia":[{"embeddable":true,"href":"https:\/\/webmaibinh.com\/w\/tracdia2011\/wp-json\/wp\/v2\/media\/358"}],"wp:attachment":[{"href":"https:\/\/webmaibinh.com\/w\/tracdia2011\/wp-json\/wp\/v2\/media?parent=357"}],"curies":[{"name":"wp","href":"https:\/\/api.w.org\/{rel}","templated":true}]}}