{"id":348,"date":"2017-08-05T06:27:19","date_gmt":"2017-08-05T06:27:19","guid":{"rendered":"http:\/\/tracdia.khowebseotop.vn\/?post_type=product&#038;p=348"},"modified":"2017-08-05T06:27:20","modified_gmt":"2017-08-05T06:27:20","slug":"may-dinh-vi-ve-tinh-gps-trimble-r3","status":"publish","type":"product","link":"https:\/\/webmaibinh.com\/w\/tracdia2011\/san-pham\/may-dinh-vi-ve-tinh-gps-trimble-r3\/","title":{"rendered":"M\u00e1y \u0111\u1ecbnh v\u1ecb v\u1ec7 tinh GPS Trimble R3"},"content":{"rendered":"<div><img id=\"M\u00e1y \u0111\u1ecbnh v\u1ecb v\u1ec7 tinh GPS Trimble R3\" title=\"M\u00e1y \u0111\u1ecbnh v\u1ecb v\u1ec7 tinh GPS Trimble R3\" src=\"http:\/\/tracdia.khowebseotop.vn\/wp-content\/uploads\/2017\/08\/may-dinh-vi-ve-tinh-gps-trimble-r3-348.jpg\" alt=\"M\u00e1y \u0111\u1ecbnh v\u1ecb v\u1ec7 tinh GPS Trimble R3\" \/><\/div>\n<div><em><strong>H\u00ecnh \u1ea3nh minh h\u1ecda\u00a0M\u00e1y \u0111\u1ecbnh v\u1ecb v\u1ec7 tinh GPS Trimble R3<\/strong><\/em><\/div>\n<p><strong>M\u00e1y \u0111\u1ecbnh v\u1ecb v\u1ec7 tinh GPS Trimble R3<\/strong> l\u00e0 gi\u1ea3i ph\u00e1p \u0111o GPS 1 t\u1ea7n s\u1ed1 x\u1eed l\u00fd sau \u0111\u1ea7y \u0111\u1ee7 v\u00e0 m\u1edbi nh\u1ea5t c\u1ee7a Trimble, c\u00f4ng ty \u0111ang d\u1eabn \u0111\u1ea7u th\u1ebf gi\u1edbi v\u1ec1 c\u00f4ng ngh\u1ec7 GPS hi\u1ec7n nay.<\/p>\n<p>Trimble R3 l\u00e0 s\u1ef1 k\u1ebft h\u1ee3p c\u1ee7a 1 h\u1ec7 th\u1ed1ng bao g\u1ed3m: m\u00e1y thu GPS L1, \u0103ng ten GPS thi\u1ebft b\u1ecb \u0111i\u1ec1u khi\u1ec3n c\u1ea7m tay v\u00e0 c\u00e1c ph\u1ea7n m\u1ec1m hi\u1ec7u qu\u1ea3, d\u1ec5 s\u1eed d\u1ee5ng t\u1eeb th\u1ef1c \u0111\u1ecba cho t\u1edbi v\u0103n ph\u00f2ng.<\/p>\n<p>Trimble R3 \u0111\u1ea1t \u0111\u1ed9 ch\u00ednh x\u00e1c t\u1edbi mm \u0111\u1ed1i v\u1edbi \u0111o \u0111\u1ea1c kh\u1ed1ng ch\u1ebf c\u0169ng nh\u01b0 \u0111o \u0111\u1ea1c th\u00e0nh l\u1eadp b\u1ea3n \u0111\u1ed3 \u0111\u1ecba h\u00ecnh, \u0111\u1ecba ch\u00ednh v\u00e0 n\u00f3 c\u00f3 th\u1ec3 ho\u1ea1t \u0111\u1ed9ng t\u1ea1i m\u1ecdi th\u1eddi \u0111i\u1ec3m, trong m\u1ecdi \u0111i\u1ec1u ki\u1ec7n th\u1eddi ti\u1ebft.<\/p>\n<p>\u0110\u01b0\u1ee3c s\u1ea3n xu\u1ea5t \u0111\u1ec3 thay th\u1ebf cho ki\u1ec3u m\u00e1y 4600LS, Trimble R3 hy v\u1ecdng s\u1ebd ti\u1ebfp t\u1ee5c duy tr\u00ec s\u1ef1 tin c\u1eady m\u00e0 m\u00e1y 4600 tr\u01b0\u1edbc \u0111\u00e2y \u0111\u00e3 \u0111em l\u1ea1i cho kh\u00e1ch h\u00e0ng<\/p>\n<p>&nbsp;<\/p>\n","protected":false},"excerpt":{"rendered":"<p>Model: Trimble R3<\/p>\n<div>Nh\u00e3n hi\u1ec7u: GPS<\/p>\n<div>Xu\u1ea5t x\u1ee9: Japan<\/div>\n<\/div>\n","protected":false},"featured_media":350,"comment_status":"open","ping_status":"closed","template":"","meta":[],"_links":{"self":[{"href":"https:\/\/webmaibinh.com\/w\/tracdia2011\/wp-json\/wp\/v2\/product\/348"}],"collection":[{"href":"https:\/\/webmaibinh.com\/w\/tracdia2011\/wp-json\/wp\/v2\/product"}],"about":[{"href":"https:\/\/webmaibinh.com\/w\/tracdia2011\/wp-json\/wp\/v2\/types\/product"}],"replies":[{"embeddable":true,"href":"https:\/\/webmaibinh.com\/w\/tracdia2011\/wp-json\/wp\/v2\/comments?post=348"}],"wp:featuredmedia":[{"embeddable":true,"href":"https:\/\/webmaibinh.com\/w\/tracdia2011\/wp-json\/wp\/v2\/media\/350"}],"wp:attachment":[{"href":"https:\/\/webmaibinh.com\/w\/tracdia2011\/wp-json\/wp\/v2\/media?parent=348"}],"curies":[{"name":"wp","href":"https:\/\/api.w.org\/{rel}","templated":true}]}}