{"id":345,"date":"2017-08-05T06:24:59","date_gmt":"2017-08-05T06:24:59","guid":{"rendered":"http:\/\/tracdia.khowebseotop.vn\/?post_type=product&#038;p=345"},"modified":"2017-08-05T07:52:24","modified_gmt":"2017-08-05T07:52:24","slug":"may-khoang-cach-laser-agatec-7","status":"publish","type":"product","link":"https:\/\/webmaibinh.com\/w\/tracdia2011\/san-pham\/may-khoang-cach-laser-agatec-7\/","title":{"rendered":"M\u00e1y \u0111o kho\u1ea3ng c\u00e1ch Laser AGATEC 7"},"content":{"rendered":"<ul>\n<li>M\u00e0n h\u00ecnh chi\u1ebfu s\u00e1ng LCD: s\u00e1ng v\u00e0 d\u1ec5 \u0111\u1ecdc d\u1eef li\u1ec7u<\/li>\n<li>AgaTape 7 c\u00f3 th\u1ec3 \u0111o kho\u1ea3ng c\u00e1ch l\u00ean \u0111\u1ebfn 70 m v\u1edbi \u0111\u1ed9 ch\u00ednh x\u00e1c 1,5 mm.<\/li>\n<li>AgaTape 7 cung c\u1ea5p nhi\u1ec1u ch\u1ee9c n\u0103ng th\u00f4ng minh nh\u01b0: Phytagoras: L\u00fd t\u01b0\u1edfng \u0111\u1ec3 \u0111o chi\u1ec1u cao v\u00e0 chi\u1ec1u r\u1ed9ng gi\u00e1n ti\u1ebfp v\u00e0o c\u00e1c v\u1ecb tr\u00ed kh\u00f3 ti\u1ebfp c\u1eadn. H\u1eb9n gi\u1edd. B\u1ed1 tr\u00ed kho\u1ea3ng c\u00e1ch b\u1eb1ng nhau li\u00ean t\u1ee5c ch\u1eb3ng h\u1ea1n nh\u01b0 b\u1ed1 tr\u00ed c\u00e1c \u0111inh t\u00e1n kim lo\u1ea1i<\/li>\n<li>B\u1ea3o v\u1ec7 ho\u00e0n h\u1ea3o kh\u1ecfi c\u00e1c t\u00e1c \u0111\u1ed9ng t\u1eeb m\u00f4i tr\u01b0\u1eddng: Nh\u1edd l\u1edbp IP54 b\u1ea3o v\u1ec7 ch\u1ed1ng b\u1ee5i b\u1ea9n, ch\u1ed1ng n\u01b0\u1edbc, ch\u1ed1ng \u1ea9m. AgaTape 7 c\u00f3 th\u1ec3 s\u1eed d\u1ee5ng trong b\u1ea5t k\u00ec m\u00f4i tr\u01b0\u1eddng kh\u1eafc nghi\u1ec7t n\u00e0o<\/li>\n<\/ul>\n<p>&nbsp;<\/p>\n<p><strong>Th\u00f4ng s\u1ed1 k\u1ef9 thu\u1eadt:<\/strong><\/p>\n<ul>\n<li>Kho\u1ea3ng c\u00e1ch \u0111o : 0.05 \u2013 70m<\/li>\n<li>\u0110\u1ed9 ch\u00ednh x\u00e1c : 1.5m<\/li>\n<li>M\u00e0n h\u00ecnh LCD : hi\u1ec3n th\u1ecb 03 d\u00f2ng tr\u1ecb \u0111o<\/li>\n<li>Pin : 02 AAA<\/li>\n<li>Ti\u00eau chu\u1ea9n ch\u1ed1ng n\u01b0\u1edbc v\u00e0 b\u1ee5i : IP54<\/li>\n<\/ul>\n","protected":false},"excerpt":{"rendered":"<p>M\u00e0n h\u00ecnh chi\u1ebfu s\u00e1ng LCD: s\u00e1ng v\u00e0 d\u1ec5 \u0111\u1ecdc d\u1eef li\u1ec7u AgaTape 7 c\u00f3 th\u1ec3 \u0111o kho\u1ea3ng c\u00e1ch l\u00ean \u0111\u1ebfn 70 m v\u1edbi \u0111\u1ed9 ch\u00ednh x\u00e1c 1,5 mm. AgaTape 7 cung c\u1ea5p nhi\u1ec1u ch\u1ee9c n\u0103ng th\u00f4ng minh nh\u01b0: Phytagoras: L\u00fd t\u01b0\u1edfng \u0111\u1ec3 \u0111o chi\u1ec1u cao v\u00e0 chi\u1ec1u r\u1ed9ng gi\u00e1n ti\u1ebfp v\u00e0o c\u00e1c v\u1ecb tr\u00ed kh\u00f3 [&#8230;]\n","protected":false},"featured_media":346,"comment_status":"open","ping_status":"closed","template":"","meta":[],"_links":{"self":[{"href":"https:\/\/webmaibinh.com\/w\/tracdia2011\/wp-json\/wp\/v2\/product\/345"}],"collection":[{"href":"https:\/\/webmaibinh.com\/w\/tracdia2011\/wp-json\/wp\/v2\/product"}],"about":[{"href":"https:\/\/webmaibinh.com\/w\/tracdia2011\/wp-json\/wp\/v2\/types\/product"}],"replies":[{"embeddable":true,"href":"https:\/\/webmaibinh.com\/w\/tracdia2011\/wp-json\/wp\/v2\/comments?post=345"}],"wp:featuredmedia":[{"embeddable":true,"href":"https:\/\/webmaibinh.com\/w\/tracdia2011\/wp-json\/wp\/v2\/media\/346"}],"wp:attachment":[{"href":"https:\/\/webmaibinh.com\/w\/tracdia2011\/wp-json\/wp\/v2\/media?parent=345"}],"curies":[{"name":"wp","href":"https:\/\/api.w.org\/{rel}","templated":true}]}}