{"id":343,"date":"2017-08-05T06:23:32","date_gmt":"2017-08-05T06:23:32","guid":{"rendered":"http:\/\/tracdia.khowebseotop.vn\/?post_type=product&#038;p=343"},"modified":"2017-08-05T07:50:49","modified_gmt":"2017-08-05T07:50:49","slug":"may-khoang-cach-laser-leica-d210","status":"publish","type":"product","link":"https:\/\/webmaibinh.com\/w\/tracdia2011\/san-pham\/may-khoang-cach-laser-leica-d210\/","title":{"rendered":"M\u00e1y \u0111o kho\u1ea3ng c\u00e1ch laser Leica D210"},"content":{"rendered":"<h2><strong>M\u00e1y \u0111o kho\u1ea3ng c\u00e1ch Laser Leica D210<\/strong><\/h2>\n<p><strong>\u0110\u1ed9 ch\u00ednh x\u00e1c cao<\/strong><\/p>\n<p>V\u1edbi <strong>M\u00e1y \u0111o kho\u1ea3ng c\u00e1ch laser Leica D210<\/strong> b\u1ea1n ho\u00e0n to\u00e0n y\u00ean t\u00e2m v\u1ec1 \u0111\u1ed9 ch\u00ednh x\u00e1c v\u00e0 \u1ed5n \u0111\u1ecbnh c\u1ee7a m\u00e1y +\/- 1.0mm. Ngo\u00e0i ra m\u00e1y c\u00f2n \u0111\u01b0\u1ee3c trang b\u1ecb c\u00f4ng ngh\u1ec7 \u0111o kho\u1ea3ng c\u00e1ch Power Range gi\u00fap cho vi\u1ec7c \u0111o \u0111\u1ea1c \u0111\u01b0\u1ee3c nhanh ch\u00f3ng v\u00e0 ch\u00ednh x\u00e1c h\u01a1n.<\/p>\n<p><strong>Nh\u1ecf nh\u1eafn v\u00e0 ch\u1eafc ch\u1eafn<\/strong><\/p>\n<p><strong>M\u00e1y \u0111o kho\u1ea3ng c\u00e1ch laser Leica D210<\/strong> \u0111\u01b0\u1ee3c thi\u1ebft k\u1ebf r\u1ea5t nh\u1ecf nh\u1eafn v\u00e0 ch\u1eafc ch\u1eafn, v\u1eeba t\u1ea7m tay, b\u1ea1n c\u00f3 th\u1ec3 d\u1ec5 d\u00e0ng b\u1ecf v\u00e0o t\u00fai \u00e1o, t\u00fai qu\u1ea7n khi \u0111i c\u00f4ng tr\u00ecnh<\/p>\n<p><strong>T\u1ea5m \u0111u\u00f4i m\u00e1y t\u1ef1 \u0111i\u1ec1u ch\u1ec9nh<\/strong><\/p>\n<p>T\u1ea5m \u0111u\u00f4i m\u00e1y s\u1ebd t\u1ef1 \u0111\u1ed9ng \u0111i\u1ec1u ch\u1ec9nh m\u1ed1c \u0111o khi \u0111\u01b0\u1ee3c b\u1eadt ra, gi\u00fap b\u1ea1n d\u1ec5 d\u00e0ng \u0111o trong c\u00e1c g\u00f3c c\u1ea1nh, tr\u00e1nh b\u1ecb sai s\u1ed1 trong ph\u00e9p \u0111o.<\/p>\n<p><strong>M\u00e0n h\u00ecnh c\u1ea3m bi\u1ebfn \u00e1nh s\u00e1ng<\/strong><\/p>\n<p><strong>M\u00e1y \u0111o kho\u1ea3ng c\u00e1ch laser Leica D210<\/strong> \u0111\u01b0\u1ee3c trang b\u1ecb \u0111\u00e8n m\u00e0n h\u00ecnh d\u1ea1ng LED, \u00e1nh s\u00e1ng tr\u1eafng v\u00e0 c\u1ea3m bi\u1ebfn \u0111i\u1ec1u ch\u1ec9nh \u00e1nh s\u00e1ng, gi\u00fap m\u00e1y ti\u1ebft ki\u1ec7m \u0111\u01b0\u1ee3c Pin khi \u0111o kho\u1ea3ng c\u00e1ch v\u00e0o ban ng\u00e0y ho\u1eb7c ban \u0111\u00eam.<\/p>\n<p><strong>Th\u00f4ng s\u1ed1 k\u1ef9 thu\u1eadt ch\u00ednh c\u1ee7a\u00a0<\/strong><strong>M\u00e1y \u0111o kho\u1ea3ng c\u00e1ch laser Leica D210<\/strong><strong>:<\/strong><\/p>\n<p>&#8211; Model: Leica DistoTM D210<br \/>\n&#8211; Th\u01b0\u01a1ng hi\u1ec7u: Leica-Th\u1ee5y S\u0129<br \/>\n&#8211; Xu\u1ea5t x\u1ee9: Hungary (Ti\u00eau chu\u1ea9n EU)<br \/>\n&#8211; Ph\u1ea1m vi \u0111o: 0.05m &#8211; 80m<br \/>\n&#8211; \u0110o tr\u1ef1c ti\u1ebfp, \u0111o gi\u00e1n ti\u1ebfp theo Pythagoras<br \/>\n&#8211; X\u00e1c \u0111\u1ecbnh di\u1ec7n t\u00edch, th\u1ec3 t\u00edch<br \/>\n&#8211; X\u00e1c \u0111\u1ecbnh kho\u1ea3ng c\u00e1ch t\u1ef1 \u0111\u1ed9ng<br \/>\n&#8211; Ch\u1ebf \u0111\u1ed9 h\u1eb9n gi\u1edd khi \u0111o<br \/>\n&#8211; M\u00e0n h\u00ecnh hi\u1ec3n th\u1ecb 3 d\u00f2ng<br \/>\n&#8211; M\u00e0n h\u00ecnh s\u00e1ng tr\u1eafng, c\u1ea3m bi\u1ebfn \u00e1nh s\u00e1ng<br \/>\n&#8211; B\u1ed9 nh\u1edb l\u01b0u 10 s\u1ed1<br \/>\n&#8211; Th\u1eddi gian s\u1eed d\u1ee5ng Pin: H\u01a1n 5000 l\u1ea7n \u0111o<br \/>\n&#8211; \u0110\u01a1n v\u1ecb \u0111o: m \/ ft \/ in<br \/>\n&#8211; Sai s\u1ed1 ph\u00e9p \u0111o: 1.0mm<br \/>\n&#8211; K\u00edch th\u01b0\u1edbc: 114x50x27 mm<br \/>\n&#8211;\u00a0Tr\u1ecdng l\u01b0\u1ee3ng: 126g<\/p>\n","protected":false},"excerpt":{"rendered":"<ul>\n<li>H\u00e3ng s\u1ea3n xu\u1ea5t: Leica &#8211; Th\u1ee5y S\u0129<\/li>\n<li>Xu\u1ea5t x\u1ee9: Hungary ( EU )<\/li>\n<li>Ph\u1ea1m vi \u0111o: 0.05-80 m<\/li>\n<li>C\u1ea5p ch\u00ednh x\u00e1c: +\/- 1.0 mm<\/li>\n<li>B\u1ed9 nh\u1edb l\u01b0u: 10 gi\u00e1 tr\u1ecb \u0111o<\/li>\n<li>Thi\u1ebft k\u1ebf r\u1eafn ch\u1eafc, sang tr\u1ecdng<\/li>\n<li>Trang b\u1ecb c\u00f4ng ngh\u1ec7 \u0111o Power range<\/li>\n<li>M\u00e0n h\u00ecnh LED c\u1ea3m bi\u1ebfn \u00e1nh s\u00e1ng<\/li>\n<\/ul>\n","protected":false},"featured_media":344,"comment_status":"open","ping_status":"closed","template":"","meta":[],"_links":{"self":[{"href":"https:\/\/webmaibinh.com\/w\/tracdia2011\/wp-json\/wp\/v2\/product\/343"}],"collection":[{"href":"https:\/\/webmaibinh.com\/w\/tracdia2011\/wp-json\/wp\/v2\/product"}],"about":[{"href":"https:\/\/webmaibinh.com\/w\/tracdia2011\/wp-json\/wp\/v2\/types\/product"}],"replies":[{"embeddable":true,"href":"https:\/\/webmaibinh.com\/w\/tracdia2011\/wp-json\/wp\/v2\/comments?post=343"}],"wp:featuredmedia":[{"embeddable":true,"href":"https:\/\/webmaibinh.com\/w\/tracdia2011\/wp-json\/wp\/v2\/media\/344"}],"wp:attachment":[{"href":"https:\/\/webmaibinh.com\/w\/tracdia2011\/wp-json\/wp\/v2\/media?parent=343"}],"curies":[{"name":"wp","href":"https:\/\/api.w.org\/{rel}","templated":true}]}}