{"id":337,"date":"2017-08-05T06:20:04","date_gmt":"2017-08-05T06:20:04","guid":{"rendered":"http:\/\/tracdia.khowebseotop.vn\/?post_type=product&#038;p=337"},"modified":"2017-08-05T06:20:04","modified_gmt":"2017-08-05T06:20:04","slug":"may-khoang-cach-laser-prexiso-p80","status":"publish","type":"product","link":"https:\/\/webmaibinh.com\/w\/tracdia2011\/san-pham\/may-khoang-cach-laser-prexiso-p80\/","title":{"rendered":"M\u00e1y \u0111o kho\u1ea3ng c\u00e1ch Laser Prexiso P80"},"content":{"rendered":"<h2><strong>M\u00e1y \u0111o kho\u1ea3ng c\u00e1ch Laser Prexiso P80<\/strong><\/h2>\n<p><strong>M\u00e1y \u0111o kho\u1ea3ng c\u00e1ch Laser Prexiso P80<\/strong> l\u00e0 m\u1ed9t trong nh\u1eefng s\u1ea3n ph\u1ea9m \u0111\u01b0\u1ee3c ph\u00e1t tri\u1ec3n b\u1edfi th\u01b0\u01a1ng hi\u1ec7u Prexico \u2013 Th\u1ee5y S\u1ef9. M\u00e1y \u0111\u01b0\u1ee3c s\u1eed d\u1ee5ng nhi\u1ec1u \u0111\u1ec3 \u0111o kho\u1ea3ng c\u00e1ch t\u1eeb gi\u00fap c\u00f4ng vi\u1ec7c \u0111o \u0111\u1ea1c c\u1ee7a b\u1ea1n tr\u1edf n\u00ean \u0111\u01a1n gi\u1ea3n v\u00e0 thu\u1eadn ti\u1ec7n h\u01a1n. Ngo\u00e0i ra, m\u00e1y c\u00f2n c\u00f3 kh\u1ea3 n\u0103ng coog d\u1ed3n khaorng c\u00e1ch, t\u00ednh to\u00e1n di\u1ec7n t\u00edch, th\u1ec3 t\u00edch nhanh ch\u00f3ng tr\u1ef1c ti\u1ebfp th\u00f4ng qua c\u00e1c ph\u00edm, m\u00e0n h\u00ecnh hi\u1ec3n th\u1ecb c\u1ee7a m\u00e1y.<\/p>\n<p>&nbsp;<\/p>\n<p><img id=\"M\u00e1y \u0111o kho\u1ea3ng c\u00e1ch Laser Prexiso P80\" title=\"M\u00e1y \u0111o kho\u1ea3ng c\u00e1ch Laser Prexiso P80\" src=\"http:\/\/tracdia.khowebseotop.vn\/wp-content\/uploads\/2017\/08\/may-do-khoang-cach-laser-prexiso-p80-337.jpg\" alt=\"M\u00e1y \u0111o kho\u1ea3ng c\u00e1ch Laser Prexiso P80\" \/><\/p>\n<p><em><strong>H\u00ecnh \u1ea3nh minh h\u1ecda c\u1ee7a\u00a0M\u00e1y \u0111o kho\u1ea3ng c\u00e1ch Laser Prexiso P80<\/strong><\/em><\/p>\n<p><strong>M\u1ed9t b\u1ed9 s\u1ea3n ph\u1ea9m M\u00e1y \u0111o kho\u1ea3ng c\u00e1ch Laser Prexiso P80 g\u1ed3m:<\/strong><\/p>\n<p>&#8211; 01 M\u00e1y Prexiso P80<\/p>\n<p>&#8211; 01 T\u00fai \u0111\u1ef1ng m\u00e1y<\/p>\n<p>&#8211; 01 B\u1ed9 Pin AA, 2&#215;1.5V<\/p>\n<p><strong>C\u00f4ng d\u1ee5ng ch\u00ednh c\u1ee7a M\u00e1y \u0111o kho\u1ea3ng c\u00e1ch Laser Prexiso P80:<\/strong><\/p>\n<p>&#8211; \u0110o chi\u1ec1u d\u00e0i &#8211; R\u1ed9ng &#8211; Cao<\/p>\n<p>&#8211; \u0110o di\u1ec7n t\u00edch<\/p>\n<p>&#8211; \u0110o th\u1ec3 t\u00edch<\/p>\n<p>&#8211; \u0110o gi\u00e1n ti\u1ebfp Pythagoras<\/p>\n<p>&#8211; \u0110o kho\u1ea3ng c\u00e1ch li\u00ean t\u1ee5c<\/p>\n<p>&#8211; C\u1ed9ng \/ Tr\u1eeb c\u00e1c k\u1ebft qu\u1ea3 \u0111o<\/p>\n<p>&#8211; B\u1ed9 nh\u1edb l\u01b0u 10 k\u1ebft qu\u1ea3 \u0111o<\/p>\n<p>&#8211; \u0110o v\u1edbi t\u1ea5m \u0111u\u00f4i m\u00e1y: C\u00f3<\/p>\n<p><strong>Th\u00f4ng s\u1ed1 k\u1ef9 thu\u1eadt c\u1ee7a\u00a0M\u00e1y \u0111o kho\u1ea3ng c\u00e1ch Laser Prexiso P80:<\/strong><\/p>\n<p>&nbsp;<\/p>\n<table class=\"tblSpecifications\" border=\"1\" align=\"center\">\n<tbody>\n<tr class=\"\">\n<td>Ph\u1ea1m vi \u0111o:<\/td>\n<td>0.05 &#8211; 80m<\/td>\n<\/tr>\n<tr class=\"\">\n<td>\u0110\u1ed9 ch\u00ednh x\u00e1c:<\/td>\n<td>\u00b1 1.5 mm<\/td>\n<\/tr>\n<tr class=\"\">\n<td>\u0110\u01a1n v\u1ecb \u0111o:<\/td>\n<td>m, in<\/td>\n<\/tr>\n<tr class=\"\">\n<td>K\u00edch th\u01b0\u1edbc m\u00e1y:<\/td>\n<td>57 x 117 x 32 mm<\/td>\n<\/tr>\n<tr>\n<td>Th\u1eddi gian s\u1eed d\u1ee5ng Pin:<\/td>\n<td>H\u01a1n 3000 l\u1ea7n \u0111o<\/td>\n<\/tr>\n<tr class=\"\">\n<td>Lo\u1ea1i Pin s\u1eed d\u1ee5ng:<\/td>\n<td>AAA, 2&#215;1.5V<\/td>\n<\/tr>\n<tr>\n<td>Tr\u1ecdng l\u01b0\u1ee3ng m\u00e1y (kh\u00f4ng Pin):<\/td>\n<td>105 g<\/td>\n<\/tr>\n<tr>\n<td>C\u1ea5p b\u1ea3o v\u1ec7:<\/td>\n<td>IP 54<\/td>\n<\/tr>\n<tr class=\"highlighted\">\n<td>Lo\u1ea1i tia laser:<\/td>\n<td>Class 2<\/td>\n<\/tr>\n<\/tbody>\n<\/table>\n","protected":false},"excerpt":{"rendered":"<p>M\u00e1y \u0111o kho\u1ea3ng c\u00e1ch Laser Prexiso P80 M\u00e1y \u0111o kho\u1ea3ng c\u00e1ch Laser Prexiso P80 l\u00e0 m\u1ed9t trong nh\u1eefng s\u1ea3n ph\u1ea9m \u0111\u01b0\u1ee3c ph\u00e1t tri\u1ec3n b\u1edfi th\u01b0\u01a1ng hi\u1ec7u Prexico \u2013 Th\u1ee5y S\u1ef9. M\u00e1y \u0111\u01b0\u1ee3c s\u1eed d\u1ee5ng nhi\u1ec1u \u0111\u1ec3 \u0111o kho\u1ea3ng c\u00e1ch t\u1eeb gi\u00fap c\u00f4ng vi\u1ec7c \u0111o \u0111\u1ea1c c\u1ee7a b\u1ea1n tr\u1edf n\u00ean \u0111\u01a1n gi\u1ea3n v\u00e0 thu\u1eadn ti\u1ec7n h\u01a1n. [&#8230;]\n","protected":false},"featured_media":338,"comment_status":"open","ping_status":"closed","template":"","meta":[],"_links":{"self":[{"href":"https:\/\/webmaibinh.com\/w\/tracdia2011\/wp-json\/wp\/v2\/product\/337"}],"collection":[{"href":"https:\/\/webmaibinh.com\/w\/tracdia2011\/wp-json\/wp\/v2\/product"}],"about":[{"href":"https:\/\/webmaibinh.com\/w\/tracdia2011\/wp-json\/wp\/v2\/types\/product"}],"replies":[{"embeddable":true,"href":"https:\/\/webmaibinh.com\/w\/tracdia2011\/wp-json\/wp\/v2\/comments?post=337"}],"wp:featuredmedia":[{"embeddable":true,"href":"https:\/\/webmaibinh.com\/w\/tracdia2011\/wp-json\/wp\/v2\/media\/338"}],"wp:attachment":[{"href":"https:\/\/webmaibinh.com\/w\/tracdia2011\/wp-json\/wp\/v2\/media?parent=337"}],"curies":[{"name":"wp","href":"https:\/\/api.w.org\/{rel}","templated":true}]}}