{"id":330,"date":"2017-08-05T06:15:43","date_gmt":"2017-08-05T06:15:43","guid":{"rendered":"http:\/\/tracdia.khowebseotop.vn\/?post_type=product&#038;p=330"},"modified":"2017-08-05T06:15:47","modified_gmt":"2017-08-05T06:15:47","slug":"may-khoang-cach-sincon","status":"publish","type":"product","link":"https:\/\/webmaibinh.com\/w\/tracdia2011\/san-pham\/may-khoang-cach-sincon\/","title":{"rendered":"M\u00e1y \u0111o kho\u1ea3ng c\u00e1ch Sincon"},"content":{"rendered":"<p><strong>Th\u00f4ng s\u1ed1 k\u0129 thu\u1eadt:<\/strong><\/p>\n<table border=\"1\" width=\"498\" cellspacing=\"0\" cellpadding=\"0\" align=\"left\">\n<tbody>\n<tr>\n<td>Ngu\u1ed3n laser<\/td>\n<td>635nm,Class ll (&lt;1mW)<\/td>\n<\/tr>\n<tr>\n<td>Ph\u1ea1m vi ho\u1ea1t \u0111\u1ed9ng<\/td>\n<td>0,05~60m<\/td>\n<\/tr>\n<tr>\n<td>\u0110\u1ed9 ch\u00ednh x\u00e1c<\/td>\n<td>\u00b1 1.5mm<\/td>\n<\/tr>\n<tr>\n<td>B\u1ed9 nh\u1edb l\u01b0u tr\u1eef<\/td>\n<td>20 l\u1ea7n \u0111o<\/td>\n<\/tr>\n<tr>\n<td>Ki\u1ec3u \u0111o<\/td>\n<td>\u0110o kho\u1ea3ng c\u00e1ch, di\u1ec7n t\u00edch, th\u1ec3 t\u00edch&#8230;<\/td>\n<\/tr>\n<\/tbody>\n<\/table>\n<p>&nbsp;<\/p>\n<p>&nbsp;<\/p>\n<p>&nbsp;<\/p>\n<p>&nbsp;<\/p>\n<p>&nbsp;<\/p>\n<p>&nbsp;<\/p>\n<p>&nbsp;<\/p>\n<p>&nbsp;<\/p>\n<p>&nbsp;<\/p>\n<p>&nbsp;<\/p>\n<p>M\u00e1y \u0111o kho\u1ea3ng c\u00e1ch b\u1eb1ng laser\u00a0<strong>SINCON SD 60\u00a0<\/strong>l\u00e0 thi\u1ebft b\u1ecb \u0111o kho\u1ea3n c\u00e1ch\u00a0hi\u1ec7n \u0111\u1ea1i, d\u1ec5 s\u1eed d\u1ee5ng c\u00f3 \u0111\u1ed9 ch\u00ednh x\u00e1c cao. M\u00e1y \u0111o kho\u1ea3ng c\u00e1ch Laser gi\u00fap ng\u01b0\u1eddi thi c\u00f4ng ti\u1ebft ki\u1ec7m th\u1eddi gian v\u00e0 nh\u00e2n l\u1ef1c.<\/p>\n<p>M\u00e1y \u0111o kho\u1ea3ng c\u00e1ch b\u1eb1ng laser\u00a0<strong>SINCON SD 60<\/strong>\u00a0\u0111\u01b0\u1ee3c thi\u1ebft k\u1ebf nh\u1ecf g\u1ecdn, k\u00edch th\u01b0\u1edbc v\u1eeba v\u1edbi tay ng\u01b0\u1eddi s\u1eed d\u1ee5ng. Trang b\u1ecb h\u1ec7 th\u1ed1ng \u0111\u00e8n laser \u0111\u1ecbnh h\u01b0\u1edbng gi\u00fap x\u00e1c \u0111\u1ecbnh \u0111\u01b0\u1ee3c v\u1ecb tr\u00ed c\u1ea7n \u0111o. M\u00e0n h\u00ecnh LCD Blacklit l\u1edbn c\u00f3 \u0111\u00e8n n\u1ec1n gi\u00fap ng\u01b0\u1eddi s\u1eed dung c\u00f3 th\u1ec3 quan s\u00e1t \u0111\u01b0\u1ee3c s\u1ed1 li\u1ec7u ngay c\u1ea3 trong nh\u1eefng \u0111i\u1ec1u ki\u1ec7n \u00e1nh s\u00e1ng y\u1ebfu.<\/p>\n<p><img src=\"http:\/\/tracdia.khowebseotop.vn\/wp-content\/uploads\/2017\/08\/may-do-khoang-cach-sincon-330.jpg\" alt=\"\" \/><\/p>\n<p>&nbsp;<\/p>\n<p><strong>M\u00e1y \u0111\u01b0\u1ee3c \u1ee9ng d\u1ee5ng nhi\u1ec1u trong thi c\u00f4ng, kh\u1ea3o s\u00e1t, \u0111o \u0111\u1ea1c:<\/strong><\/p>\n<p>&nbsp;<\/p>\n<p><img src=\"http:\/\/tracdia.khowebseotop.vn\/wp-content\/uploads\/2017\/08\/may-do-khoang-cach-sincon-330-1.jpg\" alt=\"\" \/><\/p>\n<p><img src=\"http:\/\/tracdia.khowebseotop.vn\/wp-content\/uploads\/2017\/08\/may-do-khoang-cach-sincon-330-2.jpg\" alt=\"\" \/><img src=\"http:\/\/tracdia.khowebseotop.vn\/wp-content\/uploads\/2017\/08\/may-do-khoang-cach-sincon-330-3.jpg\" alt=\"\" \/><\/p>\n<p><img src=\"http:\/\/tracdia.khowebseotop.vn\/wp-content\/uploads\/2017\/08\/may-do-khoang-cach-sincon-330-4.jpg\" alt=\"\" \/><\/p>\n","protected":false},"excerpt":{"rendered":"<p><span style=\"font-family: 'times new roman', times, serif;\">H\u00e3ng s\u1ea3n xu\u1ea5t: Sincon- H\u00e0n Qu\u1ed1c<\/span><\/p>\n<p><span style=\"font-family: 'times new roman', times, serif;\">Kho\u1ea3ng c\u00e1ch \u0111o t\u1ed1i \u0111a: 60m<\/span><\/p>\n<p><span style=\"font-family: 'times new roman', times, serif;\">B\u1ea3o h\u00e0nh: 12 Th\u00e1ng<\/span><\/p>\n","protected":false},"featured_media":331,"comment_status":"open","ping_status":"closed","template":"","meta":[],"_links":{"self":[{"href":"https:\/\/webmaibinh.com\/w\/tracdia2011\/wp-json\/wp\/v2\/product\/330"}],"collection":[{"href":"https:\/\/webmaibinh.com\/w\/tracdia2011\/wp-json\/wp\/v2\/product"}],"about":[{"href":"https:\/\/webmaibinh.com\/w\/tracdia2011\/wp-json\/wp\/v2\/types\/product"}],"replies":[{"embeddable":true,"href":"https:\/\/webmaibinh.com\/w\/tracdia2011\/wp-json\/wp\/v2\/comments?post=330"}],"wp:featuredmedia":[{"embeddable":true,"href":"https:\/\/webmaibinh.com\/w\/tracdia2011\/wp-json\/wp\/v2\/media\/331"}],"wp:attachment":[{"href":"https:\/\/webmaibinh.com\/w\/tracdia2011\/wp-json\/wp\/v2\/media?parent=330"}],"curies":[{"name":"wp","href":"https:\/\/api.w.org\/{rel}","templated":true}]}}