{"id":328,"date":"2017-08-05T06:12:18","date_gmt":"2017-08-05T06:12:18","guid":{"rendered":"http:\/\/tracdia.khowebseotop.vn\/?post_type=product&#038;p=328"},"modified":"2017-08-05T06:12:19","modified_gmt":"2017-08-05T06:12:19","slug":"may-khoang-cach-laser-80m-topcon-dm-180","status":"publish","type":"product","link":"https:\/\/webmaibinh.com\/w\/tracdia2011\/san-pham\/may-khoang-cach-laser-80m-topcon-dm-180\/","title":{"rendered":"M\u00e1y \u0111o kho\u1ea3ng c\u00e1ch laser 80m Topcon DM-180"},"content":{"rendered":"<p>&#8211; \u0110\u1ed9 ch\u00ednh x\u00e1c c\u1ee7a m\u00e1y\u00a0: \u00b11.5mm\/30m<\/p>\n<p>&#8211; Ph\u1ea1m vi \u0111o c\u1ee7a m\u00e1y: 0.05 \u0111\u1ebfn 80m<\/p>\n<p>&#8211; K\u00edch th\u01b0\u1edbc : 111 x 51 x 30mm<\/p>\n<p>&#8211; Ngu\u1ed3n \u0111i\u1ec7n pin\u00a0: Li-lon 3.7V<\/p>\n<p>&#8211; C\u01a1 ch\u1ebf ch\u1ed1ng n\u01b0\u1edbc v\u00e0 b\u1ee5i: IP54<\/p>\n<p>&#8211; H\u1ec7 \u0111o : m\/cm\/mm.<\/p>\n<p>&#8211; Th\u1eddi gian ngh\u0129: 5 ph\u00fat m\u00e1y kh\u00f4ng ho\u1ea1t \u0111\u1ed9ng t\u1ef1 \u0111\u1ed9ng t\u1eaft.<\/p>\n","protected":false},"excerpt":{"rendered":"<p>&#8211; \u0110\u1ed9 ch\u00ednh x\u00e1c c\u1ee7a m\u00e1y\u00a0: \u00b11.5mm\/30m &#8211; Ph\u1ea1m vi \u0111o c\u1ee7a m\u00e1y: 0.05 \u0111\u1ebfn 80m &#8211; K\u00edch th\u01b0\u1edbc : 111 x 51 x 30mm &#8211; Ngu\u1ed3n \u0111i\u1ec7n pin\u00a0: Li-lon 3.7V &#8211; C\u01a1 ch\u1ebf ch\u1ed1ng n\u01b0\u1edbc v\u00e0 b\u1ee5i: IP54 &#8211; H\u1ec7 \u0111o : m\/cm\/mm. &#8211; Th\u1eddi gian ngh\u0129: 5 ph\u00fat m\u00e1y kh\u00f4ng ho\u1ea1t \u0111\u1ed9ng t\u1ef1 [&#8230;]\n","protected":false},"featured_media":329,"comment_status":"open","ping_status":"closed","template":"","meta":[],"_links":{"self":[{"href":"https:\/\/webmaibinh.com\/w\/tracdia2011\/wp-json\/wp\/v2\/product\/328"}],"collection":[{"href":"https:\/\/webmaibinh.com\/w\/tracdia2011\/wp-json\/wp\/v2\/product"}],"about":[{"href":"https:\/\/webmaibinh.com\/w\/tracdia2011\/wp-json\/wp\/v2\/types\/product"}],"replies":[{"embeddable":true,"href":"https:\/\/webmaibinh.com\/w\/tracdia2011\/wp-json\/wp\/v2\/comments?post=328"}],"wp:featuredmedia":[{"embeddable":true,"href":"https:\/\/webmaibinh.com\/w\/tracdia2011\/wp-json\/wp\/v2\/media\/329"}],"wp:attachment":[{"href":"https:\/\/webmaibinh.com\/w\/tracdia2011\/wp-json\/wp\/v2\/media?parent=328"}],"curies":[{"name":"wp","href":"https:\/\/api.w.org\/{rel}","templated":true}]}}