{"id":324,"date":"2017-08-05T06:11:36","date_gmt":"2017-08-05T06:11:36","guid":{"rendered":"http:\/\/tracdia.khowebseotop.vn\/?post_type=product&#038;p=324"},"modified":"2017-08-05T06:11:40","modified_gmt":"2017-08-05T06:11:40","slug":"may-khoang-cach","status":"publish","type":"product","link":"https:\/\/webmaibinh.com\/w\/tracdia2011\/san-pham\/may-khoang-cach\/","title":{"rendered":"M\u00e1y \u0111o kho\u1ea3ng c\u00e1ch"},"content":{"rendered":"<p><em><strong>M\u00e1y \u0111o kho\u1ea3ng c\u00e1ch<\/strong><\/em>\u00a0<em><strong>Sndway SW<\/strong><\/em>\u00a0\u0111\u01b0\u1ee3c thi\u1ebft k\u1ebf nh\u1ecf g\u1ecdn, k\u00edch th\u01b0\u1edbc v\u1eeba tay ng\u01b0\u1eddi s\u1eed d\u1ee5ng. \u0110\u01b0\u1ee3c trang b\u1ecb h\u1ec7 th\u1ed1ng laser \u0111\u1ecbnh h\u01b0\u1edbng gi\u00fap x\u00e1c \u0111\u1ecbnh ch\u00ednh x\u00e1c \u0111\u01b0\u1ee3c v\u1eadt th\u1ec3 c\u1ea7n \u0111o.\u00a0<em><strong>M\u00e1y \u0111o kho\u1ea3ng c\u00e1ch Sndway SW\u00a0\u00a0<\/strong><\/em>v\u1edbi\u00a0M\u00e0n h\u00ecnh LCD Blacklit l\u1edbn c\u00f3 \u0111\u00e8n n\u1ec1n hi\u1ec3n th\u1ecb 4 k\u1ebft qu\u1ea3 \u0111o k\u1ebf ti\u1ebfp nhau, \u0111\u1ea1t ti\u00eau chu\u1ea9n IP54 gi\u00fap ch\u1ed1ng b\u1ee5i hi\u1ec7u qu\u1ea3 khi s\u1eed d\u1ee5ng l\u00e2u d\u00e0i gi\u00fap ng\u01b0\u1eddi s\u1eed d\u1ee5ng c\u00f3 th\u1ec3 quan s\u00e1t \u0111\u01b0\u1ee3c s\u1ed1 li\u1ec7u ngay c\u1ea3 khi \u0111i\u1ec1u ki\u1ec7n \u00e1nh s\u00e1ng trong t\u1ed1t.<\/p>\n<p><img src=\"http:\/\/tracdia.khowebseotop.vn\/wp-content\/uploads\/2017\/08\/may-do-khoang-cach-324.jpg\" alt=\"\" \/><\/p>\n<p><em><strong>M\u00e1y \u0111o kho\u1ea3ng c\u00e1ch Sndway<\/strong><\/em><\/p>\n<p>\u0110o l\u01b0\u1eddng gi\u00e1n ti\u1ebfp theo \u0111\u1ecbnh l\u00fd Pythagore. L\u01b0u tr\u1eef (hi\u1ec3n th\u1ecb) gi\u00e1 tr\u1ecb l\u1edbn nh\u1ea5t v\u00e0 nh\u1ecf nh\u1ea5t c\u1ee7a c\u00e1c l\u1ea7n \u0111o. Kh\u1ea3 n\u0103ng chuy\u1ec3n \u0111\u1ed5i gi\u1eefa c\u00e1c \u0111\u01a1n v\u1ecb \u0111o chi\u1ec1u d\u00e0i nh\u01b0 m\u00e9t, inch v\u00e0 feet.<\/p>\n<p>\u0110o kho\u1ea3ng c\u00e1ch v\u1eadt v\u1edbi \u0111\u1ed9 ch\u00ednh x\u00e1c cao, kho\u1ea3ng c\u00e1ch \u0111o \u0111\u01b0\u1ee3c t\u1ed1i \u0111a l\u00ean \u0111\u1ebfn 40m v\u1edbi SNDWAY SW-M40 v\u00e0 60M v\u1edbi SNDWAY SW-M60. C\u00f3 th\u1ec3 \u0111o nhanh kho\u1ea3ng c\u00e1ch, di\u1ec7n t\u00edch v\u00e0 kh\u1ed1i l\u01b0\u1ee3ng c\u1ee7a m\u1ed9t v\u1eadt b\u1ea5t k\u00ec. T\u1ef1 \u0111\u1ed9ng t\u00ednh to\u00e1n di\u1ec7n t\u00edch v\u00e0 kh\u1ed1i l\u01b0\u1ee3ng c\u1ee7a v\u1eadt th\u1ec3 c\u1ea7n \u0111o.<\/p>\n<p><img src=\"http:\/\/tracdia.khowebseotop.vn\/wp-content\/uploads\/2017\/08\/may-do-khoang-cach-324-1.jpg\" alt=\"\" \/><\/p>\n<p>V\u1edbi ti\u00eau chu\u1ea9n IP54 M\u00e1y c\u00f3 \u0111\u1ed9 b\u1ec1n cao, Kh\u1ea3 n\u0103ng ch\u1ed1ng b\u1ee5i, ch\u1ed1ng n\u01b0\u1edbc t\u1ed1t l\u00e0 l\u1ef1a ch\u1ecdn h\u00e0ng \u0111\u1ea7u cho m\u1ecdi c\u00f4ng tr\u00ecnh.<\/p>\n","protected":false},"excerpt":{"rendered":"<p>Kho\u1ea3ng c\u00e1ch t\u1ed1i \u0111a: 40M- 60M<\/p>\n<p>B\u1ea3o h\u00e0nh: 12 Th\u00e1ng<\/p>\n","protected":false},"featured_media":325,"comment_status":"open","ping_status":"closed","template":"","meta":[],"_links":{"self":[{"href":"https:\/\/webmaibinh.com\/w\/tracdia2011\/wp-json\/wp\/v2\/product\/324"}],"collection":[{"href":"https:\/\/webmaibinh.com\/w\/tracdia2011\/wp-json\/wp\/v2\/product"}],"about":[{"href":"https:\/\/webmaibinh.com\/w\/tracdia2011\/wp-json\/wp\/v2\/types\/product"}],"replies":[{"embeddable":true,"href":"https:\/\/webmaibinh.com\/w\/tracdia2011\/wp-json\/wp\/v2\/comments?post=324"}],"wp:featuredmedia":[{"embeddable":true,"href":"https:\/\/webmaibinh.com\/w\/tracdia2011\/wp-json\/wp\/v2\/media\/325"}],"wp:attachment":[{"href":"https:\/\/webmaibinh.com\/w\/tracdia2011\/wp-json\/wp\/v2\/media?parent=324"}],"curies":[{"name":"wp","href":"https:\/\/api.w.org\/{rel}","templated":true}]}}