{"id":321,"date":"2017-08-04T10:11:11","date_gmt":"2017-08-04T10:11:11","guid":{"rendered":"http:\/\/tracdia.khowebseotop.vn\/?post_type=product&#038;p=321"},"modified":"2017-08-04T10:11:12","modified_gmt":"2017-08-04T10:11:12","slug":"may-kinh-vi-dien-tu-geomax-zipp-05","status":"publish","type":"product","link":"https:\/\/webmaibinh.com\/w\/tracdia2011\/san-pham\/may-kinh-vi-dien-tu-geomax-zipp-05\/","title":{"rendered":"M\u00e1y kinh v\u0129 \u0111i\u1ec7n t\u1eed Geomax Zipp 05"},"content":{"rendered":"<p><img id=\"M\u00e1y kinh v\u0129 \u0111i\u1ec7n t\u1eed Geomax Zipp 05\" title=\"M\u00e1y kinh v\u0129 \u0111i\u1ec7n t\u1eed Geomax Zipp 05\" src=\"http:\/\/tracdia.khowebseotop.vn\/wp-content\/uploads\/2017\/08\/may-kinh-vi-dien-tu-geomax-zipp-05-321.jpg\" alt=\"M\u00e1y kinh v\u0129 \u0111i\u1ec7n t\u1eed Geomax Zipp 05\" \/><\/p>\n<p><em><strong>H\u00ecnh minh h\u1ecda\u00a0M\u00e1y kinh v\u0129 \u0111i\u1ec7n t\u1eed Geomax Zipp 05<\/strong><\/em><\/p>\n<p>&nbsp;<\/p>\n","protected":false},"excerpt":{"rendered":"<p>Model: Zipp 05<\/p>\n<div>Nh\u00e3n hi\u1ec7u: Geomax<\/p>\n<div>Xu\u1ea5t x\u1ee9: Switzerland<\/div>\n<\/div>\n","protected":false},"featured_media":322,"comment_status":"open","ping_status":"closed","template":"","meta":[],"_links":{"self":[{"href":"https:\/\/webmaibinh.com\/w\/tracdia2011\/wp-json\/wp\/v2\/product\/321"}],"collection":[{"href":"https:\/\/webmaibinh.com\/w\/tracdia2011\/wp-json\/wp\/v2\/product"}],"about":[{"href":"https:\/\/webmaibinh.com\/w\/tracdia2011\/wp-json\/wp\/v2\/types\/product"}],"replies":[{"embeddable":true,"href":"https:\/\/webmaibinh.com\/w\/tracdia2011\/wp-json\/wp\/v2\/comments?post=321"}],"wp:featuredmedia":[{"embeddable":true,"href":"https:\/\/webmaibinh.com\/w\/tracdia2011\/wp-json\/wp\/v2\/media\/322"}],"wp:attachment":[{"href":"https:\/\/webmaibinh.com\/w\/tracdia2011\/wp-json\/wp\/v2\/media?parent=321"}],"curies":[{"name":"wp","href":"https:\/\/api.w.org\/{rel}","templated":true}]}}