{"id":315,"date":"2017-08-04T10:07:04","date_gmt":"2017-08-04T10:07:04","guid":{"rendered":"http:\/\/tracdia.khowebseotop.vn\/?post_type=product&#038;p=315"},"modified":"2017-08-04T10:07:05","modified_gmt":"2017-08-04T10:07:05","slug":"may-kinh-vi-dien-tu-nikon-ne-100","status":"publish","type":"product","link":"https:\/\/webmaibinh.com\/w\/tracdia2011\/san-pham\/may-kinh-vi-dien-tu-nikon-ne-100\/","title":{"rendered":"M\u00e1y kinh v\u0129 \u0111i\u1ec7n t\u1eed Nikon NE 100"},"content":{"rendered":"<p><img id=\"M\u00e1y kinh v\u0129 \u0111i\u1ec7n t\u1eed Nikon NE 100\" title=\"M\u00e1y kinh v\u0129 \u0111i\u1ec7n t\u1eed Nikon NE 100\" src=\"http:\/\/tracdia.khowebseotop.vn\/wp-content\/uploads\/2017\/08\/auto-draft-315.jpg\" alt=\"M\u00e1y kinh v\u0129 \u0111i\u1ec7n t\u1eed Nikon NE 100\" \/><\/p>\n<p><em><strong>H\u00ecnh \u1ea3nh minh h\u1ecda\u00a0M\u00e1y kinh v\u0129 \u0111i\u1ec7n t\u1eed Nikon NE 100<\/strong><\/em><\/p>\n<p>&nbsp;<\/p>\n<p><strong>M\u00e1y kinh v\u0129 \u0111i\u1ec7n t\u1eed Nikon NE 100<\/strong>\u00a0c\u00f3 nh\u1eefng \u0111\u1eb7c t\u00ednh c\u01a1 b\u1ea3n nh\u01b0 b\u00ean d\u01b0\u1edbi c\u00e1c b\u1ea1n khi xem s\u1ea3n ph\u1ea9m h\u00e3y xem th\u00f4ng tin ni\u00eam y\u1ebft b\u00ean d\u01b0\u1edbi nh\u00e9.<\/p>\n<p>&nbsp;<\/p>\n<table border=\"1\" cellspacing=\"1\" cellpadding=\"1\" align=\"center\">\n<tbody>\n<tr>\n<td>H\u00e3ng s\u1ea3n xu\u1ea5t<\/td>\n<td>NIKON<\/td>\n<\/tr>\n<tr>\n<td>\u0110\u1ed9 ph\u00f3ng \u0111\u1ea1i(X)<\/td>\n<td>30<\/td>\n<\/tr>\n<tr>\n<td>Tr\u01b0\u1eddng nh\u00ecn<\/td>\n<td>1\u00b020\u2019<\/td>\n<\/tr>\n<tr>\n<td>\u0110o g\u00f3c<\/td>\n<td>&#8211; \u0110\u1ed9 ch\u00ednh x\u00e1c : 5\u201d<br \/>\n&#8211; G\u00f3c \u0111\u1ecdc nh\u1ecf nh\u1ea5t : 5\u201d\/10\u201d<br \/>\n&#8211; H\u1ec7 th\u1ed1ng \u0111\u1ecdc: B\u00e0n \u0111\u1ed9 m\u00e3 v\u1ea1ch quang \u0111i\u1ec7n t\u0103ng d\u1ea7n<br \/>\n&#8211; \u0110\u01b0\u1eddng k\u00ednh b\u00e0n \u0111\u1ed9: 79 mm<br \/>\n&#8211; H\u1eb1ng s\u1ed1 k (\u0111o kho\u1ea3ng c\u00e1ch): 100<\/td>\n<\/tr>\n<tr>\n<td>H\u1ec7 th\u1ed1ng b\u00f9<\/td>\n<td>&#8211; Sensor b\u00f9 tr\u1ee5c: C\u00f3.<br \/>\n&#8211; Gi\u1edbi h\u1ea1n t\u1ef1 \u0111\u1ed9ng b\u00f9 tr\u1ee5c: 3&#8242;.<\/td>\n<\/tr>\n<tr>\n<td>D\u1ecdi t\u00e2m<\/td>\n<td>&#8211; Ph\u00f3ng \u0111\u1ea1i: 3X<br \/>\n&#8211; Kho\u1ea3ng nh\u00ecn: 0,3m \u0111\u1ebfn v\u00f4 c\u1ef1c.<br \/>\n&#8211; Tr\u01b0\u1eddng ng\u1eafm: 5\u00b0<br \/>\n&#8211; Tr\u1ecdng l\u01b0\u1ee3ng bao g\u1ed3m pin + h\u00f2m: 8,5 kg<\/td>\n<\/tr>\n<tr>\n<td>Hi\u1ec3n th\u1ecb<\/td>\n<td>&#8211; S\u1ed1 l\u01b0\u1ee3ng : 02<br \/>\n&#8211; Ki\u1ec3u : Tinh th\u1ec3 l\u1ecfng LCD<br \/>\n&#8211; Chi\u1ebfu s\u00e1ng: 1 m\u1ee9c chi\u1ebfu s\u00e1ng<\/td>\n<\/tr>\n<tr>\n<td>Xu\u1ea5t x\u1ee9<\/td>\n<td>Japan<\/td>\n<\/tr>\n<\/tbody>\n<\/table>\n<p>&nbsp;<\/p>\n","protected":false},"excerpt":{"rendered":"<p>Model: NE 100<\/p>\n<div>Nh\u00e3n hi\u1ec7u: Nikon<\/div>\n<div>Xu\u1ea5t x\u01b0: Japan<\/div>\n","protected":false},"featured_media":316,"comment_status":"open","ping_status":"closed","template":"","meta":[],"_links":{"self":[{"href":"https:\/\/webmaibinh.com\/w\/tracdia2011\/wp-json\/wp\/v2\/product\/315"}],"collection":[{"href":"https:\/\/webmaibinh.com\/w\/tracdia2011\/wp-json\/wp\/v2\/product"}],"about":[{"href":"https:\/\/webmaibinh.com\/w\/tracdia2011\/wp-json\/wp\/v2\/types\/product"}],"replies":[{"embeddable":true,"href":"https:\/\/webmaibinh.com\/w\/tracdia2011\/wp-json\/wp\/v2\/comments?post=315"}],"wp:featuredmedia":[{"embeddable":true,"href":"https:\/\/webmaibinh.com\/w\/tracdia2011\/wp-json\/wp\/v2\/media\/316"}],"wp:attachment":[{"href":"https:\/\/webmaibinh.com\/w\/tracdia2011\/wp-json\/wp\/v2\/media?parent=315"}],"curies":[{"name":"wp","href":"https:\/\/api.w.org\/{rel}","templated":true}]}}