{"id":312,"date":"2017-08-04T10:05:06","date_gmt":"2017-08-04T10:05:06","guid":{"rendered":"http:\/\/tracdia.khowebseotop.vn\/?post_type=product&#038;p=312"},"modified":"2017-08-04T10:05:07","modified_gmt":"2017-08-04T10:05:07","slug":"may-kinh-vi-dien-tu-sokkia-dt-210s","status":"publish","type":"product","link":"https:\/\/webmaibinh.com\/w\/tracdia2011\/san-pham\/may-kinh-vi-dien-tu-sokkia-dt-210s\/","title":{"rendered":"M\u00e1y kinh v\u0129 \u0111i\u1ec7n t\u1eed Sokkia DT-210S"},"content":{"rendered":"<div><img id=\"M\u00e1y kinh v\u0129 \u0111i\u1ec7n t\u1eed Sokkia DT-210S\" title=\"M\u00e1y kinh v\u0129 \u0111i\u1ec7n t\u1eed Sokkia DT-210S\" src=\"http:\/\/tracdia.khowebseotop.vn\/wp-content\/uploads\/2017\/08\/may-kinh-vi-dien-tu-sokkia-dt-210s-312.jpg\" alt=\"M\u00e1y kinh v\u0129 \u0111i\u1ec7n t\u1eed Sokkia DT-210S\" \/><\/div>\n<p><em><strong>H\u00ecnh \u1ea3nh minh h\u1ecda\u00a0M\u00e1y Kinh V\u0129 \u0110i\u1ec7n T\u1eed Sokkia\u00a0<\/strong><strong>DT-210s<\/strong><\/em><\/p>\n<p><strong>\u00a0<\/strong><br \/>\nM\u00e1y kinh v\u0129 \u0111i\u1ec7n t\u1eed Sokkia DT-210S s\u1ea3n xu\u1ea5t , b\u1ec1n b\u1ec9 , ch\u00ednh x\u00e1c , ti\u1ec7n d\u1ee5ng. S\u1ea3n ph\u1ea9m \u0111\u01b0\u1ee3c s\u1ea3n xu\u1ea5t t\u1ea1i Nh\u1eadt , \u0111\u01b0\u1ee3c ki\u1ec3m nghi\u1ec7m qua nhi\u1ec1u quy tr\u00ecnh , \u0111\u00e1p \u1ee9ng \u0111\u01b0\u1ee3c c\u00e1c ti\u00eau chu\u1ea9n kh\u1eaft khe nh\u1ea5t.<\/p>\n<p><strong>Th\u00f4ng s\u1ed1 k\u1ef9 thu\u1eadt\u00a0M\u00e1y kinh v\u0129 \u0111i\u1ec7n t\u1eed Sokkia DT-210S<\/strong><\/p>\n<p>&nbsp;<\/p>\n<table border=\"1\" align=\"center\">\n<tbody>\n<tr>\n<td><strong>Th\u00f4ng s\u1ed1 k\u1ef9 thu\u1eadt<\/strong><\/td>\n<td><strong>DT-210s<\/strong><\/td>\n<\/tr>\n<tr>\n<td>K\u00edch th\u01b0\u1edbc k\u00ednh v\u1eadt<\/td>\n<td>45mm<\/td>\n<\/tr>\n<tr>\n<td>\u0110\u1ed9 ph\u00f3ng \u0111\u1ea1i<\/td>\n<td>30x<\/td>\n<\/tr>\n<tr>\n<td>Kho\u1ea3ng \u0111o ng\u1eafn nh\u1ea5t<\/td>\n<td>0.9m<\/td>\n<\/tr>\n<tr>\n<td>\u0110\u1ed9 ch\u00ednh x\u00e1c \u0111o g\u00f3c<\/td>\n<td>5&#8243;<\/td>\n<\/tr>\n<tr>\n<td>Hi\u1ec3n th\u1ecb g\u00f3c \u0111o nh\u1ecf nh\u1ea5t<\/td>\n<td>1&#8243; \/ 5&#8243;<\/td>\n<\/tr>\n<tr>\n<td>M\u00e0n h\u00ecnh hi\u1ec3n th\u1ecb<\/td>\n<td>02<\/td>\n<\/tr>\n<tr>\n<td>\u0110\u1ed9 nh\u1ea1y b\u1ecdt th\u1ee7y d\u00e0i<\/td>\n<td>40&#8243; \/ 2mm<\/td>\n<\/tr>\n<tr>\n<td>B\u1ed9 c\u00e2n b\u1eb1ng t\u1ef1 \u0111\u1ed9ng hai tr\u1ee5c<\/td>\n<td>Ph\u1ea1m vi: \u00b13&#8242;<\/td>\n<\/tr>\n<tr>\n<td>Ti\u00eau chu\u1ea9n ch\u1ed1ng b\u1ee5i v\u00e0 n\u01b0\u1edbc<\/td>\n<td>IP66<\/td>\n<\/tr>\n<tr>\n<td>Tr\u1ecdng l\u01b0\u1ee3ng<\/td>\n<td>4.8kg<\/td>\n<\/tr>\n<tr>\n<td>Ki\u1ec3u pin<\/td>\n<td>LR14\/C batteries \u00d7 2<\/td>\n<\/tr>\n<tr>\n<td>Th\u1eddi gian s\u1eed d\u1ee5ng pin li\u00ean t\u1ee5c \u1edf 25\u00b0C<\/td>\n<td>Kho\u1ea3ng 75 gi\u1edd<\/td>\n<\/tr>\n<\/tbody>\n<\/table>\n","protected":false},"excerpt":{"rendered":"<p>Model: Sokkia DT-210S<br \/>\nNh\u00e3n hi\u1ec7u: Sokkia<br \/>\nXu\u1ea5t x\u1ee9: Japan<\/p>\n","protected":false},"featured_media":313,"comment_status":"open","ping_status":"closed","template":"","meta":[],"_links":{"self":[{"href":"https:\/\/webmaibinh.com\/w\/tracdia2011\/wp-json\/wp\/v2\/product\/312"}],"collection":[{"href":"https:\/\/webmaibinh.com\/w\/tracdia2011\/wp-json\/wp\/v2\/product"}],"about":[{"href":"https:\/\/webmaibinh.com\/w\/tracdia2011\/wp-json\/wp\/v2\/types\/product"}],"replies":[{"embeddable":true,"href":"https:\/\/webmaibinh.com\/w\/tracdia2011\/wp-json\/wp\/v2\/comments?post=312"}],"wp:featuredmedia":[{"embeddable":true,"href":"https:\/\/webmaibinh.com\/w\/tracdia2011\/wp-json\/wp\/v2\/media\/313"}],"wp:attachment":[{"href":"https:\/\/webmaibinh.com\/w\/tracdia2011\/wp-json\/wp\/v2\/media?parent=312"}],"curies":[{"name":"wp","href":"https:\/\/api.w.org\/{rel}","templated":true}]}}