{"id":309,"date":"2017-08-04T10:02:36","date_gmt":"2017-08-04T10:02:36","guid":{"rendered":"http:\/\/tracdia.khowebseotop.vn\/?post_type=product&#038;p=309"},"modified":"2017-08-04T10:02:37","modified_gmt":"2017-08-04T10:02:37","slug":"may-kinh-vi-dien-tu-geomax-zipp-02","status":"publish","type":"product","link":"https:\/\/webmaibinh.com\/w\/tracdia2011\/san-pham\/may-kinh-vi-dien-tu-geomax-zipp-02\/","title":{"rendered":"M\u00e1y kinh v\u0129 \u0111i\u1ec7n t\u1eed Geomax Zipp 02"},"content":{"rendered":"<p><img id=\"M\u00e1y kinh v\u0129 \u0111i\u1ec7n t\u1eed Geomax Zipp 02\" title=\"M\u00e1y kinh v\u0129 \u0111i\u1ec7n t\u1eed Geomax Zipp 02\" src=\"http:\/\/tracdia.khowebseotop.vn\/wp-content\/uploads\/2017\/08\/may-kinh-vi-dien-tu-geomax-zipp-02-309.jpg\" alt=\"M\u00e1y kinh v\u0129 \u0111i\u1ec7n t\u1eed Geomax Zipp 02\" \/><\/p>\n<p><em><strong>H\u00ecnh \u1ea3nh minh h\u1ecda\u00a0M\u00e1y kinh v\u0129 \u0111i\u1ec7n t\u1eed Geomax Zipp 02<\/strong><\/em><\/p>\n<p>&nbsp;<\/p>\n<p><strong>M\u00e1y kinh v\u0129 \u0111i\u1ec7n t\u1eed<\/strong>\u00a0<strong>Geomax Zipp 02\/05<\/strong>\u00a0c\u00f3 nh\u1eefng \u0111\u1eb7c t\u00ednh c\u01a1 b\u1ea3n nh\u01b0 b\u00ean d\u01b0\u1edbi c\u00e1c b\u1ea1n khi xem s\u1ea3n ph\u1ea9m h\u00e3y xem th\u00f4ng tin ni\u00eam y\u1ebft b\u00ean d\u01b0\u1edbi nh\u00e9.<\/p>\n<p><strong>Th\u00f4ng s\u1ed1 k\u1ef9 thu\u1eadt:<\/strong><\/p>\n<p>1. \u1ed0ng k\u00ednh:<\/p>\n<p>&#8211; Chi\u1ec1u d\u00e0i \u1ed1ng k\u00ednh: 172mm<br \/>\n&#8211; \u0110\u01b0\u1eddng k\u00ednh k\u00ednh v\u1eadt: 42 mm.<br \/>\n&#8211; \u0110\u1ed9 ph\u00f3ng \u0111\u1ea1i : 30x.<br \/>\n&#8211; H\u00ecnh \u1ea3nh: thu\u1eadn.<br \/>\n&#8211; \u0110\u1ed9 ph\u00e2n gi\u1ea3i: 3&#8221;<br \/>\n&#8211; Tr\u01b0\u1eddng nh\u00ecn : 1\u00b020&#8242;.<br \/>\n&#8211; Ti\u00eau c\u1ef1 nh\u1ecf nh\u1ea5t: 0,5m.<br \/>\n&#8211; H\u1eb1ng s\u1ed1 k (\u0111o kho\u1ea3ng c\u00e1ch): 100.<br \/>\n&#8211; H\u1eb1ng s\u1ed1 c\u1ed9ng: 0.<\/p>\n<p>2. \u0110o g\u00f3c:<\/p>\n<p>&#8211; H\u1ec7 th\u1ed1ng \u0111\u1ecdc: B\u00e0n \u0111\u1ed9 m\u00e3 v\u1ea1ch quang \u0111i\u1ec7n t\u0103ng d\u1ea7n<br \/>\n&#8211; \u0110\u1ed9 ch\u00ednh x\u00e1c : 2&#8243;\/5&#8243;<br \/>\n&#8211; G\u00f3c \u0111\u1ecdc nh\u1ecf nh\u1ea5t : 1&#8243;\/5&#8243;<br \/>\n&#8211; \u0110\u01a1n v\u1ecb \u0111o g\u00f3c: 3600, 400g, 6400mil.<\/p>\n<p>3. H\u1ec7 th\u1ed1ng b\u00f9 nghi\u00eang:<\/p>\n<p>&#8211; Kho\u1ea3ng gi\u1edbi h\u1ea1n b\u00f9: 3&#8242;<br \/>\n&#8211; \u0110\u1ed9 nh\u1ea1y: 1&#8221;<\/p>\n<p>4. M\u00e0n h\u00ecnh v\u00e0 b\u00e0n ph\u00edm:<\/p>\n<p>&#8211; S\u1ed1 l\u01b0\u1ee3ng : 02 m\u00e0n tinh th\u1ec3 l\u1ecfng LCD, chi\u1ebfu sang.<br \/>\n&#8211; B\u00e0n ph\u00edm: 5 ph\u00edm.<\/p>\n<p>5. \u0110\u1ed9 nh\u1ea1y b\u1ecdt th\u1ee7y:<\/p>\n<p>&#8211; B\u1ecdt th\u1ee7y tr\u00f2n: 10&#8217;\/2mm.<br \/>\n&#8211; B\u1ecdt th\u1ee7y d\u00e0i: 30&#8221;\/2mm<\/p>\n<p>6. Ngu\u1ed3n \u0111i\u1ec7n:<\/p>\n<p>&#8211; Pin: 01 vi\u00ean pin s\u1ea1c Ni-MH<br \/>\n&#8211; Th\u1eddi gian \u0111o: 40h.<\/p>\n<p>7. D\u1ecdi t\u00e2m quang h\u1ecdc:<\/p>\n<p>&#8211; \u0110\u1ed9 ch\u00ednh s\u00e1c: 0,8mm\/1,5m<br \/>\n&#8211; Ph\u00f3ng \u0111\u1ea1i: 30 x<br \/>\n&#8211; Kho\u1ea3ng nh\u00ecn: 1,5m.<br \/>\n&#8211; Tr\u01b0\u1eddng ng\u1eafm: 5\u00b0<\/p>\n<p>8. Nhi\u1ec7t \u0111\u1ed9 l\u00e0m vi\u1ec7c: t\u1eeb -200 \u0111\u1ebfn +500C.<\/p>\n<p>9. Ti\u00eau chu\u1ea9n ch\u1ecbu n\u01b0\u1edbc: IP54.<\/p>\n<p>10. Tr\u1ecdng l\u01b0\u1ee3ng v\u00e0 k\u00edch th\u01b0\u1edbc:<\/p>\n<p>&#8211; Tr\u1ecdng l\u01b0\u1ee3ng bao g\u1ed3m pin: 4,8 kg.<br \/>\n&#8211; K\u00edch th\u01b0\u1edbc: W153 x H 334 x L 172mm.<\/p>\n","protected":false},"excerpt":{"rendered":"<p>Gi\u00e1 b\u00e1n\u00a0M\u00e1y kinh v\u0129 \u0111i\u1ec7n t\u1eed Geomax Zipp 02 ho\u1eb7c cho thu\u00ea, gi\u00e1 c\u1ea3 ph\u1ea3i ch\u0103ng, s\u1ea3n ph\u1ea9m ch\u00ednh h\u00e3ng, li\u00ean h\u1ec7 c\u00f3 gi\u00e1 t\u1ed1t<\/p>\n","protected":false},"featured_media":310,"comment_status":"open","ping_status":"closed","template":"","meta":[],"_links":{"self":[{"href":"https:\/\/webmaibinh.com\/w\/tracdia2011\/wp-json\/wp\/v2\/product\/309"}],"collection":[{"href":"https:\/\/webmaibinh.com\/w\/tracdia2011\/wp-json\/wp\/v2\/product"}],"about":[{"href":"https:\/\/webmaibinh.com\/w\/tracdia2011\/wp-json\/wp\/v2\/types\/product"}],"replies":[{"embeddable":true,"href":"https:\/\/webmaibinh.com\/w\/tracdia2011\/wp-json\/wp\/v2\/comments?post=309"}],"wp:featuredmedia":[{"embeddable":true,"href":"https:\/\/webmaibinh.com\/w\/tracdia2011\/wp-json\/wp\/v2\/media\/310"}],"wp:attachment":[{"href":"https:\/\/webmaibinh.com\/w\/tracdia2011\/wp-json\/wp\/v2\/media?parent=309"}],"curies":[{"name":"wp","href":"https:\/\/api.w.org\/{rel}","templated":true}]}}