{"id":306,"date":"2017-08-04T09:57:42","date_gmt":"2017-08-04T09:57:42","guid":{"rendered":"http:\/\/tracdia.khowebseotop.vn\/?post_type=product&#038;p=306"},"modified":"2017-08-04T09:57:43","modified_gmt":"2017-08-04T09:57:43","slug":"may-thuy-binh-tu-dong-leica-na-724","status":"publish","type":"product","link":"https:\/\/webmaibinh.com\/w\/tracdia2011\/san-pham\/may-thuy-binh-tu-dong-leica-na-724\/","title":{"rendered":"M\u00e1y th\u1ee7y b\u00ecnh t\u1ef1 \u0111\u1ed9ng Leica NA-724"},"content":{"rendered":"<p><strong>M\u00e1y th\u1ee7y b\u00ecnh t\u1ef1 \u0111\u1ed9ng Leica NA-724<\/strong> l\u00e0 lo\u1ea1i m\u00e1y \u0111\u01b0\u1ee3c s\u1eed d\u1ee5ng nhi\u1ec1u trong \u0111o \u0111\u1ea1c x\u00e2y d\u1ef1ng. H\u1ea7u h\u1ebft c\u00e1c c\u00f4ng tr\u00ecnh x\u00e2y d\u1ef1ng nh\u00e0 \u1edf, nh\u00e0 cao t\u1ea7n , \u0111\u01b0\u1eddng x\u00e1 \u0111i\u1ec1u s\u1eed d\u1ee5ng m\u00e1y th\u1ee7y b\u00ecnh.<\/p>\n<p>Lo\u1ea1i m\u00e1y <strong>Leica NA-724 <\/strong>n\u00e0y \u0111\u00e1p \u1ee9ng \u0111\u1ee7 c\u00e1c t\u00ednh n\u0103ng c\u1ee7a m\u1ed9t lo\u1ea1i m\u00e1y th\u1ee7y b\u00ecnh hi\u1ec7n \u0111\u1ea1i nh\u1ea5t, C\u00e1ch s\u1eed d\u1ee5ng \u0111\u01a1n gi\u00e3n v\u00e0 \u0111\u1eb7c bi\u1ec7t nh\u1ecf g\u1ecdn<\/p>\n<p>S\u1ea3n ph\u1ea9m \u0111\u01b0\u1ee3c \u0111\u1eb7t trong th\u00f9ng ch\u1ed1ng s\u00f3c v\u00e0 c\u00f3 d\u00e2y \u0111eo r\u1ea5t ti\u1ec7n l\u1ee3i.<\/p>\n<p>C\u00e1ch s\u1eed d\u1ee5ng c\u1ee7a m\u00e1y s\u1ebd \u0111\u01b0\u1ee3c nh\u1eefng k\u1ef9 s\u01b0 tr\u1eafc \u0111\u1ecba chuy\u00ean nghi\u1ec7p h\u01b0\u1edbng d\u1eabn n\u1ebfu nh\u01b0 c\u00e1c b\u1ea1n g\u1eb7p kh\u00f3 kh\u0103n trong vi\u1ec7c s\u1eed d\u1ee5ng m\u00e1y.<\/p>\n<p>S\u1ea3n ph\u1ea9m \u0111\u01b0\u1ee3c b\u1ea3o h\u00e0nh ch\u00ednh h\u00e3ng v\u00e0 \u0111\u01b0\u1ee3c s\u1eeda ch\u1eefa nhanh ch\u00f3ng n\u1ebfu c\u00f3 h\u01b0 h\u1ecfng. T\u1ea5t c\u1ea3 nh\u1eefng s\u1ef1 c\u1ed1 v\u1ec1 k\u1ef9 thu\u1eadt s\u1ebd \u0111\u01b0\u1ee3c nh\u1eefng k\u1ef9 s\u01b0 chuy\u00ean nghi\u1ec7p chu\u1ea9n \u0111\u00f3n v\u00e0 s\u1eefa ch\u1eefa.<\/p>\n<p>M\u1eddi c\u00e1c b\u1ea1n xem nh\u1eefng th\u00f4ng s\u1ed1 k\u1ef9 thu\u1eadt v\u00e0 h\u00ecnh \u1ea3nh c\u1ee7a\u00a0<strong>M\u00e1y th\u1ee7y b\u00ecnh t\u1ef1 \u0111\u1ed9ng Leica NA-724<\/strong><\/p>\n<p>&nbsp;<\/p>\n<p><img id=\"M\u00e1y th\u1ee7y b\u00ecnh t\u1ef1 \u0111\u1ed9ng Leica NA-724\" title=\"M\u00e1y th\u1ee7y b\u00ecnh t\u1ef1 \u0111\u1ed9ng Leica NA-724\" src=\"http:\/\/tracdia.khowebseotop.vn\/wp-content\/uploads\/2017\/08\/may-thuy-binh-tu-dong-leica-na-724-306.jpg\" alt=\"M\u00e1y th\u1ee7y b\u00ecnh t\u1ef1 \u0111\u1ed9ng Leica NA-724\" \/><\/p>\n<p><em><strong>H\u00ecnh minh h\u1ecda\u00a0M\u00e1y th\u1ee7y b\u00ecnh t\u1ef1 \u0111\u1ed9ng Leica NA-724<\/strong><\/em><\/p>\n<p><strong>M\u00e1y th\u1ee7y b\u00ecnh t\u1ef1 \u0111\u1ed9ng Leica NA-724 <\/strong>\u0111\u01b0\u1ee3c g\u1ecdi t\u1eaft l\u00e0\u00a0Leica NA-724\u00a0c\u00f3 nh\u1eefng \u0111\u1eb7c t\u00ednh c\u01a1 b\u1ea3n nh\u01b0 b\u00ean d\u01b0\u1edbi c\u00e1c b\u1ea1n khi xem s\u1ea3n ph\u1ea9m h\u00e3y xem th\u00f4ng tin ni\u00eam y\u1ebft b\u00ean d\u01b0\u1edbi nh\u00e9.<\/p>\n<p>1. \u1ed0ng k\u00ednh:<\/p>\n<p>&#8211; Chi\u1ec1u d\u00e0i \u1ed1ng k\u00ednh: 215mm.<br \/>\n&#8211; \u0110\u01b0\u1eddng k\u00ednh v\u1eadt k\u00ednh: 30mm.<br \/>\n&#8211; \u0110\u1ed9 ph\u00f3ng \u0111\u1ea1i: 24X.<br \/>\n&#8211; \u1ea2nh: thu\u1eadn.<br \/>\n&#8211; \u0110\u1ed9 ph\u00e2n gi\u1ea3i: 4,0\u201d<br \/>\n&#8211; Tr\u01b0\u1eddng nh\u00ecn: 1025\u2019.<br \/>\n&#8211; Ti\u00eau c\u1ef1 nh\u1ecf nh\u1ea5t: 0,4m.<\/p>\n<p>2. \u0110\u1ed9 ch\u00ednh x\u00e1c:<\/p>\n<p>&#8211; Sai s\u1ed1 chu\u1ea9n tr\u00ean 1km \u0111o \u0111i \u0111o v\u1ec1: \u00b1 2,0mm.<\/p>\n<p>3. B\u1ed9 b\u00f9:<\/p>\n<p>&#8211; Ki\u1ec3u: con l\u1eafc t\u1eeb t\u00ednh.<br \/>\n&#8211; Ph\u1ea1n vi b\u00f9: \u00b115&#8242;<br \/>\n&#8211; \u0110\u1ed9 nh\u1ea1y: \u00b10,5&#8221;.<\/p>\n<p>4. B\u00e0n \u0111\u1ed9 ngang:<\/p>\n<p>&#8211; \u0110\u01b0\u1eddng k\u00ednh: 103mm.<br \/>\n&#8211; Kho\u1ea3ng chia b\u00e0n \u0111\u1ed9 ngang: 10.<\/p>\n<p>5. B\u1ed9t th\u1ee7y tr\u00f2n: 10\u2019\/2mm.<\/p>\n<p>6. Ti\u00eau chu\u1ea9n ch\u1ed1ng n\u01b0\u1edbc: IP54<\/p>\n<p>7. H\u1eb1ng s\u1ed1 \u0111o kho\u1ea3ng c\u00e1ch:<\/p>\n<p>&#8211; H\u1eb1ng s\u1ed1 nh\u00e2n: 100<br \/>\n&#8211; H\u1eb1ng s\u1ed1 c\u1ed9ng: 0<\/p>\n<p>8. Tr\u1ecdng l\u01b0\u1ee3ng: 1,7kg<\/p>\n<p>9. K\u00edch th\u01b0\u1edbc( W x D x H): 135mm x 215mm x 145mm.<\/p>\n","protected":false},"excerpt":{"rendered":"<ul>\n<li>1) 01 \u0110\u1ea7u m\u00e1y ch\u00ednh h\u00e3ng<\/li>\n<li>2) 01 Th\u00f9ng \u0111\u1ef1ng m\u00e1y<\/li>\n<li>3) 01 Ch\u00e2n nh\u00f4m th\u1ee7y b\u00ecnh<\/li>\n<li>4) 01 Mia nh\u00f4m 5m 5 \u0111o\u1ea1n<\/li>\n<li>5) 01 B\u1ed9 t\u0103m ch\u1ec9nh theo m\u00e1y<\/li>\n<li>6) 01\u00a0Qu\u1ea3 r\u1ecdi theo m\u00e1y<\/li>\n<li>7) 01 N\u1eafp \u0111\u1eady \u1ed1ng k\u00ednh<\/li>\n<li>8) 01 Bao che m\u00e1y v\u00e0 kh\u0103n lau \u1ed1ng k\u00ednh<\/li>\n<li>9) K\u00e8m\u00a0gi\u1ea5y hi\u1ec7u\u00a0chu\u1ea9n\u00a0mi\u1ec5n ph\u00ed 24\u00a0th\u00e1ng<\/li>\n<\/ul>\n","protected":false},"featured_media":307,"comment_status":"open","ping_status":"closed","template":"","meta":[],"_links":{"self":[{"href":"https:\/\/webmaibinh.com\/w\/tracdia2011\/wp-json\/wp\/v2\/product\/306"}],"collection":[{"href":"https:\/\/webmaibinh.com\/w\/tracdia2011\/wp-json\/wp\/v2\/product"}],"about":[{"href":"https:\/\/webmaibinh.com\/w\/tracdia2011\/wp-json\/wp\/v2\/types\/product"}],"replies":[{"embeddable":true,"href":"https:\/\/webmaibinh.com\/w\/tracdia2011\/wp-json\/wp\/v2\/comments?post=306"}],"wp:featuredmedia":[{"embeddable":true,"href":"https:\/\/webmaibinh.com\/w\/tracdia2011\/wp-json\/wp\/v2\/media\/307"}],"wp:attachment":[{"href":"https:\/\/webmaibinh.com\/w\/tracdia2011\/wp-json\/wp\/v2\/media?parent=306"}],"curies":[{"name":"wp","href":"https:\/\/api.w.org\/{rel}","templated":true}]}}