{"id":302,"date":"2017-08-04T09:55:55","date_gmt":"2017-08-04T09:55:55","guid":{"rendered":"http:\/\/tracdia.khowebseotop.vn\/?post_type=product&#038;p=302"},"modified":"2017-08-04T09:55:57","modified_gmt":"2017-08-04T09:55:57","slug":"may-thuy-binh-pentax-ap-281","status":"publish","type":"product","link":"https:\/\/webmaibinh.com\/w\/tracdia2011\/san-pham\/may-thuy-binh-pentax-ap-281\/","title":{"rendered":"M\u00e1y th\u1ee7y b\u00ecnh Pentax AP-281"},"content":{"rendered":"<div><strong>Pentax AP -281<\/strong> l\u00e0 s\u1ea3n ph\u1ea9m \u0111\u1eb7c bi\u1ec7t n\u1ed5i b\u1eadt \u0111\u01b0\u1ee3c ch\u00fang t\u00f4i \u01b0u ti\u00ean ph\u00e2n ph\u1ed1i v\u00e0 \u0111\u00e2y c\u0169ng l\u00e0 s\u1ea3n ph\u1ea9m c\u1ee7a Pentax c\u00f3 gi\u00e1 t\u1ed1t v\u00e0 \u0111\u1ea3m b\u1ea3o ch\u1ea5t l\u01b0\u1ee3ng, n\u1ebfu qu\u00fd kh\u00e1ch h\u00e0ng quan t\u00e2m \u0111\u1ebfn m\u1ed9t s\u1ea3n ph\u1ea9m n\u00e0o \u0111\u00f3 c\u1ee7a h\u00e3ng Pentax th\u00ec h\u00e3y xem ngay nh\u1eefng th\u00f4ng tin c\u1ee7a s\u1ea3n ph\u1ea9m n\u00e0y nh\u00e9.<\/div>\n<div><img id=\"M\u00e1y th\u1ee7y b\u00ecnh Pentax AP-281\" class=\"M\u00e1y th\u1ee7y b\u00ecnh Pentax AP-281\" title=\"M\u00e1y th\u1ee7y b\u00ecnh Pentax AP-281\" src=\"http:\/\/tracdia.khowebseotop.vn\/wp-content\/uploads\/2017\/08\/may-thuy-binh-pentax-ap-281-302.jpg\" alt=\"M\u00e1y th\u1ee7y b\u00ecnh Pentax AP-281\" longdesc=\"http:\/\/tracdia247.com\/May-thuy-binh\/M%C3%A1y%20th%E1%BB%A7y%20b%C3%ACnh%20Pentax%20AP-281\" \/><\/div>\n<div>\u1ea2nh serie PenTax AP<\/div>\n<div><\/div>\n<div><strong>M\u00e1y th\u1ee7y b\u00ecnh Pentax AP-281<\/strong> l\u00e0 lo\u1ea1i m\u00e1y \u0111\u01b0\u1ee3c s\u1eed d\u1ee5ng nhi\u1ec1u trong \u0111o \u0111\u1ea1c x\u00e2y d\u1ef1ng. H\u1ea7u h\u1ebft c\u00e1c c\u00f4ng tr\u00ecnh x\u00e2y d\u1ef1ng nh\u00e0 \u1edf, nh\u00e0 cao t\u1ea7n , \u0111\u01b0\u1eddng x\u00e1 \u0111i\u1ec1u s\u1eed d\u1ee5ng m\u00e1y th\u1ee7y b\u00ecnh.<\/div>\n<p>Lo\u1ea1i m\u00e1y\u00a0<strong>Pentax AP-281<\/strong> n\u00e0y \u0111\u00e1p \u1ee9ng \u0111\u1ee7 c\u00e1c t\u00ednh n\u0103ng c\u1ee7a m\u1ed9t lo\u1ea1i m\u00e1y th\u1ee7y b\u00ecnh hi\u1ec7n \u0111\u1ea1i nh\u1ea5t, C\u00e1ch s\u1eed d\u1ee5ng \u0111\u01a1n gi\u00e3n v\u00e0 \u0111\u1eb7c bi\u1ec7t nh\u1ecf g\u1ecdn.<\/p>\n<p>S\u1ea3n ph\u1ea9m \u0111\u01b0\u1ee3c \u0111\u1eb7t trong th\u00f9ng ch\u1ed1ng s\u00f3c v\u00e0 c\u00f3 d\u00e2y \u0111eo r\u1ea5t ti\u1ec7n l\u1ee3i.<\/p>\n<p>C\u00e1ch s\u1eed d\u1ee5ng c\u1ee7a m\u00e1y s\u1ebd \u0111\u01b0\u1ee3c nh\u1eefng k\u1ef9 s\u01b0 tr\u1eafc \u0111\u1ecba chuy\u00ean nghi\u1ec7p h\u01b0\u1edbng d\u1eabn n\u1ebfu nh\u01b0 c\u00e1c b\u1ea1n g\u1eb7p kh\u00f3 kh\u0103n trong vi\u1ec7c s\u1eed d\u1ee5ng m\u00e1y.<\/p>\n<p>S\u1ea3n ph\u1ea9m \u0111\u01b0\u1ee3c b\u1ea3o h\u00e0nh ch\u00ednh h\u00e3ng v\u00e0 \u0111\u01b0\u1ee3c s\u1eeda ch\u1eefa nhanh ch\u00f3ng n\u1ebfu c\u00f3 h\u01b0 h\u1ecfng. T\u1ea5t c\u1ea3 nh\u1eefng s\u1ef1 c\u1ed1 v\u1ec1 k\u1ef9 thu\u1eadt s\u1ebd \u0111\u01b0\u1ee3c nh\u1eefng k\u1ef9 s\u01b0 chuy\u00ean nghi\u1ec7p chu\u1ea9n \u0111\u00f3n v\u00e0 s\u1eefa ch\u1eefa.<\/p>\n<p>M\u1eddi c\u00e1c b\u1ea1n xem nh\u1eefng th\u00f4ng s\u1ed1 k\u1ef9 thu\u1eadt v\u00e0 h\u00ecnh \u1ea3nh c\u1ee7a\u00a0<strong>M\u00e1y th\u1ee7y b\u00ecnh Pentax AP-281<\/strong><\/p>\n<p><img src=\"http:\/\/tracdia.khowebseotop.vn\/wp-content\/uploads\/2017\/08\/may-thuy-binh-pentax-ap-281-302-1.jpg\" alt=\"\" \/><\/p>\n<p><em>H\u00ecnh minh h\u1ecda\u00a0M\u00e1y th\u1ee7y b\u00ecnh Pentax AP-281<\/em><\/p>\n<ul>\n<li>Lo\u1ea1i m\u00e1y \u00a0\u00a0 \u00a0M\u00e1y t\u1ef1 \u0111\u1ed9ng<\/li>\n<li>\u0110\u1ed9 ph\u00f3ng \u0111\u1ea1i (X) \u00a0\u00a0 \u00a028<\/li>\n<li>\u0110\u1ed9 nh\u1ea1y b\u1ecdt th\u1ee7y tr\u00f2n \u00a0\u00a0 \u00a010&#8221;2 mm<\/li>\n<li>\u0110\u1ed9 ch\u00ednh x\u00e1c \u00a0\u00a0 \u00a0\u00b12.0mm<\/li>\n<li>Tr\u01b0\u1eddng nh\u00ecn \u00a0\u00a0 \u00a01\u00ba 30&#8242;<\/li>\n<li>Kho\u1ea3ng c\u00e1ch \u0111o ng\u1eafn nh\u1ea5t (m) \u00a0\u00a0 \u00a00.4<\/li>\n<li>Nhi\u1ec7t \u0111\u1ed9 ho\u1ea1t \u0111\u1ed9ng \u00a0\u00a0 \u00a0-20\u00b0C \u0111\u1ebfn +40\u00b0C<\/li>\n<li>K\u00edch th\u01b0\u1edbc (mm) \u00a0\u00a0 \u00a0219(L) x 147(W) x 137(H)<\/li>\n<li>Tr\u1ecdng l\u01b0\u1ee3ng (kg) \u00a0\u00a0 \u00a01.3<\/li>\n<li>Xu\u1ea5t x\u1ee9 \u00a0\u00a0 \u00a0Japan<\/li>\n<li>\u0110\u1ed9 ph\u00f3ng \u0111\u1ea1i \u1ed1ng k\u00ednh: 28x<\/li>\n<li>Sai s\u1ed1 tr\u00ean 1km \u0111o \u0111i v\u00e0 \u0111o v\u1ec1 : \u00b11,5 mm<\/li>\n<li>H\u1ec7 s\u1ed1 k: 100<\/li>\n<li>\u1ea2nh : thu\u1eadn<\/li>\n<li>Tr\u01b0\u1eddng nh\u00ecn: 1\u00b030\u2019<\/li>\n<li>Kho\u1ea3ng c\u00e1ch nh\u00ecn nh\u1eafn nh\u1ea5t : 0,4 m<\/li>\n<li>\u0110\u1ed9 b\u00f9 t\u1ef1 \u0111\u1ed9ng ki\u1ec3u d\u00e2y treo k\u1ebft h\u1ee3p t\u1eeb t\u00ednh: \u00b125&#8221;<\/li>\n<li>Nhi\u1ec7t \u0111\u1ed9 l\u00e0m vi\u1ec7c: -200C \u0111\u1ebfn +400C<\/li>\n<li>Ti\u00eau chu\u1ea9n ch\u1ed1ng n\u01b0\u1edbc: IPX4<\/li>\n<li>Ph\u1ea1n vi l\u00e0m vi\u1ec7c: \u00b115\u2019<\/li>\n<li>\u0110\u1ed9 b\u00f9 c\u1ea7n thi\u1ebft: 0.5\u2019&#8217;<\/li>\n<li>Chi\u1ec1u d\u00e0i \u1ed1ng k\u00ednh : 193mm<\/li>\n<li>\u0110\u01b0\u1eddng k\u00ednh k\u00ednh v\u1eadt: 32 mm<\/li>\n<li>\u0110\u1ed9 tr\u00f2n b\u1ecdt thu\u1ef7: 10&#8221;2 mm<\/li>\n<li>\u0110\u01b0\u1eddng k\u00ednh b\u00e0n \u0111\u1ed9 ngang: 117 mm<\/li>\n<li>Kho\u1ea3ng c\u00e1ch chia nh\u1ecf nh\u1ea5t: 1\u00b0<\/li>\n<li>K\u00edch th\u01b0\u1edbc: 219(L) x 147(W) x 137(H)mm<\/li>\n<li>Tr\u1ecdng l\u01b0\u1ee3ng: 1,3 kg<\/li>\n<\/ul>\n<p>&nbsp;<\/p>\n","protected":false},"excerpt":{"rendered":"<ul>\n<li>1) 01 \u0110\u1ea7u m\u00e1y ch\u00ednh h\u00e3ng<\/li>\n<li>2) 01 Th\u00f9ng \u0111\u1ef1ng m\u00e1y<\/li>\n<li>3) 01 Ch\u00e2n nh\u00f4m th\u1ee7y b\u00ecnh<\/li>\n<li>4) 01 Mia nh\u00f4m 5m 5 \u0111o\u1ea1n<\/li>\n<li>5) 01 B\u1ed9 t\u0103m ch\u1ec9nh theo m\u00e1y<\/li>\n<li>6) 01\u00a0Qu\u1ea3 r\u1ecdi theo m\u00e1y<\/li>\n<li>7) 01 N\u1eafp \u0111\u1eady \u1ed1ng k\u00ednh<\/li>\n<li>8) 01 Bao che m\u00e1y v\u00e0 kh\u0103n lau \u1ed1ng k\u00ednh<\/li>\n<li>9) K\u00e8m\u00a0gi\u1ea5y hi\u1ec7u\u00a0chu\u1ea9n\u00a0mi\u1ec5n ph\u00ed 24\u00a0th\u00e1ng<\/li>\n<\/ul>\n","protected":false},"featured_media":303,"comment_status":"open","ping_status":"closed","template":"","meta":[],"_links":{"self":[{"href":"https:\/\/webmaibinh.com\/w\/tracdia2011\/wp-json\/wp\/v2\/product\/302"}],"collection":[{"href":"https:\/\/webmaibinh.com\/w\/tracdia2011\/wp-json\/wp\/v2\/product"}],"about":[{"href":"https:\/\/webmaibinh.com\/w\/tracdia2011\/wp-json\/wp\/v2\/types\/product"}],"replies":[{"embeddable":true,"href":"https:\/\/webmaibinh.com\/w\/tracdia2011\/wp-json\/wp\/v2\/comments?post=302"}],"wp:featuredmedia":[{"embeddable":true,"href":"https:\/\/webmaibinh.com\/w\/tracdia2011\/wp-json\/wp\/v2\/media\/303"}],"wp:attachment":[{"href":"https:\/\/webmaibinh.com\/w\/tracdia2011\/wp-json\/wp\/v2\/media?parent=302"}],"curies":[{"name":"wp","href":"https:\/\/api.w.org\/{rel}","templated":true}]}}