{"id":299,"date":"2017-08-04T09:18:09","date_gmt":"2017-08-04T09:18:09","guid":{"rendered":"http:\/\/tracdia.khowebseotop.vn\/?post_type=product&#038;p=299"},"modified":"2017-08-04T09:18:11","modified_gmt":"2017-08-04T09:18:11","slug":"may-thuy-binh-tu-dong-leica-na320","status":"publish","type":"product","link":"https:\/\/webmaibinh.com\/w\/tracdia2011\/san-pham\/may-thuy-binh-tu-dong-leica-na320\/","title":{"rendered":"M\u00e1y th\u1ee7y b\u00ecnh t\u1ef1 \u0111\u1ed9ng Leica NA320"},"content":{"rendered":"<h2><strong>M\u00e1y th\u1ee7y b\u00ecnh t\u1ef1 \u0111\u1ed9ng Leica NA320<\/strong><\/h2>\n<p><strong>M\u00e1y th\u1ee7y b\u00ecnh t\u1ef1 \u0111\u1ed9ng Leica NA320<\/strong> l\u00e0 d\u00f2ng m\u00e1y \u0111\u01b0\u1ee3c thi\u1ebft k\u1ebf ri\u00eang \u0111\u1ec3 \u0111o g\u00f3c v\u00e0 x\u1eed l\u00fd d\u1eef li\u1ec7u c\u1ea1nh v\u00e0 g\u00f3c. Ng\u00e0y nay, c\u00e1c lo\u1ea1i m\u00e1y th\u1ee7y b\u00ecnh t\u1ef1 \u0111\u00f4ng \u0111\u01b0\u1ee3c s\u1eed d\u1ee5ng ph\u1ed5 bi\u1ebfn trong qu\u00e1 tr\u00ecnh kh\u1ea3o s\u00e1t th\u0103m d\u00f2 th\u1ef1c \u0111\u1ecba t\u1ea1i c\u00e1c c\u00f4ng tr\u00ecnh l\u1edbn nh\u1ecf kh\u00e1c nhau.<\/p>\n<p>&nbsp;<\/p>\n<p><img id=\"M\u00e1y th\u1ee7y b\u00ecnh t\u1ef1 \u0111\u1ed9ng Leica NA320\" title=\"M\u00e1y th\u1ee7y b\u00ecnh t\u1ef1 \u0111\u1ed9ng Leica NA320\" src=\"http:\/\/tracdia.khowebseotop.vn\/wp-content\/uploads\/2017\/08\/auto-draft-299.jpg\" alt=\"M\u00e1y th\u1ee7y b\u00ecnh t\u1ef1 \u0111\u1ed9ng Leica NA320\" \/><\/p>\n<p><em><strong>H\u00ecnh \u1ea3nh minh h\u1ecda\u00a0M\u00e1y th\u1ee7y b\u00ecnh t\u1ef1 \u0111\u1ed9ng Leica NA320<\/strong><\/em><\/p>\n<p><strong>M\u00e1y th\u1ee7y b\u00ecnh t\u1ef1 \u0111\u1ed9ng Leica NA320<\/strong> c\u00f3 \u0111\u1ed9 ph\u00f3ng \u0111\u1ea1i 20X v\u00e0 cho \u1ea3nh thu\u1eadn gi\u00fap cho ng\u1eddi s\u1eed d\u1ee5ng d\u1ec5 d\u00e0ng theo d\u00f5i qu\u00e1 tr\u00ecnh l\u00e0m vi\u1ec7c \u0111\u1ed3ng th\u1eddi c\u00f4ng t\u00e1c th\u0103m d\u00f2 th\u1ef1c \u0111\u1ecba s\u1ebd d\u1ec5 d\u00e0ng v\u00e0 c\u00f3 \u0111\u1ed9 ch\u00ednh x\u00e1c cao h\u01a1n c\u00e1c lo\u1ea1i m\u00e1y kh\u00e1c.<\/p>\n<p><strong>M\u1ed9t b\u1ed9 <\/strong><strong>M\u00e1y th\u1ee7y b\u00ecnh<\/strong><strong> t\u1ef1 \u0111\u1ed9ng Leica NA320 bao g\u1ed3m:<\/strong><\/p>\n<p>&#8211; 01 \u0111\u1ea7u m\u00e1y<br \/>\n&#8211; 01 th\u00f9ng \u0111\u1ef1ng m\u00e1y v\u00e0 ph\u1ee5 ki\u1ec7n chu\u1ea9n c\u1ee7a h\u00e3ng<br \/>\n&#8211; 01 ch\u00e2n quay cho m\u00e1y<\/p>\n<p><strong>Th\u00f4ng s\u1ed1 k\u1ef9 thu\u1eadt c\u1ee7a\u00a0M\u00e1y th\u1ee7y b\u00ecnh t\u1ef1 \u0111\u1ed9ng Leica NA320:<\/strong><\/p>\n","protected":false},"excerpt":{"rendered":"<p><strong>* B\u1ed9 ph\u1ee5 ki\u1ec7n ti\u00eau chu\u1ea9n theo m\u00e1y g\u1ed3m\u00a0<\/strong>:<\/p>\n<ul>\n<li>1) 01 \u0110\u1ea7u m\u00e1y ch\u00ednh h\u00e3ng Leica NA 320<\/li>\n<li>2) 01 Th\u00f9ng \u0111\u1ef1ng m\u00e1y<\/li>\n<li>3) 01 Ch\u00e2n nh\u00f4m th\u1ee7y b\u00ecnh<\/li>\n<li>4) 01 Mia nh\u00f4m 5m 5 \u0111o\u1ea1n<\/li>\n<li>5) 01 B\u1ed9 t\u0103m ch\u1ec9nh theo m\u00e1y<\/li>\n<li>6) 01\u00a0Qu\u1ea3 r\u1ecdi theo m\u00e1y<\/li>\n<li>7) 01 N\u1eafp \u0111\u1eady \u1ed1ng k\u00ednh<\/li>\n<li>8) 01 Bao che m\u00e1y v\u00e0 kh\u0103n lau \u1ed1ng k\u00ednh<\/li>\n<li>9) K\u00e8m\u00a0gi\u1ea5y hi\u1ec7u\u00a0chu\u1ea9n\u00a0mi\u1ec5n ph\u00ed 24\u00a0th\u00e1ng<\/li>\n<\/ul>\n","protected":false},"featured_media":300,"comment_status":"open","ping_status":"closed","template":"","meta":[],"_links":{"self":[{"href":"https:\/\/webmaibinh.com\/w\/tracdia2011\/wp-json\/wp\/v2\/product\/299"}],"collection":[{"href":"https:\/\/webmaibinh.com\/w\/tracdia2011\/wp-json\/wp\/v2\/product"}],"about":[{"href":"https:\/\/webmaibinh.com\/w\/tracdia2011\/wp-json\/wp\/v2\/types\/product"}],"replies":[{"embeddable":true,"href":"https:\/\/webmaibinh.com\/w\/tracdia2011\/wp-json\/wp\/v2\/comments?post=299"}],"wp:featuredmedia":[{"embeddable":true,"href":"https:\/\/webmaibinh.com\/w\/tracdia2011\/wp-json\/wp\/v2\/media\/300"}],"wp:attachment":[{"href":"https:\/\/webmaibinh.com\/w\/tracdia2011\/wp-json\/wp\/v2\/media?parent=299"}],"curies":[{"name":"wp","href":"https:\/\/api.w.org\/{rel}","templated":true}]}}