{"id":294,"date":"2017-08-04T09:14:20","date_gmt":"2017-08-04T09:14:20","guid":{"rendered":"http:\/\/tracdia.khowebseotop.vn\/?post_type=product&#038;p=294"},"modified":"2017-08-04T09:14:27","modified_gmt":"2017-08-04T09:14:27","slug":"may-thuy-binh-sokkia-b20b30ab40a","status":"publish","type":"product","link":"https:\/\/webmaibinh.com\/w\/tracdia2011\/san-pham\/may-thuy-binh-sokkia-b20b30ab40a\/","title":{"rendered":"M\u00e1y th\u1ee7y b\u00ecnh sokkia B20\/B30A\/B40A"},"content":{"rendered":"<p><img id=\"B20\/B30A\/B40A\" class=\"B20\/B30A\/B40A\" title=\"B20\/B30A\/B40A\" src=\"http:\/\/tracdia.khowebseotop.vn\/wp-content\/uploads\/2017\/08\/auto-draft-294.jpg\" alt=\"B20\/B30A\/B40A\" longdesc=\"http:\/\/tracdia247.com\/May-thuy-binh\/B20\/B30A\/B40A\" \/><\/p>\n<p>&nbsp;<\/p>\n<p><strong style=\"font-size: 14.4px;\">Nhanh ch\u00f3ng, \u1ed5n \u0111\u1ecbnh v\u00e0 c\u01a1 c\u1ea5u b\u00f9 Durable<\/strong><\/p>\n<div>\n<p>C\u01a1 c\u1ea5u b\u00f9 c\u1ee7a\u00a0B20 \/ B30A \/ B40A k\u1ebft h\u1ee3p 4 d\u00e2y treo l\u00e0m b\u1eb1ng kim lo\u1ea1i si\u00eau c\u01b0\u1eddng \u0111\u1ed9 cao c\u00f3 t\u00ednh n\u0103ng h\u1ec7 s\u1ed1 co gi\u00e3n n\u1edf nhi\u1ec7t t\u1ed1i thi\u1ec3u, cung c\u1ea5p \u0111\u1ed9 b\u1ec1n v\u00e0 \u0111\u1ed9 ch\u00ednh x\u00e1c cao. H\u1ec7 th\u1ed1ng tinh vi cao c\u1ea5p \u0111i\u1ec1u ch\u1ec9nh m\u1ee9c \u0111\u1ed9 gi\u1ea3m s\u1ed1c nhanh ch\u00f3ng v\u00e0 \u1ed5n \u0111\u1ecbnh t\u1ea7m ng\u1ea5m \u0111\u01b0\u1eddng t\u1ed1t, m\u1eb7c d\u00f9 c\u00f3 nh\u1eefng rung \u0111\u1ed9ng khi l\u00e0m vi\u1ec7c g\u1ea7n thi\u1ebft b\u1ecb n\u1eb7ng (c\u00f3 t\u1eeb tr\u01b0\u1eddng cao, or b\u1ecb nhi\u1ec5u) \u00a0ho\u1eb7c c\u00e1c con \u0111\u01b0\u1eddng t\u1ea5p n\u1eadp.<\/p>\n<p><img id=\"M\u00e1y th\u1ee7y b\u00ecnh sokkia B20\/B30A\/B40A\" class=\"M\u00e1y th\u1ee7y b\u00ecnh sokkia B20\/B30A\/B40A\" title=\"M\u00e1y th\u1ee7y b\u00ecnh sokkia B20\/B30A\/B40A\" src=\"http:\/\/tracdia.khowebseotop.vn\/wp-content\/uploads\/2017\/08\/auto-draft-294-1.jpg\" alt=\"M\u00e1y th\u1ee7y b\u00ecnh sokkia B20\/B30A\/B40A\" longdesc=\"http:\/\/tracdia247.com\/May-thuy-binh\/M%C3%A1y%20th%E1%BB%A7y%20b%C3%ACnh%20sokkia%20B20\/B30A\/B40A\" \/><\/p>\n<p><strong>20cm (7.9 in.) &#8211; Ultra-Short Minimum Focus<\/strong><\/p>\n<p>B20 \/ B30A \/ B40A c\u00f3 th\u1ec3 nh\u1eafm v\u00e0o m\u1ee5c ti\u00eau \u1edf 20cm (7.9in). \u1ede ph\u00eda tr\u01b0\u1edbc c\u1ee7a k\u00ednh thi\u00ean v\u0103n. T\u00ednh n\u0103ng n\u00e0y t\u1ea1o \u0111i\u1ec1u ki\u1ec7n thu\u1eadn l\u1ee3i cho c\u00e1c c\u00f4ng tr\u00ecnh c\u00f3 kh\u00f4ng gian h\u1ea1n ch\u1ebf.<\/p>\n<p><strong>V\u00f2ng ngang cho g\u00f3c \u0111o l\u01b0\u1eddng<\/strong><\/p>\n<p>G\u00f3c nh\u00ecn ngang c\u00f3 th\u1ec3 \u0111\u01b0\u1ee3c \u0111\u1ecdc tr\u1ef1c ti\u1ebfp trong 1 ho\u1eb7c 1gon \u0111\u01a1n v\u1ecb. T\u00ednh n\u0103ng xoay mi\u1ec5n ph\u00ed cho ph\u00e9p b\u1ea1n \u0111\u1ecdc \u0111\u01b0\u1ee3c b\u1ea5t c\u1ee9 nh\u1eefng g\u00f3c t\u1eeb s\u1ed1 0.<\/p>\n<p><strong>\u0110\u1ed9 an to\u00e0n khi g\u1eb7p m\u1ecdi th\u1eddi ti\u1ebft<\/strong><\/p>\n<p>V\u1edbi s\u1ef1 \u0111\u00e1nh gi\u00e1 IPX6, thi\u1ebft b\u1ecb \u0111\u01b0\u1ee3c b\u1ea3o v\u1ec7 ch\u00f3ng l\u1ea1i c\u00e1c tia n\u01b0\u1edbc m\u1ea1nh t\u1eeb m\u1ecdi h\u01b0\u1edbng, c\u00f3 ngh\u0129a l\u00e0 B20 \/ B30A \/ B40A \u00a0c\u00f3 th\u1ec3 ch\u00f3ng ch\u1ecdi \u0111\u01b0\u1ee3c c\u00e1c tr\u1eadn m\u01b0a m\u1ed9t c\u00e1ch \u0111\u1ed9t ng\u1ed9t v\u00e0 x\u1ed1i x\u1ea3<\/p>\n<p>Thi\u1ebft k\u1ebf b\u1ea3o v\u1ec7 ti\u00ean ti\u1ebfn c\u0169ng ng\u0103n c\u1ea3n s\u1ef1 l\u00e0m \u0111\u1ee5c ( m\u00e0ng h\u00ecnh k\u00ednh thi\u00ean v\u0103n b\u1ecb \u0111\u1ee5c) \u00a0ho\u1eb7c h\u01a1i n\u01b0\u1edbc ng\u01b0ng t\u1ee5 b\u00ean trong k\u00ednh thi\u00ean v\u0103n.<\/p>\n<p><img id=\"M\u00e1y th\u1ee7y b\u00ecnh sokkia B20\/B30A\/B40A\" class=\"M\u00e1y th\u1ee7y b\u00ecnh sokkia B20\/B30A\/B40A\" title=\"M\u00e1y th\u1ee7y b\u00ecnh sokkia B20\/B30A\/B40A\" src=\"http:\/\/tracdia.khowebseotop.vn\/wp-content\/uploads\/2017\/08\/auto-draft-294-2.jpg\" alt=\"M\u00e1y th\u1ee7y b\u00ecnh sokkia B20\/B30A\/B40A\" longdesc=\"http:\/\/tracdia247.com\/May-thuy-binh\/M%C3%A1y%20th%E1%BB%A7y%20b%C3%ACnh%20sokkia%20B20\/B30A\/B40A\" \/><\/p>\n<p><strong>Ch\u1ea5t l\u01b0\u1ee3ng Sokkia<\/strong><\/p>\n<\/div>\n<p><strong>Hi\u1ec7u su\u1ea5t m\u00f4i tr\u01b0\u1eddng v\u00e0 \u0111\u1ed9 b\u1ec1n v\u1eefng<\/strong><\/p>\n<p>Sokkia \u0111\u00e3 th\u1ef1c hi\u00ean c\u00e1c b\u00e0i ki\u1ec3m tra v\u1ec1 m\u00f4i tr\u01b0\u1eddng ch\u00f3ng l\u1ea1i m\u1ed9t t\u1eadp h\u1ee3p c\u00e1c \u0111i\u1ec1u ki\u1ec7n c\u00f4ng tr\u01b0\u1eddng d\u1ef1 ki\u1ebfn x\u00e1c nh\u1eadn c\u00e1c s\u1ea3n ph\u1ea9m s\u1eed d\u1ee5ng l\u00e2u d\u00e0i. Chu\u1ed5i B c\u0169ng \u0111\u00e3 \u0111\u01b0\u1ee3c ki\u1ec3m tra b\u1edfi c\u00e1c thi\u1ebft b\u1ecb ki\u1ec3m tra \u0111\u1eb7c bi\u1ec7t \u0111\u1ec3 ho\u00e0n t\u1ea5t waterproofnes. Chu\u1ed5i B c\u0169ng c\u00f3 hi\u1ec7u su\u1ea5t v\u1ec1 m\u00f4i tr\u01b0\u1eddng cao nh\u1ea5t v\u00e0 \u0111\u1ed9 b\u1ec1n trong l\u1ecbch s\u1eed c\u1ee7a c\u1ea5p Sokkia, \u0111\u00e3 \u0111\u01b0\u1ee3c ch\u1ee9ng minh b\u1eb1ng c\u00e1c th\u1eed nghi\u1ec7m ch\u00f3ng l\u1ea1i nhi\u1ec7t \u0111\u1ed9, \u0111\u1ed9 \u1ea9m, \u0111\u1ed9 rung v\u00e0\u2026<\/p>\n<p><strong>Ki\u1ec3m tra kh\u00f4ng th\u1ea5m n\u01b0\u1edbc (IPX6)<\/strong><\/p>\n<p>Chu\u1ed5i B \u0111\u01b0\u1ee3c ch\u1ee9ng minh \u0111\u1ec3 ch\u1ecbu \u0111\u01b0\u1ee3c c\u00e1c tia n\u01b0\u1edbc m\u1ea1nh t\u1eeb m\u1ecdi h\u01b0\u1edbng m\u00e0 kh\u00f4ng c\u00f3 b\u1ea5t k\u1ef3 s\u1ef1 ng\u1eadp n\u01b0\u1edbc n\u00e0o b\u00ean trong thi\u1ebft b\u1ecb.<\/p>\n<p><strong>Ki\u1ec3m tra s\u1ee9c ch\u1ecbu l\u1ea1nh v\u00e0 nhi\u1ec7t n\u0103ng ( <\/strong><strong>n\u00f3ng)<\/strong><\/p>\n<p>Chu\u1ed5i B \u0111\u00e3 v\u01b0\u1ee3t qua c\u00e1c b\u00e0i ki\u1ec3m tra nhi\u1ec7t \u0111\u1ed9 ho\u1ea1t \u0111\u1ed9ng t\u1eeb 20 \u0111\u00ean 50 \u0111\u1ed9<\/p>\n<p><strong>Th\u1eed nghi\u1ec7m \u0111\u1ed9 b\u1ec1n<\/strong><\/p>\n<p>Chu\u1ed5i B \u0111\u00e3 v\u01b0\u1ee3t qua c\u00e1c b\u00e0i ki\u1ec3m tra \u0111\u1ed9 b\u1ec1n nghi\u00eam ng\u1eb7t bao g\u1ed3m c\u1ea3 v\u00f2ng quay c\u1ee7a tr\u1ee5c v\u00edt, v\u00edt san l\u1ea5p m\u1eb7t b\u1eb1ng<\/p>\n","protected":false},"excerpt":{"rendered":"<p><strong>* B\u1ed9 ph\u1ee5 ki\u1ec7n ti\u00eau chu\u1ea9n theo m\u00e1y g\u1ed3m\u00a0<\/strong>:<\/p>\n<ul>\n<li>1) 01 \u0110\u1ea7u m\u00e1y ch\u00ednh h\u00e3ng Sokkia<\/li>\n<li>2) 01 Th\u00f9ng \u0111\u1ef1ng m\u00e1y<\/li>\n<li>3) 01 Ch\u00e2n nh\u00f4m th\u1ee7y b\u00ecnh<\/li>\n<li>4) 01 Mia nh\u00f4m 5m 5 \u0111o\u1ea1n<\/li>\n<li>5) 01 B\u1ed9 t\u0103m ch\u1ec9nh theo m\u00e1y<\/li>\n<li>6) 01\u00a0Qu\u1ea3 r\u1ecdi theo m\u00e1y<\/li>\n<li>7) 01 N\u1eafp \u0111\u1eady \u1ed1ng k\u00ednh<\/li>\n<li>8) 01 Bao che m\u00e1y v\u00e0 kh\u0103n lau \u1ed1ng k\u00ednh<\/li>\n<li>9) K\u00e8m\u00a0gi\u1ea5y hi\u1ec7u\u00a0chu\u1ea9n\u00a0mi\u1ec5n ph\u00ed 24\u00a0th\u00e1ng<\/li>\n<\/ul>\n","protected":false},"featured_media":295,"comment_status":"open","ping_status":"closed","template":"","meta":[],"_links":{"self":[{"href":"https:\/\/webmaibinh.com\/w\/tracdia2011\/wp-json\/wp\/v2\/product\/294"}],"collection":[{"href":"https:\/\/webmaibinh.com\/w\/tracdia2011\/wp-json\/wp\/v2\/product"}],"about":[{"href":"https:\/\/webmaibinh.com\/w\/tracdia2011\/wp-json\/wp\/v2\/types\/product"}],"replies":[{"embeddable":true,"href":"https:\/\/webmaibinh.com\/w\/tracdia2011\/wp-json\/wp\/v2\/comments?post=294"}],"wp:featuredmedia":[{"embeddable":true,"href":"https:\/\/webmaibinh.com\/w\/tracdia2011\/wp-json\/wp\/v2\/media\/295"}],"wp:attachment":[{"href":"https:\/\/webmaibinh.com\/w\/tracdia2011\/wp-json\/wp\/v2\/media?parent=294"}],"curies":[{"name":"wp","href":"https:\/\/api.w.org\/{rel}","templated":true}]}}