{"id":286,"date":"2017-08-04T09:09:51","date_gmt":"2017-08-04T09:09:51","guid":{"rendered":"http:\/\/tracdia.khowebseotop.vn\/?post_type=product&#038;p=286"},"modified":"2017-08-04T09:09:53","modified_gmt":"2017-08-04T09:09:53","slug":"may-thuy-binh-tu-dong-leica-na332","status":"publish","type":"product","link":"https:\/\/webmaibinh.com\/w\/tracdia2011\/san-pham\/may-thuy-binh-tu-dong-leica-na332\/","title":{"rendered":"M\u00e1y th\u1ee7y b\u00ecnh t\u1ef1 \u0111\u1ed9ng Leica NA332"},"content":{"rendered":"<h2><strong>M\u00e1y th\u1ee7y b\u00ecnh t\u1ef1 \u0111\u1ed9ng Leica NA332<\/strong><\/h2>\n<p><strong>1. Th\u00f4ng s\u1ed1 k\u1ef9 thu\u1eadt c\u1ee7a <em>M\u00e1y th\u1ee7y b\u00ecnh t\u1ef1 \u0111\u1ed9ng Leica NA332<\/em>:<\/strong><\/p>\n<table class=\"tblSpecifications\" border=\"1\" align=\"center\">\n<tbody>\n<tr class=\"\">\n<td>TH\u00d4NG S\u1ed0 K\u1ef8 THU\u1eacT<\/td>\n<td>Leica NA332<\/td>\n<\/tr>\n<tr class=\"\">\n<td>\u0110\u1ed9 ch\u00ednh x\u00e1c \/ 1Km \u0111o \u0111i v\u1ec1 (ISO17123-2)<\/td>\n<td>1.8 mm<\/td>\n<\/tr>\n<tr class=\"\">\n<td>TH\u1ea4U K\u00cdNH<\/td>\n<td><\/td>\n<\/tr>\n<tr class=\"\">\n<td>\u1ea2nh ng\u1eafm th\u1ea5u k\u00ednh<\/td>\n<td colspan=\"1\">\u1ea2nh thu\u1eadn<\/td>\n<\/tr>\n<tr class=\"\">\n<td>\u0110\u1ed9 ph\u00f3ng \u0111\u1ea1i (zoom)<\/td>\n<td>32 x<\/td>\n<\/tr>\n<tr class=\"\">\n<td>\u0110\u01b0\u1eddng k\u00ednh th\u1ea5u k\u00ednh<\/td>\n<td colspan=\"1\">36 mm<\/td>\n<\/tr>\n<tr class=\"\">\n<td>Kho\u1ea3ng c\u00e1ch \u0111o ng\u1eafn nh\u1ea5t<\/td>\n<td colspan=\"1\">&lt; 1.0 m<\/td>\n<\/tr>\n<tr>\n<td>Tr\u01b0\u1eddng nh\u00ecn \u1edf kho\u1ea3ng c\u00e1ch 100 m<\/td>\n<td colspan=\"1\">&lt; 2.1 mm<\/td>\n<\/tr>\n<tr>\n<td>H\u1ec7 s\u1ed1 nh\u00e2n<\/td>\n<td colspan=\"1\">100<\/td>\n<\/tr>\n<tr class=\"\">\n<td>H\u1eb1ng s\u1ed1 ph\u1ee5<\/td>\n<td colspan=\"1\">0<\/td>\n<\/tr>\n<tr>\n<td>\u0110\u1ed8 B\u00d9<\/td>\n<td colspan=\"1\"><\/td>\n<\/tr>\n<tr class=\"\">\n<td>Ph\u1ea1m vi l\u00e0m vi\u1ec7c<\/td>\n<td colspan=\"1\">\u00b1 15&#8242;<\/td>\n<\/tr>\n<tr>\n<td>Thi\u1ebft l\u1eadp ch\u00ednh x\u00e1c (\u0111\u1ed9 l\u1ec7ch chu\u1ea9n)<\/td>\n<td colspan=\"1\">&lt; 0.5&#8243;<\/td>\n<\/tr>\n<tr class=\"\">\n<td>\u0110\u1ed9 nh\u1ea1y<\/td>\n<td colspan=\"1\">8&#8242; \/ 2 mm<\/td>\n<\/tr>\n<tr class=\"highlighted\">\n<td>B\u00c0N \u0110\u1ed8 NGANG<\/td>\n<td colspan=\"1\"><\/td>\n<\/tr>\n<tr>\n<td>\u0110\u1ed9 chia<\/td>\n<td colspan=\"1\">360o<\/td>\n<\/tr>\n<tr>\n<td>\u0110\u1ed9 chia nh\u1ecf nh\u1ea5t<\/td>\n<td colspan=\"1\">1o<\/td>\n<\/tr>\n<tr>\n<td>Tr\u1ecdng l\u01b0\u1ee3ng<\/td>\n<td colspan=\"1\">1.5 Kg<\/td>\n<\/tr>\n<tr>\n<td>Nhi\u1ec7t \u0111\u1ed9 gi\u1edbi h\u1ea1n l\u00e0m vi\u1ec7c<\/td>\n<td colspan=\"1\">-20oC\u00a0 \u2014\u00a0 +40oC<\/td>\n<\/tr>\n<tr>\n<td>B\u1ea2O H\u00c0NH<\/td>\n<td colspan=\"1\">12 Th\u00e1ng<\/td>\n<\/tr>\n<tr>\n<td>TR\u1eccN B\u1ed8<\/td>\n<td colspan=\"1\">01 m\u00e1y NA300 Series + 01 Ch\u00e2n nh\u00f4m + 01 Mia nh\u00f4m 5m<\/td>\n<\/tr>\n<\/tbody>\n<\/table>\n<p><strong>2. Gi\u1edbi thi\u1ec7u chung v\u1ec1 d\u00f2ng M\u00e1y th\u1ee7y b\u00ecnh t\u1ef1 \u0111\u1ed9ng Leica NA332:<\/strong><\/p>\n<p>\u0110\u1ea7u n\u0103m nay, Leica \u0111\u00e3 cho ra m\u1eaft th\u1ecb tr\u01b0\u1eddng d\u00f2ng s\u1ea3n ph\u1ea9m <strong>M\u00e1y th\u1ee7y b\u00ecnh t\u1ef1 \u0111\u1ed9ng Leica NA332<\/strong> n\u1eb1m trong Series NA300 m\u1edbi nh\u1ea5t \u0111\u01b0\u1ee3c trang b\u1ecb nh\u1eefng t\u00ednh n\u0103ng m\u1edbi nh\u1ea5t ph\u1ee5 v\u1ee5 cho c\u00f4ng t\u00e1c t\u00ednh to\u00e1n cao \u0111\u1ed9, san l\u1ea5p m\u1eb7t b\u1eb3ng, \u0111\u1ecbnh v\u1ecb cao \u0111\u1ed9 c\u1ea7u, \u0111\u01b0\u1eddng, nh\u1eefng c\u00f4ng tr\u00ecnh d\u00e2n d\u1ee5ng kh\u00e1c.<\/p>\n<p>&nbsp;<\/p>\n<p><img id=\"M\u00e1y th\u1ee7y b\u00ecnh t\u1ef1 \u0111\u1ed9ng Leica NA332\" title=\"M\u00e1y th\u1ee7y b\u00ecnh t\u1ef1 \u0111\u1ed9ng Leica NA332\" src=\"http:\/\/tracdia.khowebseotop.vn\/wp-content\/uploads\/2017\/08\/may-thuy-binh-tu-dong-leica-na332-286.jpg\" alt=\"M\u00e1y th\u1ee7y b\u00ecnh t\u1ef1 \u0111\u1ed9ng Leica NA332\" \/><\/p>\n<p>&nbsp;<\/p>\n<p><em><strong>H\u00ecnh \u1ea3nh minh h\u1ecda\u00a0M\u00e1y th\u1ee7y b\u00ecnh t\u1ef1 \u0111\u1ed9ng Leica NA332<\/strong><\/em><\/p>\n<p>&nbsp;<\/p>\n<p><strong>T\u00ednh N\u0103ng:<\/strong><\/p>\n<p>&#8211; M\u00e1y th\u1ee7y b\u00ecnh t\u1ef1 \u0111\u1ed9ng Leica NA332 c\u00f3 \u0111\u1ed9 ph\u00f3ng \u0111\u1ea1i l\u00ean \u0111\u1ebfn 32X gi\u00fap cho ng\u01b0\u1eddi s\u1eed d\u1ee5ng c\u00f3 th\u1ec3 \u0111o \u0111\u1ea1c \u0111\u01b0\u1ee3c \u1edf nhi\u1ec1u v\u1ecb tr\u00ed kh\u00e1c nhau m\u00e0 v\u1eabn \u0111\u1ea3m b\u1ea3o \u0111\u1ed9 ch\u00ednh x\u00e1c c\u1ee7a k\u1ebft qu\u1ea3 \u0111o \u0111\u01b0\u1ee3c.<\/p>\n<p>&#8211; C\u00f9ng v\u1edbi kh\u1ea3 n\u0103ng ch\u1ed1ng n\u01b0\u1edbc, ch\u1ed1ng b\u1ee5i v\u00e0 \u0111i\u1ec3m n\u1ed5i b\u1eadt c\u1ee7a m\u00e1y l\u00e0 c\u00f3 th\u1ec3 ho\u1ea1t \u0111\u1ed9ng trong m\u00f4i tr\u01b0\u1eddng c\u00f3 nhi\u1ec7t \u0111\u1ed9 t\u1eeb -20 \u0111\u1ed9 \u0111\u1ebfn 40 \u0111\u1ed9 C.<\/p>\n<p>=&gt; Th\u00edch h\u1ee3p v\u1edbi m\u00f4i tr\u01b0\u1eddng kh\u00f3 kh\u0103n, \u0111\u1ecba h\u00ecnh hi\u1ec3m tr\u1edf.<\/p>\n<p><strong>Thi\u1ebft k\u1ebf:<\/strong><\/p>\n<p>&#8211; V\u1edbi thi\u1ebft k\u1ebf nh\u1ecf g\u1ecdn ng\u01b0\u1eddi s\u1eed d\u1ee5ng c\u00f3 th\u1ec3 d\u1ec5 d\u00e0ng \u0111em theo \u0111\u1ebfn v\u1ecb tr\u00ed m\u00ecnh mong mu\u1ed1n \u0111\u1ec3 ph\u1ee5 v\u1ee5 t\u1ed1t h\u01a1n cho c\u00f4ng t\u00e1c \u0111o \u0111\u1ea1c.<\/p>\n<p>&#8211; K\u00e8m theo b\u1ed9 ph\u1ee5 ki\u1ec7n:\u00a001 m\u00e1y NA300 Series + 01 Ch\u00e2n nh\u00f4m + 01 Mia nh\u00f4m 5m, gi\u00fap cho l\u1eafp \u0111\u1eb7t thu\u1eadn ti\u1ec7n, nhanh ch\u00f3ng.<\/p>\n<div><\/div>\n","protected":false},"excerpt":{"rendered":"<p><strong>* B\u1ed9 ph\u1ee5 ki\u1ec7n ti\u00eau chu\u1ea9n theo m\u00e1y g\u1ed3m\u00a0<\/strong>:<\/p>\n<ul>\n<li>1) 01 \u0110\u1ea7u m\u00e1y ch\u00ednh h\u00e3ng Leica NA 332<\/li>\n<li>2) 01 Th\u00f9ng \u0111\u1ef1ng m\u00e1y<\/li>\n<li>3) 01 Ch\u00e2n nh\u00f4m th\u1ee7y b\u00ecnh<\/li>\n<li>4) 01 Mia nh\u00f4m 5m 5 \u0111o\u1ea1n<\/li>\n<li>5) 01 B\u1ed9 t\u0103m ch\u1ec9nh theo m\u00e1y<\/li>\n<li>6) 01\u00a0Qu\u1ea3 r\u1ecdi theo m\u00e1y<\/li>\n<li>7) 01 N\u1eafp \u0111\u1eady \u1ed1ng k\u00ednh<\/li>\n<li>8) 01 Bao che m\u00e1y v\u00e0 kh\u0103n lau \u1ed1ng k\u00ednh<\/li>\n<li>9) K\u00e8m\u00a0gi\u1ea5y hi\u1ec7u\u00a0chu\u1ea9n\u00a0mi\u1ec5n ph\u00ed 24\u00a0th\u00e1ng<\/li>\n<\/ul>\n","protected":false},"featured_media":287,"comment_status":"open","ping_status":"closed","template":"","meta":[],"_links":{"self":[{"href":"https:\/\/webmaibinh.com\/w\/tracdia2011\/wp-json\/wp\/v2\/product\/286"}],"collection":[{"href":"https:\/\/webmaibinh.com\/w\/tracdia2011\/wp-json\/wp\/v2\/product"}],"about":[{"href":"https:\/\/webmaibinh.com\/w\/tracdia2011\/wp-json\/wp\/v2\/types\/product"}],"replies":[{"embeddable":true,"href":"https:\/\/webmaibinh.com\/w\/tracdia2011\/wp-json\/wp\/v2\/comments?post=286"}],"wp:featuredmedia":[{"embeddable":true,"href":"https:\/\/webmaibinh.com\/w\/tracdia2011\/wp-json\/wp\/v2\/media\/287"}],"wp:attachment":[{"href":"https:\/\/webmaibinh.com\/w\/tracdia2011\/wp-json\/wp\/v2\/media?parent=286"}],"curies":[{"name":"wp","href":"https:\/\/api.w.org\/{rel}","templated":true}]}}