{"id":283,"date":"2017-08-04T09:04:33","date_gmt":"2017-08-04T09:04:33","guid":{"rendered":"http:\/\/tracdia.khowebseotop.vn\/?post_type=product&#038;p=283"},"modified":"2017-08-04T09:04:35","modified_gmt":"2017-08-04T09:04:35","slug":"may-toan-dac-dien-tu-sokkia-cx-102","status":"publish","type":"product","link":"https:\/\/webmaibinh.com\/w\/tracdia2011\/san-pham\/may-toan-dac-dien-tu-sokkia-cx-102\/","title":{"rendered":"M\u00e1y to\u00e0n \u0111\u1ea1c \u0111i\u1ec7n t\u1eed Sokkia CX-102"},"content":{"rendered":"<h2><strong>M\u00e1y to\u00e0n \u0111\u1ea1c \u0111i\u1ec7n t\u1eed Sokkia CX-102 \u0111o kh\u00f4ng g\u01b0\u01a1ng<\/strong><\/h2>\n<p>D\u00f2ng m\u00e1y CX Series \u0111\u00e3 \u0111\u01b0\u1ee3c th\u01b0\u01a1ng hi\u1ec7u Sokkia nghi\u00ean c\u1ee9u v\u00e0 ph\u00e1t tri\u1ec3n trong nhi\u1ec1u n\u0103m. Nh\u1eefng chi\u1ebfc m\u00e1y to\u00e0n \u0111\u1ea1c Sokkia CX s\u1edf h\u1eefu nh\u1eefng t\u00ednh n\u0103ng r\u1ea5t \u01b0u vi\u1ec7t, gi\u00fap \u00edch r\u1ea5t nhi\u1ec1u cho ng\u01b0\u1eddi s\u1eed d\u1ee5ng, \u0111\u1eb7c bi\u1ec7t l\u00e0 <strong>may toan dac dien tu sokkia cx-102<\/strong> \u2013 Chi\u1ebfc m\u00e1y v\u1edbi \u0111\u1ed9 sai s\u1ed1 v\u00e0 s\u1ef1 \u1ed5n \u0111\u1ecbnh tr\u00ean c\u1ea3 tuy\u1ec7t v\u1eddi!<\/p>\n<p>&nbsp;<\/p>\n<p><img title=\"may toan dac dien tu sokkia cx-102\" src=\"http:\/\/tracdia.khowebseotop.vn\/wp-content\/uploads\/2017\/08\/may-toan-dac-dien-tu-sokkia-cx-102-283.jpg\" alt=\"may toan dac dien tu sokkia cx-102\" \/><\/p>\n<h3><strong>M\u00f4 t\u1ea3 v\u1ec1 d\u00f2ng m\u00e1y to\u00e0n \u0111\u1ea1c Sokkia CX:<\/strong><\/h3>\n<p>&#8211;\u00a0Nh\u1eefng c\u00f4ng vi\u1ec7c \u0111o \u0111\u1ea1c tr\u1eafc \u0111\u1ecba \u0111\u01b0\u1ee3c d\u00f2ng m\u00e1y to\u00e0n \u0111\u1ea1c n\u00e0y th\u1ef1c hi\u1ec7n m\u1ed9t c\u00e1ch d\u1ec5 d\u00e0ng:<\/p>\n<p>+ \u0110o kh\u1ea3o s\u00e1t<\/p>\n<p>+ \u0110o giao h\u1ed9i<\/p>\n<p>+ \u0110o c\u1eafm m\u1ed1c ngo\u00e0i th\u1ef1c \u0111\u1ecba kho\u1ea3ng c\u00e1ch 2 \u0111i\u1ec3m mia<\/p>\n<p>+ \u0110o chi\u1ec1u cao kh\u00f4ng v\u1edbi \u0111\u1ebfn<\/p>\n<p>+ Contruction<\/p>\n<p>+ Road 3D<\/p>\n<p>+ B\u1ed1 tr\u00ed \u0111\u01b0\u1eddng cong \u0111\u01b0\u1eddng th\u1eb3ng<\/p>\n<p>+ Offset \u0111i\u1ec3m<\/p>\n<p>+ Di\u1ec7n t\u00edch, th\u1ec3 t\u00edch<\/p>\n<p>M\u00e1y to\u00e0n \u0111\u1ea1c \u0111i\u1ec7n t\u1eed Sokkia CX s\u1edf h\u1eefu c\u00e1c thao t\u00e1c v\u00e0 c\u00e1ch d\u00f9ng \u0111\u01a1n gi\u1ea3n ch\u1eafc ch\u1eafn s\u1ebd tr\u1edf th\u00e0nh m\u1ed9t \u201cng\u01b0\u1eddi tr\u1ee3 th\u1ee7\u201d v\u00f4 c\u00f9ng \u0111\u1eafc l\u1ef1c, h\u1ed7 tr\u1ee3 b\u1ea1n r\u1ea5t t\u1ed1t trong c\u00e1c c\u00f4ng vi\u1ec7c v\u1edbi \u0111\u1ed9 ch\u00ednh x\u00e1c c\u1ef1c cao<\/p>\n<p>&#8211;\u00a0D\u1eef li\u1ec7u c\u1ee7a m\u00e1y \u0111\u01b0\u1ee3c xu\u1ea5t ra v\u1edbi c\u00e1c \u0111\u1ecbnh d\u1ea1ng ph\u1ed5 bi\u1ebfn: TXT, DXF (autocad), RAW tr\u1ef1c ti\u1ebfp v\u00e0o USB flash ho\u1eb7c th\u00f4ng qua c\u00e1p truy\u1ec1n<\/p>\n<p>&#8211;\u00a0\u1ede kho\u1ea3ng c\u00e1ch xa &lt; 500m th\u00ec c\u00f3 th\u1ec3 th\u1ef1c hi\u1ec7n \u0111o kh\u00f4ng g\u01b0\u01a1ng<\/p>\n<p>&#8211;\u00a0C\u00f3 th\u1ec3 s\u1eed d\u1ee5ng k\u1ebft n\u1ed1i kh\u00f4ng d\u00e2y Bluetooth<\/p>\n<h2><strong>Th\u00f4ng s\u1ed1 k\u1ef9 thu\u1eadt may toan dac dien tu sokkia cx-102<\/strong><\/h2>\n<table border=\"1\" cellspacing=\"0\" cellpadding=\"0\">\n<tbody>\n<tr>\n<td><strong>\u1ed0ng k\u00ednh:<\/strong><\/td>\n<td>+ C\u00f3 \u0111\u1ed9 ph\u00f3ng \u0111\u1ea1i l\u00e0: 30x<br \/>\n+ B\u1eaft \u1ea3nh th\u1eadt<br \/>\n+ \u0110\u01b0\u1eddng k\u00ednh k\u00ednh v\u1eadt l\u00e0: 45mm<br \/>\n+ C\u00f3 chi\u1ec1u d\u00e0i l\u00e0: 171mm<br \/>\n+ S\u1edf h\u1eefu tr\u01b0\u1eddng nh\u00ecn: 1\u02da30\u2019<br \/>\n+ Kho\u1ea3ng c\u00e1ch ng\u1eafm min: 1,3m<br \/>\n+ \u0110\u1ed9 ph\u00e2n gi\u1ea3i c\u1ee7a \u1ed1ng k\u00ednh l\u00e0: 2,5\u2019\u2019<\/td>\n<\/tr>\n<tr>\n<td><strong>\u0110o kho\u1ea3ng c\u00e1ch:<\/strong><\/td>\n<td>+ Trang b\u1ecb kh\u1ea3 n\u0103ng \u0111o kh\u00f4ng g\u01b0\u01a1ng (\u0111o Laze): t\u1eeb 0,3m cho t\u1edbi 500m<br \/>\n+ Khi ti\u1ebfn h\u00e0nh \u0111o v\u1edbi g\u01b0\u01a1ng gi\u1ea5y:<br \/>\n&#8211; V\u1edbi RS90N-K: t\u1eeb 1,3m cho t\u1edbi 500m<br \/>\n&#8211; V\u1edbi RS50N-K: t\u1eeb 1,3m cho t\u1edbi 300m<br \/>\n&#8211; V\u1edbi RS10N-K: t\u1eeb 1,3m cho t\u1edbi 100m<br \/>\n+ Khi ti\u1ebfn h\u00e0nh \u0111o v\u1edbi g\u01b0\u01a1ng mini:<br \/>\n&#8211; V\u1edbi CP01: t\u1eeb 1,3m cho t\u1edbi 2.500m<br \/>\n&#8211; V\u1edbi 0R1PA: t\u1eeb 1,3m cho t\u1edbi 500m<br \/>\n+ Khi th\u1ef1c hi\u1ec7n \u0111o v\u1edbi 1 g\u01b0\u01a1ng AP:<br \/>\n&#8211; Trong \u0111i\u1ec1u ki\u1ec7n b\u00ecnh th\u01b0\u1eddng: t\u1eeb 1,3m cho t\u1edbi 4.000m<br \/>\n&#8211; Trong \u0111i\u1ec1u ki\u1ec7n t\u1ed1t: t\u1eeb 1,3m cho t\u1edbi 5.000m<br \/>\n+ Khi th\u1ef1c hi\u1ec7n \u0111o v\u1edbi 3 g\u01b0\u01a1ng AP:<br \/>\n&#8211; \u1ede \u0111i\u1ec1u ki\u1ec7n b\u00ecnh th\u01b0\u1eddng: c\u00f3 th\u1ec3 \u0111o t\u1edbi 5.000m<br \/>\n&#8211; \u1ede \u0111i\u1ec1u ki\u1ec7n t\u1ed1t: c\u00f3 th\u1ec3 \u0111o \u0111\u1ebfn 6.000m<br \/>\n+ \u0110\u1ed9 ch\u00ednh x\u00e1c khi th\u1ef1c hi\u1ec7n \u0111o c\u1ea1nh:<br \/>\n&#8211; \u0110\u1ed1i v\u1edbi khi \u0111o kh\u00f4ng g\u01b0\u01a1ng:<br \/>\n_ T\u1eeb 0,3m cho t\u1edbi 200m: \u00b1(3+2ppm x D)mm<br \/>\n_ T\u1eeb 200m cho t\u1edbi 350m: \u00b1(5+10ppm x D)mm<br \/>\n_ T\u1eeb 350m cho t\u1edbi 500m: \u00b1(10+10ppm x D)mm<br \/>\n&#8211; Khi \u0111o v\u1edbi g\u01b0\u01a1ng gi\u1ea5y: \u00b1(3+2ppm x D)mm<br \/>\n&#8211; Khi \u0111o v\u1edbi g\u01b0\u01a1ng AP\/CP: \u00b1(2+2ppm x D)mm<br \/>\n+ Kh\u1ea3 n\u0103ng hi\u1ec3n th\u1ecb c\u1ea1nh min:<br \/>\n&#8211; \u0110\u1ed1i v\u1edbi ch\u1ebf \u0111\u1ed9 \u0111o Fine\/Rapid l\u00e0: 0,001m<br \/>\n&#8211; \u0110\u1ed1i v\u1edbi ch\u1ebf \u0111\u1ed9 \u0111o Tracking l\u00e0: 0,01m<br \/>\n+ Th\u1eddi gian \u0111\u1ec3 \u0111o c\u1ea1nh:<br \/>\n&#8211; \u1ede ch\u1ebf \u0111\u1ed9 \u0111o Fine m\u1ea5t: 0,9 gi\u00e2y<br \/>\n&#8211; \u1ede ch\u1ebf \u0111\u1ed9 \u0111o Rapid m\u1ea5t: 0,7 gi\u00e2y<br \/>\n&#8211; \u1ede ch\u1ebf \u0111\u1ed9 \u0111o Tracking m\u1ea5t: 0,3 gi\u00e2y<\/td>\n<\/tr>\n<tr>\n<td><strong>\u0110o g\u00f3c:<\/strong><\/td>\n<td>+ V\u1ec1 ph\u01b0\u01a1ng ph\u00e1p: S\u1ed1 \u0111\u1ecdc tuy\u1ec7t \u0111\u1ed1i<\/p>\n<p>+ Kh\u1ea3 n\u0103ng \u0111\u1ecdc g\u00f3c min: 1\u2019\u2019\/5\u2019\u2019<\/p>\n<p>+ \u0110\u1ed9 ch\u00ednh x\u00e1c khi ti\u1ebfn h\u00e0nh \u0111o g\u00f3c: 2\u2019\u2019<\/p>\n<p>+ Kh\u1ea3 n\u0103ng t\u1ef1 \u0111\u1ed9ng b\u00f9 xi\u00ean: b\u00f9 xi\u00ean 2 tr\u1ee5c; c\u00f3 ph\u1ea1m vi b\u00f9 l\u00e0: \u00b16\u2019<\/td>\n<\/tr>\n<tr>\n<td><strong>Nh\u1eefng th\u00f4ng s\u1ed1 kh\u00e1c:<\/strong><\/td>\n<td>+ V\u1ec1 m\u1eb7t hi\u1ec3n th\u1ecb: g\u1ed3m 02 m\u00e0n h\u00ecnh LCD c\u00f3 \u0111\u1ed9 ph\u00e2n gi\u1ea3i 192&#215;80 pixel v\u00e0 kh\u1ea3 n\u0103ng chi\u1ebfu s\u00e1ng trong<br \/>\n+ B\u00e0n ph\u00edm: nh\u1eadp gi\u1eef li\u1ec7u c\u1ef1c nhanh v\u00e0 thu\u1eadn ti\u1ec7n\u00a0nh\u1edd <strong>may toan dac dien tu sokkia cx-102<\/strong> c\u00f3 b\u00e0n ph\u00edm ngo\u00e0i<br \/>\n+ K\u1ebft n\u1ed1i: C\u00f3 c\u1ed5ng Serial RS-232C, Bluetooth, USB 2.0<br \/>\n+ \u0110\u1ed1i v\u1edbi d\u1ecdi t\u00e2m:<br \/>\n&#8211; B\u1eaft \u1ea3nh th\u1eadt<br \/>\n&#8211; C\u00f3 \u0111\u1ed9 ph\u00f3ng \u0111\u1ea1i l\u00e0: 3X<br \/>\n&#8211; Ti\u00eau c\u1ef1: 0,3m cho t\u1edbi v\u00f4 c\u00f9ng<br \/>\n&#8211; C\u00f3 tr\u01b0\u1eddng ng\u1eafm l\u00e0: 5\u02da<br \/>\n&#8211; D\u1ecdi t\u00e2m tia Laser (t\u00f9y ch\u1ecdn): Ch\u1ea5m Laze \u0111\u1ecf v\u1edbi \u0111\u1ed9 ch\u00ednh x\u00e1c tia &lt;1,0mm \u1edf 1,3m<br \/>\n+ \u0110\u1ed1i v\u1edbi b\u1ecdt th\u1ee7y tr\u00f2n: 10\u2019\/2mm<br \/>\n+ B\u1ecdt th\u1ee7y tr\u00f2n \u0111i\u1ec7n t\u1eed: 6\u2019<br \/>\n+ Ti\u00eau chu\u1ea9n IP66 (ch\u1ed1ng n\u01b0\u1edbc v\u00e0 b\u1ee5i)<br \/>\n+ Pin:<br \/>\n&#8211; \u0110\u1ed1i v\u1edbi Acqui BDC70: Li-ion s\u1ea1c, kh\u1ea3 n\u0103ng ho\u1ea1t \u0111\u1ed9ng l\u00ean \u0111\u1ebfn 36 gi\u1edd<br \/>\n&#8211; \u0110\u1ed1i v\u1edbi Acqui ngo\u00e0i (t\u00f9y ch\u1ecdn) BDC60: th\u1eddi gian ho\u1ea1t \u0111\u1ed9ng l\u00ean t\u1edbi 44 ti\u1ebfng, c\u00f2n \u0111\u1ed1i v\u1edbi BDC61 th\u00ec l\u00e0 89 ti\u1ebfng.<br \/>\n+ B\u1ed9 nh\u1edb:<br \/>\n&#8211; C\u00f3 b\u1ed9 nh\u1edb trong \u0111\u1ebfn: 10,000 \u0111i\u1ec3m \u0111o<br \/>\n&#8211; C\u00f2n \u1edf b\u1ed9 nh\u1edb ngo\u00e0i: trang b\u1ecb USB 8Gb<br \/>\n+ Tr\u1ecdng l\u01b0\u1ee3ng pin v\u00e0 m\u00e1y: 5,6kg<\/p>\n<p>+ Ho\u1ea1t \u0111\u1ed9ng trong m\u00f4i tr\u01b0\u1eddng: t\u1eeb -20\u02daC cho t\u1edbi +50\u02daC<\/td>\n<\/tr>\n<\/tbody>\n<\/table>\n","protected":false},"excerpt":{"rendered":"<p><strong>*B\u1ed9 ph\u1ee5 ki\u1ec7n ch\u00ednh h\u00e3ng g\u1ed3m:<\/strong><\/p>\n<ol>\n<li>1) 01 M\u00e1y trong h\u1ed9p k\u00e8m ph\u1ee5 t\u00f9ng chu\u1ea9n.<\/li>\n<li>2) 01 Ch\u00e2n nh\u00f4m to\u00e0n \u0111\u1ea1c.<\/li>\n<li>3) 02\u00a0G\u01b0\u01a1ng \u0111\u01a1n.<\/li>\n<li>4) 02\u00a0S\u00e0o g\u01b0\u01a1ng c\u00f3 g\u1eafn b\u1ecdt th\u1ee7y, t\u00fai \u0111\u1ef1ng s\u00e0o g\u01b0\u01a1ng.<\/li>\n<li>5) 01 Ch\u00e2n ba k\u1eb9p s\u00e0o, t\u00fai \u0111\u1ef1ng k\u1eb9p s\u00e0o.<\/li>\n<li>6) 01 H\u01b0\u1edbng d\u1eabn s\u1eed d\u1ee5ng Anh &#8211; Vi\u1ec7t.<\/li>\n<li>7) 01 Ba l\u00f4 \u0111eo m\u00e1y.<\/li>\n<li>8) Gi\u1ea5y hi\u1ec7u chu\u1ea9n mi\u1ec5n ph\u00ed 1 n\u0103m.<\/li>\n<\/ol>\n","protected":false},"featured_media":284,"comment_status":"open","ping_status":"closed","template":"","meta":[],"_links":{"self":[{"href":"https:\/\/webmaibinh.com\/w\/tracdia2011\/wp-json\/wp\/v2\/product\/283"}],"collection":[{"href":"https:\/\/webmaibinh.com\/w\/tracdia2011\/wp-json\/wp\/v2\/product"}],"about":[{"href":"https:\/\/webmaibinh.com\/w\/tracdia2011\/wp-json\/wp\/v2\/types\/product"}],"replies":[{"embeddable":true,"href":"https:\/\/webmaibinh.com\/w\/tracdia2011\/wp-json\/wp\/v2\/comments?post=283"}],"wp:featuredmedia":[{"embeddable":true,"href":"https:\/\/webmaibinh.com\/w\/tracdia2011\/wp-json\/wp\/v2\/media\/284"}],"wp:attachment":[{"href":"https:\/\/webmaibinh.com\/w\/tracdia2011\/wp-json\/wp\/v2\/media?parent=283"}],"curies":[{"name":"wp","href":"https:\/\/api.w.org\/{rel}","templated":true}]}}