{"id":274,"date":"2017-08-04T08:55:56","date_gmt":"2017-08-04T08:55:56","guid":{"rendered":"http:\/\/tracdia.khowebseotop.vn\/?post_type=product&#038;p=274"},"modified":"2017-08-04T08:55:56","modified_gmt":"2017-08-04T08:55:56","slug":"may-toan-dac-dien-tu-sokkia-cx-55","status":"publish","type":"product","link":"https:\/\/webmaibinh.com\/w\/tracdia2011\/san-pham\/may-toan-dac-dien-tu-sokkia-cx-55\/","title":{"rendered":"M\u00e1y to\u00e0n \u0111\u1ea1c \u0111i\u1ec7n t\u1eed Sokkia CX-55"},"content":{"rendered":"<p><strong>1. Th\u00f4ng s\u1ed1 k\u1ef9 thu\u1eadt c\u1ee7a\u00a0M\u00e1y to\u00e0n \u0111\u1ea1c \u0111i\u1ec7n t\u1eed Sokkia CX-55:<\/strong><\/p>\n<p>&nbsp;<\/p>\n<table class=\"tblSpecifications\" border=\"1\">\n<tbody>\n<tr class=\"\">\n<td>\u0110\u1ed9 ph\u00f3ng \u0111\u1ea1i<\/td>\n<td>30X<\/td>\n<\/tr>\n<tr class=\"\">\n<td>\u1ea2nh<\/td>\n<td>Th\u1eadt<\/td>\n<\/tr>\n<tr class=\"\">\n<td>Tr\u01b0\u1eddng nh\u00ecn<\/td>\n<td>1\u02da30&#8242;<\/td>\n<\/tr>\n<tr class=\"\">\n<td>Ti\u00eau c\u1ef1 nh\u1ecf nh\u1ea5t<\/td>\n<td>1.3m \u0111\u1ebfn v\u00f4 c\u1ef1c<\/td>\n<\/tr>\n<tr class=\"\">\n<td>\u0110\u01b0\u1eddng k\u00ednh \u1ed1ng k\u00ednh<\/td>\n<td>45m<\/td>\n<\/tr>\n<tr class=\"\">\n<td>\u0110o xa kh\u00f4ng c\u1ea7n g\u01b0\u01a1ng<\/td>\n<td>Ph\u1ea1m vi t\u1eeb 0,3m \u0111\u1ebfn 200m: (3 + 2ppm x D) mm; Ph\u1ea1m vi t\u1eeb 200m \u0111\u1ebfn 350m: (5 + 10ppm x D) mm; Ph\u1ea1m vi t\u1eeb 350m \u0111\u1ebfn 500m: (10 + 10ppm x D) mm<\/td>\n<\/tr>\n<tr class=\"\">\n<td>B\u1ecdt th\u1ee7y tr\u00f2n<\/td>\n<td>10\u2019\/2mm<\/td>\n<\/tr>\n<tr class=\"\">\n<td>B\u1ed9 nh\u1edb trong<\/td>\n<td>5,000 \u0111i\u1ec3m \u0111o<\/td>\n<\/tr>\n<tr class=\"\">\n<td>Ph\u01b0\u01a1ng ph\u00e1p<\/td>\n<td>Tuy\u1ec7t \u0111\u1ed1i, li\u00ean t\u1ee5c, \u0111\u1ed1i x\u1ee9ng, ho\u00e0n to\u00e0n<\/td>\n<\/tr>\n<tr class=\"\">\n<td>M\u00e0n h\u00ecnh<\/td>\n<td>LCD 192\u00d780 pixel<\/td>\n<\/tr>\n<tr class=\"\">\n<td>B\u00e0n ph\u00edm<\/td>\n<td>25 ph\u00edm<\/td>\n<\/tr>\n<tr class=\"\">\n<td>Truy\u1ec1n, tr\u00fat d\u1eef li\u1ec7u<\/td>\n<td>C\u1ed5ng Serial RS-232C, USB 2.0, Bluetooth (t\u00f9y ch\u1ecdn)<\/td>\n<\/tr>\n<tr>\n<td>B\u1ed9 nh\u1edb USB<\/td>\n<td>8Gb<\/td>\n<\/tr>\n<tr>\n<td>\u0110\u1ed9 ch\u00ednh x\u00e1c<\/td>\n<td>5&#8243;<\/td>\n<\/tr>\n<tr class=\"\">\n<td>Nhi\u1ec7t \u0111\u1ed9 ho\u1ea1t \u0111\u1ed9ng<\/td>\n<td>-20\u02daC \u0111\u1ebfn +50\u02daC<\/td>\n<\/tr>\n<tr>\n<td>Lo\u1ea1i pin<\/td>\n<td>Pin Li-ion s\u1ea1c, th\u1eddi gian ho\u1ea1t \u0111\u1ed9ng 15h<\/td>\n<\/tr>\n<tr>\n<td>Ti\u00eau chu\u1ea9n<\/td>\n<td>IP66<\/td>\n<\/tr>\n<tr>\n<td>K\u00edch th\u01b0\u1edbc<\/td>\n<td>191 x 181 x 348<\/td>\n<\/tr>\n<tr>\n<td>Tr\u1ecdng l\u01b0\u1ee3ng<\/td>\n<td>5.6kg<\/td>\n<\/tr>\n<tr class=\"highlighted\">\n<td>B\u1ea3o h\u00e0nh<\/td>\n<td>12 th\u00e1ng<\/td>\n<\/tr>\n<tr class=\"\">\n<td>Nh\u00e0 s\u1ea3n xu\u1ea5t<\/td>\n<td>SOKKIA<\/td>\n<\/tr>\n<\/tbody>\n<\/table>\n<p>&nbsp;<\/p>\n<p><strong>2. Gi\u1edbi thi\u1ec7u chung v\u1ec1 d\u00f2ng M\u00e1y to\u00e0n \u0111\u1ea1c \u0111i\u1ec7n t\u1eed Sokkia CX-55:<\/strong><\/p>\n<p>&nbsp;<\/p>\n<p>Sokkia cho ra m\u1eaft s\u1ea3n ph\u1ea9m <strong>M\u00e1y to\u00e0n \u0111\u1ea1c \u0111i\u1ec7n t\u1eed Sokkia CX-55 <\/strong>s\u1edf h\u1eefu nhi\u1ec1u t\u00ednh n\u0103ng n\u1ed5i b\u1eadt r\u1ea5t \u0111\u01b0\u1ee3c quan t\u00e2m hi\u1ec7n nay. M\u00e1y \u0111\u01b0\u1ee3c c\u1ea3i ti\u1ebfn v\u1ec1 \u0111\u1ed9 ch\u00ednh x\u00e1c \u0111\u1ec3 ph\u1ee5c v\u1ee5 cho c\u00f4ng t\u00e1c \u0111\u00f4 \u0111\u1ea1c trong b\u1ea5t k\u00ec \u0111i\u1ec1u ki\u1ec7n th\u1eddi ti\u1ebft hay \u0111\u1ecba h\u00ecnh n\u00e0o. B\u1ec1 m\u1eb7t m\u00e1y \u0111\u01b0\u1ee3c l\u00e0m t\u1eeb ch\u1ea5t li\u1ec7u cao c\u1ea5p c\u00f3 th\u1ec3 s\u1eed d\u1ee5ng m\u00e1y t\u1ea1i nh\u1eefng \u0111\u1ecba \u0111i\u1ec3m m\u00e0 \u0111i\u1ec1u ki\u1ec7n th\u1eddi ti\u1ebft kh\u00f4ng \u1ed5n \u0111\u1ecbnh, kh\u1ea3 n\u0103ng ch\u1ed1ng th\u1ea5m n\u01b0\u1edbc v\u00e0 b\u1ee5i t\u0103ng tu\u1ed5i th\u1ecd c\u1ee7a m\u00e1y h\u01a1n.<\/p>\n<p><em><strong><img id=\"M\u00e1y to\u00e0n \u0111\u1ea1c \u0111i\u1ec7n t\u1eed Sokkia CX-55\" title=\"M\u00e1y to\u00e0n \u0111\u1ea1c \u0111i\u1ec7n t\u1eed Sokkia CX-55\" src=\"http:\/\/tracdia.khowebseotop.vn\/wp-content\/uploads\/2017\/08\/may-toan-dac-dien-tu-sokkia-cx-55-274.jpg\" alt=\"M\u00e1y to\u00e0n \u0111\u1ea1c \u0111i\u1ec7n t\u1eed Sokkia CX-55\" \/><\/strong><\/em><\/p>\n<p><em><strong>H\u00ecnh \u1ea3nh minh h\u1ecda M\u00e1y to\u00e0n \u0111\u1ea1c \u0111i\u1ec7n t\u1eed Sokkia CX-55<\/strong><\/em><\/p>\n<p>&nbsp;<\/p>\n<p><strong>M\u00e1y to\u00e0n \u0111\u1ea1c \u0111i\u1ec7n t\u1eed Sokkia CX-55<\/strong> \u0111\u01b0\u1ee3c thi\u1ebft k\u1ebf v\u1edbi m\u00e0n h\u00ecnh LCD r\u00f5 n\u00e9t v\u00e0 b\u00e0n ph\u00edm g\u1ed3m 25 k\u00fd t\u1ef1 gi\u00fap cho ng\u01b0\u1eddi d\u00f9ng c\u00f3 th\u1ec3 d\u1ec5 d\u00e0ng thao t\u00e1c v\u1edbi m\u00e1y, tr\u00e1nh \u0111\u01b0\u1ee3c nh\u1eefng sai x\u00f3t trong qu\u00e1 tr\u00ecnh \u0111o \u0111\u1ea1c \u0111\u1ea3m b\u1ea3o ch\u1ea5t l\u01b0\u1ee3ng c\u00f4ng vi\u1ec7c c\u1ee7a ng\u01b0\u1eddi d\u00f9n. Ngo\u00e0i ra, m\u00e1y c\u00f2n h\u1ed7 tr\u1ee3 th\u1ebb nh\u1edb ngo\u00e0i USB v\u00e0 c\u1ed5ng k\u1ebft n\u1ed5i USB 2.0 gi\u00fap \u00edch h\u01a1n trong vi\u1ec7c tr\u00edch xu\u1ea5t v\u00e0 l\u01b0u tr\u1eef s\u1ed1 li\u1ec7u.<\/p>\n<p>&nbsp;<\/p>\n","protected":false},"excerpt":{"rendered":"<p>&#8211; Model: CX-55<br \/>\n&#8211; H\u00e3ng s\u1ea3n xu\u1ea5t: Sokkia<br \/>\n&#8211; Xu\u1ea5t x\u1ee9: Nh\u1eadt B\u1ea3n<\/p>\n","protected":false},"featured_media":275,"comment_status":"open","ping_status":"closed","template":"","meta":[],"_links":{"self":[{"href":"https:\/\/webmaibinh.com\/w\/tracdia2011\/wp-json\/wp\/v2\/product\/274"}],"collection":[{"href":"https:\/\/webmaibinh.com\/w\/tracdia2011\/wp-json\/wp\/v2\/product"}],"about":[{"href":"https:\/\/webmaibinh.com\/w\/tracdia2011\/wp-json\/wp\/v2\/types\/product"}],"replies":[{"embeddable":true,"href":"https:\/\/webmaibinh.com\/w\/tracdia2011\/wp-json\/wp\/v2\/comments?post=274"}],"wp:featuredmedia":[{"embeddable":true,"href":"https:\/\/webmaibinh.com\/w\/tracdia2011\/wp-json\/wp\/v2\/media\/275"}],"wp:attachment":[{"href":"https:\/\/webmaibinh.com\/w\/tracdia2011\/wp-json\/wp\/v2\/media?parent=274"}],"curies":[{"name":"wp","href":"https:\/\/api.w.org\/{rel}","templated":true}]}}