{"id":271,"date":"2017-08-04T08:50:11","date_gmt":"2017-08-04T08:50:11","guid":{"rendered":"http:\/\/tracdia.khowebseotop.vn\/?post_type=product&#038;p=271"},"modified":"2017-08-04T08:50:13","modified_gmt":"2017-08-04T08:50:13","slug":"may-toan-dac-dien-tu-sokkia-cx-65","status":"publish","type":"product","link":"https:\/\/webmaibinh.com\/w\/tracdia2011\/san-pham\/may-toan-dac-dien-tu-sokkia-cx-65\/","title":{"rendered":"M\u00e1y to\u00e0n \u0111\u1ea1c \u0111i\u1ec7n t\u1eed Sokkia CX-65"},"content":{"rendered":"<h2 align=\"center\"><strong>M\u00e1y to\u00e0n \u0111\u1ea1c \u0111i\u1ec7n t\u1eed sokkia cx-65<\/strong><\/h2>\n<p>M\u1ed9t trong c\u00e1c s\u1ea3n ph\u1ea9m m\u1edbi nh\u1ea5t t\u1eeb th\u01b0\u01a1ng hi\u1ec7u s\u1ea3n xu\u1ea5t m\u00e1y \u0111o \u0111\u1ea1c tr\u1eafc \u0111\u1ecba n\u1ed5i ti\u1ebfng Nh\u1eadt B\u1ea3n \u2013 Sokkia ch\u00ednh l\u00e0 <strong>may toan dac dien tu sokkia cx-65<\/strong>.<\/p>\n<p><img title=\"may toan dac dien tu sokkia cx-65\" src=\"http:\/\/tracdia.khowebseotop.vn\/wp-content\/uploads\/2017\/08\/may-toan-dac-dien-tu-sokkia-cx-65-271.jpg\" alt=\"may toan dac dien tu sokkia cx-65\" \/><\/p>\n<p>&nbsp;<\/p>\n<h2><strong>T\u00ednh n\u0103ng \u01b0u vi\u1ec7t t\u1eeb may toan dac dien tu sokkia cx-65:<\/strong><\/h2>\n<p>+ \u00c1p d\u1ee5ng Red \u2013 Tech Technology Reflectorless EDM hay c\u00f2n g\u1ecdi l\u00e0 c\u00f4ng ngh\u1ec7 \u0111o kh\u00f4ng g\u01b0\u01a1ng. \u01afu \u0111i\u1ec3m c\u1ee7a n\u00f3 l\u00e0: \u0110\u1ed1i v\u1edbi b\u1ea5t c\u1ee9 \u0111\u1ed1i t\u01b0\u1ee3ng n\u00e0o th\u00ec th\u1eddi gian \u0111o kho\u1ea3ng c\u00e1ch ch\u1ec9 m\u1ea5t 0.9 gi\u00e2y. 30cm \u0111\u1ebfn 500m ch\u00ednh l\u00e0 kho\u1ea3ng m\u00e0 ch\u1ebf \u0111\u1ed9ng kh\u00f4ng g\u01b0\u01a1ng n\u00e0y c\u00f3 ho\u1ea1t \u0111\u1ed9ng. \u1ede c\u00f4ng ngh\u1ec7 n\u00e0y th\u00ec v\u1edbi c\u1ea3 t\u1ea5m ph\u1ea3n quang th\u00ec n\u00f3 v\u1eabn c\u00f3 th\u1ec3 \u0111\u1ea3m b\u1ea3o \u0111\u01b0\u1ee3c s\u1ef1 ch\u00ednh x\u00e1c cao nh\u1ea5t.<\/p>\n<p>+ LongRange \u2013 truy\u1ec1n d\u1eef li\u1ec7u tuy\u1ec7t v\u1eddi: T\u00ednh n\u0103ng truy\u1ec1n d\u1eef li\u1ec7u kh\u00f4ng c\u1ea7n d\u00e2y qua c\u1ed5ng Bluetooth Class1 \u0111\u01b0\u1ee3c \u00e1p d\u1ee5ng tr\u00ean t\u1ea5t c\u1ea3 c\u00e1c d\u00f2ng m\u00e1y to\u00e0n \u0111\u1ea1c sokkia cx v\u00e0 d\u0129 nhi\u00ean, sokkia cx-65 c\u0169ng kh\u00f4ng ngo\u1ea1i l\u1ec7. C\u00e1c d\u1eef li\u1ec7u s\u1ebd \u0111\u01b0\u1ee3c truy\u1ec1n \u0111\u1ebfn nh\u1eefng s\u1ea3n ph\u1ea9m c\u00e1c c\u1ef1c k\u00ec d\u1ec5 d\u00e0ng v\u00e0 r\u1ea5t ch\u00ednh x\u00e1c.<\/p>\n<p>+ H\u1ec7 th\u1ed1ng \u0111o g\u00f3c t\u1ed1i \u01b0u: D\u00f2ng m\u00e1y Sokkia CX v\u1edbi nh\u1eefng t\u00ednh n\u0103ng \u0111\u00e3 \u0111\u01b0\u1ee3c m\u00e3 h\u00f3a ho\u00e0n h\u1ea3o. Ch\u00ednh v\u00ec th\u1ebf m\u00e0 trong b\u1ea5t c\u1ee9 \u0111i\u1ec1u ki\u1ec7n l\u00e0m vi\u1ec7c c\u00f3 nh\u01b0 th\u1ebf n\u00e0o th\u00ec n\u00f3 v\u1eabn mang \u0111\u1ebfn s\u1ef1 tin c\u1eady d\u00e0i l\u00e2u nh\u1ea5t. Khi \u0111\u01b0\u1ee3c thi\u1ebft l\u1eadp \u1edf tr\u00ean c\u00e1c \u0111\u1ecba h\u00ecnh g\u1ed3 gh\u1ec1, kh\u00f4ng b\u1eb1ng ph\u1eb3ng v\u1edbi Dual-axis, c\u00e1c ph\u00e9p \u0111o c\u1ee7a b\u1ea1n s\u1ebd \u0111\u01b0\u1ee3c gi\u1eef m\u1ed9t c\u00e1ch \u1ed5n \u0111\u1ecbnh nh\u1ea5t.<\/p>\n<p>+ Pin c\u1ee7a s\u1ea3n ph\u1ea9m c\u00f3 th\u1ec3 k\u00e9o d\u00e0i l\u00ean t\u1edbi 36 ti\u1ebfng. \u0110i\u1ec1u n\u00e0y gi\u00fap cho ng\u01b0\u1eddi s\u1eed d\u1ee5ng c\u00f3 th\u1ec3 d\u00f9ng m\u00e1y \u0111\u1ec3 ho\u00e0n th\u00e0nh c\u00e1c c\u00f4ng vi\u1ec7c m\u1ed9t c\u00e1ch hi\u1ec7u qu\u1ea3 nh\u1ea5t ngay trong ng\u00e0y. Th\u00eam v\u00e0o \u0111\u00f3 l\u00e0 c\u00f3 th\u1ec3 h\u1ea1n ch\u1ebf \u0111\u01b0\u1ee3c vi\u1ec7c ph\u1ea3i \u0111em theo pin d\u1ef1 ph\u00f2ng hay ph\u1ea3i c\u1eafm s\u1ea1c m\u00e1y v\u00e0o m\u1ed7i \u0111\u00eam.<\/p>\n<p>+ Xu\u1ea5t d\u1eef li\u1ec7u v\u1edbi \u0111\u1ecbnh d\u1ea1ng: TXT, RAW, DXF (hay c\u00f2n g\u1ecdi l\u00e0 autocad) th\u00f4ng qua vi\u1ec7c s\u1eed d\u1ee5ng c\u00e1p truy\u1ec1n hay d\u00f9ng tr\u1ef1c ti\u1ebfp v\u00e0o c\u1ed5ng USD flash<\/p>\n<p>+ D\u00f2ng m\u00e1y CX n\u00e0y c\u00f2n c\u00f3 c\u00e1c kh\u1ea3 n\u0103ng v\u00f4 c\u00f9ng ti\u1ec7n l\u1ee3i kh\u00e1c \u0111\u00f3 l\u00e0 kh\u00f4ng b\u1ecb th\u1ea5m n\u01b0\u1edbc, kh\u00f4ng b\u00e1m b\u1ee5i c\u0169ng nh\u01b0 d\u1ec5 d\u00e0ng \u0111\u1ec3 \u0111i\u1ec1u khi\u1ec3n. 20 \u0111\u1ebfn 60 \u0111\u1ed9 ch\u00ednh l\u00e0 m\u1ee9c nhi\u1ec7t m\u00e0 s\u1ea3n ph\u1ea9m c\u00f3 th\u1ec3 ch\u1ecbu \u0111\u1ef1ng \u0111\u01b0\u1ee3c, nguy\u00ean nh\u00e2n ch\u00ednh l\u00e0 m\u00e1y \u0111\u01b0\u1ee3c d\u00f9ng khung kim lo\u1ea1i cao c\u1ea5p. Th\u00eam v\u00e0o \u0111\u00f3, c\u1ed5ng USB type A c\u0169ng \u0111\u01b0\u1ee3c \u0111\u1ea3m b\u1ea3o ti\u00eau chu\u1ea9n IP66.<\/p>\n<p><strong>Th\u00f4ng s\u1ed1 k\u0129 thu\u1eadt c\u1ee7a m\u00e1y to\u00e0n \u0111\u1ea1c sokkia cx-65<\/strong><\/p>\n<p>\u0110\u1ed9 ch\u00ednh x\u00e1c khi th\u1ef1c hi\u1ec7n \u0111o g\u00f3c: 5\u201d<\/p>\n<p>\u0110\u1ed9 ch\u00ednh x\u00e1c l\u00fac ti\u1ebfn h\u00e0nh \u0111o c\u1ea1nh: 2mm + 2ppm.D<\/p>\n<p>\u0110\u1ed9 ch\u00ednh x\u00e1c khi \u0111o kh\u00f4ng g\u01b0\u01a1ng: 3mm + 2ppm.D<\/p>\n<p>Khi c\u00f3 g\u01b0\u01a1ng, ph\u1ea1m vi \u0111o: 4000m<\/p>\n<p>Khi kh\u00f4ng c\u00f3 g\u01b0\u01a1ng, ph\u1ea1m vi \u0111o: 350m<\/p>\n<p>B\u1ed9 nh\u1edb trong l\u00e0: 10,000 \u0111i\u1ec3m<\/p>\n<h2><strong>M\u00e1y to\u00e0n \u0111\u1ea1c \u0111i\u1ec7n t\u1eed\u00a0sokkia cx-65 \u0111\u01b0\u1ee3c d\u00f9ng \u1edf \u0111\u00e2u?<\/strong><\/h2>\n<p>\u0110\u00e2y l\u00e0 m\u1ed9t thi\u1ebft b\u1ecb r\u1ea5t \u0111\u01b0\u1ee3c \u01b0a chu\u1ed9ng v\u00e0 s\u1eed d\u1ee5ng r\u1ea5t nhi\u1ec1u trong c\u00e1c ng\u00e0nh ngh\u1ec1, c\u00f4ng vi\u1ec7c kh\u00e1c nhau:<\/p>\n<p>+ Thi\u1ebft k\u1ebf c\u00e1c con \u0111\u01b0\u1eddng cao t\u1ed1c, c\u1ea7u \u0111\u01b0\u1eddng,<\/p>\n<p>+ Ng\u00e0nh \u0111\u01b0\u1eddng s\u1eaft,<\/p>\n<p>+ Ng\u00e0nh x\u00e2y d\u1ef1ng,<\/p>\n<p>+ Ph\u1ee5c v\u1ee5 th\u0103m d\u00f2 c\u0169ng nh\u01b0 khai th\u00e1c nh\u1eefng th\u00e1c n\u01b0\u1edbc, kho\u00e1ng s\u1ea3n,\u2026<\/p>\n<p>+ Tr\u1ee3 gi\u00fap trong vi\u1ec7c l\u1eafp \u0111\u1eb7t nh\u1eefng thi\u1ebft b\u1ecb m\u00e0 c\u00f3 quy m\u00f4 t\u01b0\u01a1ng \u0111\u1ed1i l\u1edbn,<\/p>\n<p>+ H\u1ed7 tr\u1ee3 \u0111o \u0111\u1ea1c c\u00e1c b\u1ea3n \u0111\u1ed3 v\u1ec1 \u0111\u1ecba ch\u00ednh, \u0111\u1ecba h\u00ecnh,\u2026<\/p>\n<h2><strong>C\u00e1ch b\u1ea3o qu\u1ea3n m\u00e1y to\u00e0n \u0111\u1ea1c \u0111i\u1ec7n t\u1eed\u00a0sokkia cx-65 \u0111\u00fang<\/strong><\/h2>\n<p>D\u00f9 cho c\u00f3 \u0111\u01b0\u1ee3c thi\u1ebft k\u1ebf tuy\u1ec7t v\u1eddi, ch\u1ea5t li\u1ec7u c\u00f3 t\u1ed1t \u0111\u1ebfn bao nhi\u00eau m\u00e0 kh\u00f4ng c\u00f3 nh\u1eefng ph\u01b0\u01a1ng ph\u00e1p b\u1ea3o qu\u1ea3n h\u1ee3p l\u00ed th\u00ec s\u1ea3n ph\u1ea9m s\u1ebd kh\u00f4ng th\u1ec3 n\u00e0o s\u1eed d\u1ee5ng l\u00e2u d\u00e0i \u0111\u01b0\u1ee3c.<\/p>\n<p>\u0110\u00f3 l\u00e0 ch\u01b0a t\u00ednh \u0111\u1ebfn vi\u1ec7c cho ra c\u00e1c s\u1ed1 li\u1ec7u kh\u00f4ng ch\u00ednh x\u00e1c. H\u00e3y c\u00f9ng xem nh\u1eefng \u0111i\u1ec1u m\u00e0 b\u1ea1n c\u1ea7n l\u01b0u \u00fd \u0111\u1ec3 b\u1ea3o qu\u1ea3n chi\u1ebfc m\u00e1y to\u00e0n \u0111\u1ea1c \u0111i\u1ec7n t\u1eed n\u00e0y hi\u1ec7u qu\u1ea3 nh\u00e9:<\/p>\n<p>+ H\u1ea1n ch\u1ebf t\u1ed1i \u0111a ho\u1eb7c t\u1ed1t nh\u1ea5t l\u00e0 kh\u00f4ng \u0111\u01b0\u1ee3c \u0111\u1eb7t tr\u1ef1c ti\u1ebfp s\u1ea3n ph\u1ea9m l\u00ean tr\u00ean m\u1eb7t \u0111\u1ea5t.<\/p>\n<p>+ \u0110\u1ec3 c\u00f3 th\u1ec3 tr\u00e1nh \u0111\u01b0\u1ee3c vi\u1ec7c m\u00e1y b\u1ecb r\u01a1i, c\u1ea7n ph\u1ea3i v\u1eb7n th\u1eadt ch\u1eb7t nh\u1eefng con v\u00edt h\u00e3m \u0111\u1ebf v\u00e0 ch\u00e2n m\u00e1y.<\/p>\n<p>+ Kh\u00f4ng \u0111\u01b0\u1ee3c ng\u1eafm \u1ed1ng k\u00ednh \u1edf ph\u00eda \u0111\u1ed1i di\u1ec7n ngay v\u1edbi \u00e1nh s\u00e1ng c\u1ee7a m\u1eb7t tr\u1eddi.<\/p>\n<p>+ Khi \u0111o \u1edf ngo\u00e0i tr\u1eddi, c\u1ea7n chu\u1ea9n b\u1ecb d\u00f9 \u0111\u1ec3 che m\u00e1y.<\/p>\n<p>+ S\u1eed d\u1ee5ng m\u00e1y \u1edf tr\u00ean m\u1ecf than ho\u1eb7c g\u1ea7n v\u1edbi c\u00e1c ch\u1ea5t d\u1ec5 g\u00e2y ch\u00e1y n\u1ed5 l\u00e0 \u0111i\u1ec1u c\u1ea5m k\u1ecb.<\/p>\n<p>+ Khi chi\u1ebfc m\u00e1y sokkia n\u00e0y v\u1eabn c\u00f2n g\u1eafn li\u1ec1n v\u1edbi ch\u00e2n m\u00e1y th\u00ec kh\u00f4ng \u0111\u01b0\u1ee3c di chuy\u1ec3n m\u00e1y \u0111i qu\u00e1 xa.<\/p>\n<p>+ T\u1ef1 \u00fd s\u1eeda ch\u1eefa c\u0169ng nh\u01b0 th\u00e1o d\u1ee1 m\u00e1y c\u00f9ng l\u00e0 \u0111i\u1ec1u kh\u00f4ng n\u00ean.<\/p>\n<p>+ H\u1ea1n ch\u1ebf t\u1ed1i \u0111a vi\u1ec7c rung c\u0169ng nh\u01b0 l\u00e0 s\u1ed1c m\u1ea1nh l\u00fac v\u1eadn chuy\u1ec3n m\u00e1y.<\/p>\n<p>+ Khi b\u1ea1n \u0111\u1eb7t m\u00e1y l\u1ea1i v\u00e0o trong h\u1ed9p th\u00ec c\u1ea7n ph\u1ea3i tu\u00e2n theo s\u01a1 \u0111\u1ed3 h\u01b0\u1edbng d\u1eabn.<\/p>\n<p>+ H\u1ed9p m\u00e1y c\u1ea7n ph\u1ea3i lu\u00f4n kh\u00f4 v\u00e0 s\u1ea1ch s\u1ebd, vi\u1ec7c \u0111\u1eb7t th\u00eam nh\u1eefng t\u00fai \u1ea9m l\u00e0 \u0111i\u1ec1u c\u1ea7n thi\u1ebft.<\/p>\n<p><strong>T\u1ea1i sao mua m\u00e1y to\u00e0n \u0111\u1ea1c sokkia cx-65 t\u1ea1i Tr\u1eafc \u0110\u1ecba Nha Trang?<\/strong><\/p>\n<p>N\u1ebfu b\u1ea1n \u0111ang c\u1ea7n t\u00ecm m\u1ed9t chi\u1ebfc m\u00e1y to\u00e0n \u0111\u1ea1c sokkia cx-65 ch\u1ea5t l\u01b0\u1ee3ng ch\u00ednh h\u00e3ng v\u1edbi gi\u00e1 r\u1ebb th\u00ec Tr\u1eafc \u0110\u1ecba 247 s\u1ebd l\u00e0 m\u1ed9t \u0111\u1ecba ch\u1ec9 \u0111\u00e1ng tin c\u1eady. B\u1ea1n s\u1ebd \u0111\u01b0\u1ee3c h\u01b0\u1edfng nh\u1eefng \u0111\u1eb7c quy\u1ec1n khi l\u00e0 kh\u00e1ch h\u00e0ng c\u1ee7a ch\u00fang t\u00f4i:<\/p>\n<p>+ Chuy\u1ec3n h\u00e0ng kh\u00f4ng t\u00ednh ph\u00ed,<\/p>\n<p>+ Giao h\u00e0ng tr\u00ean to\u00e0n qu\u1ed1c,<\/p>\n<p>+ C\u00f4ng ngh\u1ec7 \u0111\u01b0\u1ee3c chuy\u1ec3n giao mi\u1ec5n ph\u00ed,<\/p>\n<p>+ Thanh to\u00e1n h\u00f3a \u0111\u01a1n theo h\u00ecnh th\u1ee9c COD,<\/p>\n<p>+ S\u1ea3n ph\u1ea9m \u0111\u01b0\u1ee3c \u0111\u1ed5i \u2013 tr\u1ea3 trong v\u00f2ng 24 ng\u00e0y,<\/p>\n<p>+ B\u1ea3o h\u00e0nh s\u1ea3n ph\u1ea9m trong 1 n\u0103m, t\u00f9y v\u00e0o quy \u0111\u1ecbnh c\u1ee7a h\u00e3ng,<\/p>\n<p>+ T\u01b0 v\u1ea5n chuy\u00ean nghi\u1ec7p, lu\u00f4n s\u1eb5n s\u00e0ng h\u1ed7 tr\u1ee3.<\/p>\n","protected":false},"excerpt":{"rendered":"<p>S\u1eed d\u1ee5ng c\u00f4ng ngh\u1ec7 \u0111o kh\u00f4ng g\u01b0\u01a1ng Red-tech Technology Reflectorless EDM th\u1eddi th\u01b0\u1ee3ng<\/p>\n<p>Th\u1eddi gian \u0111o kho\u1ea3ng c\u00e1ch si\u00eau nhanh,\u00a0ch\u1ec9 m\u1ea5t 0,9 gi\u00e2y<\/p>\n","protected":false},"featured_media":272,"comment_status":"open","ping_status":"closed","template":"","meta":[],"_links":{"self":[{"href":"https:\/\/webmaibinh.com\/w\/tracdia2011\/wp-json\/wp\/v2\/product\/271"}],"collection":[{"href":"https:\/\/webmaibinh.com\/w\/tracdia2011\/wp-json\/wp\/v2\/product"}],"about":[{"href":"https:\/\/webmaibinh.com\/w\/tracdia2011\/wp-json\/wp\/v2\/types\/product"}],"replies":[{"embeddable":true,"href":"https:\/\/webmaibinh.com\/w\/tracdia2011\/wp-json\/wp\/v2\/comments?post=271"}],"wp:featuredmedia":[{"embeddable":true,"href":"https:\/\/webmaibinh.com\/w\/tracdia2011\/wp-json\/wp\/v2\/media\/272"}],"wp:attachment":[{"href":"https:\/\/webmaibinh.com\/w\/tracdia2011\/wp-json\/wp\/v2\/media?parent=271"}],"curies":[{"name":"wp","href":"https:\/\/api.w.org\/{rel}","templated":true}]}}