{"id":268,"date":"2017-08-04T08:47:22","date_gmt":"2017-08-04T08:47:22","guid":{"rendered":"http:\/\/tracdia.khowebseotop.vn\/?post_type=product&#038;p=268"},"modified":"2017-08-04T08:47:24","modified_gmt":"2017-08-04T08:47:24","slug":"may-toan-dac-dien-tu-topcon-es-65","status":"publish","type":"product","link":"https:\/\/webmaibinh.com\/w\/tracdia2011\/san-pham\/may-toan-dac-dien-tu-topcon-es-65\/","title":{"rendered":"M\u00e1y to\u00e0n \u0111\u1ea1c \u0111i\u1ec7n t\u1eed Topcon ES-65"},"content":{"rendered":"<p align=\"center\"><strong>M\u00e1y to\u00e0n \u0111\u1ea1c \u0111i\u1ec7n t\u1eed Topcon ES-65 ch\u00ednh x\u00e1c cao<\/strong><\/p>\n<p>M\u1ed9t phi\u00ean b\u1ea3n may do dac m\u1edbi toanh c\u1ee7a th\u01b0\u01a1ng hi\u1ec7u Topcon ch\u00ednh l\u00e0 <strong>may toan dac dien tu topcon es-65<\/strong>. Ng\u01b0\u1eddi d\u00f9ng c\u00f3 th\u1ec3 k\u1ebft n\u1ed1i \u0111\u1ebfn nh\u1eefng thi\u1ebft b\u1ecb kh\u00e1c n\u1eb1m trong\u00a0kho\u1ea3ng c\u00e1ch 10m nh\u1edd v\u00e0o c\u00f4ng ngh\u1ec7\u00a0\u0111o kh\u00f4ng g\u01b0\u01a1ng k\u1ebft h\u1ee3p c\u1ed5ng tr\u00fat Usb\u00a0hi\u1ec7n \u0111\u1ea1i.<\/p>\n<p><img title=\"may toan dac dien tu topcon es-65\" src=\"http:\/\/tracdia.khowebseotop.vn\/wp-content\/uploads\/2017\/08\/may-toan-dac-dien-tu-topcon-es-65-268.jpg\" alt=\"may toan dac dien tu topcon es-65\" \/><\/p>\n<p>C\u00e1c nh\u00e0 thi\u1ebft k\u1ebf c\u1ee7a Topcon \u0111\u00e3 trang b\u1ecb cho Topcon ES-65 nh\u1eefng t\u00ednh n\u0103ng v\u00f4 c\u00f9ng \u0111\u1ed9c \u0111\u00e1o:<\/p>\n<p>+ C\u00e2n b\u1eb1ng \u0111i\u1ec7n t\u1eed b\u1eb1ng 2 tr\u1ee5c (x,y)<\/p>\n<p>+ Pin c\u00f3 th\u1ec3 d\u00f9ng \u0111\u1ebfn 15 ti\u1ebfng<\/p>\n<p>+ C\u00f3 b\u1ed9 nh\u1edb trong l\u00ean t\u1edbi 10.000 \u0111i\u1ec3m \u0111o<\/p>\n<p>Ch\u00ednh nh\u1edd v\u00e0o vi\u1ec7c s\u1edf h\u1eefu c\u00e1c \u01b0u \u0111i\u1ec3m v\u01b0\u1ee3t tr\u1ed9i c\u00f9ng v\u1edbi gi\u00e1 c\u1ea3 r\u1ea5t h\u1ee3p t\u00fai ti\u1ec1n m\u00e0 chi\u1ebfc <strong>may toan dac dien tu topcon es-65<\/strong> l\u00e0 m\u1ed9t s\u1ef1 ch\u1ecdn l\u1ef1a th\u00f4ng minh v\u00e0 ho\u00e0n h\u1ea3o cho c\u00e1c Qu\u00fd kh\u00e1ch h\u00e0ng. N\u00f3 s\u1ebd h\u1ed7 tr\u1ee3 b\u1ea1n r\u1ea5t t\u1ed1t trong c\u00f4ng vi\u1ec7c v\u1edbi \u0111\u1ed9 ch\u00ednh x\u00e1c cao.<\/p>\n<h3><strong>M\u1ed9t s\u1ed1 \u01b0u \u0111i\u1ec3m v\u01b0\u1ee3t tr\u1ed9i c\u1ee7a m\u00e1y to\u00e0n \u0111\u1ea1c topcon es-65:<\/strong><\/h3>\n<p>&#8211; 01 m\u00e0n h\u00ecnh LCD v\u1edbi \u0111\u1ed9 ph\u00e2n gi\u1ea3i 192&#215;80 Pixel gi\u00fap s\u1ed1 li\u1ec7u hi\u1ec3n th\u1ecb r\u00f5 n\u00e9t.<\/p>\n<p>&#8211; Ng\u01b0\u1eddi d\u00f9ng d\u1ec5 thao t\u00e1c nh\u1eefng t\u00ednh\u00a0n\u0103ng c\u1ee7a m\u00e1y nh\u1edd b\u00e0n ph\u00edm v\u1edbi 25 ph\u00edm, c\u00f9ng v\u1edbi \u0111\u00f3 l\u00e0 s\u1ef1 k\u1ebft h\u1ee3p 2 h\u00e0ng ph\u00edm m\u1ec1m.<\/p>\n<p>&#8211; Th\u1eddi ti\u1ebft s\u1ebd kh\u00f4ng c\u00f2n l\u00e0 tr\u1edf ng\u1ea1i v\u00ec m\u00e1y c\u00f3 ti\u00eau chu\u1ea9n ch\u1ed1ng n\u01b0\u1edbc v\u00e0 b\u1ee5i IP66<\/p>\n<p>&#8211; \u0110\u01b0\u1ee3c trang b\u1ecb laser d\u1eabn \u0111\u01b0\u1eddng: t\u00ednh n\u0103ng n\u00e0y gi\u00fap m\u00e1y to\u00e0n \u0111\u1ea1c topcon es-65 ho\u1ea1t \u0111\u1ed9ng t\u1ed1t ngay c\u1ea3 v\u00e0o ban \u0111\u00eam ho\u1eb7c trong h\u1ea7m t\u1ed1i.<\/p>\n<p>&#8211; T\u00ednh n\u0103ng \u0111o kh\u00f4ng g\u01b0\u01a1ng th\u1eddi th\u01b0\u1ee3ng (v\u1edbi kho\u1ea3ng c\u00e1ch 350m c\u00f9ng kh\u1ea3 n\u0103ng \u0111o b\u1eaft \u0111i\u1ec3m xa nh\u1ea5t l\u00ean \u0111\u1ebfn 4 km) ch\u00ednh l\u00e0 s\u1ef1 n\u00e2ng c\u1ea5p \u0111\u00e1ng gi\u00e1 c\u1ee7a <strong>may toan dac dien tu topcon es-65<\/strong>.<\/p>\n<p>&#8211; Ph\u1ea7n m\u1ec1m c\u1ee7a m\u00e1y v\u00f4 c\u00f9ng quen thu\u1ed9c, d\u00f9ng d\u1ec5 d\u00e0ng v\u00e0 thao t\u00e1c nh\u01b0 s\u1ea3n ph\u1ea9m m\u00e1y c\u0169 v\u00ec \u0111\u00e2y l\u00e0 d\u00f2ng m\u00e1y \u0111\u01b0\u1ee3c n\u00e2ng c\u1ea5p b\u1edfi d\u00f2ng m\u00e1y GTS 230\/220 tr\u01b0\u1edbc \u0111\u00f3.<\/p>\n<p>&#8211; C\u1ed5ng USB truy c\u1eadp m\u1ed9t c\u00e1ch d\u1ec5 d\u00e0ng.<\/p>\n<p>&#8211; Pin Lion \u0111\u1eddi m\u1edbi (c\u00f3 th\u1ec3 d\u00f9ng \u0111\u1ebfn 15 ti\u1ebfng) \u0111\u01b0\u1ee3c trang b\u1ecb cho chi\u1ebfc may toan dac n\u00e0y, do \u0111\u00f3, c\u00f4ng vi\u1ec7c c\u1ee7a b\u1ea1n s\u1ebd di\u1ec5n ra m\u1ed9t c\u00e1ch thu\u1eadn l\u1ee3i, kh\u00f4ng b\u1ecb gi\u00e1n \u0111o\u1ea1n. C\u00f3 th\u1ec3 \u0111o \u0111\u1ea1c c\u1ea3 ng\u00e0y m\u00e0 kh\u00f4ng s\u1ee3 b\u1ecb h\u1ebft pin gi\u1eefa ch\u1eebng.<\/p>\n<p>&#8211; Ph\u1ea7n m\u1ec1m \u0111\u01b0\u1ee3c thi\u1ebft k\u1ebf d\u1ec5 s\u1eed d\u1ee5ng<\/p>\n<p>&#8211; Ph\u00edm \u0111o nhanh \u0111\u01b0\u1ee3c thi\u1ebft k\u1ebf \u0111\u1eb7t b\u00ean s\u01b0\u1eddn m\u00e1y gi\u00fap ti\u1ec7n l\u1ee3i khi thao t\u00e1c<\/p>\n<p>&#8211; C\u1ed5ng k\u1ebft k\u1ebft Bluetooth c\u1ef1c nhanh v\u1edbi nh\u1eefng thi\u1ebft b\u1ecb (ph\u1ea1m vi l\u00e0 10m)<\/p>\n<p>&#8211; M\u00e0n h\u00ecnh c\u1ee7a m\u00e1y r\u1ea5t th\u00e2n thu\u1ed9c, kh\u00f4ng h\u1ec1 ph\u1ee9c t\u1ea1p, d\u1ec5 d\u00f9ng.<\/p>\n<h2><strong>Th\u00f4ng s\u1ed1 k\u0129 thu\u1eadt c\u1ee7a may toan dac dien tu topcon es-65<\/strong><\/h2>\n<p>&nbsp;<\/p>\n<table border=\"1\" cellspacing=\"0\" cellpadding=\"0\">\n<tbody>\n<tr>\n<td><strong>* \u0110o g\u00f3c<\/strong><\/td>\n<td>&#8211; \u0110\u1ed9 ch\u00ednh x\u00e1c l\u00e0:5&#8243;<\/p>\n<p>&#8211; C\u00f3 \u0111\u1ed9 ph\u00e2n gi\u1ea3i hi\u1ec3n th\u1ecb: 1&#8243;\/5&#8243;<\/p>\n<p>&#8211; Kh\u1ea3 n\u0103ng t\u1ef1 \u0111\u1ed9ng b\u00f9 xi\u00ean: B\u00f9 nghi\u00eang 2 tr\u1ee5c, v\u1edbi ph\u1ea1m vi b\u00f9: \u00b1 06\u2019<\/p>\n<p>&#8211; C\u00e1c ch\u1ebf \u0111\u1ed9 \u0111o:<\/p>\n<p>+ Ch\u1ebf \u0111\u1ed9 H: C\u00f9ng chi\u1ec1u \/ ng\u01b0\u1ee3c chi\u1ec1u v\u1edbi kim \u0111\u1ed3ng h\u1ed3, \u0111\u1eb7t v\u1ec1 0, nh\u1eadp g\u00f3c, \u0111o l\u1eb7p<\/p>\n<p>+ Ch\u1ebf \u0111\u1ed9 V: G\u00f3c thi\u00ean \u0111\u1ec9nh 0, ngang 0, \u0111\u1ed9 d\u1ed1c %<\/td>\n<\/tr>\n<tr>\n<td>* \u1ed0ng k\u00ednh:<\/td>\n<td>&#8211; \u1ed0ng ng\u1eafm s\u01a1 b\u1ed9: 45mm<\/p>\n<p>&#8211; C\u00f3 chi\u1ec1u d\u00e0i: 171mm<\/p>\n<p>&#8211; \u0110\u1ed9 ph\u00f3ng \u0111\u1ea1i l\u00e0: 30X<\/p>\n<p>&#8211; \u1ed0ng k\u00ednh v\u1edbi \u0111\u1ed9 ph\u00e2n gi\u1ea3i: 2,5\u2019<\/p>\n<p>&#8211; Khoa\u0309ng ca\u0301ch \u0111i\u00ea\u0300u ti\u00eau nh\u1ecf nh\u1ea5t l\u00e0: 1,3m<\/p>\n<p>&#8211; C\u00f3 tr\u01b0\u1eddng ng\u1eafm l\u00e0: 90\u2019<\/p>\n<p>&#8211; Cho \u1ea3nh: thu\u1eadn<\/td>\n<\/tr>\n<tr>\n<td>* M\u00e0n h\u00ecnh v\u00e0 b\u1ed9 nh\u1edb:<\/td>\n<td>&#8211; M\u00e0n h\u00ecnh: trang b\u1ecb 01 m\u00e0n h\u00ecnh LCD (\u0111\u1ed9 ph\u00e2n gi\u1ea3i 192&#215;80 Pixel), \u0111\u01b0\u1ee3c r\u1ecdi s\u00e1ng v\u00e0 \u0111i\u1ec1u ch\u1ec9nh \u0111\u1ed9 t\u01b0\u01a1ng ph\u1ea3n.<\/p>\n<p>&#8211; B\u00e0n ph\u00edm: g\u1ed3m c\u00f3 25 ph\u00edm v\u00e0 trong \u0111\u00f3 h\u1ee3p 2 h\u00e0ng ph\u00edm m\u1ec1m<\/p>\n<p>&#8211; B\u1ed9 nh\u1edb c\u1ee7a Topcon ES-65:<\/p>\n<p>+ B\u1ed9 nh\u1edb trong: 10.000 \u0111i\u1ec3m<\/p>\n<p>+ B\u1ed9 nh\u1edb ngo\u00e0i: tu\u1ef3 ch\u1ecdn th\u1ebb SDHC ho\u1eb7c SD USB (4GB) \/ (4GB)<\/p>\n<p>&#8211; Giao di\u1ec7n m\u00e1y: Serial RS-232C (S\u1edf h\u1eefu t\u1ed1c \u0111\u1ed9 truy\u1ec1n r\u1ea5t t\u1ed1t: 1,200 \u0111\u1ebfn 38,400bps)<\/p>\n<p>&#8211; Bluetooth: Bluetooth Class 2, Ver.1.2.<\/p>\n<p>&#8211; C\u00f4ng ngh\u1ec7 truy\u1ec1n SFX: C\u00f4ng ngh\u1ec7 truy\u1ec1n d\u1eef li\u1ec7u SFX<\/td>\n<\/tr>\n<tr>\n<td><strong>* \u0110o c\u1ea1nh:<\/strong><\/td>\n<td>&#8211; \u0110\u1ed9 ph\u00e2n gi\u1ea3i:<\/p>\n<p>+ \u1ede \u0111o Fine\/Rapid: 0.001m<\/p>\n<p>+ \u1ede \u0111o Tracking: 0.01m<\/p>\n<p>&#8211; Th\u1eddi gian \u0111o:<\/p>\n<p>+ \u0110\u1ed1i v\u1edbi Fine: m\u1ea5t 0.9s<\/p>\n<p>+ \u0110\u1ed1i v\u1edbi Rapid: m\u1ea5t 0.7s<\/p>\n<p>+ \u0110\u1ed1i v\u1edbi Tracking: m\u1ea5t 0.3s<\/p>\n<p>&#8211; C\u00f3 kho\u1ea3ng c\u00e1ch \u0111o l\u00e0:<\/p>\n<p>+ V\u1edbi laser: t\u1eeb 0.3 t\u1edbi 350m<\/p>\n<p>+ V\u1edbi g\u01b0\u01a1ng gi\u1ea5y:<\/p>\n<p>\u201cRS90N-K: 1.3 t\u1edbi 500m<\/p>\n<p>\u201cRS50N-K: 1.3 t\u1edbi 300m<\/p>\n<p>\u201cRS10N-K: 1.3 t\u1edbi 100m<\/p>\n<p>+ D\u00f9ng g\u01b0\u01a1ng mini: 1.3 t\u1edbi 500m<\/p>\n<p>+ D\u00f9ng g\u01b0\u01a1ng AP\/CP:<\/p>\n<p>\u201cTrong \u0111i\u1ec1u ki\u1ec7n b\u00ecnh th\u01b0\u1eddng: 1.3 t\u1edbi 4,000m<\/p>\n<p>\u201cTrong \u0111i\u1ec1u ki\u1ec7n t\u1ed1t: 1.3 t\u1edbi 5,000m<\/p>\n<p>&#8211; \u0110\u1ed9 ch\u00ednh x\u00e1c khi ti\u1ebfn h\u00e0nh \u0111o:<\/p>\n<p>+ V\u1edbi laser: 0.3 t\u1edbi 350m l\u00e0: \u00b1(3+2ppm x D)mm<\/p>\n<p>+ V\u1edbi g\u01b0\u01a1ng gi\u1ea5y l\u00e0: (3+2ppm x D)mm<\/p>\n<p>+ V\u1edbi g\u01b0\u01a1ng AP\/CP l\u00e0: (2+2ppm x D)mm<\/td>\n<\/tr>\n<tr>\n<td><strong>* Th\u00f4ng s\u1ed1 kh\u00e1c:<\/strong><\/td>\n<td>&#8211; \u1ed0ng ng\u1eafm s\u01a1 b\u1ed9:<\/p>\n<p>+ \u0110\u1ed9 ph\u00f3ng \u0111\u1ea1i l\u00e0: 3X<\/p>\n<p>+ Kho\u1ea3ng ng\u1eafm min: 30cm<\/p>\n<p>&#8211; Ti\u00eau chu\u1ea9n ch\u1ed1ng b\u1ee5i, n\u01b0\u1edbc IP66<\/p>\n<p>&#8211; B\u1ecdt n\u01b0\u1edbc c\u00e2n b\u1eb1ng:<\/p>\n<p>+ B\u1ecdt thu\u1ef7 tr\u00f2n l\u00e0: 10&#8243;\/2mm<\/p>\n<p>&#8211; Tr\u1ecdng l\u01b0\u1ee3ng c\u1ee7a Topcon ES-65: 5.4kg<\/p>\n<p>&#8211; Ngu\u1ed3n pin:<\/p>\n<p>+ V\u1edbi Acquy ngo\u00e0i BDC46C: Li-ion20 7.2V &#8211; 2430 mAh<\/p>\n<p>+ Th\u1eddi gian ho\u1ea1t \u0111\u1ed9ng: \u0111\u1ed1i v\u1edbi BDC70 th\u00ec l\u00ean \u0111\u1ebfn 15 ti\u1ebfng,<\/p>\n<p>+ \u0110i\u1ec7n \u00e1p \u0111\u1ea7u v\u00e0o l\u00e0: t\u1eeb 6.0 t\u1edbi 8.0V DC<\/p>\n<p>+ Kh\u1ea3 n\u0103ng t\u1ef1 \u0111\u1ed9ng t\u1eaft ngu\u1ed3n: ch\u1ecdn trong t\u1eebng kho\u1ea3ng th\u1eddi gian 5-10-15-30 ph\u00fat<\/p>\n<p>&#8211; Kh\u1ea3 n\u0103ng d\u1ecdi t\u00e2m: quang c\u01a1<\/p>\n<p>&#8211; K\u00edch th\u01b0\u1edbc c\u1ee7a tay c\u1ea7m &amp; acquy: (W) 94 x (D) 102 x (H) 36mm<\/td>\n<\/tr>\n<\/tbody>\n<\/table>\n<h2><strong>Ph\u1ea7n m\u1ec1m c\u1ee7a may toan dac dien tu topcon es-65:<\/strong><\/h2>\n<p>Nh\u1eefng ch\u01b0\u01a1ng tr\u00ecnh \u0111o ngo\u00e0i c\u1ee7a Topcon ES-65:<\/p>\n<p>+ \u0110o giao h\u1ed9i ngh\u1ecbch<\/p>\n<p>+ \u0110o to\u1ea1 \u0111\u1ed9 3D<\/p>\n<p>+ \u0110o c\u1eafm \u0111i\u1ec3m<\/p>\n<p>+ B\u1ed1 tr\u00ed \u0111\u01b0\u1eddng th\u1eb3ng<\/p>\n<p>+ \u0110o\u00a0c\u1eafm \u0111\u01b0\u1eddng cong, chi\u1ebfu \u0111i\u1ec3m, \u0111a gi\u00e1c<\/p>\n<p>+ \u0110o ki\u1ec3m tra l\u01b0\u1edbi \u0111\u01b0\u1eddng chuy\u1ec1n<\/p>\n<p>+ \u0110o b\u00f9 kho\u1ea3ng c\u00e1ch\u00a0ng\u1eafn<\/p>\n<p>+ \u0110o b\u00f9 kho\u1ea3ng c\u00e1ch gi\u1eefa hai \u0111i\u1ec3m<\/p>\n<p>+ \u0110o b\u00f9 g\u00f3c<\/p>\n<p>+ \u0110o kho\u1ea3ng c\u00e1ch gi\u00e1n ti\u1ebfp MLM<\/p>\n<p>+ \u0110o cao gi\u00e1n\u00a0ti\u1ebfp REM<\/p>\n<p>+ T\u00ednh to\u00e1n di\u1ec7n t\u00edch<\/p>\n<p>&nbsp;<\/p>\n","protected":false},"excerpt":{"rendered":"<p><strong>*B\u1ed9 ph\u1ee5 ki\u1ec7n ch\u00ednh h\u00e3ng g\u1ed3m:<\/strong><\/p>\n<ol>\n<li>1) 01 M\u00e1y trong h\u1ed9p k\u00e8m ph\u1ee5 t\u00f9ng chu\u1ea9n.<\/li>\n<li>2) 01 Ch\u00e2n nh\u00f4m to\u00e0n \u0111\u1ea1c.<\/li>\n<li>3) 02\u00a0G\u01b0\u01a1ng \u0111\u01a1n.<\/li>\n<li>4) 02\u00a0S\u00e0o g\u01b0\u01a1ng c\u00f3 g\u1eafn b\u1ecdt th\u1ee7y, t\u00fai \u0111\u1ef1ng s\u00e0o g\u01b0\u01a1ng.<\/li>\n<li>5) 01 Ch\u00e2n ba k\u1eb9p s\u00e0o, t\u00fai \u0111\u1ef1ng k\u1eb9p s\u00e0o.<\/li>\n<li>6) 01 H\u01b0\u1edbng d\u1eabn s\u1eed d\u1ee5ng Anh &#8211; Vi\u1ec7t.<\/li>\n<li>7) 01 Ba l\u00f4 \u0111eo m\u00e1y.<\/li>\n<li>8) Gi\u1ea5y hi\u1ec7u chu\u1ea9n mi\u1ec5n ph\u00ed 1 n\u0103m.<\/li>\n<\/ol>\n","protected":false},"featured_media":269,"comment_status":"open","ping_status":"closed","template":"","meta":[],"_links":{"self":[{"href":"https:\/\/webmaibinh.com\/w\/tracdia2011\/wp-json\/wp\/v2\/product\/268"}],"collection":[{"href":"https:\/\/webmaibinh.com\/w\/tracdia2011\/wp-json\/wp\/v2\/product"}],"about":[{"href":"https:\/\/webmaibinh.com\/w\/tracdia2011\/wp-json\/wp\/v2\/types\/product"}],"replies":[{"embeddable":true,"href":"https:\/\/webmaibinh.com\/w\/tracdia2011\/wp-json\/wp\/v2\/comments?post=268"}],"wp:featuredmedia":[{"embeddable":true,"href":"https:\/\/webmaibinh.com\/w\/tracdia2011\/wp-json\/wp\/v2\/media\/269"}],"wp:attachment":[{"href":"https:\/\/webmaibinh.com\/w\/tracdia2011\/wp-json\/wp\/v2\/media?parent=268"}],"curies":[{"name":"wp","href":"https:\/\/api.w.org\/{rel}","templated":true}]}}