{"id":123,"date":"2019-06-15T04:15:39","date_gmt":"2019-06-15T04:15:39","guid":{"rendered":"https:\/\/toyota1.khowebseotop.vn\/?page_id=123"},"modified":"2019-06-15T04:15:39","modified_gmt":"2019-06-15T04:15:39","slug":"chinh-sach-dat-hang","status":"publish","type":"page","link":"https:\/\/webmaibinh.com\/w\/toyota12011\/chinh-sach-dat-hang\/","title":{"rendered":"Ch\u00ednh s\u00e1ch \u0111\u1eb7t h\u00e0ng"},"content":{"rendered":"<p>Ch\u00ednh s\u00e1ch \u0111\u1eb7t h\u00e0ng<\/p>\n<p>&nbsp;<\/p>\n","protected":false},"excerpt":{"rendered":"<p>Ch\u00ednh s\u00e1ch \u0111\u1eb7t h\u00e0ng &nbsp;<\/p>\n","protected":false},"author":1,"featured_media":0,"parent":0,"menu_order":0,"comment_status":"closed","ping_status":"closed","template":"","meta":[],"_links":{"self":[{"href":"https:\/\/webmaibinh.com\/w\/toyota12011\/wp-json\/wp\/v2\/pages\/123"}],"collection":[{"href":"https:\/\/webmaibinh.com\/w\/toyota12011\/wp-json\/wp\/v2\/pages"}],"about":[{"href":"https:\/\/webmaibinh.com\/w\/toyota12011\/wp-json\/wp\/v2\/types\/page"}],"author":[{"embeddable":true,"href":"https:\/\/webmaibinh.com\/w\/toyota12011\/wp-json\/wp\/v2\/users\/1"}],"replies":[{"embeddable":true,"href":"https:\/\/webmaibinh.com\/w\/toyota12011\/wp-json\/wp\/v2\/comments?post=123"}],"version-history":[{"count":1,"href":"https:\/\/webmaibinh.com\/w\/toyota12011\/wp-json\/wp\/v2\/pages\/123\/revisions"}],"predecessor-version":[{"id":124,"href":"https:\/\/webmaibinh.com\/w\/toyota12011\/wp-json\/wp\/v2\/pages\/123\/revisions\/124"}],"wp:attachment":[{"href":"https:\/\/webmaibinh.com\/w\/toyota12011\/wp-json\/wp\/v2\/media?parent=123"}],"curies":[{"name":"wp","href":"https:\/\/api.w.org\/{rel}","templated":true}]}}