{"id":2812,"date":"2018-11-13T11:37:46","date_gmt":"2018-11-13T04:37:46","guid":{"rendered":"https:\/\/tppone.com\/demo\/demo\/?page_id=2812"},"modified":"2018-11-13T15:52:56","modified_gmt":"2018-11-13T08:52:56","slug":"gioi-thieu-dich-vu-mo-khoa-nha-mang-html","status":"publish","type":"page","link":"https:\/\/webmaibinh.com\/w\/tintucnew\/gioi-thieu-dich-vu-mo-khoa-nha-mang-html","title":{"rendered":"Gi\u1edbi thi\u1ec7u d\u1ecbch v\u1ee5 m\u1edf kh\u00f3a nh\u00e0 m\u1ea1ng"},"content":{"rendered":"<p>Hi\u1ec7n t\u1ea1i \u0111a s\u1ed1 nh\u1eefng m\u00e1y iPhone x\u00e1ch tay t\u1eeb n\u01b0\u1edbc ngo\u00e0i v\u1ec1 Vi\u1ec7t Nam \u0111\u1ec1u l\u00e0 m\u00e1y lock (ch\u1ec9 s\u1eed d\u1ee5ng \u0111\u01b0\u1ee3c sim c\u1ee7a nh\u00e0 m\u1ea1ng). N\u1ebfu mu\u1ed1n s\u1eed d\u1ee5ng t\u1ea1i Vi\u1ec7t Nam th\u00ec qu\u00fd kh\u00e1ch c\u1ea7n ph\u1ea3i unlock m\u00e1y m\u1edbi s\u1eed d\u1ee5ng \u0111\u01b0\u1ee3c.\u00a0<strong>Unlock IMEI<\/strong>\u00a0v\u1edbi kinh nghi\u1ec7m v\u00e0 uy t\u00edn h\u01a1n 5 n\u0103m t\u1ea1i TP.H\u00e0 N\u1ed9i r\u1ea5t h\u1eadn h\u1ea1nh \u0111em \u0111\u1ebfn cho qu\u00fd kh\u00e1ch d\u1ecbch v\u1ee5 unlock m\u00e1y t\u1ed1t nh\u1ea5t hi\u1ec7n nay v\u1edbi chi ph\u00ed th\u1ea5p v\u00e0 th\u1eddi gian nhanh nh\u1ea5t.<\/p>\n<p><img loading=\"lazy\" class=\"aligncenter wp-image-2815 size-full\" src=\"https:\/\/bizhostvn.com\/w\/tintucnew\/wp-content\/uploads\/2018\/11\/unlock_banner_17-3_nho.jpg\" alt=\"\" width=\"820\" height=\"282\" srcset=\"https:\/\/webmaibinh.com\/w\/tintucnew\/wp-content\/uploads\/2018\/11\/unlock_banner_17-3_nho.jpg 820w, https:\/\/webmaibinh.com\/w\/tintucnew\/wp-content\/uploads\/2018\/11\/unlock_banner_17-3_nho-300x103.jpg 300w, https:\/\/webmaibinh.com\/w\/tintucnew\/wp-content\/uploads\/2018\/11\/unlock_banner_17-3_nho-768x264.jpg 768w\" sizes=\"(max-width: 820px) 100vw, 820px\" \/><\/p>\n<p><strong>Cam k\u1ebft c\u1ee7a Unlock IMEI\u00a0\u0111\u1ed1i v\u1edbi d\u1ecbch v\u1ee5 unlock m\u1edf m\u1ea1ng<\/strong><br \/>\n&#8211; M\u1edf m\u1ea1ng trong th\u1eddi gian nhanh nh\u1ea5t<br \/>\n&#8211; Unlock 100% l\u00ean phi\u00ean b\u1ea3n qu\u1ed1c t\u1ebf v\u0129nh vi\u1ec5n<br \/>\n&#8211; Cam k\u1ebft gi\u00e1 t\u1ed1t nh\u1ea5t<br \/>\n&#8211; B\u1ea3o h\u00e0nh su\u1ed1t th\u1eddi gian s\u1eed d\u1ee5ng<\/p>\n<h3 class=\"accordion_title\">C\u00e2u h\u1ecfi th\u01b0\u1eddng g\u1eb7p<\/h3><div class=\"accordion\" rel=\"1\">\n<div class=\"accordion-item\"><a href=\"#\" class=\"accordion-title plain\"><button class=\"toggle\"><i class=\"icon-angle-down\"><\/i><\/button><span>\u0110i\u1ec7n tho\u1ea1i unlock \u0111i\u1ec7n tho\u1ea1i t\u1ea1i Unlock IMEI c\u00f3 b\u1ecb lock l\u1ea1i kh\u00f4ng ?<\/span><\/a><div class=\"accordion-inner\">\n<p>Unlock IMEI unlock xong b\u1ea3o h\u00e0nh su\u1ed1t \u0111\u1eddi<\/p>\n<\/div><\/div>\n<div class=\"accordion-item\"><a href=\"#\" class=\"accordion-title plain\"><button class=\"toggle\"><i class=\"icon-angle-down\"><\/i><\/button><span>L\u00e0m sao t\u00f4i bi\u1ebft \u0111\u01b0\u1ee3c nh\u00e0 m\u1ea1ng m\u00ecnh ?<\/span><\/a><div class=\"accordion-inner\">\n<p>B\u1ea1n ph\u1ea3i bi\u1ebft r\u00f5 v\u00e0 ch\u1eafc ch\u1eafn \u0111i\u1ec1u \u0111\u00f3 ho\u1eb7c mua g\u00f3i ki\u1ec3m tra GSX , v\u00ec ch\u00fang t\u00f4i \u0111\u00e3 thanh to\u00e1n v\u1edbi nh\u00e0 m\u1ea1ng v\u00e0 kh\u00f4ng \u0111\u01b0\u1ee3c ho\u00e0n l\u1ea1i ti\u1ec1n n\u1ebfu sai nh\u00e0 m\u1ea1ng<\/p>\n<\/div><\/div>\n<div class=\"accordion-item\"><a href=\"#\" class=\"accordion-title plain\"><button class=\"toggle\"><i class=\"icon-angle-down\"><\/i><\/button><span>t\u00f4i c\u00f3 th\u1ec3 unlock xong v\u00e0 thanh to\u00e1n ti\u1ec1n \u0111\u01b0\u1ee3c kh\u00f4ng ?<\/span><\/a><div class=\"accordion-inner\">\n<p>qu\u00fd kh\u00e1ch ph\u1ea3i thanh to\u00e1n tr\u01b0\u1edbc b\u1edfi v\u00ec sau khi d\u1ecbch v\u1ee5 unlock th\u00e0nh c\u00f4ng qu\u00fd kh\u00e1ch kh\u00f4ng c\u1ea7n gh\u00e9 l\u1ea1i Unlock IMEI\u00a0, ch\u00fang t\u00f4i s\u1ebd nh\u1eafn tin h\u01b0\u1edbng d\u1eabn k\u00edch ho\u1ea1t t\u1ea1i ch\u1ed7<\/p>\n<\/div><\/div>\n<div class=\"accordion-item\"><a href=\"#\" class=\"accordion-title plain\"><button class=\"toggle\"><i class=\"icon-angle-down\"><\/i><\/button><span>n\u1ebfu kh\u00f4ng th\u00e0nh c\u00f4ng t\u00f4i c\u00f3 m\u1ea5t ti\u1ec1n kh\u00f4ng ?<\/span><\/a><div class=\"accordion-inner\">\n<p>t\u1ea5t c\u1ea3 d\u1ecbch v\u1ee5 n\u1ebfu kh\u00f4ng th\u00e0nh c\u00f4ng \u0111\u1ec1u \u0111\u01b0\u1ee3c ho\u00e0n l\u1ea1i \u0111\u1ee7 ti\u1ec1n v\u00e0 qu\u00fd kh\u00e1ch kh\u00f4ng b\u1ecb m\u1ea5t ti\u1ec1n g\u00ec c\u1ea3 ( m\u1ed9t v\u00e0i qu\u00fd kh\u00e1ch th\u01b0\u1eddng nh\u1ea7m l\u1eabn gi\u1eefa vi\u1ec7c kh\u00f4ng \u0111\u01b0\u1ee3c ho\u00e0n l\u1ea1i ti\u1ec1n ki\u1ec3m tra GSX m\u00e0 ch\u1ec9 \u0111\u01b0\u1ee3c ho\u00e0n l\u1ea1i ti\u1ec1n unlock n\u1ebfu unlock kh\u00f4ng th\u00e0nh c\u00f4ng &gt;&gt;&gt;&gt; d\u1ecbch v\u1ee5 ki\u1ec3m tra gsx \u0111\u00e3 th\u00e0nh c\u00f4ng n\u00ean m\u1edbi bi\u1ebft \u0111\u01b0\u1ee3c nh\u00e0 m\u1ea1ng )<\/p>\n<\/div><\/div>\n<div class=\"accordion-item\"><a href=\"#\" class=\"accordion-title plain\"><button class=\"toggle\"><i class=\"icon-angle-down\"><\/i><\/button><span>IMEI s\u1ea1ch l\u00e0 g\u00ec ?<\/span><\/a><div class=\"accordion-inner\">\n<p>M\u00e1y \u0111\u00f3 \u0111\u00e3 h\u1ebft h\u1ee3p \u0111\u1ed3ng v\u1edbi nh\u00e0 m\u1ea1ng , kh\u00f4ng b\u00e1o m\u1ea5t m\u00e1y \u0111\u1ec3 nh\u1eadn b\u1ea3o hi\u1ec3m m\u00e1y kh\u00e1c.<\/p>\n<\/div><\/div>\n<div class=\"accordion-item\"><a href=\"#\" class=\"accordion-title plain\"><button class=\"toggle\"><i class=\"icon-angle-down\"><\/i><\/button><span>IMEI kh\u00f4ng s\u1ea1ch l\u00e0 g\u00ec ?<\/span><\/a><div class=\"accordion-inner\">\n<p>C\u00f2n n\u1ee3 c\u01b0\u1edbc nh\u00e0 m\u1ea1ng ho\u1eb7c b\u00e1o m\u1ea5t m\u00e1y \u0111\u1ec3 \u0111\u01b0\u1ee3c b\u1ea3o hi\u1ec3m \u0111\u1ec1n m\u00e1y kh\u00e1c ho\u1eb7c c\u00e1c v\u1ea5n \u0111\u1ec1 kh\u00e1c li\u00ean quan \u0111\u1ebfn h\u1ee3p \u0111\u1ed3ng gi\u1eefa kh\u00e1ch h\u00e0ng v\u1edbi nh\u00e0 m\u1ea1ng.<\/p>\n<\/div><\/div>\n<\/div>\n","protected":false},"excerpt":{"rendered":"<p>Hi\u1ec7n t\u1ea1i \u0111a s\u1ed1 nh\u1eefng m\u00e1y iPhone x\u00e1ch tay t\u1eeb n\u01b0\u1edbc ngo\u00e0i v\u1ec1 Vi\u1ec7t Nam \u0111\u1ec1u l\u00e0 m\u00e1y lock (ch\u1ec9 s\u1eed d\u1ee5ng \u0111\u01b0\u1ee3c sim c\u1ee7a nh\u00e0 m\u1ea1ng). N\u1ebfu mu\u1ed1n s\u1eed d\u1ee5ng t\u1ea1i Vi\u1ec7t Nam th\u00ec qu\u00fd kh\u00e1ch c\u1ea7n ph\u1ea3i unlock m\u00e1y m\u1edbi s\u1eed d\u1ee5ng \u0111\u01b0\u1ee3c.\u00a0Unlock IMEI\u00a0v\u1edbi kinh nghi\u1ec7m v\u00e0 uy t\u00edn h\u01a1n 5 n\u0103m t\u1ea1i&#8230;<\/p>\n","protected":false},"author":1,"featured_media":0,"parent":0,"menu_order":0,"comment_status":"closed","ping_status":"closed","template":"page-right-sidebar.php","meta":[],"_links":{"self":[{"href":"https:\/\/webmaibinh.com\/w\/tintucnew\/wp-json\/wp\/v2\/pages\/2812"}],"collection":[{"href":"https:\/\/webmaibinh.com\/w\/tintucnew\/wp-json\/wp\/v2\/pages"}],"about":[{"href":"https:\/\/webmaibinh.com\/w\/tintucnew\/wp-json\/wp\/v2\/types\/page"}],"author":[{"embeddable":true,"href":"https:\/\/webmaibinh.com\/w\/tintucnew\/wp-json\/wp\/v2\/users\/1"}],"replies":[{"embeddable":true,"href":"https:\/\/webmaibinh.com\/w\/tintucnew\/wp-json\/wp\/v2\/comments?post=2812"}],"version-history":[{"count":0,"href":"https:\/\/webmaibinh.com\/w\/tintucnew\/wp-json\/wp\/v2\/pages\/2812\/revisions"}],"wp:attachment":[{"href":"https:\/\/webmaibinh.com\/w\/tintucnew\/wp-json\/wp\/v2\/media?parent=2812"}],"curies":[{"name":"wp","href":"https:\/\/api.w.org\/{rel}","templated":true}]}}