{"id":6,"date":"2019-11-09T11:28:00","date_gmt":"2019-11-09T04:28:00","guid":{"rendered":"http:\/\/tintuc.muathemewordpress.net\/?page_id=6"},"modified":"2019-11-12T16:46:06","modified_gmt":"2019-11-12T09:46:06","slug":"gioi-thieu","status":"publish","type":"page","link":"https:\/\/webmaibinh.com\/w\/tintuc52011\/gioi-thieu\/","title":{"rendered":"Gi\u1edbi thi\u1ec7u"},"content":{"rendered":"<h2 style=\"font-weight: 400;\"><strong>Nh\u00e0 th\u1edd Gi\u00e1o x\u1ee9 Ph\u00fac Nh\u1ea1c<\/strong><\/h2>\n<ul>\n<li style=\"font-weight: 400;\"><strong>\u0110\u1ecba ch\u1ec9:<\/strong>\u00a0Kh\u00e1nh Nh\u1ea1c, Y\u00ean Kh\u00e1nh, Ninh B\u00ecnh\u00a0 (<a href=\"https:\/\/www.google.com\/maps\/place\/Nh%C3%83%C2%A0+th%C3%A1%C2%BB%C2%9D+Ph%C3%83%C2%BAc+Nh%C3%A1%C2%BA%C2%A1c\/@20.1620548,106.0729546,15z\/data=!4m13!1m7!3m6!1s0x31367211fbc09fad:0x7ab514d0c239a659!2zS2jDoW5oIE5o4bqhYywgWcOqbiBLaMOhbmgsIE5pbmggQsOsbmgsIFZp4buHdCBOYW0!3b1!8m2!3d20.1566614\">B\u1ea3n \u0111\u1ed3<\/a>\u00a0)<\/li>\n<li style=\"font-weight: 400;\"><strong>Ch\u00e1nh x\u1ee9:<\/strong> Linh m\u1ee5c Ph\u00ear\u00f4 Tr\u1ecbnh Ng\u1ecdc Do (8\/2019)<\/li>\n<li style=\"font-weight: 400;\"><strong>Ph\u00f3 x\u1ee9:<\/strong> Linh m\u1ee5c Gioan Baotixita L\u00ea Ng\u1ecdc V\u00e2n (10\/2018)<\/li>\n<\/ul>\n<p style=\"font-weight: 400;\"><strong>C\u00e1c nh\u00e0 th\u1edd l\u00e2n c\u1eadn :<\/strong>\u00a0\u00a0 Gi\u00e1o h\u1ecd\u00a0<a href=\"http:\/\/www.giaoxugiaohovietnam.com\/PhatDiem\/01-Giao-Phan-PhatDiem-DucBa-PhucNhac.htm\">\u0110\u1ee9c B\u00e0<\/a>\u00a0 &#8211;\u00a0\u00a0 Gi\u00e1o h\u1ecd\u00a0<a href=\"http:\/\/www.giaoxugiaohovietnam.com\/PhatDiem\/01-Giao-Phan-PhatDiem-PhucGiang-PhucNhac.htm\">Ph\u00fac Giang<\/a>\u00a0 &#8211;\u00a0\u00a0 Gi\u00e1o h\u1ecd\u00a0<a href=\"http:\/\/www.giaoxugiaohovietnam.com\/PhatDiem\/01-Giao-Phan-PhatDiem-TanHop-PhucNhac.htm\">T\u00e2n H\u1ee3p<\/a>\u00a0 &#8211;\u00a0\u00a0 Gi\u00e1o h\u1ecd\u00a0<a href=\"http:\/\/www.giaoxugiaohovietnam.com\/PhatDiem\/01-Giao-Phan-PhatDiem-ThonDong-PhucNhac.htm\">Th\u00f4n \u0110\u1ed3ng<\/a>\u00a0 &#8211;\u00a0\u00a0 Gi\u00e1o h\u1ecd\u00a0<a href=\"http:\/\/www.giaoxugiaohovietnam.com\/PhatDiem\/01-Giao-Phan-PhatDiem-ThonPham-PhucNhac.htm\">Th\u00f4n Ph\u1ea1m<\/a><\/p>\n<p>1. T\u00ean g\u1ecdi : Gi\u00e1o x\u1ee9 Ph\u00fac Nh\u1ea1c<\/p>\n<p>2. N\u0103m th\u00e0nh l\u1eadp: 1790<\/p>\n<p>3. B\u1ed5n m\u1ea1ng gi\u00e1o x\u1ee9: \u0110\u1ee9c M\u1eb9 V\u00f4 Nhi\u1ec5m<\/p>\n<p>4. N\u0103m x\u00e2y d\u1ef1ng nh\u00e0 th\u1edd: 1890<\/p>\n<p>5. T\u01b0\u1edbc hi\u1ec7u nh\u00e0 th\u1edd: \u0110\u1ec1n Th\u00e1nh Ph\u00fac Nh\u1ea1c<\/p>\n<p>6. Di\u1ec7n t\u00edch khu\u00f4n vi\u00ean gi\u00e1o x\u1ee9: kho\u1ea3ng 27.360m2<\/p>\n<p>7. S\u1ed1 t\u00edn h\u1eefu: 2.650<\/p>\n<p>8. S\u1ed1 gi\u00e1o h\u1ecd: 6<\/p>\n<p>9. S\u1ed1 h\u1ecd c\u00f3 nh\u00e0 th\u1edd: 6<\/p>\n<p>10. C\u00e1c H\u1ed9i \u0111o\u00e0n:<\/p>\n<p>&#8211; H\u1ed9i Gia tr\u01b0\u1edfng<br \/>\n&#8211; H\u1ed9i M\u00e2n c\u00f4i<br \/>\n&#8211; H\u1ed9i B\u00e0 Th\u00e1nh \u0110\u00ea<br \/>\n&#8211; Ca \u0111o\u00e0n<br \/>\n&#8211; Ban Gi\u00e1o l\u00fd<br \/>\n&#8211; Legio<br \/>\n&#8211; H\u1ed9i K\u00e8n<br \/>\n&#8211; H\u1ed9i Th\u00e1nh Th\u1ec3<br \/>\n&#8211; Gi\u1edbi Tr\u1ebb<br \/>\n&#8211; Ca \u0111o\u00e0n Gia tr\u01b0\u1edfng<\/p>\n<p>(Th\u1ed1ng k\u00ea th\u00e1ng 8 n\u0103m 2010)<\/p>\n","protected":false},"excerpt":{"rendered":"<p>Nh\u00e0 th\u1edd Gi\u00e1o x\u1ee9 Ph\u00fac Nh\u1ea1c \u0110\u1ecba ch\u1ec9:\u00a0Kh\u00e1nh Nh\u1ea1c, Y\u00ean Kh\u00e1nh, Ninh B\u00ecnh\u00a0 (B\u1ea3n \u0111\u1ed3\u00a0) Ch\u00e1nh x\u1ee9: Linh m\u1ee5c Ph\u00ear\u00f4 Tr\u1ecbnh Ng\u1ecdc Do (8\/2019) Ph\u00f3 x\u1ee9: Linh m\u1ee5c Gioan Baotixita L\u00ea Ng\u1ecdc V\u00e2n (10\/2018) C\u00e1c nh\u00e0 th\u1edd l\u00e2n c\u1eadn :\u00a0\u00a0 Gi\u00e1o h\u1ecd\u00a0\u0110\u1ee9c B\u00e0\u00a0 &#8211;\u00a0\u00a0 Gi\u00e1o h\u1ecd\u00a0Ph\u00fac Giang\u00a0 &#8211;\u00a0\u00a0 Gi\u00e1o h\u1ecd\u00a0T\u00e2n H\u1ee3p\u00a0 &#8211;\u00a0\u00a0 Gi\u00e1o h\u1ecd\u00a0Th\u00f4n \u0110\u1ed3ng\u00a0 &#8230;<\/p>\n","protected":false},"author":1,"featured_media":0,"parent":0,"menu_order":0,"comment_status":"closed","ping_status":"closed","template":"page-right-sidebar.php","meta":[],"_links":{"self":[{"href":"https:\/\/webmaibinh.com\/w\/tintuc52011\/wp-json\/wp\/v2\/pages\/6"}],"collection":[{"href":"https:\/\/webmaibinh.com\/w\/tintuc52011\/wp-json\/wp\/v2\/pages"}],"about":[{"href":"https:\/\/webmaibinh.com\/w\/tintuc52011\/wp-json\/wp\/v2\/types\/page"}],"author":[{"embeddable":true,"href":"https:\/\/webmaibinh.com\/w\/tintuc52011\/wp-json\/wp\/v2\/users\/1"}],"replies":[{"embeddable":true,"href":"https:\/\/webmaibinh.com\/w\/tintuc52011\/wp-json\/wp\/v2\/comments?post=6"}],"version-history":[{"count":0,"href":"https:\/\/webmaibinh.com\/w\/tintuc52011\/wp-json\/wp\/v2\/pages\/6\/revisions"}],"wp:attachment":[{"href":"https:\/\/webmaibinh.com\/w\/tintuc52011\/wp-json\/wp\/v2\/media?parent=6"}],"curies":[{"name":"wp","href":"https:\/\/api.w.org\/{rel}","templated":true}]}}